{"id":4695,"date":"2022-01-19T12:15:24","date_gmt":"2022-01-19T12:15:24","guid":{"rendered":"http:\/\/www.allmaterialhandling.com\/?page_id=4695"},"modified":"2023-04-25T13:51:36","modified_gmt":"2023-04-25T13:51:36","slug":"hand-chain-hoists-mini-series","status":"publish","type":"page","link":"https:\/\/www.allmaterialhandling.com\/es\/hand-chain-hoist\/hand-chain-hoists-mini-series\/","title":{"rendered":"Polipastos manuales de cadena Serie Mini"},"content":{"rendered":"<div data-elementor-type=\"wp-page\" data-elementor-id=\"4695\" class=\"elementor elementor-4695\" data-elementor-settings=\"{&quot;ha_cmc_init_switcher&quot;:&quot;no&quot;}\" data-elementor-post-type=\"page\">\n\t\t\t\t\t\t<section class=\"has_eae_slider elementor-section elementor-top-section elementor-element elementor-element-648e7a0 elementor-section-boxed elementor-section-height-default elementor-section-height-default\" data-eae-slider=\"68622\" data-id=\"648e7a0\" data-element_type=\"section\" data-settings=\"{&quot;_ha_eqh_enable&quot;:false}\">\n\t\t\t\t\t\t<div class=\"elementor-container elementor-column-gap-default\">\n\t\t\t\t\t\t<\/div>\n\t\t<\/section>\n\t\t\t\t<section class=\"has_eae_slider elementor-section elementor-top-section elementor-element elementor-element-bc6eb01 elementor-section-boxed elementor-section-height-default elementor-section-height-default\" data-eae-slider=\"3867\" data-id=\"bc6eb01\" data-element_type=\"section\" data-settings=\"{&quot;_ha_eqh_enable&quot;:false}\">\n\t\t\t\t\t\t<div class=\"elementor-container elementor-column-gap-default\">\n\t\t\t\t\t<div class=\"has_eae_slider elementor-column elementor-col-100 elementor-top-column elementor-element elementor-element-633f123\" data-eae-slider=\"50733\" data-id=\"633f123\" data-element_type=\"column\">\n\t\t\t<div class=\"elementor-widget-wrap elementor-element-populated\">\n\t\t\t\t\t\t<section class=\"has_eae_slider elementor-section elementor-inner-section elementor-element elementor-element-2b86dde elementor-section-boxed elementor-section-height-default elementor-section-height-default\" data-eae-slider=\"87657\" data-id=\"2b86dde\" data-element_type=\"section\" data-settings=\"{&quot;_ha_eqh_enable&quot;:false}\">\n\t\t\t\t\t\t<div class=\"elementor-container elementor-column-gap-default\">\n\t\t\t\t\t<div class=\"has_eae_slider elementor-column elementor-col-50 elementor-inner-column elementor-element elementor-element-751bcc7\" data-eae-slider=\"2307\" data-id=\"751bcc7\" data-element_type=\"column\">\n\t\t\t<div class=\"elementor-widget-wrap elementor-element-populated\">\n\t\t\t\t\t\t<div class=\"elementor-element elementor-element-1aa8008 animated-slow elementor-invisible elementor-widget elementor-widget-heading\" data-id=\"1aa8008\" data-element_type=\"widget\" data-settings=\"{&quot;_animation&quot;:&quot;fadeIn&quot;,&quot;_animation_delay&quot;:0}\" data-widget_type=\"heading.default\">\n\t\t\t\t<div class=\"elementor-widget-container\">\n\t\t\t\t\t<h2 class=\"elementor-heading-title elementor-size-default\">Polipasto Manual de Cadena - Serie Mini<\/h2>\t\t\t\t<\/div>\n\t\t\t\t<\/div>\n\t\t\t\t<div class=\"elementor-element elementor-element-a54c699 elementor-widget-divider--view-line elementor-widget elementor-widget-divider\" data-id=\"a54c699\" data-element_type=\"widget\" data-widget_type=\"divider.default\">\n\t\t\t\t<div class=\"elementor-widget-container\">\n\t\t\t\t\t\t\t<div class=\"elementor-divider\">\n\t\t\t<span class=\"elementor-divider-separator\">\n\t\t\t\t\t\t<\/span>\n\t\t<\/div>\n\t\t\t\t\t\t<\/div>\n\t\t\t\t<\/div>\n\t\t\t\t<div class=\"elementor-element elementor-element-014cc6a elementor-widget elementor-widget-text-editor\" data-id=\"014cc6a\" data-element_type=\"widget\" data-widget_type=\"text-editor.default\">\n\t\t\t\t<div class=\"elementor-widget-container\">\n\t\t\t\t\t\t\t\t\t<p><strong>* Palanca Capacidad m\u00edn.<\/strong>\u00a0es la carga necesaria para activar el freno autom\u00e1tico de seguridad. El freno detendr\u00e1 una carga aunque el operador deje la unidad en modo de cadena libre y en punto muerto, de forma similar a como reacciona un cintur\u00f3n de seguridad.<\/p><p><strong>La elevaci\u00f3n est\u00e1ndar es de 8 pies para los modelos de polipasto manual de cadena.<\/strong>\u00a0Todos los polipastos se someten a pruebas de carga con una capacidad de 125%.<\/p><p><b>Haga pedido de cadena manual con n\u00famero de modelo descriptivo<\/b>, <br \/>ejemplo\u00a0<strong>MM003-20-18<\/strong><\/p><table style=\"width: 300px; border: none;\"><tbody><tr><td style=\"border: none;\">C\u00f3digo de producto<\/td><td style=\"border: none;\">-Lift<\/td><td style=\"border: none;\">-Drop<\/td><\/tr><tr><td style=\"border: none;\"><b>MM003<\/b><\/td><td style=\"border: none;\"><b>-20 <\/b><\/td><td style=\"border: none;\"><b>-18<\/b><\/td><\/tr><\/tbody><\/table>\t\t\t\t\t\t\t\t<\/div>\n\t\t\t\t<\/div>\n\t\t\t\t<div class=\"elementor-element elementor-element-e02f058 elementor-widget elementor-widget-image\" data-id=\"e02f058\" data-element_type=\"widget\" data-widget_type=\"image.default\">\n\t\t\t\t<div class=\"elementor-widget-container\">\n\t\t\t\t\t\t\t\t\t\t\t\t\t\t\t\t<a href=\"http:\/\/www.allmaterialhandling.com\/wp-content\/uploads\/Draw-Mini-HandChainHoist.png\" data-elementor-open-lightbox=\"yes\" data-elementor-lightbox-title=\"Draw-Mini-HandChainHoist\" data-e-action-hash=\"#elementor-action%3Aaction%3Dlightbox%26settings%3DeyJpZCI6OTIwOSwidXJsIjoiaHR0cHM6XC9cL3d3dy5hbGxtYXRlcmlhbGhhbmRsaW5nLmNvbVwvd3AtY29udGVudFwvdXBsb2Fkc1wvRHJhdy1NaW5pLUhhbmRDaGFpbkhvaXN0LnBuZyJ9\">\n\t\t\t\t\t\t\t<img fetchpriority=\"high\" decoding=\"async\" width=\"426\" height=\"379\" src=\"https:\/\/www.allmaterialhandling.com\/wp-content\/uploads\/Draw-Mini-HandChainHoist.png\" class=\"attachment-full size-full wp-image-9209\" alt=\"\" srcset=\"https:\/\/www.allmaterialhandling.com\/wp-content\/uploads\/Draw-Mini-HandChainHoist.png 426w, https:\/\/www.allmaterialhandling.com\/wp-content\/uploads\/Draw-Mini-HandChainHoist-300x267.png 300w, https:\/\/www.allmaterialhandling.com\/wp-content\/uploads\/Draw-Mini-HandChainHoist-24x21.png 24w, https:\/\/www.allmaterialhandling.com\/wp-content\/uploads\/Draw-Mini-HandChainHoist-36x32.png 36w, https:\/\/www.allmaterialhandling.com\/wp-content\/uploads\/Draw-Mini-HandChainHoist-48x43.png 48w\" sizes=\"(max-width: 426px) 100vw, 426px\" \/>\t\t\t\t\t\t\t\t<\/a>\n\t\t\t\t\t\t\t\t\t\t\t\t\t\t\t<\/div>\n\t\t\t\t<\/div>\n\t\t\t\t\t<\/div>\n\t\t<\/div>\n\t\t\t\t<div class=\"has_eae_slider elementor-column elementor-col-50 elementor-inner-column elementor-element elementor-element-ce1b1d1\" data-eae-slider=\"89032\" data-id=\"ce1b1d1\" data-element_type=\"column\">\n\t\t\t<div class=\"elementor-widget-wrap elementor-element-populated\">\n\t\t\t\t\t\t<div class=\"elementor-element elementor-element-28891f2 elementor-widget elementor-widget-image\" data-id=\"28891f2\" data-element_type=\"widget\" data-widget_type=\"image.default\">\n\t\t\t\t<div class=\"elementor-widget-container\">\n\t\t\t\t\t\t\t\t\t\t\t\t\t\t\t<img decoding=\"async\" width=\"245\" height=\"690\" src=\"https:\/\/www.allmaterialhandling.com\/wp-content\/uploads\/MM003_1.png\" class=\"attachment-full size-full wp-image-12818\" alt=\"\" srcset=\"https:\/\/www.allmaterialhandling.com\/wp-content\/uploads\/MM003_1.png 245w, https:\/\/www.allmaterialhandling.com\/wp-content\/uploads\/MM003_1-107x300.png 107w, https:\/\/www.allmaterialhandling.com\/wp-content\/uploads\/MM003_1-9x24.png 9w, https:\/\/www.allmaterialhandling.com\/wp-content\/uploads\/MM003_1-13x36.png 13w, https:\/\/www.allmaterialhandling.com\/wp-content\/uploads\/MM003_1-17x48.png 17w\" sizes=\"(max-width: 245px) 100vw, 245px\" \/>\t\t\t\t\t\t\t\t\t\t\t\t\t\t\t<\/div>\n\t\t\t\t<\/div>\n\t\t\t\t\t<\/div>\n\t\t<\/div>\n\t\t\t\t\t<\/div>\n\t\t<\/section>\n\t\t\t\t\t<\/div>\n\t\t<\/div>\n\t\t\t\t\t<\/div>\n\t\t<\/section>\n\t\t\t\t<section class=\"has_eae_slider elementor-section elementor-top-section elementor-element elementor-element-edb83b7 elementor-section-boxed elementor-section-height-default elementor-section-height-default\" data-eae-slider=\"41402\" data-id=\"edb83b7\" data-element_type=\"section\" data-settings=\"{&quot;_ha_eqh_enable&quot;:false}\">\n\t\t\t\t\t\t<div class=\"elementor-container elementor-column-gap-default\">\n\t\t\t\t\t<div class=\"has_eae_slider elementor-column elementor-col-100 elementor-top-column elementor-element elementor-element-3ed9b70\" data-eae-slider=\"77455\" data-id=\"3ed9b70\" data-element_type=\"column\">\n\t\t\t<div class=\"elementor-widget-wrap elementor-element-populated\">\n\t\t\t\t\t\t<div class=\"elementor-element elementor-element-2eabebf elementor-widget elementor-widget-text-editor\" data-id=\"2eabebf\" data-element_type=\"widget\" data-widget_type=\"text-editor.default\">\n\t\t\t\t<div class=\"elementor-widget-container\">\n\t\t\t\t\t\t\t\t\t<p>\n<table id=\"tablepress-13\" class=\"tablepress tablepress-id-13\">\n<thead>\n<tr class=\"row-1\">\n\t<td class=\"column-1\"><\/td><th class=\"column-2\">C\u00f3digo de producto<\/th><th class=\"column-3\">WLL M\u00e1x.<\/th><th class=\"column-4\">WLL M\u00edn.<\/th><th class=\"column-5\">Ca\u00eddas<\/th><th class=\"column-6\">Cadena<\/th><th class=\"column-7\">A\" M\u00edn.<\/th><th class=\"column-8\">B (plg.)<\/th><th class=\"column-9\">C\"<\/th><th class=\"column-10\">D (plg.)<\/th><th class=\"column-11\">E\"<\/th><th class=\"column-12\">F\"<\/th><th class=\"column-13\">G (plg.)<\/th><th class=\"column-14\">P(lbs) M\u00e1x.<\/th><th class=\"column-15\">Peso (lbs) Elevaci\u00f3n de 5 pies<\/th>\n<\/tr>\n<\/thead>\n<tbody class=\"row-striping row-hover\">\n<tr class=\"row-2\">\n\t<td class=\"column-1\"><\/td><td class=\"column-2\"><a href=\"http:\/\/www.allmaterialhandling.com\/es\/hand-chain-hoist\/hand-chain-hoists-mini-series\/mm003\/\"><span style = \"text-decoration:underline; color: #0000ff\">MM003<\/span><\/a><\/td><td class=\"column-3\">1\/4t \/ 550 lbs<\/td><td class=\"column-4\">0 libras<\/td><td class=\"column-5\">1<\/td><td class=\"column-6\">C4X12Z<\/td><td class=\"column-7\">9.1<\/td><td class=\"column-8\">3.9<\/td><td class=\"column-9\">4.3<\/td><td class=\"column-10\">1.9<\/td><td class=\"column-11\">0.6<\/td><td class=\"column-12\">1<\/td><td class=\"column-13\">4.3<\/td><td class=\"column-14\">26<\/td><td class=\"column-15\">7.7<\/td>\n<\/tr>\n<\/tbody>\n<\/table>\n<!-- #tablepress-13 from cache --><\/p><p>\t\t<div data-elementor-type=\"wp-post\" data-elementor-id=\"3672\" class=\"elementor elementor-3672\" data-elementor-settings=\"{&quot;ha_cmc_init_switcher&quot;:&quot;no&quot;}\" data-elementor-post-type=\"ae_global_templates\">\n\t\t\t\t\t\t<section class=\"has_eae_slider elementor-section elementor-top-section elementor-element elementor-element-ac592a7 elementor-section-boxed elementor-section-height-default elementor-section-height-default\" data-eae-slider=\"96098\" data-id=\"ac592a7\" data-element_type=\"section\" data-settings=\"{&quot;_ha_eqh_enable&quot;:false}\">\n\t\t\t\t\t\t<div class=\"elementor-container elementor-column-gap-default\">\n\t\t\t\t\t<div class=\"has_eae_slider elementor-column elementor-col-100 elementor-top-column elementor-element elementor-element-5e35cf5\" data-eae-slider=\"98999\" data-id=\"5e35cf5\" data-element_type=\"column\">\n\t\t\t<div class=\"elementor-widget-wrap elementor-element-populated\">\n\t\t\t\t\t\t<div class=\"elementor-element elementor-element-17758bc elementor-align-left elementor-widget__width-initial elementor-icon-list--layout-inline elementor-list-item-link-full_width elementor-widget elementor-widget-icon-list\" data-id=\"17758bc\" data-element_type=\"widget\" data-widget_type=\"icon-list.default\">\n\t\t\t\t<div class=\"elementor-widget-container\">\n\t\t\t\t\t\t\t<ul class=\"elementor-icon-list-items elementor-inline-items\">\n\t\t\t\t\t\t\t<li class=\"elementor-icon-list-item elementor-inline-item\">\n\t\t\t\t\t\t\t\t\t\t\t<a href=\"\/wp-content\/uploads\/Mini-Hoist-Flyer.pdf\" target=\"_blank\">\n\n\t\t\t\t\t\t\t\t\t\t\t\t<span class=\"elementor-icon-list-icon\">\n\t\t\t\t\t\t\t<i aria-hidden=\"true\" class=\"fas fa-file-pdf\"><\/i>\t\t\t\t\t\t<\/span>\n\t\t\t\t\t\t\t\t\t\t<span class=\"elementor-icon-list-text\">Ficha t\u00e9cnica<\/span>\n\t\t\t\t\t\t\t\t\t\t\t<\/a>\n\t\t\t\t\t\t\t\t\t<\/li>\n\t\t\t\t\t\t\t\t<li class=\"elementor-icon-list-item elementor-inline-item\">\n\t\t\t\t\t\t\t\t\t\t\t<a href=\"\/wp-content\/uploads\/Mini-Hoist-Manual.pdf\" target=\"_blank\">\n\n\t\t\t\t\t\t\t\t\t\t\t\t<span class=\"elementor-icon-list-icon\">\n\t\t\t\t\t\t\t<i aria-hidden=\"true\" class=\"fas fa-file-pdf\"><\/i>\t\t\t\t\t\t<\/span>\n\t\t\t\t\t\t\t\t\t\t<span class=\"elementor-icon-list-text\">Manual<\/span>\n\t\t\t\t\t\t\t\t\t\t\t<\/a>\n\t\t\t\t\t\t\t\t\t<\/li>\n\t\t\t\t\t\t\t\t<li class=\"elementor-icon-list-item elementor-inline-item\">\n\t\t\t\t\t\t\t\t\t\t\t<a href=\"\/wp-content\/uploads\/Mini-Hoist-Parts-Breakdown.pdf\" target=\"_blank\">\n\n\t\t\t\t\t\t\t\t\t\t\t\t<span class=\"elementor-icon-list-icon\">\n\t\t\t\t\t\t\t<i aria-hidden=\"true\" class=\"fas fa-file-pdf\"><\/i>\t\t\t\t\t\t<\/span>\n\t\t\t\t\t\t\t\t\t\t<span class=\"elementor-icon-list-text\">Desglose de piezas<\/span>\n\t\t\t\t\t\t\t\t\t\t\t<\/a>\n\t\t\t\t\t\t\t\t\t<\/li>\n\t\t\t\t\t\t<\/ul>\n\t\t\t\t\t\t<\/div>\n\t\t\t\t<\/div>\n\t\t\t\t\t<\/div>\n\t\t<\/div>\n\t\t\t\t\t<\/div>\n\t\t<\/section>\n\t\t\t\t<\/div>\n\t\t<\/p>\t\t\t\t\t\t\t\t<\/div>\n\t\t\t\t<\/div>\n\t\t\t\t\t<\/div>\n\t\t<\/div>\n\t\t\t\t\t<\/div>\n\t\t<\/section>\n\t\t\t\t<section class=\"has_eae_slider elementor-section elementor-top-section elementor-element elementor-element-be399e1 elementor-section-boxed elementor-section-height-default elementor-section-height-default\" data-eae-slider=\"98980\" data-id=\"be399e1\" data-element_type=\"section\" data-settings=\"{&quot;_ha_eqh_enable&quot;:false}\">\n\t\t\t\t\t\t<div class=\"elementor-container elementor-column-gap-default\">\n\t\t\t\t\t<div class=\"has_eae_slider elementor-column elementor-col-100 elementor-top-column elementor-element elementor-element-f11444f\" data-eae-slider=\"95759\" data-id=\"f11444f\" data-element_type=\"column\">\n\t\t\t<div class=\"elementor-widget-wrap elementor-element-populated\">\n\t\t\t\t\t\t<section class=\"has_eae_slider elementor-section elementor-inner-section elementor-element elementor-element-c508df1 elementor-section-boxed elementor-section-height-default elementor-section-height-default\" data-eae-slider=\"25360\" data-id=\"c508df1\" data-element_type=\"section\" data-settings=\"{&quot;_ha_eqh_enable&quot;:false}\">\n\t\t\t\t\t\t<div class=\"elementor-container elementor-column-gap-default\">\n\t\t\t\t\t<div class=\"has_eae_slider elementor-column elementor-col-50 elementor-inner-column elementor-element elementor-element-587cb9c\" data-eae-slider=\"94093\" data-id=\"587cb9c\" data-element_type=\"column\">\n\t\t\t<div class=\"elementor-widget-wrap elementor-element-populated\">\n\t\t\t\t\t\t<div class=\"elementor-element elementor-element-d83cd37 elementor-widget elementor-widget-text-editor\" data-id=\"d83cd37\" data-element_type=\"widget\" data-widget_type=\"text-editor.default\">\n\t\t\t\t<div class=\"elementor-widget-container\">\n\t\t\t\t\t\t\t\t\t<ul><li><strong>Capacidad de 1\/4 de tonelada m\u00e9trica<\/strong><\/li><li>El engranaje planetario se utiliza para minimizar el esfuerzo del operador y reducir la tensi\u00f3n en los componentes del freno.<\/li><li>Su reducido tama\u00f1o permite utilizarlo y guardarlo en lugares estrechos<\/li><li>Construcci\u00f3n ligera y duradera totalmente de acero con componentes de bastidor chapados y acabado exterior cromado duradero para resistir la corrosi\u00f3n<\/li><li><strong>Freno de carga mec\u00e1nico tipo Weston<\/strong>\u00a0es autoajustable con trinquetes dobles, discos de freno sin amianto y est\u00e1 rodeada por un cerramiento para limitar la contaminaci\u00f3n.<\/li><li>Cadena de carga de precisi\u00f3n para polipastos con la resistencia de la cadena G80<\/li><li>Rodamientos de manguito utilizados para maximizar la capacidad de servicio y proporcionar una buena eficiencia.<\/li><li>El trinquete autoajustable y el freno de carga mec\u00e1nico tipo disco garantizan un control positivo de la carga<\/li><li>Cumple: ASME\/ANSl B30, OSHA, NASA-STD-8719.9<\/li><li>Clasificaci\u00f3n ATEX\u00a0<img decoding=\"async\" class=\"alignnone wp-image-12710\" src=\"http:\/\/www.allmaterialhandling.com\/wp-content\/uploads\/atex_symbol-150x150.png\" alt=\"\" width=\"24\" height=\"24\" \/> certificado II 3 GD c IIB 54\u00ba C X para uso limitado en entornos peligrosos<\/li><li>Disponible en longitudes de cadena personalizadas<\/li><\/ul>\t\t\t\t\t\t\t\t<\/div>\n\t\t\t\t<\/div>\n\t\t\t\t\t<\/div>\n\t\t<\/div>\n\t\t\t\t<div class=\"has_eae_slider elementor-column elementor-col-50 elementor-inner-column elementor-element elementor-element-eb95aed\" data-eae-slider=\"93401\" data-id=\"eb95aed\" data-element_type=\"column\">\n\t\t\t<div class=\"elementor-widget-wrap elementor-element-populated\">\n\t\t\t\t\t\t<div class=\"elementor-element elementor-element-382ce3d elementor-widget elementor-widget-text-editor\" data-id=\"382ce3d\" data-element_type=\"widget\" data-widget_type=\"text-editor.default\">\n\t\t\t\t<div class=\"elementor-widget-container\">\n\t\t\t\t\t\t\t\t\t<p>Im\u00e1genes adicionales<\/p>\t\t\t\t\t\t\t\t<\/div>\n\t\t\t\t<\/div>\n\t\t\t\t<div class=\"elementor-element elementor-element-614c3c3 elementor-widget-divider--view-line elementor-widget elementor-widget-divider\" data-id=\"614c3c3\" data-element_type=\"widget\" data-widget_type=\"divider.default\">\n\t\t\t\t<div class=\"elementor-widget-container\">\n\t\t\t\t\t\t\t<div class=\"elementor-divider\">\n\t\t\t<span class=\"elementor-divider-separator\">\n\t\t\t\t\t\t<\/span>\n\t\t<\/div>\n\t\t\t\t\t\t<\/div>\n\t\t\t\t<\/div>\n\t\t\t\t<div class=\"elementor-element elementor-element-360bade elementor-widget elementor-widget-gallery\" data-id=\"360bade\" data-element_type=\"widget\" data-settings=\"{&quot;gallery_layout&quot;:&quot;justified&quot;,&quot;ideal_row_height&quot;:{&quot;unit&quot;:&quot;px&quot;,&quot;size&quot;:166,&quot;sizes&quot;:[]},&quot;overlay_title&quot;:&quot;title&quot;,&quot;lazyload&quot;:&quot;yes&quot;,&quot;ideal_row_height_tablet&quot;:{&quot;unit&quot;:&quot;px&quot;,&quot;size&quot;:150,&quot;sizes&quot;:[]},&quot;ideal_row_height_mobile&quot;:{&quot;unit&quot;:&quot;px&quot;,&quot;size&quot;:150,&quot;sizes&quot;:[]},&quot;gap&quot;:{&quot;unit&quot;:&quot;px&quot;,&quot;size&quot;:10,&quot;sizes&quot;:[]},&quot;gap_tablet&quot;:{&quot;unit&quot;:&quot;px&quot;,&quot;size&quot;:10,&quot;sizes&quot;:[]},&quot;gap_mobile&quot;:{&quot;unit&quot;:&quot;px&quot;,&quot;size&quot;:10,&quot;sizes&quot;:[]},&quot;link_to&quot;:&quot;file&quot;,&quot;overlay_background&quot;:&quot;yes&quot;,&quot;content_hover_animation&quot;:&quot;fade-in&quot;}\" data-widget_type=\"gallery.default\">\n\t\t\t\t<div class=\"elementor-widget-container\">\n\t\t\t\t\t\t\t<div class=\"elementor-gallery__container\">\n\t\t\t\t\t\t\t<a class=\"e-gallery-item elementor-gallery-item elementor-animated-content\" href=\"https:\/\/www.allmaterialhandling.com\/wp-content\/uploads\/MM003-V1-01-01-scaled.jpg\" data-elementor-open-lightbox=\"yes\" data-elementor-lightbox-slideshow=\"360bade\" data-elementor-lightbox-title=\"MM003-01\" data-e-action-hash=\"#elementor-action%3Aaction%3Dlightbox%26settings%3DeyJpZCI6OTIwMiwidXJsIjoiaHR0cHM6XC9cL3d3dy5hbGxtYXRlcmlhbGhhbmRsaW5nLmNvbVwvd3AtY29udGVudFwvdXBsb2Fkc1wvTU0wMDMtVjEtMDEtMDEtc2NhbGVkLmpwZyIsInNsaWRlc2hvdyI6IjM2MGJhZGUifQ%3D%3D\">\n\t\t\t\t\t<div class=\"e-gallery-image elementor-gallery-item__image\" data-thumbnail=\"https:\/\/www.allmaterialhandling.com\/wp-content\/uploads\/MM003-V1-01-01-768x768.jpg\" data-width=\"640\" data-height=\"640\" aria-label=\"\" role=\"img\" ><\/div>\n\t\t\t\t\t\t\t\t\t\t\t<div class=\"elementor-gallery-item__overlay\"><\/div>\n\t\t\t\t\t\t\t\t\t\t\t\t\t\t\t<div class=\"elementor-gallery-item__content\">\n\t\t\t\t\t\t\t\t\t\t\t\t\t\t<div class=\"elementor-gallery-item__title\">\n\t\t\t\t\t\t\t\t\t\t\t\t\t\t\t\t\t\tMM003-01\t\t\t\t\t\t\t\t<\/div>\n\t\t\t\t\t\t\t\t\t\t\t\t<\/div>\n\t\t\t\t\t\t\t\t\t<\/a>\n\t\t\t\t\t\t\t<a class=\"e-gallery-item elementor-gallery-item elementor-animated-content\" href=\"https:\/\/www.allmaterialhandling.com\/wp-content\/uploads\/MM003-V1-01-05-scaled.jpg\" data-elementor-open-lightbox=\"yes\" data-elementor-lightbox-slideshow=\"360bade\" data-elementor-lightbox-title=\"MM003-05\" data-e-action-hash=\"#elementor-action%3Aaction%3Dlightbox%26settings%3DeyJpZCI6OTIwMywidXJsIjoiaHR0cHM6XC9cL3d3dy5hbGxtYXRlcmlhbGhhbmRsaW5nLmNvbVwvd3AtY29udGVudFwvdXBsb2Fkc1wvTU0wMDMtVjEtMDEtMDUtc2NhbGVkLmpwZyIsInNsaWRlc2hvdyI6IjM2MGJhZGUifQ%3D%3D\">\n\t\t\t\t\t<div class=\"e-gallery-image elementor-gallery-item__image\" data-thumbnail=\"https:\/\/www.allmaterialhandling.com\/wp-content\/uploads\/MM003-V1-01-05-768x768.jpg\" data-width=\"640\" data-height=\"640\" aria-label=\"\" role=\"img\" ><\/div>\n\t\t\t\t\t\t\t\t\t\t\t<div class=\"elementor-gallery-item__overlay\"><\/div>\n\t\t\t\t\t\t\t\t\t\t\t\t\t\t\t<div class=\"elementor-gallery-item__content\">\n\t\t\t\t\t\t\t\t\t\t\t\t\t\t<div class=\"elementor-gallery-item__title\">\n\t\t\t\t\t\t\t\t\t\t\t\t\t\t\t\t\t\tMM003-05\t\t\t\t\t\t\t\t<\/div>\n\t\t\t\t\t\t\t\t\t\t\t\t<\/div>\n\t\t\t\t\t\t\t\t\t<\/a>\n\t\t\t\t\t\t\t<a class=\"e-gallery-item elementor-gallery-item elementor-animated-content\" href=\"https:\/\/www.allmaterialhandling.com\/wp-content\/uploads\/MM003-V1-01-09-scaled.jpg\" data-elementor-open-lightbox=\"yes\" data-elementor-lightbox-slideshow=\"360bade\" data-elementor-lightbox-title=\"MM003-09\" data-e-action-hash=\"#elementor-action%3Aaction%3Dlightbox%26settings%3DeyJpZCI6OTIwNCwidXJsIjoiaHR0cHM6XC9cL3d3dy5hbGxtYXRlcmlhbGhhbmRsaW5nLmNvbVwvd3AtY29udGVudFwvdXBsb2Fkc1wvTU0wMDMtVjEtMDEtMDktc2NhbGVkLmpwZyIsInNsaWRlc2hvdyI6IjM2MGJhZGUifQ%3D%3D\">\n\t\t\t\t\t<div class=\"e-gallery-image elementor-gallery-item__image\" data-thumbnail=\"https:\/\/www.allmaterialhandling.com\/wp-content\/uploads\/MM003-V1-01-09-768x768.jpg\" data-width=\"640\" data-height=\"640\" aria-label=\"\" role=\"img\" ><\/div>\n\t\t\t\t\t\t\t\t\t\t\t<div class=\"elementor-gallery-item__overlay\"><\/div>\n\t\t\t\t\t\t\t\t\t\t\t\t\t\t\t<div class=\"elementor-gallery-item__content\">\n\t\t\t\t\t\t\t\t\t\t\t\t\t\t<div class=\"elementor-gallery-item__title\">\n\t\t\t\t\t\t\t\t\t\t\t\t\t\t\t\t\t\tMM003-09\t\t\t\t\t\t\t\t<\/div>\n\t\t\t\t\t\t\t\t\t\t\t\t<\/div>\n\t\t\t\t\t\t\t\t\t<\/a>\n\t\t\t\t\t\t\t<a class=\"e-gallery-item elementor-gallery-item elementor-animated-content\" href=\"https:\/\/www.allmaterialhandling.com\/wp-content\/uploads\/MM003-V1-01-15-scaled.jpg\" data-elementor-open-lightbox=\"yes\" data-elementor-lightbox-slideshow=\"360bade\" data-elementor-lightbox-title=\"MM003-15\" data-e-action-hash=\"#elementor-action%3Aaction%3Dlightbox%26settings%3DeyJpZCI6OTIwNSwidXJsIjoiaHR0cHM6XC9cL3d3dy5hbGxtYXRlcmlhbGhhbmRsaW5nLmNvbVwvd3AtY29udGVudFwvdXBsb2Fkc1wvTU0wMDMtVjEtMDEtMTUtc2NhbGVkLmpwZyIsInNsaWRlc2hvdyI6IjM2MGJhZGUifQ%3D%3D\">\n\t\t\t\t\t<div class=\"e-gallery-image elementor-gallery-item__image\" data-thumbnail=\"https:\/\/www.allmaterialhandling.com\/wp-content\/uploads\/MM003-V1-01-15-768x768.jpg\" data-width=\"640\" data-height=\"640\" aria-label=\"\" role=\"img\" ><\/div>\n\t\t\t\t\t\t\t\t\t\t\t<div class=\"elementor-gallery-item__overlay\"><\/div>\n\t\t\t\t\t\t\t\t\t\t\t\t\t\t\t<div class=\"elementor-gallery-item__content\">\n\t\t\t\t\t\t\t\t\t\t\t\t\t\t<div class=\"elementor-gallery-item__title\">\n\t\t\t\t\t\t\t\t\t\t\t\t\t\t\t\t\t\tMM003-15\t\t\t\t\t\t\t\t<\/div>\n\t\t\t\t\t\t\t\t\t\t\t\t<\/div>\n\t\t\t\t\t\t\t\t\t<\/a>\n\t\t\t\t\t<\/div>\n\t\t\t\t\t<\/div>\n\t\t\t\t<\/div>\n\t\t\t\t\t<\/div>\n\t\t<\/div>\n\t\t\t\t\t<\/div>\n\t\t<\/section>\n\t\t\t\t\t<\/div>\n\t\t<\/div>\n\t\t\t\t\t<\/div>\n\t\t<\/section>\n\t\t\t\t<\/div>","protected":false},"excerpt":{"rendered":"<p>Polipastos manuales de cadena Serie Mini * La capacidad m\u00ednima de la palanca es la carga necesaria para activar el freno de seguridad autom\u00e1tico. El freno detendr\u00e1 una carga aunque la...<\/p>","protected":false},"author":1,"featured_media":9202,"parent":706,"menu_order":0,"comment_status":"closed","ping_status":"closed","template":"elementor_header_footer","meta":{"footnotes":""},"categories":[26],"tags":[],"class_list":["post-4695","page","type-page","status-publish","has-post-thumbnail","hentry","category-hand-chain-hoists"],"jetpack_sharing_enabled":true,"_links":{"self":[{"href":"https:\/\/www.allmaterialhandling.com\/es\/wp-json\/wp\/v2\/pages\/4695","targetHints":{"allow":["GET"]}}],"collection":[{"href":"https:\/\/www.allmaterialhandling.com\/es\/wp-json\/wp\/v2\/pages"}],"about":[{"href":"https:\/\/www.allmaterialhandling.com\/es\/wp-json\/wp\/v2\/types\/page"}],"author":[{"embeddable":true,"href":"https:\/\/www.allmaterialhandling.com\/es\/wp-json\/wp\/v2\/users\/1"}],"replies":[{"embeddable":true,"href":"https:\/\/www.allmaterialhandling.com\/es\/wp-json\/wp\/v2\/comments?post=4695"}],"version-history":[{"count":174,"href":"https:\/\/www.allmaterialhandling.com\/es\/wp-json\/wp\/v2\/pages\/4695\/revisions"}],"predecessor-version":[{"id":13194,"href":"https:\/\/www.allmaterialhandling.com\/es\/wp-json\/wp\/v2\/pages\/4695\/revisions\/13194"}],"up":[{"embeddable":true,"href":"https:\/\/www.allmaterialhandling.com\/es\/wp-json\/wp\/v2\/pages\/706"}],"wp:featuredmedia":[{"embeddable":true,"href":"https:\/\/www.allmaterialhandling.com\/es\/wp-json\/wp\/v2\/media\/9202"}],"wp:attachment":[{"href":"https:\/\/www.allmaterialhandling.com\/es\/wp-json\/wp\/v2\/media?parent=4695"}],"wp:term":[{"taxonomy":"category","embeddable":true,"href":"https:\/\/www.allmaterialhandling.com\/es\/wp-json\/wp\/v2\/categories?post=4695"},{"taxonomy":"post_tag","embeddable":true,"href":"https:\/\/www.allmaterialhandling.com\/es\/wp-json\/wp\/v2\/tags?post=4695"}],"curies":[{"name":"wp","href":"https:\/\/api.w.org\/{rel}","templated":true}]}}