{"id":3694,"date":"2021-11-30T16:28:22","date_gmt":"2021-11-30T16:28:22","guid":{"rendered":"http:\/\/www.allmaterialhandling.com\/?page_id=3694"},"modified":"2021-11-30T16:31:25","modified_gmt":"2021-11-30T16:31:25","slug":"don","status":"publish","type":"page","link":"https:\/\/www.allmaterialhandling.com\/es\/don\/","title":{"rendered":"Don"},"content":{"rendered":"<div data-elementor-type=\"wp-page\" data-elementor-id=\"3694\" class=\"elementor elementor-3694\" data-elementor-settings=\"{&quot;ha_cmc_init_switcher&quot;:&quot;no&quot;}\" data-elementor-post-type=\"page\">\n\t\t\t\t\t\t<section class=\"has_eae_slider elementor-section elementor-top-section elementor-element elementor-element-30761c5 elementor-section-boxed elementor-section-height-default elementor-section-height-default\" data-eae-slider=\"81351\" data-id=\"30761c5\" data-element_type=\"section\" data-settings=\"{&quot;_ha_eqh_enable&quot;:false}\">\n\t\t\t\t\t\t<div class=\"elementor-container elementor-column-gap-default\">\n\t\t\t\t\t<div class=\"has_eae_slider elementor-column elementor-col-100 elementor-top-column elementor-element elementor-element-e802f67\" data-eae-slider=\"25903\" data-id=\"e802f67\" data-element_type=\"column\">\n\t\t\t<div class=\"elementor-widget-wrap elementor-element-populated\">\n\t\t\t\t\t\t<section class=\"has_eae_slider elementor-section elementor-inner-section elementor-element elementor-element-65f7eb1 elementor-section-boxed elementor-section-height-default elementor-section-height-default\" data-eae-slider=\"35966\" data-id=\"65f7eb1\" data-element_type=\"section\" data-settings=\"{&quot;_ha_eqh_enable&quot;:false}\">\n\t\t\t\t\t\t<div class=\"elementor-container elementor-column-gap-default\">\n\t\t\t\t\t<div class=\"has_eae_slider elementor-column elementor-col-50 elementor-inner-column elementor-element elementor-element-46c266e\" data-eae-slider=\"31965\" data-id=\"46c266e\" data-element_type=\"column\">\n\t\t\t<div class=\"elementor-widget-wrap elementor-element-populated\">\n\t\t\t\t\t\t<div class=\"elementor-element elementor-element-579db75 elementor-widget elementor-widget-text-editor\" data-id=\"579db75\" data-element_type=\"widget\" data-widget_type=\"text-editor.default\">\n\t\t\t\t<div class=\"elementor-widget-container\">\n\t\t\t\t\t\t\t\t\t<p>Me encanta AMH por dos razones. Primero, cuando compras a AMH creas una asociaci\u00f3n y con esa asociaci\u00f3n viene la atenci\u00f3n al cliente, la satisfacci\u00f3n y la lealtad. En segundo lugar, es realmente un gran producto. Recomiendo encarecidamente AMH.<\/p><p><strong>Don<\/strong><br \/><strong>Carolina Chain &amp; Cable<\/strong><\/p>\t\t\t\t\t\t\t\t<\/div>\n\t\t\t\t<\/div>\n\t\t\t\t\t<\/div>\n\t\t<\/div>\n\t\t\t\t<div class=\"has_eae_slider elementor-column elementor-col-50 elementor-inner-column elementor-element elementor-element-ba30533\" data-eae-slider=\"58436\" data-id=\"ba30533\" data-element_type=\"column\">\n\t\t\t<div class=\"elementor-widget-wrap elementor-element-populated\">\n\t\t\t\t\t\t<div class=\"elementor-element elementor-element-ff42be2 elementor-widget elementor-widget-sidebar\" data-id=\"ff42be2\" data-element_type=\"widget\" data-widget_type=\"sidebar.default\">\n\t\t\t\t<div class=\"elementor-widget-container\">\n\t\t\t\t\t<section id=\"media_image-6\" class=\"widget widget_media_image\"><img fetchpriority=\"high\" decoding=\"async\" width=\"609\" height=\"407\" src=\"https:\/\/www.allmaterialhandling.com\/wp-content\/uploads\/2021\/09\/AMH_Banner2.jpg\" class=\"image wp-image-1933  attachment-full size-full\" alt=\"\" style=\"max-width: 100%; height: auto;\" srcset=\"https:\/\/www.allmaterialhandling.com\/wp-content\/uploads\/2021\/09\/AMH_Banner2.jpg 609w, https:\/\/www.allmaterialhandling.com\/wp-content\/uploads\/2021\/09\/AMH_Banner2-300x200.jpg 300w, https:\/\/www.allmaterialhandling.com\/wp-content\/uploads\/2021\/09\/AMH_Banner2-24x16.jpg 24w, https:\/\/www.allmaterialhandling.com\/wp-content\/uploads\/2021\/09\/AMH_Banner2-36x24.jpg 36w, https:\/\/www.allmaterialhandling.com\/wp-content\/uploads\/2021\/09\/AMH_Banner2-48x32.jpg 48w\" sizes=\"(max-width: 609px) 100vw, 609px\" \/><\/section>\t\t\t\t<\/div>\n\t\t\t\t<\/div>\n\t\t\t\t\t<\/div>\n\t\t<\/div>\n\t\t\t\t\t<\/div>\n\t\t<\/section>\n\t\t\t\t\t<\/div>\n\t\t<\/div>\n\t\t\t\t\t<\/div>\n\t\t<\/section>\n\t\t\t\t<\/div>","protected":false},"excerpt":{"rendered":"<p>I love AMH for 2 reasons. First, when you purchase from AMH you create a partnership and with that partnership comes customer care, satisfaction and&hellip;<\/p>","protected":false},"author":1,"featured_media":3058,"parent":0,"menu_order":0,"comment_status":"closed","ping_status":"closed","template":"template-pagebuilder.php","meta":{"footnotes":""},"categories":[],"tags":[],"class_list":["post-3694","page","type-page","status-publish","has-post-thumbnail","hentry"],"jetpack_sharing_enabled":true,"_links":{"self":[{"href":"https:\/\/www.allmaterialhandling.com\/es\/wp-json\/wp\/v2\/pages\/3694","targetHints":{"allow":["GET"]}}],"collection":[{"href":"https:\/\/www.allmaterialhandling.com\/es\/wp-json\/wp\/v2\/pages"}],"about":[{"href":"https:\/\/www.allmaterialhandling.com\/es\/wp-json\/wp\/v2\/types\/page"}],"author":[{"embeddable":true,"href":"https:\/\/www.allmaterialhandling.com\/es\/wp-json\/wp\/v2\/users\/1"}],"replies":[{"embeddable":true,"href":"https:\/\/www.allmaterialhandling.com\/es\/wp-json\/wp\/v2\/comments?post=3694"}],"version-history":[{"count":8,"href":"https:\/\/www.allmaterialhandling.com\/es\/wp-json\/wp\/v2\/pages\/3694\/revisions"}],"predecessor-version":[{"id":10188,"href":"https:\/\/www.allmaterialhandling.com\/es\/wp-json\/wp\/v2\/pages\/3694\/revisions\/10188"}],"wp:featuredmedia":[{"embeddable":true,"href":"https:\/\/www.allmaterialhandling.com\/es\/wp-json\/wp\/v2\/media\/3058"}],"wp:attachment":[{"href":"https:\/\/www.allmaterialhandling.com\/es\/wp-json\/wp\/v2\/media?parent=3694"}],"wp:term":[{"taxonomy":"category","embeddable":true,"href":"https:\/\/www.allmaterialhandling.com\/es\/wp-json\/wp\/v2\/categories?post=3694"},{"taxonomy":"post_tag","embeddable":true,"href":"https:\/\/www.allmaterialhandling.com\/es\/wp-json\/wp\/v2\/tags?post=3694"}],"curies":[{"name":"wp","href":"https:\/\/api.w.org\/{rel}","templated":true}]}}