{"id":367,"date":"2019-04-19T05:09:06","date_gmt":"2019-04-19T05:09:06","guid":{"rendered":"http:\/\/demo.sparklewpthemes.com\/constructionlight\/?page_id=367"},"modified":"2021-11-10T11:44:47","modified_gmt":"2021-11-10T11:44:47","slug":"about-our-company","status":"publish","type":"page","link":"https:\/\/www.allmaterialhandling.com\/es\/about-our-company\/","title":{"rendered":"About Our Company"},"content":{"rendered":"<div data-elementor-type=\"wp-page\" data-elementor-id=\"367\" class=\"elementor elementor-367\" data-elementor-settings=\"{&quot;ha_cmc_init_switcher&quot;:&quot;no&quot;}\" data-elementor-post-type=\"page\">\n\t\t\t\t\t\t<section class=\"has_eae_slider elementor-section elementor-top-section elementor-element elementor-element-7e5fd67 elementor-section-boxed elementor-section-height-default elementor-section-height-default\" data-eae-slider=\"33078\" data-id=\"7e5fd67\" data-element_type=\"section\" data-settings=\"{&quot;_ha_eqh_enable&quot;:false}\">\n\t\t\t\t\t\t<div class=\"elementor-container elementor-column-gap-default\">\n\t\t\t\t\t<div class=\"has_eae_slider elementor-column elementor-col-100 elementor-top-column elementor-element elementor-element-7a47d43\" data-eae-slider=\"93737\" data-id=\"7a47d43\" data-element_type=\"column\">\n\t\t\t<div class=\"elementor-widget-wrap elementor-element-populated\">\n\t\t\t\t\t\t<section class=\"has_eae_slider elementor-section elementor-inner-section elementor-element elementor-element-ac008f5 elementor-section-boxed elementor-section-height-default elementor-section-height-default\" data-eae-slider=\"82212\" data-id=\"ac008f5\" data-element_type=\"section\" data-settings=\"{&quot;_ha_eqh_enable&quot;:false}\">\n\t\t\t\t\t\t<div class=\"elementor-container elementor-column-gap-default\">\n\t\t\t\t\t<div class=\"has_eae_slider elementor-column elementor-col-50 elementor-inner-column elementor-element elementor-element-dbac2a1\" data-eae-slider=\"72969\" data-id=\"dbac2a1\" data-element_type=\"column\">\n\t\t\t<div class=\"elementor-widget-wrap elementor-element-populated\">\n\t\t\t\t\t\t<div class=\"elementor-element elementor-element-77cbe9f elementor-widget elementor-widget-heading\" data-id=\"77cbe9f\" data-element_type=\"widget\" data-widget_type=\"heading.default\">\n\t\t\t\t<div class=\"elementor-widget-container\">\n\t\t\t\t\t<h2 class=\"elementor-heading-title elementor-size-default\">Nuestra empresa<\/h2>\t\t\t\t<\/div>\n\t\t\t\t<\/div>\n\t\t\t\t<div class=\"elementor-element elementor-element-f3f4bba elementor-widget elementor-widget-text-editor\" data-id=\"f3f4bba\" data-element_type=\"widget\" data-widget_type=\"text-editor.default\">\n\t\t\t\t<div class=\"elementor-widget-container\">\n\t\t\t\t\t\t\t\t\t<p><strong>AMH, All Material Handling Inc<\/strong>es un proveedor privado de equipos de manipulaci\u00f3n de materiales y accesorios de calidad para aplicaciones de construcci\u00f3n, suministro industrial, mantenimiento, marina, militar, miner\u00eda, petroqu\u00edmica, ferrocarril, alquiler, construcci\u00f3n naval, servicios p\u00fablicos, etc., a trav\u00e9s de una red de distribuci\u00f3n en toda Am\u00e9rica.<\/p><p><strong>Nuestra misi\u00f3n <\/strong>es apoyar a nuestros distribuidores con un servicio personalizado, alta calidad, precios competitivos y ofrecer plazos de entrega m\u00e1s r\u00e1pidos que nadie en el sector.<\/p>\t\t\t\t\t\t\t\t<\/div>\n\t\t\t\t<\/div>\n\t\t\t\t\t<\/div>\n\t\t<\/div>\n\t\t\t\t<div class=\"has_eae_slider elementor-column elementor-col-50 elementor-inner-column elementor-element elementor-element-569da44\" data-eae-slider=\"98188\" data-id=\"569da44\" data-element_type=\"column\">\n\t\t\t<div class=\"elementor-widget-wrap elementor-element-populated\">\n\t\t\t\t\t\t<div class=\"elementor-element elementor-element-bd9c5c7 elementor-widget elementor-widget-image\" data-id=\"bd9c5c7\" data-element_type=\"widget\" data-widget_type=\"image.default\">\n\t\t\t\t<div class=\"elementor-widget-container\">\n\t\t\t\t\t\t\t\t\t\t\t\t\t\t\t<img fetchpriority=\"high\" decoding=\"async\" width=\"640\" height=\"555\" src=\"https:\/\/www.allmaterialhandling.com\/wp-content\/uploads\/2021\/07\/office2b.jpg\" class=\"attachment-large size-large wp-image-863\" alt=\"\" srcset=\"https:\/\/www.allmaterialhandling.com\/wp-content\/uploads\/2021\/07\/office2b.jpg 923w, https:\/\/www.allmaterialhandling.com\/wp-content\/uploads\/2021\/07\/office2b-300x260.jpg 300w, https:\/\/www.allmaterialhandling.com\/wp-content\/uploads\/2021\/07\/office2b-768x666.jpg 768w\" sizes=\"(max-width: 640px) 100vw, 640px\" \/>\t\t\t\t\t\t\t\t\t\t\t\t\t\t\t<\/div>\n\t\t\t\t<\/div>\n\t\t\t\t\t<\/div>\n\t\t<\/div>\n\t\t\t\t\t<\/div>\n\t\t<\/section>\n\t\t\t\t\t<\/div>\n\t\t<\/div>\n\t\t\t\t\t<\/div>\n\t\t<\/section>\n\t\t\t\t<\/div>","protected":false},"excerpt":{"rendered":"<p>About our Company AMH, All Material Handling Inc., is a privately owned and operated Provider of quality material handling equipment and accessories to service applications&hellip;<\/p>","protected":false},"author":1,"featured_media":0,"parent":0,"menu_order":0,"comment_status":"closed","ping_status":"closed","template":"elementor_header_footer","meta":{"footnotes":""},"categories":[],"tags":[],"class_list":["post-367","page","type-page","status-publish","hentry"],"jetpack_sharing_enabled":true,"_links":{"self":[{"href":"https:\/\/www.allmaterialhandling.com\/es\/wp-json\/wp\/v2\/pages\/367","targetHints":{"allow":["GET"]}}],"collection":[{"href":"https:\/\/www.allmaterialhandling.com\/es\/wp-json\/wp\/v2\/pages"}],"about":[{"href":"https:\/\/www.allmaterialhandling.com\/es\/wp-json\/wp\/v2\/types\/page"}],"author":[{"embeddable":true,"href":"https:\/\/www.allmaterialhandling.com\/es\/wp-json\/wp\/v2\/users\/1"}],"replies":[{"embeddable":true,"href":"https:\/\/www.allmaterialhandling.com\/es\/wp-json\/wp\/v2\/comments?post=367"}],"version-history":[{"count":44,"href":"https:\/\/www.allmaterialhandling.com\/es\/wp-json\/wp\/v2\/pages\/367\/revisions"}],"predecessor-version":[{"id":3078,"href":"https:\/\/www.allmaterialhandling.com\/es\/wp-json\/wp\/v2\/pages\/367\/revisions\/3078"}],"wp:attachment":[{"href":"https:\/\/www.allmaterialhandling.com\/es\/wp-json\/wp\/v2\/media?parent=367"}],"wp:term":[{"taxonomy":"category","embeddable":true,"href":"https:\/\/www.allmaterialhandling.com\/es\/wp-json\/wp\/v2\/categories?post=367"},{"taxonomy":"post_tag","embeddable":true,"href":"https:\/\/www.allmaterialhandling.com\/es\/wp-json\/wp\/v2\/tags?post=367"}],"curies":[{"name":"wp","href":"https:\/\/api.w.org\/{rel}","templated":true}]}}