{"id":2271,"date":"2021-10-01T07:54:08","date_gmt":"2021-10-01T07:54:08","guid":{"rendered":"http:\/\/www.allmaterialhandling.com\/?page_id=2271"},"modified":"2022-02-10T16:35:11","modified_gmt":"2022-02-10T16:35:11","slug":"weld-on-bucket-hooks-g80","status":"publish","type":"page","link":"https:\/\/www.allmaterialhandling.com\/es\/lifting-accessories\/weld-on-bucket-hooks-g80\/","title":{"rendered":"Ganchos de cubo soldados: G80"},"content":{"rendered":"<div data-elementor-type=\"wp-page\" data-elementor-id=\"2271\" class=\"elementor elementor-2271\" data-elementor-settings=\"{&quot;ha_cmc_init_switcher&quot;:&quot;no&quot;}\" data-elementor-post-type=\"page\">\n\t\t\t\t\t\t<section class=\"has_eae_slider elementor-section elementor-top-section elementor-element elementor-element-105f450 elementor-section-boxed elementor-section-height-default elementor-section-height-default\" data-eae-slider=\"86502\" data-id=\"105f450\" data-element_type=\"section\" data-settings=\"{&quot;_ha_eqh_enable&quot;:false}\">\n\t\t\t\t\t\t<div class=\"elementor-container elementor-column-gap-default\">\n\t\t\t\t\t<div class=\"has_eae_slider elementor-column elementor-col-100 elementor-top-column elementor-element elementor-element-98049d4\" data-eae-slider=\"94243\" data-id=\"98049d4\" data-element_type=\"column\">\n\t\t\t<div class=\"elementor-widget-wrap elementor-element-populated\">\n\t\t\t\t\t\t<section class=\"has_eae_slider elementor-section elementor-inner-section elementor-element elementor-element-c769129 elementor-section-boxed elementor-section-height-default elementor-section-height-default\" data-eae-slider=\"60703\" data-id=\"c769129\" data-element_type=\"section\" data-settings=\"{&quot;_ha_eqh_enable&quot;:false}\">\n\t\t\t\t\t\t<div class=\"elementor-container elementor-column-gap-default\">\n\t\t\t\t\t<div class=\"has_eae_slider elementor-column elementor-col-50 elementor-inner-column elementor-element elementor-element-d41a9d1\" data-eae-slider=\"45044\" data-id=\"d41a9d1\" data-element_type=\"column\">\n\t\t\t<div class=\"elementor-widget-wrap elementor-element-populated\">\n\t\t\t\t\t\t<div class=\"elementor-element elementor-element-87b1e72 animated-slow elementor-invisible elementor-widget elementor-widget-heading\" data-id=\"87b1e72\" data-element_type=\"widget\" data-settings=\"{&quot;_animation&quot;:&quot;fadeIn&quot;}\" data-widget_type=\"heading.default\">\n\t\t\t\t<div class=\"elementor-widget-container\">\n\t\t\t\t\t<h2 class=\"elementor-heading-title elementor-size-default\">Ganchos de cubo soldados: G80<\/h2>\t\t\t\t<\/div>\n\t\t\t\t<\/div>\n\t\t\t\t<div class=\"elementor-element elementor-element-96e0c18 elementor-widget-divider--view-line elementor-widget elementor-widget-divider\" data-id=\"96e0c18\" data-element_type=\"widget\" data-widget_type=\"divider.default\">\n\t\t\t\t<div class=\"elementor-widget-container\">\n\t\t\t\t\t\t\t<div class=\"elementor-divider\">\n\t\t\t<span class=\"elementor-divider-separator\">\n\t\t\t\t\t\t<\/span>\n\t\t<\/div>\n\t\t\t\t\t\t<\/div>\n\t\t\t\t<\/div>\n\t\t\t\t\t<\/div>\n\t\t<\/div>\n\t\t\t\t<div class=\"has_eae_slider elementor-column elementor-col-50 elementor-inner-column elementor-element elementor-element-6f470ef\" data-eae-slider=\"1770\" data-id=\"6f470ef\" data-element_type=\"column\">\n\t\t\t<div class=\"elementor-widget-wrap\">\n\t\t\t\t\t\t\t<\/div>\n\t\t<\/div>\n\t\t\t\t\t<\/div>\n\t\t<\/section>\n\t\t\t\t\t<\/div>\n\t\t<\/div>\n\t\t\t\t\t<\/div>\n\t\t<\/section>\n\t\t\t\t<section class=\"has_eae_slider elementor-section elementor-top-section elementor-element elementor-element-8efae56 elementor-section-boxed elementor-section-height-default elementor-section-height-default\" data-eae-slider=\"88518\" data-id=\"8efae56\" data-element_type=\"section\" data-settings=\"{&quot;_ha_eqh_enable&quot;:false}\">\n\t\t\t\t\t\t<div class=\"elementor-container elementor-column-gap-default\">\n\t\t\t\t\t<div class=\"has_eae_slider elementor-column elementor-col-50 elementor-top-column elementor-element elementor-element-55b8551\" data-eae-slider=\"24703\" data-id=\"55b8551\" data-element_type=\"column\">\n\t\t\t<div class=\"elementor-widget-wrap elementor-element-populated\">\n\t\t\t\t\t\t<div class=\"elementor-element elementor-element-d26b4c1 elementor-widget elementor-widget-text-editor\" data-id=\"d26b4c1\" data-element_type=\"widget\" data-widget_type=\"text-editor.default\">\n\t\t\t\t<div class=\"elementor-widget-container\">\n\t\t\t\t\t\t\t\t\t<p><strong>Caracter\u00edsticas<\/strong><\/p><ul><li>Acero aleado de grado 80<\/li><li>Estos ganchos soldables est\u00e1n dise\u00f1ados para su fijaci\u00f3n soldable a equipos con el fin de proporcionar un punto de elevaci\u00f3n\/tracci\u00f3n para una f\u00e1cil fijaci\u00f3n de eslingas de cadena, cable met\u00e1lico o cinta.<\/li><li><strong>Advertencia:<\/strong>\u00a0No supere nunca el l\u00edmite de carga de trabajo<\/li><li>Cumple ASTM A952\/A952M-2 y ASME B30.10<\/li><\/ul>\t\t\t\t\t\t\t\t<\/div>\n\t\t\t\t<\/div>\n\t\t\t\t\t<\/div>\n\t\t<\/div>\n\t\t\t\t<div class=\"has_eae_slider elementor-column elementor-col-50 elementor-top-column elementor-element elementor-element-59222a9\" data-eae-slider=\"38072\" data-id=\"59222a9\" data-element_type=\"column\">\n\t\t\t<div class=\"elementor-widget-wrap elementor-element-populated\">\n\t\t\t\t\t\t<div class=\"elementor-element elementor-element-00010f3 elementor-widget elementor-widget-image\" data-id=\"00010f3\" data-element_type=\"widget\" data-widget_type=\"image.default\">\n\t\t\t\t<div class=\"elementor-widget-container\">\n\t\t\t\t\t\t\t\t\t\t\t\t\t\t\t<img fetchpriority=\"high\" decoding=\"async\" width=\"300\" height=\"300\" src=\"https:\/\/www.allmaterialhandling.com\/wp-content\/uploads\/2021\/10\/weld-on-bucket-hook_1100-300x300.jpg\" class=\"attachment-medium size-medium wp-image-2250\" alt=\"\" srcset=\"https:\/\/www.allmaterialhandling.com\/wp-content\/uploads\/2021\/10\/weld-on-bucket-hook_1100-300x300.jpg 300w, https:\/\/www.allmaterialhandling.com\/wp-content\/uploads\/2021\/10\/weld-on-bucket-hook_1100-1024x1024.jpg 1024w, https:\/\/www.allmaterialhandling.com\/wp-content\/uploads\/2021\/10\/weld-on-bucket-hook_1100-150x150.jpg 150w, https:\/\/www.allmaterialhandling.com\/wp-content\/uploads\/2021\/10\/weld-on-bucket-hook_1100-768x768.jpg 768w, https:\/\/www.allmaterialhandling.com\/wp-content\/uploads\/2021\/10\/weld-on-bucket-hook_1100-475x475.jpg 475w, https:\/\/www.allmaterialhandling.com\/wp-content\/uploads\/2021\/10\/weld-on-bucket-hook_1100-24x24.jpg 24w, https:\/\/www.allmaterialhandling.com\/wp-content\/uploads\/2021\/10\/weld-on-bucket-hook_1100-36x36.jpg 36w, https:\/\/www.allmaterialhandling.com\/wp-content\/uploads\/2021\/10\/weld-on-bucket-hook_1100-48x48.jpg 48w, https:\/\/www.allmaterialhandling.com\/wp-content\/uploads\/2021\/10\/weld-on-bucket-hook_1100.jpg 1100w\" sizes=\"(max-width: 300px) 100vw, 300px\" \/>\t\t\t\t\t\t\t\t\t\t\t\t\t\t\t<\/div>\n\t\t\t\t<\/div>\n\t\t\t\t\t<\/div>\n\t\t<\/div>\n\t\t\t\t\t<\/div>\n\t\t<\/section>\n\t\t\t\t<section class=\"has_eae_slider elementor-section elementor-top-section elementor-element elementor-element-0c22088 elementor-section-boxed elementor-section-height-default elementor-section-height-default\" data-eae-slider=\"1546\" data-id=\"0c22088\" data-element_type=\"section\" data-settings=\"{&quot;_ha_eqh_enable&quot;:false}\">\n\t\t\t\t\t\t<div class=\"elementor-container elementor-column-gap-default\">\n\t\t\t\t\t<div class=\"has_eae_slider elementor-column elementor-col-100 elementor-top-column elementor-element elementor-element-1df3331\" data-eae-slider=\"23995\" data-id=\"1df3331\" data-element_type=\"column\">\n\t\t\t<div class=\"elementor-widget-wrap elementor-element-populated\">\n\t\t\t\t\t\t<section class=\"has_eae_slider elementor-section elementor-inner-section elementor-element elementor-element-13c7440 elementor-section-boxed elementor-section-height-default elementor-section-height-default\" data-eae-slider=\"58538\" data-id=\"13c7440\" data-element_type=\"section\" data-settings=\"{&quot;_ha_eqh_enable&quot;:false}\">\n\t\t\t\t\t\t<div class=\"elementor-container elementor-column-gap-default\">\n\t\t\t\t\t<div class=\"has_eae_slider elementor-column elementor-col-50 elementor-inner-column elementor-element elementor-element-396cfe6\" data-eae-slider=\"53394\" data-id=\"396cfe6\" data-element_type=\"column\">\n\t\t\t<div class=\"elementor-widget-wrap elementor-element-populated\">\n\t\t\t\t\t\t<div class=\"elementor-element elementor-element-5ca7177 elementor-widget elementor-widget-text-editor\" data-id=\"5ca7177\" data-element_type=\"widget\" data-widget_type=\"text-editor.default\">\n\t\t\t\t<div class=\"elementor-widget-container\">\n\t\t\t\t\t\t\t\t\t<p>\n<table id=\"tablepress-55\" class=\"tablepress tablepress-id-55\">\n<thead>\n<tr class=\"row-1\">\n\t<th class=\"column-1\">C\u00f3digo de producto<\/th><th class=\"column-2\">TONELADAS<\/th><th class=\"column-3\">B(en)<\/th><th class=\"column-4\">C (plg.)<\/th><th class=\"column-5\">E (plg.)<\/th><th class=\"column-6\">L (plg.)<\/th><th class=\"column-7\">Peso (lbs)<\/th><th class=\"column-8\">Pestillo Pieza #<\/th>\n<\/tr>\n<\/thead>\n<tbody class=\"row-striping row-hover\">\n<tr class=\"row-2\">\n\t<td class=\"column-1\">WBH01<\/td><td class=\"column-2\">1<\/td><td class=\"column-3\">3.13<\/td><td class=\"column-4\">2.32<\/td><td class=\"column-5\">0.91<\/td><td class=\"column-6\">3.52<\/td><td class=\"column-7\">1.06<\/td><td class=\"column-8\">LKBH01<\/td>\n<\/tr>\n<tr class=\"row-3\">\n\t<td class=\"column-1\">WBH02<\/td><td class=\"column-2\">2<\/td><td class=\"column-3\">3.62<\/td><td class=\"column-4\">2.56<\/td><td class=\"column-5\">1.04<\/td><td class=\"column-6\">3.21<\/td><td class=\"column-7\">1.94<\/td><td class=\"column-8\">LKBH02<\/td>\n<\/tr>\n<tr class=\"row-4\">\n\t<td class=\"column-1\">WBH03<\/td><td class=\"column-2\">3<\/td><td class=\"column-3\">4.17<\/td><td class=\"column-4\">2.93<\/td><td class=\"column-5\">1.22<\/td><td class=\"column-6\">4.53<\/td><td class=\"column-7\">2.65<\/td><td class=\"column-8\">LKBH03<\/td>\n<\/tr>\n<tr class=\"row-5\">\n\t<td class=\"column-1\">WBH05<\/td><td class=\"column-2\">5<\/td><td class=\"column-3\">5.24<\/td><td class=\"column-4\">3.82<\/td><td class=\"column-5\">1.47<\/td><td class=\"column-6\">6.24<\/td><td class=\"column-7\">5.56<\/td><td class=\"column-8\">LKBH05<\/td>\n<\/tr>\n<tr class=\"row-6\">\n\t<td class=\"column-1\">WBH08<\/td><td class=\"column-2\">8<\/td><td class=\"column-3\">5.48<\/td><td class=\"column-4\">3.68<\/td><td class=\"column-5\">1.39<\/td><td class=\"column-6\">6.46<\/td><td class=\"column-7\">7.19<\/td><td class=\"column-8\">LKBH08<\/td>\n<\/tr>\n<tr class=\"row-7\">\n\t<td class=\"column-1\">WBH10<\/td><td class=\"column-2\">10<\/td><td class=\"column-3\">6.51<\/td><td class=\"column-4\">5.44<\/td><td class=\"column-5\">2.00<\/td><td class=\"column-6\">7.97<\/td><td class=\"column-7\">9.68<\/td><td class=\"column-8\">LKBH10<\/td>\n<\/tr>\n<\/tbody>\n<\/table>\n<!-- #tablepress-55 from cache --><\/p>\t\t\t\t\t\t\t\t<\/div>\n\t\t\t\t<\/div>\n\t\t\t\t\t<\/div>\n\t\t<\/div>\n\t\t\t\t<div class=\"has_eae_slider elementor-column elementor-col-50 elementor-inner-column elementor-element elementor-element-fea005a\" data-eae-slider=\"18043\" data-id=\"fea005a\" data-element_type=\"column\">\n\t\t\t<div class=\"elementor-widget-wrap elementor-element-populated\">\n\t\t\t\t\t\t<div class=\"elementor-element elementor-element-6396a68 elementor-widget elementor-widget-image\" data-id=\"6396a68\" data-element_type=\"widget\" data-widget_type=\"image.default\">\n\t\t\t\t<div class=\"elementor-widget-container\">\n\t\t\t\t\t\t\t\t\t\t\t\t\t\t\t<img decoding=\"async\" width=\"300\" height=\"300\" src=\"https:\/\/www.allmaterialhandling.com\/wp-content\/uploads\/weld-on-bucket-hook-draw1-300x300.jpg\" class=\"attachment-medium size-medium wp-image-5934\" alt=\"\" srcset=\"https:\/\/www.allmaterialhandling.com\/wp-content\/uploads\/weld-on-bucket-hook-draw1-300x300.jpg 300w, https:\/\/www.allmaterialhandling.com\/wp-content\/uploads\/weld-on-bucket-hook-draw1-150x150.jpg 150w, https:\/\/www.allmaterialhandling.com\/wp-content\/uploads\/weld-on-bucket-hook-draw1-475x475.jpg 475w, https:\/\/www.allmaterialhandling.com\/wp-content\/uploads\/weld-on-bucket-hook-draw1-24x24.jpg 24w, https:\/\/www.allmaterialhandling.com\/wp-content\/uploads\/weld-on-bucket-hook-draw1-36x36.jpg 36w, https:\/\/www.allmaterialhandling.com\/wp-content\/uploads\/weld-on-bucket-hook-draw1-48x48.jpg 48w, https:\/\/www.allmaterialhandling.com\/wp-content\/uploads\/weld-on-bucket-hook-draw1.jpg 600w\" sizes=\"(max-width: 300px) 100vw, 300px\" \/>\t\t\t\t\t\t\t\t\t\t\t\t\t\t\t<\/div>\n\t\t\t\t<\/div>\n\t\t\t\t\t<\/div>\n\t\t<\/div>\n\t\t\t\t\t<\/div>\n\t\t<\/section>\n\t\t\t\t\t<\/div>\n\t\t<\/div>\n\t\t\t\t\t<\/div>\n\t\t<\/section>\n\t\t\t\t<section class=\"has_eae_slider elementor-section elementor-top-section elementor-element elementor-element-79de36e elementor-section-boxed elementor-section-height-default elementor-section-height-default\" data-eae-slider=\"53940\" data-id=\"79de36e\" data-element_type=\"section\" data-settings=\"{&quot;_ha_eqh_enable&quot;:false}\">\n\t\t\t\t\t\t<div class=\"elementor-container elementor-column-gap-default\">\n\t\t\t\t\t<div class=\"has_eae_slider elementor-column elementor-col-100 elementor-top-column elementor-element elementor-element-7c834ad\" data-eae-slider=\"44040\" data-id=\"7c834ad\" data-element_type=\"column\">\n\t\t\t<div class=\"elementor-widget-wrap elementor-element-populated\">\n\t\t\t\t\t\t<section class=\"has_eae_slider elementor-section elementor-inner-section elementor-element elementor-element-1a90ce3 elementor-section-boxed elementor-section-height-default elementor-section-height-default\" data-eae-slider=\"11720\" data-id=\"1a90ce3\" data-element_type=\"section\" data-settings=\"{&quot;_ha_eqh_enable&quot;:false}\">\n\t\t\t\t\t\t<div class=\"elementor-container elementor-column-gap-default\">\n\t\t\t\t\t<div class=\"has_eae_slider elementor-column elementor-col-50 elementor-inner-column elementor-element elementor-element-5d71667\" data-eae-slider=\"480\" data-id=\"5d71667\" data-element_type=\"column\">\n\t\t\t<div class=\"elementor-widget-wrap elementor-element-populated\">\n\t\t\t\t\t\t<div class=\"elementor-element elementor-element-bc726df elementor-widget elementor-widget-text-editor\" data-id=\"bc726df\" data-element_type=\"widget\" data-widget_type=\"text-editor.default\">\n\t\t\t\t<div class=\"elementor-widget-container\">\n\t\t\t\t\t\t\t\t\t<p>\n<table id=\"tablepress-56\" class=\"tablepress tablepress-id-56\">\n<thead>\n<tr class=\"row-1\">\n\t<th class=\"column-1\">C\u00f3digo de producto<\/th><th class=\"column-2\">TONELADAS<\/th><th class=\"column-3\">A (plg.)<\/th><th class=\"column-4\">B (plg.)<\/th><th class=\"column-5\">C (plg.)<\/th><th class=\"column-6\">D (plg.)<\/th><th class=\"column-7\">E (plg.)<\/th><th class=\"column-8\">F (plg.)<\/th><th class=\"column-9\">J (plg.)<\/th><th class=\"column-10\">K (plg.)<\/th><th class=\"column-11\">L (plg.)<\/th><th class=\"column-12\">Peso (lbs)<\/th><th class=\"column-13\">Pestillo Pieza #<\/th>\n<\/tr>\n<\/thead>\n<tbody class=\"row-striping row-hover\">\n<tr class=\"row-2\">\n\t<td class=\"column-1\">WBH16<\/td><td class=\"column-2\">16<\/td><td class=\"column-3\">2.91<\/td><td class=\"column-4\">7.01<\/td><td class=\"column-5\">10.61<\/td><td class=\"column-6\">2.56<\/td><td class=\"column-7\">2.84<\/td><td class=\"column-8\">10.30<\/td><td class=\"column-9\">10.69<\/td><td class=\"column-10\">1.57<\/td><td class=\"column-11\">2.01<\/td><td class=\"column-12\">19.84<\/td><td class=\"column-13\">LKBH16<\/td>\n<\/tr>\n<tr class=\"row-3\">\n\t<td class=\"column-1\">WBH20<\/td><td class=\"column-2\">20<\/td><td class=\"column-3\">3.15<\/td><td class=\"column-4\">8.07<\/td><td class=\"column-5\">11.94<\/td><td class=\"column-6\">3.15<\/td><td class=\"column-7\">3.19<\/td><td class=\"column-8\">11.59<\/td><td class=\"column-9\">12.03<\/td><td class=\"column-10\">2.05<\/td><td class=\"column-11\">2.44<\/td><td class=\"column-12\">28.66<\/td><td class=\"column-13\">LKBH20<\/td>\n<\/tr>\n<\/tbody>\n<\/table>\n<!-- #tablepress-56 from cache --><\/p>\t\t\t\t\t\t\t\t<\/div>\n\t\t\t\t<\/div>\n\t\t\t\t\t<\/div>\n\t\t<\/div>\n\t\t\t\t<div class=\"has_eae_slider elementor-column elementor-col-50 elementor-inner-column elementor-element elementor-element-a6918a8\" data-eae-slider=\"87348\" data-id=\"a6918a8\" data-element_type=\"column\">\n\t\t\t<div class=\"elementor-widget-wrap elementor-element-populated\">\n\t\t\t\t\t\t<div class=\"elementor-element elementor-element-5490849 elementor-widget elementor-widget-image\" data-id=\"5490849\" data-element_type=\"widget\" data-widget_type=\"image.default\">\n\t\t\t\t<div class=\"elementor-widget-container\">\n\t\t\t\t\t\t\t\t\t\t\t\t\t\t\t<img decoding=\"async\" width=\"300\" height=\"300\" src=\"https:\/\/www.allmaterialhandling.com\/wp-content\/uploads\/weld-on-bucket-hook-draw2-300x300.jpg\" class=\"attachment-medium size-medium wp-image-5935\" alt=\"\" srcset=\"https:\/\/www.allmaterialhandling.com\/wp-content\/uploads\/weld-on-bucket-hook-draw2-300x300.jpg 300w, https:\/\/www.allmaterialhandling.com\/wp-content\/uploads\/weld-on-bucket-hook-draw2-150x150.jpg 150w, https:\/\/www.allmaterialhandling.com\/wp-content\/uploads\/weld-on-bucket-hook-draw2-475x475.jpg 475w, https:\/\/www.allmaterialhandling.com\/wp-content\/uploads\/weld-on-bucket-hook-draw2-24x24.jpg 24w, https:\/\/www.allmaterialhandling.com\/wp-content\/uploads\/weld-on-bucket-hook-draw2-36x36.jpg 36w, https:\/\/www.allmaterialhandling.com\/wp-content\/uploads\/weld-on-bucket-hook-draw2-48x48.jpg 48w, https:\/\/www.allmaterialhandling.com\/wp-content\/uploads\/weld-on-bucket-hook-draw2.jpg 600w\" sizes=\"(max-width: 300px) 100vw, 300px\" \/>\t\t\t\t\t\t\t\t\t\t\t\t\t\t\t<\/div>\n\t\t\t\t<\/div>\n\t\t\t\t\t<\/div>\n\t\t<\/div>\n\t\t\t\t\t<\/div>\n\t\t<\/section>\n\t\t\t\t\t<\/div>\n\t\t<\/div>\n\t\t\t\t\t<\/div>\n\t\t<\/section>\n\t\t\t\t<\/div>","protected":false},"excerpt":{"rendered":"<p>Ganchos de cubo soldables: G80 Caracter\u00edsticas Grado 80 de aleaci\u00f3n de acero Estos ganchos soldables est\u00e1n dise\u00f1ados para la fijaci\u00f3n soldable a los equipos para proporcionar un punto de elevaci\u00f3n \/ tracci\u00f3n para...<\/p>","protected":false},"author":1,"featured_media":2250,"parent":2083,"menu_order":0,"comment_status":"closed","ping_status":"closed","template":"template-pagebuilder.php","meta":{"footnotes":""},"categories":[55],"tags":[],"class_list":["post-2271","page","type-page","status-publish","has-post-thumbnail","hentry","category-lifting-accessoires"],"jetpack_sharing_enabled":true,"_links":{"self":[{"href":"https:\/\/www.allmaterialhandling.com\/es\/wp-json\/wp\/v2\/pages\/2271","targetHints":{"allow":["GET"]}}],"collection":[{"href":"https:\/\/www.allmaterialhandling.com\/es\/wp-json\/wp\/v2\/pages"}],"about":[{"href":"https:\/\/www.allmaterialhandling.com\/es\/wp-json\/wp\/v2\/types\/page"}],"author":[{"embeddable":true,"href":"https:\/\/www.allmaterialhandling.com\/es\/wp-json\/wp\/v2\/users\/1"}],"replies":[{"embeddable":true,"href":"https:\/\/www.allmaterialhandling.com\/es\/wp-json\/wp\/v2\/comments?post=2271"}],"version-history":[{"count":25,"href":"https:\/\/www.allmaterialhandling.com\/es\/wp-json\/wp\/v2\/pages\/2271\/revisions"}],"predecessor-version":[{"id":5956,"href":"https:\/\/www.allmaterialhandling.com\/es\/wp-json\/wp\/v2\/pages\/2271\/revisions\/5956"}],"up":[{"embeddable":true,"href":"https:\/\/www.allmaterialhandling.com\/es\/wp-json\/wp\/v2\/pages\/2083"}],"wp:featuredmedia":[{"embeddable":true,"href":"https:\/\/www.allmaterialhandling.com\/es\/wp-json\/wp\/v2\/media\/2250"}],"wp:attachment":[{"href":"https:\/\/www.allmaterialhandling.com\/es\/wp-json\/wp\/v2\/media?parent=2271"}],"wp:term":[{"taxonomy":"category","embeddable":true,"href":"https:\/\/www.allmaterialhandling.com\/es\/wp-json\/wp\/v2\/categories?post=2271"},{"taxonomy":"post_tag","embeddable":true,"href":"https:\/\/www.allmaterialhandling.com\/es\/wp-json\/wp\/v2\/tags?post=2271"}],"curies":[{"name":"wp","href":"https:\/\/api.w.org\/{rel}","templated":true}]}}