{"id":2266,"date":"2021-10-01T07:52:25","date_gmt":"2021-10-01T07:52:25","guid":{"rendered":"http:\/\/www.allmaterialhandling.com\/?page_id=2266"},"modified":"2023-02-23T13:35:41","modified_gmt":"2023-02-23T13:35:41","slug":"hooks-for-synthetic-slings","status":"publish","type":"page","link":"https:\/\/www.allmaterialhandling.com\/es\/synthetics\/hooks-for-synthetic-slings\/","title":{"rendered":"Ganchos para eslingas sint\u00e9ticas"},"content":{"rendered":"<div data-elementor-type=\"wp-page\" data-elementor-id=\"2266\" class=\"elementor elementor-2266\" data-elementor-settings=\"{&quot;ha_cmc_init_switcher&quot;:&quot;no&quot;}\" data-elementor-post-type=\"page\">\n\t\t\t\t\t\t<section class=\"has_eae_slider elementor-section elementor-top-section elementor-element elementor-element-05fe679 elementor-section-boxed elementor-section-height-default elementor-section-height-default\" data-eae-slider=\"26856\" data-id=\"05fe679\" data-element_type=\"section\" data-settings=\"{&quot;_ha_eqh_enable&quot;:false}\">\n\t\t\t\t\t\t<div class=\"elementor-container elementor-column-gap-default\">\n\t\t\t\t\t<div class=\"has_eae_slider elementor-column elementor-col-100 elementor-top-column elementor-element elementor-element-4107fbe\" data-eae-slider=\"46742\" data-id=\"4107fbe\" data-element_type=\"column\">\n\t\t\t<div class=\"elementor-widget-wrap elementor-element-populated\">\n\t\t\t\t\t\t<section class=\"has_eae_slider elementor-section elementor-inner-section elementor-element elementor-element-1c7472b elementor-section-boxed elementor-section-height-default elementor-section-height-default\" data-eae-slider=\"9452\" data-id=\"1c7472b\" data-element_type=\"section\" data-settings=\"{&quot;_ha_eqh_enable&quot;:false}\">\n\t\t\t\t\t\t<div class=\"elementor-container elementor-column-gap-default\">\n\t\t\t\t\t<div class=\"has_eae_slider elementor-column elementor-col-50 elementor-inner-column elementor-element elementor-element-0ce618a\" data-eae-slider=\"10204\" data-id=\"0ce618a\" data-element_type=\"column\">\n\t\t\t<div class=\"elementor-widget-wrap elementor-element-populated\">\n\t\t\t\t\t\t<div class=\"elementor-element elementor-element-448704a animated-slow elementor-invisible elementor-widget elementor-widget-heading\" data-id=\"448704a\" data-element_type=\"widget\" data-settings=\"{&quot;_animation&quot;:&quot;fadeIn&quot;}\" data-widget_type=\"heading.default\">\n\t\t\t\t<div class=\"elementor-widget-container\">\n\t\t\t\t\t<h2 class=\"elementor-heading-title elementor-size-default\">Ganchos para eslingas sint\u00e9ticas<\/h2>\t\t\t\t<\/div>\n\t\t\t\t<\/div>\n\t\t\t\t<div class=\"elementor-element elementor-element-98898ba elementor-widget-divider--view-line elementor-widget elementor-widget-divider\" data-id=\"98898ba\" data-element_type=\"widget\" data-widget_type=\"divider.default\">\n\t\t\t\t<div class=\"elementor-widget-container\">\n\t\t\t\t\t\t\t<div class=\"elementor-divider\">\n\t\t\t<span class=\"elementor-divider-separator\">\n\t\t\t\t\t\t<\/span>\n\t\t<\/div>\n\t\t\t\t\t\t<\/div>\n\t\t\t\t<\/div>\n\t\t\t\t\t<\/div>\n\t\t<\/div>\n\t\t\t\t<div class=\"has_eae_slider elementor-column elementor-col-50 elementor-inner-column elementor-element elementor-element-5ad30f0\" data-eae-slider=\"56344\" data-id=\"5ad30f0\" data-element_type=\"column\">\n\t\t\t<div class=\"elementor-widget-wrap\">\n\t\t\t\t\t\t\t<\/div>\n\t\t<\/div>\n\t\t\t\t\t<\/div>\n\t\t<\/section>\n\t\t\t\t\t<\/div>\n\t\t<\/div>\n\t\t\t\t\t<\/div>\n\t\t<\/section>\n\t\t\t\t<section class=\"has_eae_slider elementor-section elementor-top-section elementor-element elementor-element-e259940 elementor-section-boxed elementor-section-height-default elementor-section-height-default\" data-eae-slider=\"20387\" data-id=\"e259940\" data-element_type=\"section\" data-settings=\"{&quot;_ha_eqh_enable&quot;:false}\">\n\t\t\t\t\t\t<div class=\"elementor-container elementor-column-gap-default\">\n\t\t\t\t\t<div class=\"has_eae_slider elementor-column elementor-col-20 elementor-top-column elementor-element elementor-element-7b9648a\" data-eae-slider=\"33498\" data-id=\"7b9648a\" data-element_type=\"column\">\n\t\t\t<div class=\"elementor-widget-wrap elementor-element-populated\">\n\t\t\t\t\t\t<div class=\"elementor-element elementor-element-57ca11b elementor-widget elementor-widget-image\" data-id=\"57ca11b\" data-element_type=\"widget\" data-widget_type=\"image.default\">\n\t\t\t\t<div class=\"elementor-widget-container\">\n\t\t\t\t\t\t\t\t\t\t\t\t\t\t\t<img fetchpriority=\"high\" decoding=\"async\" width=\"640\" height=\"640\" src=\"https:\/\/www.allmaterialhandling.com\/wp-content\/uploads\/Hooks-For-Synthetic-Slings-CJ132-768x768.jpg\" class=\"attachment-medium_large size-medium_large wp-image-8717\" alt=\"\" srcset=\"https:\/\/www.allmaterialhandling.com\/wp-content\/uploads\/Hooks-For-Synthetic-Slings-CJ132-768x768.jpg 768w, https:\/\/www.allmaterialhandling.com\/wp-content\/uploads\/Hooks-For-Synthetic-Slings-CJ132-300x300.jpg 300w, https:\/\/www.allmaterialhandling.com\/wp-content\/uploads\/Hooks-For-Synthetic-Slings-CJ132-1024x1024.jpg 1024w, https:\/\/www.allmaterialhandling.com\/wp-content\/uploads\/Hooks-For-Synthetic-Slings-CJ132-150x150.jpg 150w, https:\/\/www.allmaterialhandling.com\/wp-content\/uploads\/Hooks-For-Synthetic-Slings-CJ132-475x475.jpg 475w, https:\/\/www.allmaterialhandling.com\/wp-content\/uploads\/Hooks-For-Synthetic-Slings-CJ132-24x24.jpg 24w, https:\/\/www.allmaterialhandling.com\/wp-content\/uploads\/Hooks-For-Synthetic-Slings-CJ132-36x36.jpg 36w, https:\/\/www.allmaterialhandling.com\/wp-content\/uploads\/Hooks-For-Synthetic-Slings-CJ132-48x48.jpg 48w, https:\/\/www.allmaterialhandling.com\/wp-content\/uploads\/Hooks-For-Synthetic-Slings-CJ132.jpg 1100w\" sizes=\"(max-width: 640px) 100vw, 640px\" \/>\t\t\t\t\t\t\t\t\t\t\t\t\t\t\t<\/div>\n\t\t\t\t<\/div>\n\t\t\t\t\t<\/div>\n\t\t<\/div>\n\t\t\t\t<div class=\"has_eae_slider elementor-column elementor-col-20 elementor-top-column elementor-element elementor-element-7817c1c\" data-eae-slider=\"25914\" data-id=\"7817c1c\" data-element_type=\"column\">\n\t\t\t<div class=\"elementor-widget-wrap elementor-element-populated\">\n\t\t\t\t\t\t<div class=\"elementor-element elementor-element-3c6dc00 elementor-widget elementor-widget-image\" data-id=\"3c6dc00\" data-element_type=\"widget\" data-widget_type=\"image.default\">\n\t\t\t\t<div class=\"elementor-widget-container\">\n\t\t\t\t\t\t\t\t\t\t\t\t\t\t\t<img decoding=\"async\" width=\"640\" height=\"640\" src=\"https:\/\/www.allmaterialhandling.com\/wp-content\/uploads\/Hooks-For-Synthetic-Slings-CJ084-768x768.jpg\" class=\"attachment-medium_large size-medium_large wp-image-8716\" alt=\"\" srcset=\"https:\/\/www.allmaterialhandling.com\/wp-content\/uploads\/Hooks-For-Synthetic-Slings-CJ084-768x768.jpg 768w, https:\/\/www.allmaterialhandling.com\/wp-content\/uploads\/Hooks-For-Synthetic-Slings-CJ084-300x300.jpg 300w, https:\/\/www.allmaterialhandling.com\/wp-content\/uploads\/Hooks-For-Synthetic-Slings-CJ084-1024x1024.jpg 1024w, https:\/\/www.allmaterialhandling.com\/wp-content\/uploads\/Hooks-For-Synthetic-Slings-CJ084-150x150.jpg 150w, https:\/\/www.allmaterialhandling.com\/wp-content\/uploads\/Hooks-For-Synthetic-Slings-CJ084-475x475.jpg 475w, https:\/\/www.allmaterialhandling.com\/wp-content\/uploads\/Hooks-For-Synthetic-Slings-CJ084-24x24.jpg 24w, https:\/\/www.allmaterialhandling.com\/wp-content\/uploads\/Hooks-For-Synthetic-Slings-CJ084-36x36.jpg 36w, https:\/\/www.allmaterialhandling.com\/wp-content\/uploads\/Hooks-For-Synthetic-Slings-CJ084-48x48.jpg 48w, https:\/\/www.allmaterialhandling.com\/wp-content\/uploads\/Hooks-For-Synthetic-Slings-CJ084.jpg 1100w\" sizes=\"(max-width: 640px) 100vw, 640px\" \/>\t\t\t\t\t\t\t\t\t\t\t\t\t\t\t<\/div>\n\t\t\t\t<\/div>\n\t\t\t\t\t<\/div>\n\t\t<\/div>\n\t\t\t\t<div class=\"has_eae_slider elementor-column elementor-col-20 elementor-top-column elementor-element elementor-element-b4b5956\" data-eae-slider=\"47000\" data-id=\"b4b5956\" data-element_type=\"column\">\n\t\t\t<div class=\"elementor-widget-wrap elementor-element-populated\">\n\t\t\t\t\t\t<div class=\"elementor-element elementor-element-b50f2c2 elementor-widget elementor-widget-image\" data-id=\"b50f2c2\" data-element_type=\"widget\" data-widget_type=\"image.default\">\n\t\t\t\t<div class=\"elementor-widget-container\">\n\t\t\t\t\t\t\t\t\t\t\t\t\t\t\t<img decoding=\"async\" width=\"640\" height=\"640\" src=\"https:\/\/www.allmaterialhandling.com\/wp-content\/uploads\/Hooks-For-Synthetic-Slings-CJ053-768x768.jpg\" class=\"attachment-medium_large size-medium_large wp-image-8715\" alt=\"\" srcset=\"https:\/\/www.allmaterialhandling.com\/wp-content\/uploads\/Hooks-For-Synthetic-Slings-CJ053-768x768.jpg 768w, https:\/\/www.allmaterialhandling.com\/wp-content\/uploads\/Hooks-For-Synthetic-Slings-CJ053-300x300.jpg 300w, https:\/\/www.allmaterialhandling.com\/wp-content\/uploads\/Hooks-For-Synthetic-Slings-CJ053-1024x1024.jpg 1024w, https:\/\/www.allmaterialhandling.com\/wp-content\/uploads\/Hooks-For-Synthetic-Slings-CJ053-150x150.jpg 150w, https:\/\/www.allmaterialhandling.com\/wp-content\/uploads\/Hooks-For-Synthetic-Slings-CJ053-475x475.jpg 475w, https:\/\/www.allmaterialhandling.com\/wp-content\/uploads\/Hooks-For-Synthetic-Slings-CJ053-24x24.jpg 24w, https:\/\/www.allmaterialhandling.com\/wp-content\/uploads\/Hooks-For-Synthetic-Slings-CJ053-36x36.jpg 36w, https:\/\/www.allmaterialhandling.com\/wp-content\/uploads\/Hooks-For-Synthetic-Slings-CJ053-48x48.jpg 48w, https:\/\/www.allmaterialhandling.com\/wp-content\/uploads\/Hooks-For-Synthetic-Slings-CJ053.jpg 1100w\" sizes=\"(max-width: 640px) 100vw, 640px\" \/>\t\t\t\t\t\t\t\t\t\t\t\t\t\t\t<\/div>\n\t\t\t\t<\/div>\n\t\t\t\t\t<\/div>\n\t\t<\/div>\n\t\t\t\t<div class=\"has_eae_slider elementor-column elementor-col-20 elementor-top-column elementor-element elementor-element-74f5f62\" data-eae-slider=\"89171\" data-id=\"74f5f62\" data-element_type=\"column\">\n\t\t\t<div class=\"elementor-widget-wrap elementor-element-populated\">\n\t\t\t\t\t\t<div class=\"elementor-element elementor-element-3084a70 elementor-widget elementor-widget-image\" data-id=\"3084a70\" data-element_type=\"widget\" data-widget_type=\"image.default\">\n\t\t\t\t<div class=\"elementor-widget-container\">\n\t\t\t\t\t\t\t\t\t\t\t\t\t\t\t<img loading=\"lazy\" decoding=\"async\" width=\"640\" height=\"640\" src=\"https:\/\/www.allmaterialhandling.com\/wp-content\/uploads\/Hooks-For-Synthetic-Slings-CJ026-768x768.jpg\" class=\"attachment-medium_large size-medium_large wp-image-8714\" alt=\"\" srcset=\"https:\/\/www.allmaterialhandling.com\/wp-content\/uploads\/Hooks-For-Synthetic-Slings-CJ026-768x768.jpg 768w, https:\/\/www.allmaterialhandling.com\/wp-content\/uploads\/Hooks-For-Synthetic-Slings-CJ026-300x300.jpg 300w, https:\/\/www.allmaterialhandling.com\/wp-content\/uploads\/Hooks-For-Synthetic-Slings-CJ026-1024x1024.jpg 1024w, https:\/\/www.allmaterialhandling.com\/wp-content\/uploads\/Hooks-For-Synthetic-Slings-CJ026-150x150.jpg 150w, https:\/\/www.allmaterialhandling.com\/wp-content\/uploads\/Hooks-For-Synthetic-Slings-CJ026-475x475.jpg 475w, https:\/\/www.allmaterialhandling.com\/wp-content\/uploads\/Hooks-For-Synthetic-Slings-CJ026-24x24.jpg 24w, https:\/\/www.allmaterialhandling.com\/wp-content\/uploads\/Hooks-For-Synthetic-Slings-CJ026-36x36.jpg 36w, https:\/\/www.allmaterialhandling.com\/wp-content\/uploads\/Hooks-For-Synthetic-Slings-CJ026-48x48.jpg 48w, https:\/\/www.allmaterialhandling.com\/wp-content\/uploads\/Hooks-For-Synthetic-Slings-CJ026.jpg 1100w\" sizes=\"(max-width: 640px) 100vw, 640px\" \/>\t\t\t\t\t\t\t\t\t\t\t\t\t\t\t<\/div>\n\t\t\t\t<\/div>\n\t\t\t\t\t<\/div>\n\t\t<\/div>\n\t\t\t\t<div class=\"has_eae_slider elementor-column elementor-col-20 elementor-top-column elementor-element elementor-element-91305c3\" data-eae-slider=\"50223\" data-id=\"91305c3\" data-element_type=\"column\">\n\t\t\t<div class=\"elementor-widget-wrap elementor-element-populated\">\n\t\t\t\t\t\t<div class=\"elementor-element elementor-element-b68e752 elementor-widget elementor-widget-image\" data-id=\"b68e752\" data-element_type=\"widget\" data-widget_type=\"image.default\">\n\t\t\t\t<div class=\"elementor-widget-container\">\n\t\t\t\t\t\t\t\t\t\t\t\t\t\t\t<img loading=\"lazy\" decoding=\"async\" width=\"640\" height=\"640\" src=\"https:\/\/www.allmaterialhandling.com\/wp-content\/uploads\/2021\/10\/synthetic-round-sling-hooks_1100-768x768.jpg\" class=\"attachment-medium_large size-medium_large wp-image-2249\" alt=\"\" srcset=\"https:\/\/www.allmaterialhandling.com\/wp-content\/uploads\/2021\/10\/synthetic-round-sling-hooks_1100-768x768.jpg 768w, https:\/\/www.allmaterialhandling.com\/wp-content\/uploads\/2021\/10\/synthetic-round-sling-hooks_1100-300x300.jpg 300w, https:\/\/www.allmaterialhandling.com\/wp-content\/uploads\/2021\/10\/synthetic-round-sling-hooks_1100-1024x1024.jpg 1024w, https:\/\/www.allmaterialhandling.com\/wp-content\/uploads\/2021\/10\/synthetic-round-sling-hooks_1100-150x150.jpg 150w, https:\/\/www.allmaterialhandling.com\/wp-content\/uploads\/2021\/10\/synthetic-round-sling-hooks_1100-475x475.jpg 475w, https:\/\/www.allmaterialhandling.com\/wp-content\/uploads\/2021\/10\/synthetic-round-sling-hooks_1100-24x24.jpg 24w, https:\/\/www.allmaterialhandling.com\/wp-content\/uploads\/2021\/10\/synthetic-round-sling-hooks_1100-36x36.jpg 36w, https:\/\/www.allmaterialhandling.com\/wp-content\/uploads\/2021\/10\/synthetic-round-sling-hooks_1100-48x48.jpg 48w, https:\/\/www.allmaterialhandling.com\/wp-content\/uploads\/2021\/10\/synthetic-round-sling-hooks_1100.jpg 1100w\" sizes=\"(max-width: 640px) 100vw, 640px\" \/>\t\t\t\t\t\t\t\t\t\t\t\t\t\t\t<\/div>\n\t\t\t\t<\/div>\n\t\t\t\t\t<\/div>\n\t\t<\/div>\n\t\t\t\t\t<\/div>\n\t\t<\/section>\n\t\t\t\t<section class=\"has_eae_slider elementor-section elementor-top-section elementor-element elementor-element-4185718 elementor-section-boxed elementor-section-height-default elementor-section-height-default\" data-eae-slider=\"44985\" data-id=\"4185718\" data-element_type=\"section\" data-settings=\"{&quot;_ha_eqh_enable&quot;:false}\">\n\t\t\t\t\t\t<div class=\"elementor-container elementor-column-gap-default\">\n\t\t\t\t\t<div class=\"has_eae_slider elementor-column elementor-col-50 elementor-top-column elementor-element elementor-element-75ef5ab\" data-eae-slider=\"86708\" data-id=\"75ef5ab\" data-element_type=\"column\">\n\t\t\t<div class=\"elementor-widget-wrap elementor-element-populated\">\n\t\t\t\t\t\t<div class=\"elementor-element elementor-element-8f7d687 elementor-widget elementor-widget-text-editor\" data-id=\"8f7d687\" data-element_type=\"widget\" data-widget_type=\"text-editor.default\">\n\t\t\t\t<div class=\"elementor-widget-container\">\n\t\t\t\t\t\t\t\t\t<p data-fontsize=\"18\" data-lineheight=\"27\"><strong>Caracter\u00edsticas<\/strong><\/p><ul><li>Gancho de eslinga sint\u00e9tica de color a juego con la eslinga redonda del mismo color.<\/li><li>WLL tienen un factor de dise\u00f1o de 5:1.<\/li><\/ul>\t\t\t\t\t\t\t\t<\/div>\n\t\t\t\t<\/div>\n\t\t\t\t<div class=\"elementor-element elementor-element-56f19ca elementor-widget elementor-widget-text-editor\" data-id=\"56f19ca\" data-element_type=\"widget\" data-widget_type=\"text-editor.default\">\n\t\t\t\t<div class=\"elementor-widget-container\">\n\t\t\t\t\t\t\t\t\t<p>\n<table id=\"tablepress-53\" class=\"tablepress tablepress-id-53\">\n<thead>\n<tr class=\"row-1\">\n\t<th class=\"column-1\">C\u00f3digo de producto<\/th><th class=\"column-2\">Color<\/th><th class=\"column-3\">Capacidad (lbs)<\/th><th class=\"column-4\">A (plg.)<\/th><th class=\"column-5\">B (plg.)<\/th><th class=\"column-6\">C (plg.)<\/th><th class=\"column-7\">D (plg.)<\/th><th class=\"column-8\">G (plg.)<\/th><th class=\"column-9\">H (plg.)<\/th><th class=\"column-10\">P (plg.)<\/th><th class=\"column-11\">T (plg.)<\/th><th class=\"column-12\">Peso (lbs)<\/th>\n<\/tr>\n<\/thead>\n<tbody class=\"row-striping row-hover\">\n<tr class=\"row-2\">\n\t<td class=\"column-1\">CJ026<\/td><td class=\"column-2\">Morado<\/td><td class=\"column-3\">2,600<\/td><td class=\"column-4\">3.07<\/td><td class=\"column-5\">4.84<\/td><td class=\"column-6\">0.47<\/td><td class=\"column-7\">1.61<\/td><td class=\"column-8\">0.67<\/td><td class=\"column-9\">0.79<\/td><td class=\"column-10\">0.63<\/td><td class=\"column-11\">1.22<\/td><td class=\"column-12\">1.54<\/td>\n<\/tr>\n<tr class=\"row-3\">\n\t<td class=\"column-1\">CJ053<\/td><td class=\"column-2\">Verde<\/td><td class=\"column-3\">5,300<\/td><td class=\"column-4\">3.58<\/td><td class=\"column-5\">5.83<\/td><td class=\"column-6\">0.75<\/td><td class=\"column-7\">2.17<\/td><td class=\"column-8\">0.83<\/td><td class=\"column-9\">1.02<\/td><td class=\"column-10\">0.67<\/td><td class=\"column-11\">1.57<\/td><td class=\"column-12\">2.65<\/td>\n<\/tr>\n<tr class=\"row-4\">\n\t<td class=\"column-1\">CJ084*<\/td><td class=\"column-2\">Amarillo<\/td><td class=\"column-3\">8,400<\/td><td class=\"column-4\">4.45<\/td><td class=\"column-5\">6.89<\/td><td class=\"column-6\">0.83<\/td><td class=\"column-7\">2.17<\/td><td class=\"column-8\">0.98<\/td><td class=\"column-9\">1.26<\/td><td class=\"column-10\">0.98<\/td><td class=\"column-11\">1.97<\/td><td class=\"column-12\">4.85<\/td>\n<\/tr>\n<tr class=\"row-5\">\n\t<td class=\"column-1\">CJ132<\/td><td class=\"column-2\">Rojo<\/td><td class=\"column-3\">13,200<\/td><td class=\"column-4\">5.24<\/td><td class=\"column-5\">8.78<\/td><td class=\"column-6\">1,57<\/td><td class=\"column-7\">2.76<\/td><td class=\"column-8\">1.42<\/td><td class=\"column-9\">1.57<\/td><td class=\"column-10\">1.42<\/td><td class=\"column-11\">2.34<\/td><td class=\"column-12\">9.92<\/td>\n<\/tr>\n<\/tbody>\n<\/table>\n<!-- #tablepress-53 from cache --><\/p>\t\t\t\t\t\t\t\t<\/div>\n\t\t\t\t<\/div>\n\t\t\t\t<div class=\"elementor-element elementor-element-7a9c880 elementor-widget elementor-widget-text-editor\" data-id=\"7a9c880\" data-element_type=\"widget\" data-widget_type=\"text-editor.default\">\n\t\t\t\t<div class=\"elementor-widget-container\">\n\t\t\t\t\t\t\t\t\t<p>*Tambi\u00e9n se adapta a una eslinga de 2\u2033 de 2 capas Eye &amp; Eye o de 2\u2033 de 1 capa Endless Sling.<\/p>\t\t\t\t\t\t\t\t<\/div>\n\t\t\t\t<\/div>\n\t\t\t\t\t<\/div>\n\t\t<\/div>\n\t\t\t\t<div class=\"has_eae_slider elementor-column elementor-col-50 elementor-top-column elementor-element elementor-element-cf5e11f\" data-eae-slider=\"42626\" data-id=\"cf5e11f\" data-element_type=\"column\">\n\t\t\t<div class=\"elementor-widget-wrap elementor-element-populated\">\n\t\t\t\t\t\t<div class=\"elementor-element elementor-element-1081a47 elementor-widget elementor-widget-image\" data-id=\"1081a47\" data-element_type=\"widget\" data-widget_type=\"image.default\">\n\t\t\t\t<div class=\"elementor-widget-container\">\n\t\t\t\t\t\t\t\t\t\t\t\t\t\t\t<img loading=\"lazy\" decoding=\"async\" width=\"300\" height=\"300\" src=\"https:\/\/www.allmaterialhandling.com\/wp-content\/uploads\/Alloy-Fittings-G100-Hooks-Synthetic-Slings2-300x300.jpg\" class=\"attachment-medium size-medium wp-image-5699\" alt=\"\" srcset=\"https:\/\/www.allmaterialhandling.com\/wp-content\/uploads\/Alloy-Fittings-G100-Hooks-Synthetic-Slings2-300x300.jpg 300w, https:\/\/www.allmaterialhandling.com\/wp-content\/uploads\/Alloy-Fittings-G100-Hooks-Synthetic-Slings2-150x150.jpg 150w, https:\/\/www.allmaterialhandling.com\/wp-content\/uploads\/Alloy-Fittings-G100-Hooks-Synthetic-Slings2-475x475.jpg 475w, https:\/\/www.allmaterialhandling.com\/wp-content\/uploads\/Alloy-Fittings-G100-Hooks-Synthetic-Slings2-24x24.jpg 24w, https:\/\/www.allmaterialhandling.com\/wp-content\/uploads\/Alloy-Fittings-G100-Hooks-Synthetic-Slings2-36x36.jpg 36w, https:\/\/www.allmaterialhandling.com\/wp-content\/uploads\/Alloy-Fittings-G100-Hooks-Synthetic-Slings2-48x48.jpg 48w, https:\/\/www.allmaterialhandling.com\/wp-content\/uploads\/Alloy-Fittings-G100-Hooks-Synthetic-Slings2.jpg 600w\" sizes=\"(max-width: 300px) 100vw, 300px\" \/>\t\t\t\t\t\t\t\t\t\t\t\t\t\t\t<\/div>\n\t\t\t\t<\/div>\n\t\t\t\t\t<\/div>\n\t\t<\/div>\n\t\t\t\t\t<\/div>\n\t\t<\/section>\n\t\t\t\t<\/div>","protected":false},"excerpt":{"rendered":"<p>Ganchos para eslingas sint\u00e9ticas El color del gancho de la eslinga sint\u00e9tica coincide con el de la eslinga redonda del mismo color. WLL est\u00e1n clasificados en 5:1 factor de dise\u00f1o. *Tambi\u00e9n se adapta...<\/p>","protected":false},"author":1,"featured_media":2249,"parent":4761,"menu_order":0,"comment_status":"closed","ping_status":"closed","template":"template-pagebuilder.php","meta":{"footnotes":""},"categories":[63],"tags":[],"class_list":["post-2266","page","type-page","status-publish","has-post-thumbnail","hentry","category-synthetics"],"jetpack_sharing_enabled":true,"_links":{"self":[{"href":"https:\/\/www.allmaterialhandling.com\/es\/wp-json\/wp\/v2\/pages\/2266","targetHints":{"allow":["GET"]}}],"collection":[{"href":"https:\/\/www.allmaterialhandling.com\/es\/wp-json\/wp\/v2\/pages"}],"about":[{"href":"https:\/\/www.allmaterialhandling.com\/es\/wp-json\/wp\/v2\/types\/page"}],"author":[{"embeddable":true,"href":"https:\/\/www.allmaterialhandling.com\/es\/wp-json\/wp\/v2\/users\/1"}],"replies":[{"embeddable":true,"href":"https:\/\/www.allmaterialhandling.com\/es\/wp-json\/wp\/v2\/comments?post=2266"}],"version-history":[{"count":50,"href":"https:\/\/www.allmaterialhandling.com\/es\/wp-json\/wp\/v2\/pages\/2266\/revisions"}],"predecessor-version":[{"id":13078,"href":"https:\/\/www.allmaterialhandling.com\/es\/wp-json\/wp\/v2\/pages\/2266\/revisions\/13078"}],"up":[{"embeddable":true,"href":"https:\/\/www.allmaterialhandling.com\/es\/wp-json\/wp\/v2\/pages\/4761"}],"wp:featuredmedia":[{"embeddable":true,"href":"https:\/\/www.allmaterialhandling.com\/es\/wp-json\/wp\/v2\/media\/2249"}],"wp:attachment":[{"href":"https:\/\/www.allmaterialhandling.com\/es\/wp-json\/wp\/v2\/media?parent=2266"}],"wp:term":[{"taxonomy":"category","embeddable":true,"href":"https:\/\/www.allmaterialhandling.com\/es\/wp-json\/wp\/v2\/categories?post=2266"},{"taxonomy":"post_tag","embeddable":true,"href":"https:\/\/www.allmaterialhandling.com\/es\/wp-json\/wp\/v2\/tags?post=2266"}],"curies":[{"name":"wp","href":"https:\/\/api.w.org\/{rel}","templated":true}]}}