{"id":2261,"date":"2021-10-01T07:51:04","date_gmt":"2021-10-01T07:51:04","guid":{"rendered":"http:\/\/www.allmaterialhandling.com\/?page_id=2261"},"modified":"2022-05-11T11:46:42","modified_gmt":"2022-05-11T11:46:42","slug":"polyester-round-slings","status":"publish","type":"page","link":"https:\/\/www.allmaterialhandling.com\/es\/synthetics\/polyester-round-slings\/","title":{"rendered":"Eslingas Redondas Sin Fin"},"content":{"rendered":"<div data-elementor-type=\"wp-page\" data-elementor-id=\"2261\" class=\"elementor elementor-2261\" data-elementor-settings=\"{&quot;ha_cmc_init_switcher&quot;:&quot;no&quot;}\" data-elementor-post-type=\"page\">\n\t\t\t\t\t\t<section class=\"has_eae_slider elementor-section elementor-top-section elementor-element elementor-element-7002bef elementor-section-boxed elementor-section-height-default elementor-section-height-default\" data-eae-slider=\"15662\" data-id=\"7002bef\" data-element_type=\"section\" data-settings=\"{&quot;_ha_eqh_enable&quot;:false}\">\n\t\t\t\t\t\t<div class=\"elementor-container elementor-column-gap-default\">\n\t\t\t\t\t<div class=\"has_eae_slider elementor-column elementor-col-100 elementor-top-column elementor-element elementor-element-506e650\" data-eae-slider=\"42240\" data-id=\"506e650\" data-element_type=\"column\">\n\t\t\t<div class=\"elementor-widget-wrap elementor-element-populated\">\n\t\t\t\t\t\t<section class=\"has_eae_slider elementor-section elementor-inner-section elementor-element elementor-element-3811e43 elementor-section-boxed elementor-section-height-default elementor-section-height-default\" data-eae-slider=\"12419\" data-id=\"3811e43\" data-element_type=\"section\" data-settings=\"{&quot;_ha_eqh_enable&quot;:false}\">\n\t\t\t\t\t\t<div class=\"elementor-container elementor-column-gap-default\">\n\t\t\t\t\t<div class=\"has_eae_slider elementor-column elementor-col-50 elementor-inner-column elementor-element elementor-element-73a6943\" data-eae-slider=\"77545\" data-id=\"73a6943\" data-element_type=\"column\">\n\t\t\t<div class=\"elementor-widget-wrap elementor-element-populated\">\n\t\t\t\t\t\t<div class=\"elementor-element elementor-element-82b8b99 animated-slow elementor-invisible elementor-widget elementor-widget-heading\" data-id=\"82b8b99\" data-element_type=\"widget\" data-settings=\"{&quot;_animation&quot;:&quot;fadeIn&quot;}\" data-widget_type=\"heading.default\">\n\t\t\t\t<div class=\"elementor-widget-container\">\n\t\t\t\t\t<h2 class=\"elementor-heading-title elementor-size-default\">Eslingas Redondas Sin Fin<\/h2>\t\t\t\t<\/div>\n\t\t\t\t<\/div>\n\t\t\t\t<div class=\"elementor-element elementor-element-1d5a4dd elementor-widget-divider--view-line elementor-widget elementor-widget-divider\" data-id=\"1d5a4dd\" data-element_type=\"widget\" data-widget_type=\"divider.default\">\n\t\t\t\t<div class=\"elementor-widget-container\">\n\t\t\t\t\t\t\t<div class=\"elementor-divider\">\n\t\t\t<span class=\"elementor-divider-separator\">\n\t\t\t\t\t\t<\/span>\n\t\t<\/div>\n\t\t\t\t\t\t<\/div>\n\t\t\t\t<\/div>\n\t\t\t\t\t<\/div>\n\t\t<\/div>\n\t\t\t\t<div class=\"has_eae_slider elementor-column elementor-col-50 elementor-inner-column elementor-element elementor-element-4fea29a\" data-eae-slider=\"41265\" data-id=\"4fea29a\" data-element_type=\"column\">\n\t\t\t<div class=\"elementor-widget-wrap\">\n\t\t\t\t\t\t\t<\/div>\n\t\t<\/div>\n\t\t\t\t\t<\/div>\n\t\t<\/section>\n\t\t\t\t\t<\/div>\n\t\t<\/div>\n\t\t\t\t\t<\/div>\n\t\t<\/section>\n\t\t\t\t<section class=\"has_eae_slider elementor-section elementor-top-section elementor-element elementor-element-7201751 elementor-section-boxed elementor-section-height-default elementor-section-height-default\" data-eae-slider=\"8176\" data-id=\"7201751\" data-element_type=\"section\" data-settings=\"{&quot;_ha_eqh_enable&quot;:false}\">\n\t\t\t\t\t\t<div class=\"elementor-container elementor-column-gap-default\">\n\t\t\t\t\t<div class=\"has_eae_slider elementor-column elementor-col-100 elementor-top-column elementor-element elementor-element-0c5daad\" data-eae-slider=\"99266\" data-id=\"0c5daad\" data-element_type=\"column\">\n\t\t\t<div class=\"elementor-widget-wrap elementor-element-populated\">\n\t\t\t\t\t\t<div class=\"elementor-element elementor-element-041e1ef elementor-widget elementor-widget-text-editor\" data-id=\"041e1ef\" data-element_type=\"widget\" data-widget_type=\"text-editor.default\">\n\t\t\t\t<div class=\"elementor-widget-container\">\n\t\t\t\t\t\t\t\t\t<p data-fontsize=\"18\" data-lineheight=\"27\"><strong>Caracter\u00edsticas<\/strong><\/p><ul><li>Las longitudes de las eslingas redondas de poli\u00e9ster sin fin se miden de punto de apoyo a punto de apoyo<\/li><li>Los WLL se calculan verticalmente con un factor de dise\u00f1o de 5:1<\/li><li>Todas las eslingas redondas est\u00e1ndar son de doble funda<\/li><\/ul>\t\t\t\t\t\t\t\t<\/div>\n\t\t\t\t<\/div>\n\t\t\t\t\t<\/div>\n\t\t<\/div>\n\t\t\t\t\t<\/div>\n\t\t<\/section>\n\t\t\t\t<section class=\"has_eae_slider elementor-section elementor-top-section elementor-element elementor-element-8184a67 elementor-section-boxed elementor-section-height-default elementor-section-height-default\" data-eae-slider=\"94172\" data-id=\"8184a67\" data-element_type=\"section\" data-settings=\"{&quot;_ha_eqh_enable&quot;:false}\">\n\t\t\t\t\t\t<div class=\"elementor-container elementor-column-gap-default\">\n\t\t\t\t\t<div class=\"has_eae_slider elementor-column elementor-col-100 elementor-top-column elementor-element elementor-element-9b69021\" data-eae-slider=\"92618\" data-id=\"9b69021\" data-element_type=\"column\">\n\t\t\t<div class=\"elementor-widget-wrap elementor-element-populated\">\n\t\t\t\t\t\t<section class=\"has_eae_slider elementor-section elementor-inner-section elementor-element elementor-element-c8b409a elementor-section-boxed elementor-section-height-default elementor-section-height-default\" data-eae-slider=\"74833\" data-id=\"c8b409a\" data-element_type=\"section\" data-settings=\"{&quot;_ha_eqh_enable&quot;:false}\">\n\t\t\t\t\t\t<div class=\"elementor-container elementor-column-gap-default\">\n\t\t\t\t\t<div class=\"has_eae_slider elementor-column elementor-col-50 elementor-inner-column elementor-element elementor-element-afcdbff\" data-eae-slider=\"6822\" data-id=\"afcdbff\" data-element_type=\"column\">\n\t\t\t<div class=\"elementor-widget-wrap elementor-element-populated\">\n\t\t\t\t\t\t<div class=\"elementor-element elementor-element-8936fdd elementor-widget elementor-widget-text-editor\" data-id=\"8936fdd\" data-element_type=\"widget\" data-widget_type=\"text-editor.default\">\n\t\t\t\t<div class=\"elementor-widget-container\">\n\t\t\t\t\t\t\t\t\t<p>\n<table id=\"tablepress-50\" class=\"tablepress tablepress-id-50\">\n<thead>\n<tr class=\"row-1\">\n\t<th class=\"column-1\">C\u00f3digo de producto<\/th><th class=\"column-2\">Color<\/th><th class=\"column-3\">Cap. Vertical (lbs)<\/th><th class=\"column-4\">Cap. Enlazada (lbs)<\/th><th class=\"column-5\">Cap. Canasta (lbs)<\/th><th class=\"column-6\">Peso (lbs)<\/th><th class=\"column-7\">Anchura<\/th>\n<\/tr>\n<\/thead>\n<tbody class=\"row-striping row-hover\">\n<tr class=\"row-2\">\n\t<td class=\"column-1\">DR1<\/td><td class=\"column-2\">MORADO<\/td><td class=\"column-3\">2600<\/td><td class=\"column-4\">2100<\/td><td class=\"column-5\">5200<\/td><td class=\"column-6\">0.2<\/td><td class=\"column-7\">5\/8&#8243; &#8211; 1&#8243;<\/td>\n<\/tr>\n<tr class=\"row-3\">\n\t<td class=\"column-1\">DR2<\/td><td class=\"column-2\">VERDE<\/td><td class=\"column-3\">5300<\/td><td class=\"column-4\">4200<\/td><td class=\"column-5\">10600<\/td><td class=\"column-6\">0.3<\/td><td class=\"column-7\">7\/8&#8243; &#8211; 1-3\/8&#8243;<\/td>\n<\/tr>\n<tr class=\"row-4\">\n\t<td class=\"column-1\">DR3<\/td><td class=\"column-2\">AMARILLO<\/td><td class=\"column-3\">8400<\/td><td class=\"column-4\">6700<\/td><td class=\"column-5\">16800<\/td><td class=\"column-6\">0.5<\/td><td class=\"column-7\">1-1\/8&#8243; &#8211; 1-3\/4&#8243;<\/td>\n<\/tr>\n<tr class=\"row-5\">\n\t<td class=\"column-1\">DR4<\/td><td class=\"column-2\">TAN<\/td><td class=\"column-3\">10600<\/td><td class=\"column-4\">8500<\/td><td class=\"column-5\">21200<\/td><td class=\"column-6\">0.6<\/td><td class=\"column-7\">1-1\/8&#8243; &#8211; 1-7\/8&#8243;<\/td>\n<\/tr>\n<tr class=\"row-6\">\n\t<td class=\"column-1\">DR5<\/td><td class=\"column-2\">ROJO<\/td><td class=\"column-3\">13200<\/td><td class=\"column-4\">10600<\/td><td class=\"column-5\">26400<\/td><td class=\"column-6\">0.8<\/td><td class=\"column-7\">1-3\/8&#8243; &#8211; 2&#8243;<\/td>\n<\/tr>\n<tr class=\"row-7\">\n\t<td class=\"column-1\">DR6<\/td><td class=\"column-2\">BLANCO<\/td><td class=\"column-3\">16800<\/td><td class=\"column-4\">13400<\/td><td class=\"column-5\">33600<\/td><td class=\"column-6\">0.87<\/td><td class=\"column-7\">1-3\/8&#8243; &#8211; 2-1\/8&#8243;<\/td>\n<\/tr>\n<tr class=\"row-8\">\n\t<td class=\"column-1\">DR7<\/td><td class=\"column-2\">AZUL<\/td><td class=\"column-3\">21200<\/td><td class=\"column-4\">17000<\/td><td class=\"column-5\">42400<\/td><td class=\"column-6\">1.3<\/td><td class=\"column-7\">1-3\/4&#8243; &#8211; 2-5\/8&#8243;<\/td>\n<\/tr>\n<tr class=\"row-9\">\n\t<td class=\"column-1\">DR9<\/td><td class=\"column-2\">NARANJA<\/td><td class=\"column-3\">31000<\/td><td class=\"column-4\">24800<\/td><td class=\"column-5\">62000<\/td><td class=\"column-6\">2<\/td><td class=\"column-7\">2-1\/4&#8243; &#8211; 3-1\/4&#8243;<\/td>\n<\/tr>\n<tr class=\"row-10\">\n\t<td class=\"column-1\">DR12<\/td><td class=\"column-2\">NARANJA<\/td><td class=\"column-3\">66000<\/td><td class=\"column-4\">52800<\/td><td class=\"column-5\">132000<\/td><td class=\"column-6\">3.5<\/td><td class=\"column-7\">3-1\/8&#8243; &#8211; 4-5\/8&#8243;<\/td>\n<\/tr>\n<tr class=\"row-11\">\n\t<td class=\"column-1\">DR13<\/td><td class=\"column-2\">NARANJA<\/td><td class=\"column-3\">90000<\/td><td class=\"column-4\">72000<\/td><td class=\"column-5\">180000<\/td><td class=\"column-6\">4.5<\/td><td class=\"column-7\">3-5\/8&#8243; &#8211; 5-1\/4&#8243;<\/td>\n<\/tr>\n<\/tbody>\n<\/table>\n<!-- #tablepress-50 from cache --><\/p>\t\t\t\t\t\t\t\t<\/div>\n\t\t\t\t<\/div>\n\t\t\t\t\t<\/div>\n\t\t<\/div>\n\t\t\t\t<div class=\"has_eae_slider elementor-column elementor-col-50 elementor-inner-column elementor-element elementor-element-ef58759\" data-eae-slider=\"30132\" data-id=\"ef58759\" data-element_type=\"column\">\n\t\t\t<div class=\"elementor-widget-wrap elementor-element-populated\">\n\t\t\t\t\t\t<div class=\"elementor-element elementor-element-8b0339d elementor-widget elementor-widget-image\" data-id=\"8b0339d\" data-element_type=\"widget\" data-widget_type=\"image.default\">\n\t\t\t\t<div class=\"elementor-widget-container\">\n\t\t\t\t\t\t\t\t\t\t\t\t\t\t\t<img fetchpriority=\"high\" decoding=\"async\" width=\"640\" height=\"640\" src=\"https:\/\/www.allmaterialhandling.com\/wp-content\/uploads\/2021\/10\/synthetic-round-slings_1100-768x768.jpg\" class=\"attachment-medium_large size-medium_large wp-image-2248\" alt=\"\" srcset=\"https:\/\/www.allmaterialhandling.com\/wp-content\/uploads\/2021\/10\/synthetic-round-slings_1100-768x768.jpg 768w, https:\/\/www.allmaterialhandling.com\/wp-content\/uploads\/2021\/10\/synthetic-round-slings_1100-300x300.jpg 300w, https:\/\/www.allmaterialhandling.com\/wp-content\/uploads\/2021\/10\/synthetic-round-slings_1100-1024x1024.jpg 1024w, https:\/\/www.allmaterialhandling.com\/wp-content\/uploads\/2021\/10\/synthetic-round-slings_1100-150x150.jpg 150w, https:\/\/www.allmaterialhandling.com\/wp-content\/uploads\/2021\/10\/synthetic-round-slings_1100-475x475.jpg 475w, https:\/\/www.allmaterialhandling.com\/wp-content\/uploads\/2021\/10\/synthetic-round-slings_1100-24x24.jpg 24w, https:\/\/www.allmaterialhandling.com\/wp-content\/uploads\/2021\/10\/synthetic-round-slings_1100-36x36.jpg 36w, https:\/\/www.allmaterialhandling.com\/wp-content\/uploads\/2021\/10\/synthetic-round-slings_1100-48x48.jpg 48w, https:\/\/www.allmaterialhandling.com\/wp-content\/uploads\/2021\/10\/synthetic-round-slings_1100.jpg 1100w\" sizes=\"(max-width: 640px) 100vw, 640px\" \/>\t\t\t\t\t\t\t\t\t\t\t\t\t\t\t<\/div>\n\t\t\t\t<\/div>\n\t\t\t\t\t<\/div>\n\t\t<\/div>\n\t\t\t\t\t<\/div>\n\t\t<\/section>\n\t\t\t\t\t<\/div>\n\t\t<\/div>\n\t\t\t\t\t<\/div>\n\t\t<\/section>\n\t\t\t\t<\/div>","protected":false},"excerpt":{"rendered":"<p>Eslingas redondas de poli\u00e9ster Caracter\u00edsticas Las longitudes de las eslingas redondas de poli\u00e9ster sin fin se miden de punto de apoyo a punto de apoyo...<\/p>","protected":false},"author":1,"featured_media":2248,"parent":4761,"menu_order":0,"comment_status":"closed","ping_status":"closed","template":"template-pagebuilder.php","meta":{"footnotes":""},"categories":[63],"tags":[],"class_list":["post-2261","page","type-page","status-publish","has-post-thumbnail","hentry","category-synthetics"],"jetpack_sharing_enabled":true,"_links":{"self":[{"href":"https:\/\/www.allmaterialhandling.com\/es\/wp-json\/wp\/v2\/pages\/2261","targetHints":{"allow":["GET"]}}],"collection":[{"href":"https:\/\/www.allmaterialhandling.com\/es\/wp-json\/wp\/v2\/pages"}],"about":[{"href":"https:\/\/www.allmaterialhandling.com\/es\/wp-json\/wp\/v2\/types\/page"}],"author":[{"embeddable":true,"href":"https:\/\/www.allmaterialhandling.com\/es\/wp-json\/wp\/v2\/users\/1"}],"replies":[{"embeddable":true,"href":"https:\/\/www.allmaterialhandling.com\/es\/wp-json\/wp\/v2\/comments?post=2261"}],"version-history":[{"count":41,"href":"https:\/\/www.allmaterialhandling.com\/es\/wp-json\/wp\/v2\/pages\/2261\/revisions"}],"predecessor-version":[{"id":10969,"href":"https:\/\/www.allmaterialhandling.com\/es\/wp-json\/wp\/v2\/pages\/2261\/revisions\/10969"}],"up":[{"embeddable":true,"href":"https:\/\/www.allmaterialhandling.com\/es\/wp-json\/wp\/v2\/pages\/4761"}],"wp:featuredmedia":[{"embeddable":true,"href":"https:\/\/www.allmaterialhandling.com\/es\/wp-json\/wp\/v2\/media\/2248"}],"wp:attachment":[{"href":"https:\/\/www.allmaterialhandling.com\/es\/wp-json\/wp\/v2\/media?parent=2261"}],"wp:term":[{"taxonomy":"category","embeddable":true,"href":"https:\/\/www.allmaterialhandling.com\/es\/wp-json\/wp\/v2\/categories?post=2261"},{"taxonomy":"post_tag","embeddable":true,"href":"https:\/\/www.allmaterialhandling.com\/es\/wp-json\/wp\/v2\/tags?post=2261"}],"curies":[{"name":"wp","href":"https:\/\/api.w.org\/{rel}","templated":true}]}}