{"id":2051,"date":"2021-09-30T13:29:44","date_gmt":"2021-09-30T13:29:44","guid":{"rendered":"http:\/\/www.allmaterialhandling.com\/?page_id=2051"},"modified":"2023-11-28T15:00:27","modified_gmt":"2023-11-28T15:00:27","slug":"lever-chain-hoists-mini","status":"publish","type":"page","link":"https:\/\/www.allmaterialhandling.com\/es\/lever-chain-hoists\/lever-chain-hoists-mini\/","title":{"rendered":"Polipastos de cadena de palanca Mini"},"content":{"rendered":"<div data-elementor-type=\"wp-page\" data-elementor-id=\"2051\" class=\"elementor elementor-2051\" data-elementor-settings=\"{&quot;ha_cmc_init_switcher&quot;:&quot;no&quot;}\" data-elementor-post-type=\"page\">\n\t\t\t\t\t\t<section class=\"has_eae_slider elementor-section elementor-top-section elementor-element elementor-element-648e7a0 elementor-section-boxed elementor-section-height-default elementor-section-height-default\" data-eae-slider=\"52994\" data-id=\"648e7a0\" data-element_type=\"section\" data-settings=\"{&quot;_ha_eqh_enable&quot;:false}\">\n\t\t\t\t\t\t<div class=\"elementor-container elementor-column-gap-default\">\n\t\t\t\t\t\t<\/div>\n\t\t<\/section>\n\t\t\t\t<section class=\"has_eae_slider elementor-section elementor-top-section elementor-element elementor-element-5654ed1 elementor-section-boxed elementor-section-height-default elementor-section-height-default\" data-eae-slider=\"17538\" data-id=\"5654ed1\" data-element_type=\"section\" data-settings=\"{&quot;_ha_eqh_enable&quot;:false}\">\n\t\t\t\t\t\t<div class=\"elementor-container elementor-column-gap-default\">\n\t\t\t\t\t<div class=\"has_eae_slider elementor-column elementor-col-100 elementor-top-column elementor-element elementor-element-e376b0d\" data-eae-slider=\"71321\" data-id=\"e376b0d\" data-element_type=\"column\">\n\t\t\t<div class=\"elementor-widget-wrap elementor-element-populated\">\n\t\t\t\t\t\t<section class=\"has_eae_slider elementor-section elementor-inner-section elementor-element elementor-element-b80e321 elementor-section-boxed elementor-section-height-default elementor-section-height-default\" data-eae-slider=\"94087\" data-id=\"b80e321\" data-element_type=\"section\" data-settings=\"{&quot;_ha_eqh_enable&quot;:false}\">\n\t\t\t\t\t\t<div class=\"elementor-container elementor-column-gap-default\">\n\t\t\t\t\t<div class=\"has_eae_slider elementor-column elementor-col-50 elementor-inner-column elementor-element elementor-element-61e0187\" data-eae-slider=\"61078\" data-id=\"61e0187\" data-element_type=\"column\">\n\t\t\t<div class=\"elementor-widget-wrap elementor-element-populated\">\n\t\t\t\t\t\t<div class=\"elementor-element elementor-element-344067d animated-slow elementor-invisible elementor-widget elementor-widget-heading\" data-id=\"344067d\" data-element_type=\"widget\" data-settings=\"{&quot;_animation&quot;:&quot;fadeIn&quot;,&quot;_animation_delay&quot;:0}\" data-widget_type=\"heading.default\">\n\t\t\t\t<div class=\"elementor-widget-container\">\n\t\t\t\t\t<h2 class=\"elementor-heading-title elementor-size-default\">Polipastos de cadena de palanca Serie ML Mini<\/h2>\t\t\t\t<\/div>\n\t\t\t\t<\/div>\n\t\t\t\t<div class=\"elementor-element elementor-element-c6c9932 elementor-widget-divider--view-line elementor-widget elementor-widget-divider\" data-id=\"c6c9932\" data-element_type=\"widget\" data-widget_type=\"divider.default\">\n\t\t\t\t<div class=\"elementor-widget-container\">\n\t\t\t\t\t\t\t<div class=\"elementor-divider\">\n\t\t\t<span class=\"elementor-divider-separator\">\n\t\t\t\t\t\t<\/span>\n\t\t<\/div>\n\t\t\t\t\t\t<\/div>\n\t\t\t\t<\/div>\n\t\t\t\t<div class=\"elementor-element elementor-element-3a38ef3 elementor-widget elementor-widget-text-editor\" data-id=\"3a38ef3\" data-element_type=\"widget\" data-widget_type=\"text-editor.default\">\n\t\t\t\t<div class=\"elementor-widget-container\">\n\t\t\t\t\t\t\t\t\t<p><strong>* Palanca Capacidad m\u00edn.<\/strong>\u00a0es la carga necesaria para activar el freno autom\u00e1tico de seguridad. El freno detendr\u00e1 una carga aunque el operador deje la unidad en modo de cadena libre y en punto muerto, de forma similar a como reacciona un cintur\u00f3n de seguridad.<\/p><p><strong>La elevaci\u00f3n est\u00e1ndar es de 5 y 10 pies para los modelos de palanca y de 8 pies para los modelos de polipasto manual de cadena.<\/strong>\u00a0Todos los polipastos se someten a pruebas de carga con una capacidad de 125%.<\/p><p><b>Ordenar Lever por n\u00famero de modelo descriptivo,\u00a0<br \/><\/b>ejemplo\u00a0<strong>ML005-20<\/strong><\/p><table style=\"width: 300px; border: none;\"><tbody><tr><td style=\"border: none;\">C\u00f3digo de producto<\/td><td style=\"border: none;\">-Lift<\/td><\/tr><tr><td style=\"border: none;\"><b>ML005 <\/b><\/td><td style=\"border: none;\"><b>-20<\/b><\/td><\/tr><\/tbody><\/table>\t\t\t\t\t\t\t\t<\/div>\n\t\t\t\t<\/div>\n\t\t\t\t<div class=\"elementor-element elementor-element-8858f08 elementor-widget elementor-widget-image\" data-id=\"8858f08\" data-element_type=\"widget\" data-widget_type=\"image.default\">\n\t\t\t\t<div class=\"elementor-widget-container\">\n\t\t\t\t\t\t\t\t\t\t\t\t\t\t\t\t<a href=\"http:\/\/www.allmaterialhandling.com\/wp-content\/uploads\/Draw-Mini-LeverChainHoist.png\" data-elementor-open-lightbox=\"yes\" data-elementor-lightbox-title=\"Draw-Mini-LeverChainHoist\" data-e-action-hash=\"#elementor-action%3Aaction%3Dlightbox%26settings%3DeyJpZCI6OTMyNywidXJsIjoiaHR0cHM6XC9cL3d3dy5hbGxtYXRlcmlhbGhhbmRsaW5nLmNvbVwvd3AtY29udGVudFwvdXBsb2Fkc1wvRHJhdy1NaW5pLUxldmVyQ2hhaW5Ib2lzdC5wbmcifQ%3D%3D\">\n\t\t\t\t\t\t\t<img fetchpriority=\"high\" decoding=\"async\" width=\"449\" height=\"379\" src=\"https:\/\/www.allmaterialhandling.com\/wp-content\/uploads\/Draw-Mini-LeverChainHoist.png\" class=\"attachment-full size-full wp-image-9327\" alt=\"\" srcset=\"https:\/\/www.allmaterialhandling.com\/wp-content\/uploads\/Draw-Mini-LeverChainHoist.png 449w, https:\/\/www.allmaterialhandling.com\/wp-content\/uploads\/Draw-Mini-LeverChainHoist-300x253.png 300w, https:\/\/www.allmaterialhandling.com\/wp-content\/uploads\/Draw-Mini-LeverChainHoist-24x20.png 24w, https:\/\/www.allmaterialhandling.com\/wp-content\/uploads\/Draw-Mini-LeverChainHoist-36x30.png 36w, https:\/\/www.allmaterialhandling.com\/wp-content\/uploads\/Draw-Mini-LeverChainHoist-48x41.png 48w\" sizes=\"(max-width: 449px) 100vw, 449px\" \/>\t\t\t\t\t\t\t\t<\/a>\n\t\t\t\t\t\t\t\t\t\t\t\t\t\t\t<\/div>\n\t\t\t\t<\/div>\n\t\t\t\t\t<\/div>\n\t\t<\/div>\n\t\t\t\t<div class=\"has_eae_slider elementor-column elementor-col-50 elementor-inner-column elementor-element elementor-element-33f234d\" data-eae-slider=\"47686\" data-id=\"33f234d\" data-element_type=\"column\">\n\t\t\t<div class=\"elementor-widget-wrap elementor-element-populated\">\n\t\t\t\t\t\t<div class=\"elementor-element elementor-element-d7cbca8 elementor-widget elementor-widget-image\" data-id=\"d7cbca8\" data-element_type=\"widget\" data-widget_type=\"image.default\">\n\t\t\t\t<div class=\"elementor-widget-container\">\n\t\t\t\t\t\t\t\t\t\t\t\t\t\t\t<img decoding=\"async\" width=\"302\" height=\"690\" src=\"https:\/\/www.allmaterialhandling.com\/wp-content\/uploads\/ML003_1.png\" class=\"attachment-full size-full wp-image-12817\" alt=\"\" srcset=\"https:\/\/www.allmaterialhandling.com\/wp-content\/uploads\/ML003_1.png 302w, https:\/\/www.allmaterialhandling.com\/wp-content\/uploads\/ML003_1-131x300.png 131w, https:\/\/www.allmaterialhandling.com\/wp-content\/uploads\/ML003_1-11x24.png 11w, https:\/\/www.allmaterialhandling.com\/wp-content\/uploads\/ML003_1-16x36.png 16w, https:\/\/www.allmaterialhandling.com\/wp-content\/uploads\/ML003_1-21x48.png 21w\" sizes=\"(max-width: 302px) 100vw, 302px\" \/>\t\t\t\t\t\t\t\t\t\t\t\t\t\t\t<\/div>\n\t\t\t\t<\/div>\n\t\t\t\t\t<\/div>\n\t\t<\/div>\n\t\t\t\t\t<\/div>\n\t\t<\/section>\n\t\t\t\t\t<\/div>\n\t\t<\/div>\n\t\t\t\t\t<\/div>\n\t\t<\/section>\n\t\t\t\t<section class=\"has_eae_slider elementor-section elementor-top-section elementor-element elementor-element-d1c6bcd elementor-section-boxed elementor-section-height-default elementor-section-height-default\" data-eae-slider=\"58090\" data-id=\"d1c6bcd\" data-element_type=\"section\" data-settings=\"{&quot;_ha_eqh_enable&quot;:false}\">\n\t\t\t\t\t\t<div class=\"elementor-container elementor-column-gap-default\">\n\t\t\t\t\t<div class=\"has_eae_slider elementor-column elementor-col-100 elementor-top-column elementor-element elementor-element-a5c284e\" data-eae-slider=\"43913\" data-id=\"a5c284e\" data-element_type=\"column\">\n\t\t\t<div class=\"elementor-widget-wrap elementor-element-populated\">\n\t\t\t\t\t\t<div class=\"elementor-element elementor-element-fe1dd11 elementor-widget elementor-widget-text-editor\" data-id=\"fe1dd11\" data-element_type=\"widget\" data-widget_type=\"text-editor.default\">\n\t\t\t\t<div class=\"elementor-widget-container\">\n\t\t\t\t\t\t\t\t\t<p>\n<table id=\"tablepress-7\" class=\"tablepress tablepress-id-7\">\n<thead>\n<tr class=\"row-1\">\n\t<td class=\"column-1\"><\/td><th class=\"column-2\">C\u00f3digo de producto<\/th><th class=\"column-3\">WLL M\u00e1x.<\/th><th class=\"column-4\">WLL M\u00edn.<\/th><th class=\"column-5\">Ca\u00eddas<\/th><th class=\"column-6\">Cadena<\/th><th class=\"column-7\">A\" M\u00edn.<\/th><th class=\"column-8\">B (plg.)<\/th><th class=\"column-9\">C\"<\/th><th class=\"column-10\">D (plg.)<\/th><th class=\"column-11\">E\"<\/th><th class=\"column-12\">F\"<\/th><th class=\"column-13\">G (plg.)<\/th><th class=\"column-14\">P(lbs) M\u00e1x.<\/th><th class=\"column-15\">Peso (lbs) <br \/>\ncon 5 pies de elev.<\/th>\n<\/tr>\n<\/thead>\n<tbody class=\"row-striping row-hover\">\n<tr class=\"row-2\">\n\t<td class=\"column-1\"><\/td><td class=\"column-2\"><a href=\"http:\/\/www.allmaterialhandling.com\/es\/lever-chain-hoists\/lever-chain-hoists-mini\/ml003\/\"><span style = \"text-decoration:underline; color: #0000ff\">ML003<\/span><\/a><\/td><td class=\"column-3\">1\/4t \/ 550 lbs<\/td><td class=\"column-4\">33 libras<\/td><td class=\"column-5\">1<\/td><td class=\"column-6\">C4X12Z<\/td><td class=\"column-7\">8.5<\/td><td class=\"column-8\">3<\/td><td class=\"column-9\">4.6<\/td><td class=\"column-10\">1.6<\/td><td class=\"column-11\">0.6<\/td><td class=\"column-12\">1<\/td><td class=\"column-13\">6.2<\/td><td class=\"column-14\">28<\/td><td class=\"column-15\">4.9<\/td>\n<\/tr>\n<tr class=\"row-3\">\n\t<td class=\"column-1\"><\/td><td class=\"column-2\"><a href=\"http:\/\/www.allmaterialhandling.com\/es\/lever-chain-hoists\/lever-chain-hoists-mini\/ml005\/\"><span style = \"text-decoration:underline; color: #0000ff\">ML005<\/span><\/a><\/td><td class=\"column-3\">1\/2t \/ 1.100 lbs<\/td><td class=\"column-4\">40 libras<\/td><td class=\"column-5\">1<\/td><td class=\"column-6\">C5X15Z<\/td><td class=\"column-7\">10<\/td><td class=\"column-8\">3.5<\/td><td class=\"column-9\">5.3<\/td><td class=\"column-10\">2<\/td><td class=\"column-11\">0.8<\/td><td class=\"column-12\">1.3<\/td><td class=\"column-13\">7.1<\/td><td class=\"column-14\">40<\/td><td class=\"column-15\">7.7<\/td>\n<\/tr>\n<\/tbody>\n<\/table>\n<!-- #tablepress-7 from cache --><\/p><p>\t\t<div data-elementor-type=\"wp-post\" data-elementor-id=\"3672\" class=\"elementor elementor-3672\" data-elementor-settings=\"{&quot;ha_cmc_init_switcher&quot;:&quot;no&quot;}\" data-elementor-post-type=\"ae_global_templates\">\n\t\t\t\t\t\t<section class=\"has_eae_slider elementor-section elementor-top-section elementor-element elementor-element-ac592a7 elementor-section-boxed elementor-section-height-default elementor-section-height-default\" data-eae-slider=\"96098\" data-id=\"ac592a7\" data-element_type=\"section\" data-settings=\"{&quot;_ha_eqh_enable&quot;:false}\">\n\t\t\t\t\t\t<div class=\"elementor-container elementor-column-gap-default\">\n\t\t\t\t\t<div class=\"has_eae_slider elementor-column elementor-col-100 elementor-top-column elementor-element elementor-element-5e35cf5\" data-eae-slider=\"98999\" data-id=\"5e35cf5\" data-element_type=\"column\">\n\t\t\t<div class=\"elementor-widget-wrap elementor-element-populated\">\n\t\t\t\t\t\t<div class=\"elementor-element elementor-element-17758bc elementor-align-left elementor-widget__width-initial elementor-icon-list--layout-inline elementor-list-item-link-full_width elementor-widget elementor-widget-icon-list\" data-id=\"17758bc\" data-element_type=\"widget\" data-widget_type=\"icon-list.default\">\n\t\t\t\t<div class=\"elementor-widget-container\">\n\t\t\t\t\t\t\t<ul class=\"elementor-icon-list-items elementor-inline-items\">\n\t\t\t\t\t\t\t<li class=\"elementor-icon-list-item elementor-inline-item\">\n\t\t\t\t\t\t\t\t\t\t\t<a href=\"\/wp-content\/uploads\/Mini-Hoist-Flyer.pdf\" target=\"_blank\">\n\n\t\t\t\t\t\t\t\t\t\t\t\t<span class=\"elementor-icon-list-icon\">\n\t\t\t\t\t\t\t<i aria-hidden=\"true\" class=\"fas fa-file-pdf\"><\/i>\t\t\t\t\t\t<\/span>\n\t\t\t\t\t\t\t\t\t\t<span class=\"elementor-icon-list-text\">Ficha t\u00e9cnica<\/span>\n\t\t\t\t\t\t\t\t\t\t\t<\/a>\n\t\t\t\t\t\t\t\t\t<\/li>\n\t\t\t\t\t\t\t\t<li class=\"elementor-icon-list-item elementor-inline-item\">\n\t\t\t\t\t\t\t\t\t\t\t<a href=\"\/wp-content\/uploads\/Mini-Hoist-Manual.pdf\" target=\"_blank\">\n\n\t\t\t\t\t\t\t\t\t\t\t\t<span class=\"elementor-icon-list-icon\">\n\t\t\t\t\t\t\t<i aria-hidden=\"true\" class=\"fas fa-file-pdf\"><\/i>\t\t\t\t\t\t<\/span>\n\t\t\t\t\t\t\t\t\t\t<span class=\"elementor-icon-list-text\">Manual<\/span>\n\t\t\t\t\t\t\t\t\t\t\t<\/a>\n\t\t\t\t\t\t\t\t\t<\/li>\n\t\t\t\t\t\t\t\t<li class=\"elementor-icon-list-item elementor-inline-item\">\n\t\t\t\t\t\t\t\t\t\t\t<a href=\"\/wp-content\/uploads\/Mini-Hoist-Parts-Breakdown.pdf\" target=\"_blank\">\n\n\t\t\t\t\t\t\t\t\t\t\t\t<span class=\"elementor-icon-list-icon\">\n\t\t\t\t\t\t\t<i aria-hidden=\"true\" class=\"fas fa-file-pdf\"><\/i>\t\t\t\t\t\t<\/span>\n\t\t\t\t\t\t\t\t\t\t<span class=\"elementor-icon-list-text\">Desglose de piezas<\/span>\n\t\t\t\t\t\t\t\t\t\t\t<\/a>\n\t\t\t\t\t\t\t\t\t<\/li>\n\t\t\t\t\t\t<\/ul>\n\t\t\t\t\t\t<\/div>\n\t\t\t\t<\/div>\n\t\t\t\t\t<\/div>\n\t\t<\/div>\n\t\t\t\t\t<\/div>\n\t\t<\/section>\n\t\t\t\t<\/div>\n\t\t<\/p>\t\t\t\t\t\t\t\t<\/div>\n\t\t\t\t<\/div>\n\t\t\t\t\t<\/div>\n\t\t<\/div>\n\t\t\t\t\t<\/div>\n\t\t<\/section>\n\t\t\t\t<section class=\"has_eae_slider elementor-section elementor-top-section elementor-element elementor-element-5e65e4b elementor-section-boxed elementor-section-height-default elementor-section-height-default\" data-eae-slider=\"93848\" data-id=\"5e65e4b\" data-element_type=\"section\" data-settings=\"{&quot;_ha_eqh_enable&quot;:false}\">\n\t\t\t\t\t\t<div class=\"elementor-container elementor-column-gap-default\">\n\t\t\t\t\t<div class=\"has_eae_slider elementor-column elementor-col-100 elementor-top-column elementor-element elementor-element-13f9923\" data-eae-slider=\"40761\" data-id=\"13f9923\" data-element_type=\"column\">\n\t\t\t<div class=\"elementor-widget-wrap elementor-element-populated\">\n\t\t\t\t\t\t<section class=\"has_eae_slider elementor-section elementor-inner-section elementor-element elementor-element-c33e191 elementor-section-boxed elementor-section-height-default elementor-section-height-default\" data-eae-slider=\"8111\" data-id=\"c33e191\" data-element_type=\"section\" data-settings=\"{&quot;_ha_eqh_enable&quot;:false}\">\n\t\t\t\t\t\t<div class=\"elementor-container elementor-column-gap-default\">\n\t\t\t\t\t<div class=\"has_eae_slider elementor-column elementor-col-50 elementor-inner-column elementor-element elementor-element-dc1cd01\" data-eae-slider=\"68173\" data-id=\"dc1cd01\" data-element_type=\"column\">\n\t\t\t<div class=\"elementor-widget-wrap elementor-element-populated\">\n\t\t\t\t\t\t<div class=\"elementor-element elementor-element-070a4e3 elementor-widget elementor-widget-text-editor\" data-id=\"070a4e3\" data-element_type=\"widget\" data-widget_type=\"text-editor.default\">\n\t\t\t\t<div class=\"elementor-widget-container\">\n\t\t\t\t\t\t\t\t\t<ul><li><strong>Capacidad de 1\/4 y 1\/2 tonelada m\u00e9trica<\/strong><\/li><li>El engranaje planetario se utiliza para minimizar el esfuerzo del operador y reducir la tensi\u00f3n en los componentes del freno.<\/li><li>Su reducido tama\u00f1o permite utilizarlo y guardarlo en lugares estrechos<\/li><li>Construcci\u00f3n ligera y duradera totalmente de acero con componentes de bastidor chapados y acabado exterior cromado duradero para resistir la corrosi\u00f3n<\/li><li>Cadena de carga de precisi\u00f3n para polipastos con la resistencia de la cadena G80<\/li><li>Rodamientos de manguito utilizados para maximizar la capacidad de servicio y proporcionar una buena eficiencia.<\/li><li><strong>Freno de carga mec\u00e1nico tipo Weston<\/strong>\u00a0es autoajustable con trinquetes dobles, discos de freno sin amianto y est\u00e1 rodeada por un cerramiento para limitar la contaminaci\u00f3n.<\/li><li>El trinquete autoajustable y el freno de carga mec\u00e1nico tipo disco garantizan un control positivo de la carga<\/li><li>Cumple: ASME\/ANSl B30, OSHA, NASA-STD-8719.9<\/li><li>Clasificaci\u00f3n ATEX\u00a0<img decoding=\"async\" class=\"alignnone wp-image-12710\" src=\"http:\/\/www.allmaterialhandling.com\/wp-content\/uploads\/atex_symbol-150x150.png\" alt=\"\" width=\"24\" height=\"24\" \/> certificado II 3 GD c IIB 54\u00ba C X para uso limitado en entornos peligrosos<\/li><li>Disponible en longitudes de cadena personalizadas<\/li><\/ul>\t\t\t\t\t\t\t\t<\/div>\n\t\t\t\t<\/div>\n\t\t\t\t\t<\/div>\n\t\t<\/div>\n\t\t\t\t<div class=\"has_eae_slider elementor-column elementor-col-50 elementor-inner-column elementor-element elementor-element-7a93694\" data-eae-slider=\"32668\" data-id=\"7a93694\" data-element_type=\"column\">\n\t\t\t<div class=\"elementor-widget-wrap elementor-element-populated\">\n\t\t\t\t\t\t<div class=\"elementor-element elementor-element-4a2b2f5 elementor-widget elementor-widget-text-editor\" data-id=\"4a2b2f5\" data-element_type=\"widget\" data-widget_type=\"text-editor.default\">\n\t\t\t\t<div class=\"elementor-widget-container\">\n\t\t\t\t\t\t\t\t\t<p>Im\u00e1genes adicionales<\/p>\t\t\t\t\t\t\t\t<\/div>\n\t\t\t\t<\/div>\n\t\t\t\t<div class=\"elementor-element elementor-element-3d3d269 elementor-widget-divider--view-line elementor-widget elementor-widget-divider\" data-id=\"3d3d269\" data-element_type=\"widget\" data-widget_type=\"divider.default\">\n\t\t\t\t<div class=\"elementor-widget-container\">\n\t\t\t\t\t\t\t<div class=\"elementor-divider\">\n\t\t\t<span class=\"elementor-divider-separator\">\n\t\t\t\t\t\t<\/span>\n\t\t<\/div>\n\t\t\t\t\t\t<\/div>\n\t\t\t\t<\/div>\n\t\t\t\t<div class=\"elementor-element elementor-element-e74e1f4 elementor-widget elementor-widget-gallery\" data-id=\"e74e1f4\" data-element_type=\"widget\" data-settings=\"{&quot;gallery_layout&quot;:&quot;justified&quot;,&quot;overlay_title&quot;:&quot;title&quot;,&quot;lazyload&quot;:&quot;yes&quot;,&quot;ideal_row_height&quot;:{&quot;unit&quot;:&quot;px&quot;,&quot;size&quot;:200,&quot;sizes&quot;:[]},&quot;ideal_row_height_tablet&quot;:{&quot;unit&quot;:&quot;px&quot;,&quot;size&quot;:150,&quot;sizes&quot;:[]},&quot;ideal_row_height_mobile&quot;:{&quot;unit&quot;:&quot;px&quot;,&quot;size&quot;:150,&quot;sizes&quot;:[]},&quot;gap&quot;:{&quot;unit&quot;:&quot;px&quot;,&quot;size&quot;:10,&quot;sizes&quot;:[]},&quot;gap_tablet&quot;:{&quot;unit&quot;:&quot;px&quot;,&quot;size&quot;:10,&quot;sizes&quot;:[]},&quot;gap_mobile&quot;:{&quot;unit&quot;:&quot;px&quot;,&quot;size&quot;:10,&quot;sizes&quot;:[]},&quot;link_to&quot;:&quot;file&quot;,&quot;overlay_background&quot;:&quot;yes&quot;,&quot;content_hover_animation&quot;:&quot;fade-in&quot;}\" data-widget_type=\"gallery.default\">\n\t\t\t\t<div class=\"elementor-widget-container\">\n\t\t\t\t\t\t\t<div class=\"elementor-gallery__container\">\n\t\t\t\t\t\t\t<a class=\"e-gallery-item elementor-gallery-item elementor-animated-content\" href=\"https:\/\/www.allmaterialhandling.com\/wp-content\/uploads\/ML003-V1-01-01-scaled.jpg\" data-elementor-open-lightbox=\"yes\" data-elementor-lightbox-slideshow=\"e74e1f4\" data-elementor-lightbox-title=\"ML003\" data-e-action-hash=\"#elementor-action%3Aaction%3Dlightbox%26settings%3DeyJpZCI6OTMxNywidXJsIjoiaHR0cHM6XC9cL3d3dy5hbGxtYXRlcmlhbGhhbmRsaW5nLmNvbVwvd3AtY29udGVudFwvdXBsb2Fkc1wvTUwwMDMtVjEtMDEtMDEtc2NhbGVkLmpwZyIsInNsaWRlc2hvdyI6ImU3NGUxZjQifQ%3D%3D\">\n\t\t\t\t\t<div class=\"e-gallery-image elementor-gallery-item__image\" data-thumbnail=\"https:\/\/www.allmaterialhandling.com\/wp-content\/uploads\/ML003-V1-01-01-768x768.jpg\" data-width=\"640\" data-height=\"640\" aria-label=\"\" role=\"img\" ><\/div>\n\t\t\t\t\t\t\t\t\t\t\t<div class=\"elementor-gallery-item__overlay\"><\/div>\n\t\t\t\t\t\t\t\t\t\t\t\t\t\t\t<div class=\"elementor-gallery-item__content\">\n\t\t\t\t\t\t\t\t\t\t\t\t\t\t<div class=\"elementor-gallery-item__title\">\n\t\t\t\t\t\t\t\t\t\t\t\t\t\t\t\t\t\tML003\t\t\t\t\t\t\t\t<\/div>\n\t\t\t\t\t\t\t\t\t\t\t\t<\/div>\n\t\t\t\t\t\t\t\t\t<\/a>\n\t\t\t\t\t\t\t<a class=\"e-gallery-item elementor-gallery-item elementor-animated-content\" href=\"https:\/\/www.allmaterialhandling.com\/wp-content\/uploads\/ML003-V1-01-15-scaled.jpg\" data-elementor-open-lightbox=\"yes\" data-elementor-lightbox-slideshow=\"e74e1f4\" data-elementor-lightbox-title=\"ML003\" data-e-action-hash=\"#elementor-action%3Aaction%3Dlightbox%26settings%3DeyJpZCI6OTMxOCwidXJsIjoiaHR0cHM6XC9cL3d3dy5hbGxtYXRlcmlhbGhhbmRsaW5nLmNvbVwvd3AtY29udGVudFwvdXBsb2Fkc1wvTUwwMDMtVjEtMDEtMTUtc2NhbGVkLmpwZyIsInNsaWRlc2hvdyI6ImU3NGUxZjQifQ%3D%3D\">\n\t\t\t\t\t<div class=\"e-gallery-image elementor-gallery-item__image\" data-thumbnail=\"https:\/\/www.allmaterialhandling.com\/wp-content\/uploads\/ML003-V1-01-15-768x768.jpg\" data-width=\"640\" data-height=\"640\" aria-label=\"\" role=\"img\" ><\/div>\n\t\t\t\t\t\t\t\t\t\t\t<div class=\"elementor-gallery-item__overlay\"><\/div>\n\t\t\t\t\t\t\t\t\t\t\t\t\t\t\t<div class=\"elementor-gallery-item__content\">\n\t\t\t\t\t\t\t\t\t\t\t\t\t\t<div class=\"elementor-gallery-item__title\">\n\t\t\t\t\t\t\t\t\t\t\t\t\t\t\t\t\t\tML003\t\t\t\t\t\t\t\t<\/div>\n\t\t\t\t\t\t\t\t\t\t\t\t<\/div>\n\t\t\t\t\t\t\t\t\t<\/a>\n\t\t\t\t\t\t\t<a class=\"e-gallery-item elementor-gallery-item elementor-animated-content\" href=\"https:\/\/www.allmaterialhandling.com\/wp-content\/uploads\/ML005-V1-01-01-scaled.jpg\" data-elementor-open-lightbox=\"yes\" data-elementor-lightbox-slideshow=\"e74e1f4\" data-elementor-lightbox-title=\"ML005\" data-e-action-hash=\"#elementor-action%3Aaction%3Dlightbox%26settings%3DeyJpZCI6OTMxOSwidXJsIjoiaHR0cHM6XC9cL3d3dy5hbGxtYXRlcmlhbGhhbmRsaW5nLmNvbVwvd3AtY29udGVudFwvdXBsb2Fkc1wvTUwwMDUtVjEtMDEtMDEtc2NhbGVkLmpwZyIsInNsaWRlc2hvdyI6ImU3NGUxZjQifQ%3D%3D\">\n\t\t\t\t\t<div class=\"e-gallery-image elementor-gallery-item__image\" data-thumbnail=\"https:\/\/www.allmaterialhandling.com\/wp-content\/uploads\/ML005-V1-01-01-768x768.jpg\" data-width=\"640\" data-height=\"640\" aria-label=\"\" role=\"img\" ><\/div>\n\t\t\t\t\t\t\t\t\t\t\t<div class=\"elementor-gallery-item__overlay\"><\/div>\n\t\t\t\t\t\t\t\t\t\t\t\t\t\t\t<div class=\"elementor-gallery-item__content\">\n\t\t\t\t\t\t\t\t\t\t\t\t\t\t<div class=\"elementor-gallery-item__title\">\n\t\t\t\t\t\t\t\t\t\t\t\t\t\t\t\t\t\tML005\t\t\t\t\t\t\t\t<\/div>\n\t\t\t\t\t\t\t\t\t\t\t\t<\/div>\n\t\t\t\t\t\t\t\t\t<\/a>\n\t\t\t\t\t\t\t<a class=\"e-gallery-item elementor-gallery-item elementor-animated-content\" href=\"https:\/\/www.allmaterialhandling.com\/wp-content\/uploads\/ML005-V1-01-15-scaled.jpg\" data-elementor-open-lightbox=\"yes\" data-elementor-lightbox-slideshow=\"e74e1f4\" data-elementor-lightbox-title=\"ML005\" data-e-action-hash=\"#elementor-action%3Aaction%3Dlightbox%26settings%3DeyJpZCI6OTMyMCwidXJsIjoiaHR0cHM6XC9cL3d3dy5hbGxtYXRlcmlhbGhhbmRsaW5nLmNvbVwvd3AtY29udGVudFwvdXBsb2Fkc1wvTUwwMDUtVjEtMDEtMTUtc2NhbGVkLmpwZyIsInNsaWRlc2hvdyI6ImU3NGUxZjQifQ%3D%3D\">\n\t\t\t\t\t<div class=\"e-gallery-image elementor-gallery-item__image\" data-thumbnail=\"https:\/\/www.allmaterialhandling.com\/wp-content\/uploads\/ML005-V1-01-15-768x768.jpg\" data-width=\"640\" data-height=\"640\" aria-label=\"\" role=\"img\" ><\/div>\n\t\t\t\t\t\t\t\t\t\t\t<div class=\"elementor-gallery-item__overlay\"><\/div>\n\t\t\t\t\t\t\t\t\t\t\t\t\t\t\t<div class=\"elementor-gallery-item__content\">\n\t\t\t\t\t\t\t\t\t\t\t\t\t\t<div class=\"elementor-gallery-item__title\">\n\t\t\t\t\t\t\t\t\t\t\t\t\t\t\t\t\t\tML005\t\t\t\t\t\t\t\t<\/div>\n\t\t\t\t\t\t\t\t\t\t\t\t<\/div>\n\t\t\t\t\t\t\t\t\t<\/a>\n\t\t\t\t\t<\/div>\n\t\t\t\t\t<\/div>\n\t\t\t\t<\/div>\n\t\t\t\t\t<\/div>\n\t\t<\/div>\n\t\t\t\t\t<\/div>\n\t\t<\/section>\n\t\t\t\t\t<\/div>\n\t\t<\/div>\n\t\t\t\t\t<\/div>\n\t\t<\/section>\n\t\t\t\t<\/div>","protected":false},"excerpt":{"rendered":"<p>Polipastos de cadena de palanca Serie ML Mini * La capacidad m\u00ednima de la palanca es la carga necesaria para activar el freno de seguridad autom\u00e1tico. El freno detendr\u00e1 una carga aunque...<\/p>","protected":false},"author":1,"featured_media":11581,"parent":1102,"menu_order":0,"comment_status":"closed","ping_status":"closed","template":"template-pagebuilder.php","meta":{"footnotes":""},"categories":[19],"tags":[],"class_list":["post-2051","page","type-page","status-publish","has-post-thumbnail","hentry","category-lever-chain-hoists"],"jetpack_sharing_enabled":true,"_links":{"self":[{"href":"https:\/\/www.allmaterialhandling.com\/es\/wp-json\/wp\/v2\/pages\/2051","targetHints":{"allow":["GET"]}}],"collection":[{"href":"https:\/\/www.allmaterialhandling.com\/es\/wp-json\/wp\/v2\/pages"}],"about":[{"href":"https:\/\/www.allmaterialhandling.com\/es\/wp-json\/wp\/v2\/types\/page"}],"author":[{"embeddable":true,"href":"https:\/\/www.allmaterialhandling.com\/es\/wp-json\/wp\/v2\/users\/1"}],"replies":[{"embeddable":true,"href":"https:\/\/www.allmaterialhandling.com\/es\/wp-json\/wp\/v2\/comments?post=2051"}],"version-history":[{"count":151,"href":"https:\/\/www.allmaterialhandling.com\/es\/wp-json\/wp\/v2\/pages\/2051\/revisions"}],"predecessor-version":[{"id":13454,"href":"https:\/\/www.allmaterialhandling.com\/es\/wp-json\/wp\/v2\/pages\/2051\/revisions\/13454"}],"up":[{"embeddable":true,"href":"https:\/\/www.allmaterialhandling.com\/es\/wp-json\/wp\/v2\/pages\/1102"}],"wp:featuredmedia":[{"embeddable":true,"href":"https:\/\/www.allmaterialhandling.com\/es\/wp-json\/wp\/v2\/media\/11581"}],"wp:attachment":[{"href":"https:\/\/www.allmaterialhandling.com\/es\/wp-json\/wp\/v2\/media?parent=2051"}],"wp:term":[{"taxonomy":"category","embeddable":true,"href":"https:\/\/www.allmaterialhandling.com\/es\/wp-json\/wp\/v2\/categories?post=2051"},{"taxonomy":"post_tag","embeddable":true,"href":"https:\/\/www.allmaterialhandling.com\/es\/wp-json\/wp\/v2\/tags?post=2051"}],"curies":[{"name":"wp","href":"https:\/\/api.w.org\/{rel}","templated":true}]}}