{"id":14441,"date":"2026-03-09T10:35:34","date_gmt":"2026-03-09T10:35:34","guid":{"rendered":"https:\/\/www.allmaterialhandling.com\/?page_id=14441"},"modified":"2026-03-09T10:36:43","modified_gmt":"2026-03-09T10:36:43","slug":"complex-escalator-replacement","status":"publish","type":"page","link":"https:\/\/www.allmaterialhandling.com\/es\/news\/complex-escalator-replacement\/","title":{"rendered":"Sustituci\u00f3n de escaleras mec\u00e1nicas complejas"},"content":{"rendered":"<div data-elementor-type=\"wp-page\" data-elementor-id=\"14441\" class=\"elementor elementor-14441\" data-elementor-settings=\"{&quot;ha_cmc_init_switcher&quot;:&quot;no&quot;}\" data-elementor-post-type=\"page\">\n\t\t\t\t\t\t<section class=\"has_eae_slider elementor-section elementor-top-section elementor-element elementor-element-41de89c elementor-section-boxed elementor-section-height-default elementor-section-height-default\" data-eae-slider=\"58353\" data-id=\"41de89c\" data-element_type=\"section\" data-settings=\"{&quot;_ha_eqh_enable&quot;:false}\">\n\t\t\t\t\t\t<div class=\"elementor-container elementor-column-gap-default\">\n\t\t\t\t\t<div class=\"has_eae_slider elementor-column elementor-col-100 elementor-top-column elementor-element elementor-element-aefb978\" data-eae-slider=\"76653\" data-id=\"aefb978\" data-element_type=\"column\">\n\t\t\t<div class=\"elementor-widget-wrap elementor-element-populated\">\n\t\t\t\t\t\t<section class=\"has_eae_slider elementor-section elementor-inner-section elementor-element elementor-element-031c9dd elementor-section-boxed elementor-section-height-default elementor-section-height-default\" data-eae-slider=\"79590\" data-id=\"031c9dd\" data-element_type=\"section\" data-settings=\"{&quot;_ha_eqh_enable&quot;:false}\">\n\t\t\t\t\t\t<div class=\"elementor-container elementor-column-gap-default\">\n\t\t\t\t\t<div class=\"has_eae_slider elementor-column elementor-col-100 elementor-inner-column elementor-element elementor-element-b268623\" data-eae-slider=\"33894\" data-id=\"b268623\" data-element_type=\"column\">\n\t\t\t<div class=\"elementor-widget-wrap elementor-element-populated\">\n\t\t\t\t\t\t<div class=\"elementor-element elementor-element-46aafde elementor-widget elementor-widget-heading\" data-id=\"46aafde\" data-element_type=\"widget\" data-widget_type=\"heading.default\">\n\t\t\t\t<div class=\"elementor-widget-container\">\n\t\t\t\t\t<h2 class=\"elementor-heading-title elementor-size-default\">La compleja sustituci\u00f3n de una escalera mec\u00e1nica muestra soluciones avanzadas de aparejo<\/h2>\t\t\t\t<\/div>\n\t\t\t\t<\/div>\n\t\t\t\t\t<\/div>\n\t\t<\/div>\n\t\t\t\t\t<\/div>\n\t\t<\/section>\n\t\t\t\t<div class=\"elementor-element elementor-element-b5fcd24 elementor-widget elementor-widget-heading\" data-id=\"b5fcd24\" data-element_type=\"widget\" data-widget_type=\"heading.default\">\n\t\t\t\t<div class=\"elementor-widget-container\">\n\t\t\t\t\t<h5 class=\"elementor-heading-title elementor-size-default\">Comunicado de prensa AMH - Diciembre de 2025<\/h5>\t\t\t\t<\/div>\n\t\t\t\t<\/div>\n\t\t\t\t\t<\/div>\n\t\t<\/div>\n\t\t\t\t\t<\/div>\n\t\t<\/section>\n\t\t\t\t<section class=\"has_eae_slider elementor-section elementor-top-section elementor-element elementor-element-fbfb585 elementor-section-boxed elementor-section-height-default elementor-section-height-default\" data-eae-slider=\"37781\" data-id=\"fbfb585\" data-element_type=\"section\" data-settings=\"{&quot;_ha_eqh_enable&quot;:false}\">\n\t\t\t\t\t\t<div class=\"elementor-container elementor-column-gap-default\">\n\t\t\t\t\t<div class=\"has_eae_slider elementor-column elementor-col-50 elementor-top-column elementor-element elementor-element-9d9f502\" data-eae-slider=\"10025\" data-id=\"9d9f502\" data-element_type=\"column\">\n\t\t\t<div class=\"elementor-widget-wrap elementor-element-populated\">\n\t\t\t\t\t\t<div class=\"elementor-element elementor-element-b5b7b61 elementor-widget elementor-widget-text-editor\" data-id=\"b5b7b61\" data-element_type=\"widget\" data-widget_type=\"text-editor.default\">\n\t\t\t\t<div class=\"elementor-widget-container\">\n\t\t\t\t\t\t\t\t\t<p style=\"background: white;\"><span lang=\"EN-US\" style=\"color: #222222;\">Sustituir una escalera mec\u00e1nica nunca es una tarea sencilla. Con componentes pesados, envolturas estructurales estrechas y una altura libre limitada, cada movimiento exige una coordinaci\u00f3n deliberada y un control exhaustivo.\u00a0<b>aparejo s\u00f3lido como una roca<\/b>. Un proyecto reciente (capturado en la imagen adjunta) pone de relieve c\u00f3mo los aparejadores modernos est\u00e1n utilizando hardware avanzado y una planificaci\u00f3n concisa para ejecutar con seguridad uno de los ascensores m\u00e1s desafiantes en el mundo del transporte vertical.<\/span><\/p><p style=\"background: white;\"><span lang=\"EN-US\" style=\"color: #222222;\">Los elementos centrales de la configuraci\u00f3n son\u00a0<b>CARTEC<\/b>\u00a0<strong>acortadores de eslingas de cadena en l\u00ednea<\/strong>para mantener un control preciso de la carga mientras se navega por la geometr\u00eda reducida del t\u00fanel. Estos dispositivos permiten a los riggers ajustar con precisi\u00f3n las longitudes de las eslingas y los \u00e1ngulos de las patas sobre la marcha, garantizando que las secciones suspendidas de las escaleras mec\u00e1nicas permanezcan niveladas durante la extracci\u00f3n y el reposicionamiento. En operaciones como \u00e9sta, en las que los cent\u00edmetros importan y los cambios en la distribuci\u00f3n de la carga pueden crear graves peligros, la capacidad de realizar microajustes es fundamental.<\/span><\/p><p style=\"background: white;\"><span lang=\"EN-US\" style=\"color: #222222;\">Equipado con\u00a0<b>CARTEC\u00a0<strong>ganchos de acortamiento integrados<\/strong><\/b>Las eslingas de cadena eliminan la necesidad de herrajes adicionales o soluciones improvisadas. Los ganchos se enganchan positivamente a los eslabones de la cadena sin degradar los l\u00edmites de carga de trabajo, lo que permite un acortamiento r\u00e1pido y seguro a la vez que se mantiene un aparejo compacto, una gran ventaja en entornos de altura reducida. Este enfoque integrado reduce el desorden, minimiza los riesgos de enganche y ayuda al personal a mantener una trayectoria de carga limpia y predecible en cada fase de la elevaci\u00f3n.<\/span><\/p><p style=\"background: white;\"><span lang=\"EN-US\" style=\"color: #222222;\">La imagen muestra estos componentes trabajando al un\u00edsono: eslingas de cadena equilibradas en varios puntos de elevaci\u00f3n, tensi\u00f3n igualada mediante acortamientos estrat\u00e9gicos y polipastos preparados para acomodar cargas verticales y angulares. Es un ejemplo real de c\u00f3mo\u00a0<strong>acortamiento integrado de eslingas de cadena<\/strong>\u00a0impulsa la eficacia y la seguridad en proyectos complejos de sustituci\u00f3n de escaleras mec\u00e1nicas.<\/span><\/p>\t\t\t\t\t\t\t\t<\/div>\n\t\t\t\t<\/div>\n\t\t\t\t\t<\/div>\n\t\t<\/div>\n\t\t\t\t<div class=\"has_eae_slider elementor-column elementor-col-50 elementor-top-column elementor-element elementor-element-67d6dbe\" data-eae-slider=\"89343\" data-id=\"67d6dbe\" data-element_type=\"column\">\n\t\t\t<div class=\"elementor-widget-wrap elementor-element-populated\">\n\t\t\t\t\t\t<div class=\"elementor-element elementor-element-1ddabb3 elementor-widget elementor-widget-image\" data-id=\"1ddabb3\" data-element_type=\"widget\" data-widget_type=\"image.default\">\n\t\t\t\t<div class=\"elementor-widget-container\">\n\t\t\t\t\t\t\t\t\t\t\t\t\t\t\t<img fetchpriority=\"high\" decoding=\"async\" width=\"640\" height=\"853\" src=\"https:\/\/www.allmaterialhandling.com\/wp-content\/uploads\/CARTEC-Sling-768x1024.jpg\" class=\"attachment-large size-large wp-image-14431\" alt=\"\" srcset=\"https:\/\/www.allmaterialhandling.com\/wp-content\/uploads\/CARTEC-Sling-768x1024.jpg 768w, https:\/\/www.allmaterialhandling.com\/wp-content\/uploads\/CARTEC-Sling-225x300.jpg 225w, https:\/\/www.allmaterialhandling.com\/wp-content\/uploads\/CARTEC-Sling-1152x1536.jpg 1152w, https:\/\/www.allmaterialhandling.com\/wp-content\/uploads\/CARTEC-Sling-1536x2048.jpg 1536w, https:\/\/www.allmaterialhandling.com\/wp-content\/uploads\/CARTEC-Sling-9x12.jpg 9w, https:\/\/www.allmaterialhandling.com\/wp-content\/uploads\/CARTEC-Sling-18x24.jpg 18w, https:\/\/www.allmaterialhandling.com\/wp-content\/uploads\/CARTEC-Sling-27x36.jpg 27w, https:\/\/www.allmaterialhandling.com\/wp-content\/uploads\/CARTEC-Sling-36x48.jpg 36w, https:\/\/www.allmaterialhandling.com\/wp-content\/uploads\/CARTEC-Sling-scaled.jpg 1920w\" sizes=\"(max-width: 640px) 100vw, 640px\" \/>\t\t\t\t\t\t\t\t\t\t\t\t\t\t\t<\/div>\n\t\t\t\t<\/div>\n\t\t\t\t\t<\/div>\n\t\t<\/div>\n\t\t\t\t\t<\/div>\n\t\t<\/section>\n\t\t\t\t<section class=\"has_eae_slider elementor-section elementor-top-section elementor-element elementor-element-dcc0260 elementor-section-boxed elementor-section-height-default elementor-section-height-default\" data-eae-slider=\"7206\" data-id=\"dcc0260\" data-element_type=\"section\" data-settings=\"{&quot;_ha_eqh_enable&quot;:false}\">\n\t\t\t\t\t\t<div class=\"elementor-container elementor-column-gap-default\">\n\t\t\t\t\t<div class=\"has_eae_slider elementor-column elementor-col-100 elementor-top-column elementor-element elementor-element-c1a15d3\" data-eae-slider=\"50638\" data-id=\"c1a15d3\" data-element_type=\"column\">\n\t\t\t<div class=\"elementor-widget-wrap elementor-element-populated\">\n\t\t\t\t\t\t<div class=\"elementor-element elementor-element-7cb073e elementor-widget elementor-widget-text-editor\" data-id=\"7cb073e\" data-element_type=\"widget\" data-widget_type=\"text-editor.default\">\n\t\t\t\t<div class=\"elementor-widget-container\">\n\t\t\t\t\t\t\t\t\t<p>Para los aparejadores que se encargan de estas exigentes tareas, este trabajo es un recordatorio de que, aunque los retos pueden ser considerables, el aparejo adecuado, junto con la experiencia y la destreza, hace posible incluso la sustituci\u00f3n m\u00e1s compleja.<\/p><p>Centr\u00e1ndose en ofrecer productos superiores, un servicio excepcional y una experiencia l\u00edder en el sector, AMH contin\u00faa elevando las expectativas en todo el sector de la manipulaci\u00f3n de materiales.<\/p><p>\"Nos enorgullecemos de ofrecer equipos y servicios de primer nivel, con un toque personal\", afirma Peter Brettner, presidente y propietario. \"Cuando se ponga en contacto con AMH, hablar\u00e1 con representantes expertos y amables que se preocupan por sus necesidades\".<\/p><p><strong>P\u00f3ngase en contacto con All Material Handling <\/strong>para\u00a0<strong>Cadena CARTEC G100 y accesorios<\/strong>\u00a0y muchos m\u00e1s productos de aparejo, como\u00a0<strong>polipastos y pinzas de elevaci\u00f3n de placas.<\/strong><\/p><p>\ud83d\udcde <strong>877-543-8264<\/strong><br \/>\ud83d\udce7 <strong>sales@allmaterialhandling.com<\/strong><br \/>\ud83c\udf10 <a href=\"http:\/\/www.allmaterialhandling.com\/es\/\"><strong>www.allmaterialhandling.com<\/strong><\/a><\/p>\t\t\t\t\t\t\t\t<\/div>\n\t\t\t\t<\/div>\n\t\t\t\t\t<\/div>\n\t\t<\/div>\n\t\t\t\t\t<\/div>\n\t\t<\/section>\n\t\t\t\t<\/div>","protected":false},"excerpt":{"rendered":"<p>La compleja sustituci\u00f3n de una escalera mec\u00e1nica muestra las soluciones avanzadas de aparejo Comunicado de prensa de AMH - Diciembre de 2025 La sustituci\u00f3n de una escalera mec\u00e1nica nunca es una tarea sencilla. Con componentes pesados,...<\/p>","protected":false},"author":1,"featured_media":14431,"parent":725,"menu_order":0,"comment_status":"closed","ping_status":"closed","template":"template-pagebuilder.php","meta":{"footnotes":""},"categories":[73],"tags":[],"class_list":["post-14441","page","type-page","status-publish","has-post-thumbnail","hentry","category-news"],"jetpack_sharing_enabled":true,"_links":{"self":[{"href":"https:\/\/www.allmaterialhandling.com\/es\/wp-json\/wp\/v2\/pages\/14441","targetHints":{"allow":["GET"]}}],"collection":[{"href":"https:\/\/www.allmaterialhandling.com\/es\/wp-json\/wp\/v2\/pages"}],"about":[{"href":"https:\/\/www.allmaterialhandling.com\/es\/wp-json\/wp\/v2\/types\/page"}],"author":[{"embeddable":true,"href":"https:\/\/www.allmaterialhandling.com\/es\/wp-json\/wp\/v2\/users\/1"}],"replies":[{"embeddable":true,"href":"https:\/\/www.allmaterialhandling.com\/es\/wp-json\/wp\/v2\/comments?post=14441"}],"version-history":[{"count":10,"href":"https:\/\/www.allmaterialhandling.com\/es\/wp-json\/wp\/v2\/pages\/14441\/revisions"}],"predecessor-version":[{"id":14451,"href":"https:\/\/www.allmaterialhandling.com\/es\/wp-json\/wp\/v2\/pages\/14441\/revisions\/14451"}],"up":[{"embeddable":true,"href":"https:\/\/www.allmaterialhandling.com\/es\/wp-json\/wp\/v2\/pages\/725"}],"wp:featuredmedia":[{"embeddable":true,"href":"https:\/\/www.allmaterialhandling.com\/es\/wp-json\/wp\/v2\/media\/14431"}],"wp:attachment":[{"href":"https:\/\/www.allmaterialhandling.com\/es\/wp-json\/wp\/v2\/media?parent=14441"}],"wp:term":[{"taxonomy":"category","embeddable":true,"href":"https:\/\/www.allmaterialhandling.com\/es\/wp-json\/wp\/v2\/categories?post=14441"},{"taxonomy":"post_tag","embeddable":true,"href":"https:\/\/www.allmaterialhandling.com\/es\/wp-json\/wp\/v2\/tags?post=14441"}],"curies":[{"name":"wp","href":"https:\/\/api.w.org\/{rel}","templated":true}]}}