{"id":14428,"date":"2026-03-09T10:12:51","date_gmt":"2026-03-09T10:12:51","guid":{"rendered":"https:\/\/www.allmaterialhandling.com\/?page_id=14428"},"modified":"2026-03-09T10:24:07","modified_gmt":"2026-03-09T10:24:07","slug":"cdfxa-inline-shortening-hook","status":"publish","type":"page","link":"https:\/\/www.allmaterialhandling.com\/es\/news\/cdfxa-inline-shortening-hook\/","title":{"rendered":"CDFXA Gancho acortador en l\u00ednea"},"content":{"rendered":"<div data-elementor-type=\"wp-page\" data-elementor-id=\"14428\" class=\"elementor elementor-14428\" data-elementor-settings=\"{&quot;ha_cmc_init_switcher&quot;:&quot;no&quot;}\" data-elementor-post-type=\"page\">\n\t\t\t\t\t\t<section class=\"has_eae_slider elementor-section elementor-top-section elementor-element elementor-element-41de89c elementor-section-boxed elementor-section-height-default elementor-section-height-default\" data-eae-slider=\"40820\" data-id=\"41de89c\" data-element_type=\"section\" data-settings=\"{&quot;_ha_eqh_enable&quot;:false}\">\n\t\t\t\t\t\t<div class=\"elementor-container elementor-column-gap-default\">\n\t\t\t\t\t<div class=\"has_eae_slider elementor-column elementor-col-100 elementor-top-column elementor-element elementor-element-aefb978\" data-eae-slider=\"35730\" data-id=\"aefb978\" data-element_type=\"column\">\n\t\t\t<div class=\"elementor-widget-wrap elementor-element-populated\">\n\t\t\t\t\t\t<section class=\"has_eae_slider elementor-section elementor-inner-section elementor-element elementor-element-031c9dd elementor-section-boxed elementor-section-height-default elementor-section-height-default\" data-eae-slider=\"51810\" data-id=\"031c9dd\" data-element_type=\"section\" data-settings=\"{&quot;_ha_eqh_enable&quot;:false}\">\n\t\t\t\t\t\t<div class=\"elementor-container elementor-column-gap-default\">\n\t\t\t\t\t<div class=\"has_eae_slider elementor-column elementor-col-100 elementor-inner-column elementor-element elementor-element-b268623\" data-eae-slider=\"44888\" data-id=\"b268623\" data-element_type=\"column\">\n\t\t\t<div class=\"elementor-widget-wrap elementor-element-populated\">\n\t\t\t\t\t\t<div class=\"elementor-element elementor-element-46aafde elementor-widget elementor-widget-heading\" data-id=\"46aafde\" data-element_type=\"widget\" data-widget_type=\"heading.default\">\n\t\t\t\t<div class=\"elementor-widget-container\">\n\t\t\t\t\t<h2 class=\"elementor-heading-title elementor-size-default\">Los ganchos acortadores en l\u00ednea AMH CDFXA de CARTEC<\/h2>\t\t\t\t<\/div>\n\t\t\t\t<\/div>\n\t\t\t\t\t<\/div>\n\t\t<\/div>\n\t\t\t\t\t<\/div>\n\t\t<\/section>\n\t\t\t\t<div class=\"elementor-element elementor-element-b5fcd24 elementor-widget elementor-widget-heading\" data-id=\"b5fcd24\" data-element_type=\"widget\" data-widget_type=\"heading.default\">\n\t\t\t\t<div class=\"elementor-widget-container\">\n\t\t\t\t\t<h5 class=\"elementor-heading-title elementor-size-default\">Comunicado de prensa AMH - Septiembre de 2025<\/h5>\t\t\t\t<\/div>\n\t\t\t\t<\/div>\n\t\t\t\t\t<\/div>\n\t\t<\/div>\n\t\t\t\t\t<\/div>\n\t\t<\/section>\n\t\t\t\t<section class=\"has_eae_slider elementor-section elementor-top-section elementor-element elementor-element-fbfb585 elementor-section-boxed elementor-section-height-default elementor-section-height-default\" data-eae-slider=\"62324\" data-id=\"fbfb585\" data-element_type=\"section\" data-settings=\"{&quot;_ha_eqh_enable&quot;:false}\">\n\t\t\t\t\t\t<div class=\"elementor-container elementor-column-gap-default\">\n\t\t\t\t\t<div class=\"has_eae_slider elementor-column elementor-col-50 elementor-top-column elementor-element elementor-element-9d9f502\" data-eae-slider=\"98515\" data-id=\"9d9f502\" data-element_type=\"column\">\n\t\t\t<div class=\"elementor-widget-wrap elementor-element-populated\">\n\t\t\t\t\t\t<div class=\"elementor-element elementor-element-b5b7b61 elementor-widget elementor-widget-text-editor\" data-id=\"b5b7b61\" data-element_type=\"widget\" data-widget_type=\"text-editor.default\">\n\t\t\t\t<div class=\"elementor-widget-container\">\n\t\t\t\t\t\t\t\t\t<p>All Material Handling (AMH) ofrece la <strong>CARTEC CDFXA Conjuntos de gancho de acortamiento de horquilla en l\u00ednea<\/strong>-un complemento inteligente para los fiables accesorios de cadena de grado 100 de CARTEC Fabricado en Italia.<\/p><p>El CDFXA est\u00e1 disponible como <strong>gancho independiente<\/strong> o como <strong>conjunto totalmente integrado con eslabones maestros<\/strong> para eslingas de cadena de una, dos y cuatro patas. Con tama\u00f1os que van desde <strong>9\/32\" a 5\/8\"<\/strong>-y ganchos individuales ofrecidos hasta <strong>7\/32\"<\/strong>-el CDFXA ofrece una de las gamas m\u00e1s completas del mercado.<\/p><p><strong>Eslinga ajustable de dise\u00f1o aerodin\u00e1mico<\/strong><\/p><p>Las eslingas de cadena ajustables son comunes, pero la forma en que se construyen est\u00e1 evolucionando con las innovaciones tecnol\u00f3gicas. El conjunto de gancho acortador en l\u00ednea CDFXA reduce la cantidad de componentes en comparaci\u00f3n con los dise\u00f1os de eslingas convencionales.<\/p><p>Por ejemplo, el <strong>CDFXA2 Cabezada de eslinga ajustable de dos patas<\/strong> sustituye un conjunto superior tradicional de 7 piezas por un \u00fanico herraje integrado. Este dise\u00f1o \u00fanico combina la <strong>funcionalidad de un eslab\u00f3n maestro, un eslab\u00f3n de conexi\u00f3n y un gancho de agarre<\/strong>-eliminando la necesidad de una pata de ajuste.<\/p><p>Un menor n\u00famero de piezas ofrece ventajas t\u00e9cnicas, como:<\/p><ul><li><strong>Peso reducido<\/strong> para un manejo m\u00e1s f\u00e1cil<\/li><li><strong>Inspecciones m\u00e1s r\u00e1pidas<\/strong> con menos hardware que comprobar<\/li><li><strong>Menor tiempo de montaje y costes de mano de obra<\/strong> para fabricantes de eslingas<\/li><\/ul>\t\t\t\t\t\t\t\t<\/div>\n\t\t\t\t<\/div>\n\t\t\t\t\t<\/div>\n\t\t<\/div>\n\t\t\t\t<div class=\"has_eae_slider elementor-column elementor-col-50 elementor-top-column elementor-element elementor-element-67d6dbe\" data-eae-slider=\"89220\" data-id=\"67d6dbe\" data-element_type=\"column\">\n\t\t\t<div class=\"elementor-widget-wrap elementor-element-populated\">\n\t\t\t\t\t\t<div class=\"elementor-element elementor-element-1ddabb3 elementor-widget elementor-widget-image\" data-id=\"1ddabb3\" data-element_type=\"widget\" data-widget_type=\"image.default\">\n\t\t\t\t<div class=\"elementor-widget-container\">\n\t\t\t\t\t\t\t\t\t\t\t\t\t\t\t<img fetchpriority=\"high\" decoding=\"async\" width=\"640\" height=\"869\" src=\"https:\/\/www.allmaterialhandling.com\/wp-content\/uploads\/Cartec-Inline-Shortening-Hook-754x1024.jpg\" class=\"attachment-large size-large wp-image-14430\" alt=\"\" srcset=\"https:\/\/www.allmaterialhandling.com\/wp-content\/uploads\/Cartec-Inline-Shortening-Hook-754x1024.jpg 754w, https:\/\/www.allmaterialhandling.com\/wp-content\/uploads\/Cartec-Inline-Shortening-Hook-221x300.jpg 221w, https:\/\/www.allmaterialhandling.com\/wp-content\/uploads\/Cartec-Inline-Shortening-Hook-768x1043.jpg 768w, https:\/\/www.allmaterialhandling.com\/wp-content\/uploads\/Cartec-Inline-Shortening-Hook-1131x1536.jpg 1131w, https:\/\/www.allmaterialhandling.com\/wp-content\/uploads\/Cartec-Inline-Shortening-Hook-1508x2048.jpg 1508w, https:\/\/www.allmaterialhandling.com\/wp-content\/uploads\/Cartec-Inline-Shortening-Hook-9x12.jpg 9w, https:\/\/www.allmaterialhandling.com\/wp-content\/uploads\/Cartec-Inline-Shortening-Hook-18x24.jpg 18w, https:\/\/www.allmaterialhandling.com\/wp-content\/uploads\/Cartec-Inline-Shortening-Hook-27x36.jpg 27w, https:\/\/www.allmaterialhandling.com\/wp-content\/uploads\/Cartec-Inline-Shortening-Hook-35x48.jpg 35w, https:\/\/www.allmaterialhandling.com\/wp-content\/uploads\/Cartec-Inline-Shortening-Hook-scaled.jpg 1885w\" sizes=\"(max-width: 640px) 100vw, 640px\" \/>\t\t\t\t\t\t\t\t\t\t\t\t\t\t\t<\/div>\n\t\t\t\t<\/div>\n\t\t\t\t\t<\/div>\n\t\t<\/div>\n\t\t\t\t\t<\/div>\n\t\t<\/section>\n\t\t\t\t<section class=\"has_eae_slider elementor-section elementor-top-section elementor-element elementor-element-dcc0260 elementor-section-boxed elementor-section-height-default elementor-section-height-default\" data-eae-slider=\"1406\" data-id=\"dcc0260\" data-element_type=\"section\" data-settings=\"{&quot;_ha_eqh_enable&quot;:false}\">\n\t\t\t\t\t\t<div class=\"elementor-container elementor-column-gap-default\">\n\t\t\t\t\t<div class=\"has_eae_slider elementor-column elementor-col-100 elementor-top-column elementor-element elementor-element-c1a15d3\" data-eae-slider=\"47523\" data-id=\"c1a15d3\" data-element_type=\"column\">\n\t\t\t<div class=\"elementor-widget-wrap elementor-element-populated\">\n\t\t\t\t\t\t<div class=\"elementor-element elementor-element-7cb073e elementor-widget elementor-widget-text-editor\" data-id=\"7cb073e\" data-element_type=\"widget\" data-widget_type=\"text-editor.default\">\n\t\t\t\t<div class=\"elementor-widget-container\">\n\t\t\t\t\t\t\t\t\t<p><strong>Calidad de confianza<\/strong><\/p><p>Fabricados en Italia a partir de acero forjado de alta calidad, los racores CARTEC ofrecen durabilidad y rendimiento a un precio asequible. <strong>precio competitivo<\/strong>. Con existencias disponibles en EE.UU. y el apoyo de los cuatro centros de distribuci\u00f3n de AMH, los clientes se benefician tanto de la comodidad como de la fiabilidad y el servicio.<\/p><p>Para m\u00e1s informaci\u00f3n, p\u00f3ngase en contacto con su representante de AMH o llame al tel\u00e9fono\u00a0 <strong>312-698-8658<\/strong>.<br \/>M\u00e1s informaci\u00f3n en l\u00ednea: <a href=\"http:\/\/www.allmaterialhandling.com\/es\/\"><strong>www.allmaterialhandling.com<\/strong><\/a><\/p>\t\t\t\t\t\t\t\t<\/div>\n\t\t\t\t<\/div>\n\t\t\t\t\t<\/div>\n\t\t<\/div>\n\t\t\t\t\t<\/div>\n\t\t<\/section>\n\t\t\t\t<\/div>","protected":false},"excerpt":{"rendered":"<p>Los conjuntos de gancho acortador en l\u00ednea CDFXA de CARTEC AMH Comunicado de prensa - Septiembre de 2025 All Material Handling (AMH) ofrece los conjuntos de gancho acortador en l\u00ednea CDFXA de CARTEC...<\/p>","protected":false},"author":1,"featured_media":14430,"parent":725,"menu_order":0,"comment_status":"closed","ping_status":"closed","template":"template-pagebuilder.php","meta":{"footnotes":""},"categories":[73],"tags":[],"class_list":["post-14428","page","type-page","status-publish","has-post-thumbnail","hentry","category-news"],"jetpack_sharing_enabled":true,"_links":{"self":[{"href":"https:\/\/www.allmaterialhandling.com\/es\/wp-json\/wp\/v2\/pages\/14428","targetHints":{"allow":["GET"]}}],"collection":[{"href":"https:\/\/www.allmaterialhandling.com\/es\/wp-json\/wp\/v2\/pages"}],"about":[{"href":"https:\/\/www.allmaterialhandling.com\/es\/wp-json\/wp\/v2\/types\/page"}],"author":[{"embeddable":true,"href":"https:\/\/www.allmaterialhandling.com\/es\/wp-json\/wp\/v2\/users\/1"}],"replies":[{"embeddable":true,"href":"https:\/\/www.allmaterialhandling.com\/es\/wp-json\/wp\/v2\/comments?post=14428"}],"version-history":[{"count":10,"href":"https:\/\/www.allmaterialhandling.com\/es\/wp-json\/wp\/v2\/pages\/14428\/revisions"}],"predecessor-version":[{"id":14440,"href":"https:\/\/www.allmaterialhandling.com\/es\/wp-json\/wp\/v2\/pages\/14428\/revisions\/14440"}],"up":[{"embeddable":true,"href":"https:\/\/www.allmaterialhandling.com\/es\/wp-json\/wp\/v2\/pages\/725"}],"wp:featuredmedia":[{"embeddable":true,"href":"https:\/\/www.allmaterialhandling.com\/es\/wp-json\/wp\/v2\/media\/14430"}],"wp:attachment":[{"href":"https:\/\/www.allmaterialhandling.com\/es\/wp-json\/wp\/v2\/media?parent=14428"}],"wp:term":[{"taxonomy":"category","embeddable":true,"href":"https:\/\/www.allmaterialhandling.com\/es\/wp-json\/wp\/v2\/categories?post=14428"},{"taxonomy":"post_tag","embeddable":true,"href":"https:\/\/www.allmaterialhandling.com\/es\/wp-json\/wp\/v2\/tags?post=14428"}],"curies":[{"name":"wp","href":"https:\/\/api.w.org\/{rel}","templated":true}]}}