{"id":14400,"date":"2026-02-19T15:28:50","date_gmt":"2026-02-19T15:28:50","guid":{"rendered":"https:\/\/www.allmaterialhandling.com\/?page_id=14400"},"modified":"2026-02-19T15:35:34","modified_gmt":"2026-02-19T15:35:34","slug":"choosing-the-right-chains-and-hooks","status":"publish","type":"page","link":"https:\/\/www.allmaterialhandling.com\/es\/news\/choosing-the-right-chains-and-hooks\/","title":{"rendered":"Elegir las cadenas y los ganchos adecuados"},"content":{"rendered":"<div data-elementor-type=\"wp-page\" data-elementor-id=\"14400\" class=\"elementor elementor-14400\" data-elementor-settings=\"{&quot;ha_cmc_init_switcher&quot;:&quot;no&quot;}\" data-elementor-post-type=\"page\">\n\t\t\t\t\t\t<section class=\"has_eae_slider elementor-section elementor-top-section elementor-element elementor-element-41de89c elementor-section-boxed elementor-section-height-default elementor-section-height-default\" data-eae-slider=\"22693\" data-id=\"41de89c\" data-element_type=\"section\" data-settings=\"{&quot;_ha_eqh_enable&quot;:false}\">\n\t\t\t\t\t\t<div class=\"elementor-container elementor-column-gap-default\">\n\t\t\t\t\t<div class=\"has_eae_slider elementor-column elementor-col-50 elementor-top-column elementor-element elementor-element-aefb978\" data-eae-slider=\"41087\" data-id=\"aefb978\" data-element_type=\"column\">\n\t\t\t<div class=\"elementor-widget-wrap elementor-element-populated\">\n\t\t\t\t\t\t<section class=\"has_eae_slider elementor-section elementor-inner-section elementor-element elementor-element-031c9dd elementor-section-boxed elementor-section-height-default elementor-section-height-default\" data-eae-slider=\"66204\" data-id=\"031c9dd\" data-element_type=\"section\" data-settings=\"{&quot;_ha_eqh_enable&quot;:false}\">\n\t\t\t\t\t\t<div class=\"elementor-container elementor-column-gap-default\">\n\t\t\t\t\t<div class=\"has_eae_slider elementor-column elementor-col-100 elementor-inner-column elementor-element elementor-element-b268623\" data-eae-slider=\"30086\" data-id=\"b268623\" data-element_type=\"column\">\n\t\t\t<div class=\"elementor-widget-wrap elementor-element-populated\">\n\t\t\t\t\t\t<div class=\"elementor-element elementor-element-46aafde elementor-widget elementor-widget-heading\" data-id=\"46aafde\" data-element_type=\"widget\" data-widget_type=\"heading.default\">\n\t\t\t\t<div class=\"elementor-widget-container\">\n\t\t\t\t\t<h2 class=\"elementor-heading-title elementor-size-default\">Conozca su grado: Elegir las cadenas y ganchos adecuados para el trabajo<\/h2>\t\t\t\t<\/div>\n\t\t\t\t<\/div>\n\t\t\t\t\t<\/div>\n\t\t<\/div>\n\t\t\t\t\t<\/div>\n\t\t<\/section>\n\t\t\t\t<div class=\"elementor-element elementor-element-b5fcd24 elementor-widget elementor-widget-heading\" data-id=\"b5fcd24\" data-element_type=\"widget\" data-widget_type=\"heading.default\">\n\t\t\t\t<div class=\"elementor-widget-container\">\n\t\t\t\t\t<h5 class=\"elementor-heading-title elementor-size-default\">Comunicado de prensa AMH - Julio 2025<\/h5>\t\t\t\t<\/div>\n\t\t\t\t<\/div>\n\t\t\t\t<div class=\"elementor-element elementor-element-cb6309b elementor-widget elementor-widget-text-editor\" data-id=\"cb6309b\" data-element_type=\"widget\" data-widget_type=\"text-editor.default\">\n\t\t\t\t<div class=\"elementor-widget-container\">\n\t\t\t\t\t\t\t\t\t<p>Cuando se trata de aparejos, conocer los grados de las cadenas y los ganchos es tan importante como elegir el tama\u00f1o o el estilo adecuados. Tanto si se trata de sujetar cargas como de elevarlas por encima de la cabeza, utilizar el grado correcto de cadenas y ganchos no es solo una recomendaci\u00f3n, sino un requisito de seguridad.<\/p><p>Los ganchos de cadena suelen ser de dos tipos:<\/p><ul><li>Ganchos de horquilla, que se fijan directamente a una cadena.<\/li><li>Ganchos de ojo, que se conectan mediante un eslab\u00f3n de uni\u00f3n.<\/li><\/ul><p>El tipo adecuado depende de su aplicaci\u00f3n espec\u00edfica, pero independientemente del estilo, el grado de la cadena y el gancho es el factor m\u00e1s importante para la seguridad y el cumplimiento.<\/p><p>ASME exige que todos los herrajes de aparejo utilizados para elevaciones a\u00e9reas sean de aleaci\u00f3n G80, G100, G120.  Conocer su grado puede suponer la diferencia entre una elevaci\u00f3n segura y una grave infracci\u00f3n de seguridad.<\/p><p><strong>Comprender los grados de cadenas y ganchos<\/strong><\/p><p><strong>Grado 30 - Utilidad baja en carbono<\/strong><\/p><p>G30, son cadenas y ganchos de acero con bajo contenido en carbono que se utilizan en aplicaciones ligeras, como barandillas y amarres agr\u00edcolas. Estos ganchos suelen tener un acabado de cromato de zinc y no llevan marcas identificativas. No son adecuados para la elevaci\u00f3n por encima de la cabeza.<\/p><p><strong>Grado 43 - Alta Prueba<\/strong><\/p><p>Los ganchos de grado 43, que suelen utilizarse en aplicaciones de remolque, madereras y mar\u00edtimas, cumplen criterios de rendimiento m\u00e1s exigentes. Suelen tener un acabado autocoloreado o de cromato de zinc, y est\u00e1n marcados con \"G43\" en letras en relieve en los ganchos. Sin embargo, no est\u00e1n homologados para la elevaci\u00f3n por encima de la cabeza.<\/p><p><strong>Grado 70 - Gancho de cadena de transporte<\/strong><\/p><p>Fabricados normalmente con acero al carbono tratado t\u00e9rmicamente, los ganchos G70 ofrecen mayor resistencia que los de grado 43. Los ganchos G70, habituales en remolque y sujeci\u00f3n de cargas, suelen tener un acabado distintivo de cromato de zinc dorado, una se\u00f1al visual r\u00e1pida para los inspectores de carretera. Estos ganchos tambi\u00e9n llevan la marca de forja \"G70\". No est\u00e1n homologados para la elevaci\u00f3n por encima de la cabeza.<\/p>\t\t\t\t\t\t\t\t<\/div>\n\t\t\t\t<\/div>\n\t\t\t\t\t<\/div>\n\t\t<\/div>\n\t\t\t\t<div class=\"has_eae_slider elementor-column elementor-col-50 elementor-top-column elementor-element elementor-element-19586cb\" data-eae-slider=\"78711\" data-id=\"19586cb\" data-element_type=\"column\">\n\t\t\t<div class=\"elementor-widget-wrap elementor-element-populated\">\n\t\t\t\t\t\t<div class=\"elementor-element elementor-element-0879ff8 elementor-widget elementor-widget-image\" data-id=\"0879ff8\" data-element_type=\"widget\" data-widget_type=\"image.default\">\n\t\t\t\t<div class=\"elementor-widget-container\">\n\t\t\t\t\t\t\t\t\t\t\t\t\t\t\t<img fetchpriority=\"high\" decoding=\"async\" width=\"300\" height=\"300\" src=\"https:\/\/www.allmaterialhandling.com\/wp-content\/uploads\/Cartec-G10-Clevis-Self-Locking-Hook-300x300.png\" class=\"attachment-medium size-medium wp-image-14394\" alt=\"\" srcset=\"https:\/\/www.allmaterialhandling.com\/wp-content\/uploads\/Cartec-G10-Clevis-Self-Locking-Hook-300x300.png 300w, https:\/\/www.allmaterialhandling.com\/wp-content\/uploads\/Cartec-G10-Clevis-Self-Locking-Hook-150x150.png 150w, https:\/\/www.allmaterialhandling.com\/wp-content\/uploads\/Cartec-G10-Clevis-Self-Locking-Hook-12x12.png 12w, https:\/\/www.allmaterialhandling.com\/wp-content\/uploads\/Cartec-G10-Clevis-Self-Locking-Hook-475x475.png 475w, https:\/\/www.allmaterialhandling.com\/wp-content\/uploads\/Cartec-G10-Clevis-Self-Locking-Hook-24x24.png 24w, https:\/\/www.allmaterialhandling.com\/wp-content\/uploads\/Cartec-G10-Clevis-Self-Locking-Hook-36x36.png 36w, https:\/\/www.allmaterialhandling.com\/wp-content\/uploads\/Cartec-G10-Clevis-Self-Locking-Hook-48x48.png 48w, https:\/\/www.allmaterialhandling.com\/wp-content\/uploads\/Cartec-G10-Clevis-Self-Locking-Hook.png 600w\" sizes=\"(max-width: 300px) 100vw, 300px\" \/>\t\t\t\t\t\t\t\t\t\t\t\t\t\t\t<\/div>\n\t\t\t\t<\/div>\n\t\t\t\t<div class=\"elementor-element elementor-element-f5e181f elementor-widget elementor-widget-text-editor\" data-id=\"f5e181f\" data-element_type=\"widget\" data-widget_type=\"text-editor.default\">\n\t\t\t\t<div class=\"elementor-widget-container\">\n\t\t\t\t\t\t\t\t\t<p style=\"text-align: center;\">Gancho autobloqueante de horquilla Cartec G100<\/p>\t\t\t\t\t\t\t\t<\/div>\n\t\t\t\t<\/div>\n\t\t\t\t<div class=\"elementor-element elementor-element-0c3ee04 elementor-widget elementor-widget-image\" data-id=\"0c3ee04\" data-element_type=\"widget\" data-widget_type=\"image.default\">\n\t\t\t\t<div class=\"elementor-widget-container\">\n\t\t\t\t\t\t\t\t\t\t\t\t\t\t\t<img decoding=\"async\" width=\"300\" height=\"300\" src=\"https:\/\/www.allmaterialhandling.com\/wp-content\/uploads\/Cartec-Stainless-Steel-G60-Eye-Sling-Hook-with-Latch-300x300.png\" class=\"attachment-medium size-medium wp-image-14395\" alt=\"\" srcset=\"https:\/\/www.allmaterialhandling.com\/wp-content\/uploads\/Cartec-Stainless-Steel-G60-Eye-Sling-Hook-with-Latch-300x300.png 300w, https:\/\/www.allmaterialhandling.com\/wp-content\/uploads\/Cartec-Stainless-Steel-G60-Eye-Sling-Hook-with-Latch-150x150.png 150w, https:\/\/www.allmaterialhandling.com\/wp-content\/uploads\/Cartec-Stainless-Steel-G60-Eye-Sling-Hook-with-Latch-12x12.png 12w, https:\/\/www.allmaterialhandling.com\/wp-content\/uploads\/Cartec-Stainless-Steel-G60-Eye-Sling-Hook-with-Latch-475x475.png 475w, https:\/\/www.allmaterialhandling.com\/wp-content\/uploads\/Cartec-Stainless-Steel-G60-Eye-Sling-Hook-with-Latch-24x24.png 24w, https:\/\/www.allmaterialhandling.com\/wp-content\/uploads\/Cartec-Stainless-Steel-G60-Eye-Sling-Hook-with-Latch-36x36.png 36w, https:\/\/www.allmaterialhandling.com\/wp-content\/uploads\/Cartec-Stainless-Steel-G60-Eye-Sling-Hook-with-Latch-48x48.png 48w, https:\/\/www.allmaterialhandling.com\/wp-content\/uploads\/Cartec-Stainless-Steel-G60-Eye-Sling-Hook-with-Latch.png 600w\" sizes=\"(max-width: 300px) 100vw, 300px\" \/>\t\t\t\t\t\t\t\t\t\t\t\t\t\t\t<\/div>\n\t\t\t\t<\/div>\n\t\t\t\t<div class=\"elementor-element elementor-element-f2e007d elementor-widget elementor-widget-text-editor\" data-id=\"f2e007d\" data-element_type=\"widget\" data-widget_type=\"text-editor.default\">\n\t\t\t\t<div class=\"elementor-widget-container\">\n\t\t\t\t\t\t\t\t\t<p style=\"text-align: center;\">Cartec Gancho de eslinga de ojo de acero inoxidable G60 con pestillo<\/p>\t\t\t\t\t\t\t\t<\/div>\n\t\t\t\t<\/div>\n\t\t\t\t<div class=\"elementor-element elementor-element-a9506ee elementor-widget elementor-widget-image\" data-id=\"a9506ee\" data-element_type=\"widget\" data-widget_type=\"image.default\">\n\t\t\t\t<div class=\"elementor-widget-container\">\n\t\t\t\t\t\t\t\t\t\t\t\t\t\t\t<img decoding=\"async\" width=\"300\" height=\"300\" src=\"https:\/\/www.allmaterialhandling.com\/wp-content\/uploads\/G10-Gray-Classic-BB-Self-Locking-Hook-300x300.png\" class=\"attachment-medium size-medium wp-image-14396\" alt=\"\" srcset=\"https:\/\/www.allmaterialhandling.com\/wp-content\/uploads\/G10-Gray-Classic-BB-Self-Locking-Hook-300x300.png 300w, https:\/\/www.allmaterialhandling.com\/wp-content\/uploads\/G10-Gray-Classic-BB-Self-Locking-Hook-150x150.png 150w, https:\/\/www.allmaterialhandling.com\/wp-content\/uploads\/G10-Gray-Classic-BB-Self-Locking-Hook-12x12.png 12w, https:\/\/www.allmaterialhandling.com\/wp-content\/uploads\/G10-Gray-Classic-BB-Self-Locking-Hook-475x475.png 475w, https:\/\/www.allmaterialhandling.com\/wp-content\/uploads\/G10-Gray-Classic-BB-Self-Locking-Hook-24x24.png 24w, https:\/\/www.allmaterialhandling.com\/wp-content\/uploads\/G10-Gray-Classic-BB-Self-Locking-Hook-36x36.png 36w, https:\/\/www.allmaterialhandling.com\/wp-content\/uploads\/G10-Gray-Classic-BB-Self-Locking-Hook-48x48.png 48w, https:\/\/www.allmaterialhandling.com\/wp-content\/uploads\/G10-Gray-Classic-BB-Self-Locking-Hook.png 600w\" sizes=\"(max-width: 300px) 100vw, 300px\" \/>\t\t\t\t\t\t\t\t\t\t\t\t\t\t\t<\/div>\n\t\t\t\t<\/div>\n\t\t\t\t<div class=\"elementor-element elementor-element-02c51f8 elementor-widget elementor-widget-text-editor\" data-id=\"02c51f8\" data-element_type=\"widget\" data-widget_type=\"text-editor.default\">\n\t\t\t\t<div class=\"elementor-widget-container\">\n\t\t\t\t\t\t\t\t\t<p style=\"text-align: center;\">G100 Gancho autobloqueante Classic BB gris<\/p>\t\t\t\t\t\t\t\t<\/div>\n\t\t\t\t<\/div>\n\t\t\t\t\t<\/div>\n\t\t<\/div>\n\t\t\t\t\t<\/div>\n\t\t<\/section>\n\t\t\t\t<section class=\"has_eae_slider elementor-section elementor-top-section elementor-element elementor-element-77afec5 elementor-section-boxed elementor-section-height-default elementor-section-height-default\" data-eae-slider=\"72917\" data-id=\"77afec5\" data-element_type=\"section\" data-settings=\"{&quot;_ha_eqh_enable&quot;:false}\">\n\t\t\t\t\t\t<div class=\"elementor-container elementor-column-gap-default\">\n\t\t\t\t\t<div class=\"has_eae_slider elementor-column elementor-col-100 elementor-top-column elementor-element elementor-element-b34fbfe\" data-eae-slider=\"75139\" data-id=\"b34fbfe\" data-element_type=\"column\">\n\t\t\t<div class=\"elementor-widget-wrap elementor-element-populated\">\n\t\t\t\t\t\t<div class=\"elementor-element elementor-element-aaeee68 elementor-widget elementor-widget-text-editor\" data-id=\"aaeee68\" data-element_type=\"widget\" data-widget_type=\"text-editor.default\">\n\t\t\t\t<div class=\"elementor-widget-container\">\n\t\t\t\t\t\t\t\t\t<p><strong>Los grados de elevaci\u00f3n<\/strong><\/p><p><strong>Grado 80 - Norma m\u00ednima para aplicaciones de elevaci\u00f3n<\/strong><\/p><p>Fabricado a partir de acero aleado con tratamiento t\u00e9rmico, G80 es el grado m\u00ednimo aprobado por ASME para elevaci\u00f3n a\u00e9rea. El equilibrio entre resistencia y ductilidad hace que este grado sea ideal para entornos marinos o de cargas de choque. Busque acabados con recubrimiento de polvo en los ganchos y marcas de calidad y c\u00f3digos de trazabilidad en los accesorios y cadenas.<\/p><p><strong>Grado 100 - Norma superior para aplicaciones de elevaci\u00f3n <\/strong><\/p><p>Fabricado con acero de aleaci\u00f3n de alto grado tratado t\u00e9rmicamente, el G100 suele proporcionar aproximadamente 25% m\u00e1s de resistencia que el producto equivalente de Grado 80. El G100 es el grado preferido y m\u00e1s utilizado para la mayor\u00eda de las aplicaciones de elevaci\u00f3n y permite a los usuarios reducir el tama\u00f1o de los ganchos y la cadena para la misma carga de trabajo. Sin embargo, hay que tener en cuenta la naturaleza espec\u00edfica de la elevaci\u00f3n. Al igual que el Grado 80, los herrajes vienen con acabados con recubrimiento de polvo y marcas en relieve en los ganchos, as\u00ed como caracter\u00edsticas de trazabilidad.<\/p><p><strong>Grado 120 - Cadena y ganchos de m\u00e1xima resistencia para aplicaciones de elevaci\u00f3n <\/strong><\/p><p>A\u00fan emergente en el mercado estadounidense, el Grado 120 ofrece cadenas y ganchos de primera calidad que suelen ofrecer 50% m\u00e1s de resistencia que el Grado 80 equivalente y 20% m\u00e1s de resistencia que los productos G100 comparables.  Al igual que con el Grado 100, es necesario tener en cuenta la naturaleza espec\u00edfica del ascensor para determinar la mejor cadena y los mejores ganchos para el ascensor. Las cadenas y herrajes de grado 120 vienen con acabados con recubrimiento de polvo, marcas en relieve en los ganchos y caracter\u00edsticas de trazabilidad.<\/p><p><strong>Resistencia frente a ductilidad: \u00bfCu\u00e1l es el compromiso?<\/strong><\/p><p>Las cadenas y ganchos de alta resistencia requieren aceros con un mayor contenido de aleaci\u00f3n y cambios en el proceso de tratamiento t\u00e9rmico para alcanzar mayores capacidades de resistencia.   Aunque todas las cadenas de elevaci\u00f3n deben cumplir o superar las normas ASME en cuanto a ductilidad (estiramiento antes del fallo), determinadas aplicaciones de elevaci\u00f3n, como plataformas marinas o entornos con cargas de choque din\u00e1micas, pueden favorecer el Grado 80 por su ductilidad demostrada en estos entornos dif\u00edciles.   Sin embargo, las aplicaciones de elevaci\u00f3n en entornos m\u00e1s controlados pueden beneficiarse con seguridad de las mayores capacidades de elevaci\u00f3n de los productos de Grado 100 o Grado 120.<\/p><p><strong>\u00bfY el acero inoxidable?<\/strong><\/p><p>Es posible que vea accesorios de acero inoxidable marcados con T304 o T316, que indican resistencia a la corrosi\u00f3n y no un grado de elevaci\u00f3n. S\u00f3lo las cadenas y ganchos de acero inoxidable marcados con G50, G60 o G63 est\u00e1n homologados para la elevaci\u00f3n a\u00e9rea.<\/p><ul><li>T316 tiene molibdeno a\u00f1adido para una mayor resistencia a los cloruros (como el agua salada).<\/li><li>El T304 es m\u00e1s rentable, pero menos resistente a entornos agresivos.<\/li><li>Todos los ganchos de acero inoxidable est\u00e1n sin pintar, ya que el material resiste la corrosi\u00f3n de forma inherente.<\/li><\/ul><p>Importante: Las aplicaciones marinas suelen utilizar el acero inoxidable G43, que es aceptable para aplicaciones en las que s\u00f3lo se tira de la carga o se la sujeta.<\/p><p><strong>All Material Handling: Levantarte con seguridad<\/strong><\/p><p>El experimentado equipo de All Material Handling le garantiza el cumplimiento de la normativa ofreci\u00e9ndole:<\/p><ul><li>Cadenas y accesorios de aleaci\u00f3n de grado 100<\/li><li>Cadena y accesorios de acero inoxidable de grado 60<\/li><\/ul><p>Esto significa que cuando hace un pedido a AMH, puede estar seguro de que las cadenas y los componentes cumplen o superan las normas ASME para elevaci\u00f3n a\u00e9rea. P\u00f3ngase en contacto con su amable equipo de atenci\u00f3n al cliente de AMH llamando al (312) 698-8658 o al (877) 543-8264 o <a href=\"mailto:sales@allmaterialhandling.com\">sales@allmaterialhandling.com<\/a> para un servicio personalizado.<\/p>\t\t\t\t\t\t\t\t<\/div>\n\t\t\t\t<\/div>\n\t\t\t\t\t<\/div>\n\t\t<\/div>\n\t\t\t\t\t<\/div>\n\t\t<\/section>\n\t\t\t\t<\/div>","protected":false},"excerpt":{"rendered":"<p>Conozca su grado: Elegir las cadenas y ganchos adecuados para cada trabajo Comunicado de prensa de AMH - Julio de 2025 Cuando se trata de aparejos,...<\/p>","protected":false},"author":1,"featured_media":14394,"parent":725,"menu_order":0,"comment_status":"closed","ping_status":"closed","template":"template-pagebuilder.php","meta":{"footnotes":""},"categories":[73],"tags":[],"class_list":["post-14400","page","type-page","status-publish","has-post-thumbnail","hentry","category-news"],"jetpack_sharing_enabled":true,"_links":{"self":[{"href":"https:\/\/www.allmaterialhandling.com\/es\/wp-json\/wp\/v2\/pages\/14400","targetHints":{"allow":["GET"]}}],"collection":[{"href":"https:\/\/www.allmaterialhandling.com\/es\/wp-json\/wp\/v2\/pages"}],"about":[{"href":"https:\/\/www.allmaterialhandling.com\/es\/wp-json\/wp\/v2\/types\/page"}],"author":[{"embeddable":true,"href":"https:\/\/www.allmaterialhandling.com\/es\/wp-json\/wp\/v2\/users\/1"}],"replies":[{"embeddable":true,"href":"https:\/\/www.allmaterialhandling.com\/es\/wp-json\/wp\/v2\/comments?post=14400"}],"version-history":[{"count":13,"href":"https:\/\/www.allmaterialhandling.com\/es\/wp-json\/wp\/v2\/pages\/14400\/revisions"}],"predecessor-version":[{"id":14425,"href":"https:\/\/www.allmaterialhandling.com\/es\/wp-json\/wp\/v2\/pages\/14400\/revisions\/14425"}],"up":[{"embeddable":true,"href":"https:\/\/www.allmaterialhandling.com\/es\/wp-json\/wp\/v2\/pages\/725"}],"wp:featuredmedia":[{"embeddable":true,"href":"https:\/\/www.allmaterialhandling.com\/es\/wp-json\/wp\/v2\/media\/14394"}],"wp:attachment":[{"href":"https:\/\/www.allmaterialhandling.com\/es\/wp-json\/wp\/v2\/media?parent=14400"}],"wp:term":[{"taxonomy":"category","embeddable":true,"href":"https:\/\/www.allmaterialhandling.com\/es\/wp-json\/wp\/v2\/categories?post=14400"},{"taxonomy":"post_tag","embeddable":true,"href":"https:\/\/www.allmaterialhandling.com\/es\/wp-json\/wp\/v2\/tags?post=14400"}],"curies":[{"name":"wp","href":"https:\/\/api.w.org\/{rel}","templated":true}]}}