{"id":14389,"date":"2026-02-19T15:28:12","date_gmt":"2026-02-19T15:28:12","guid":{"rendered":"https:\/\/www.allmaterialhandling.com\/?page_id=14389"},"modified":"2026-02-19T15:33:35","modified_gmt":"2026-02-19T15:33:35","slug":"amh-two-decades-of-customer-excellence","status":"publish","type":"page","link":"https:\/\/www.allmaterialhandling.com\/es\/news\/amh-two-decades-of-customer-excellence\/","title":{"rendered":"AMH - Dos d\u00e9cadas de excelencia en la atenci\u00f3n al cliente"},"content":{"rendered":"<div data-elementor-type=\"wp-page\" data-elementor-id=\"14389\" class=\"elementor elementor-14389\" data-elementor-settings=\"{&quot;ha_cmc_init_switcher&quot;:&quot;no&quot;}\" data-elementor-post-type=\"page\">\n\t\t\t\t\t\t<section class=\"has_eae_slider elementor-section elementor-top-section elementor-element elementor-element-41de89c elementor-section-boxed elementor-section-height-default elementor-section-height-default\" data-eae-slider=\"32989\" data-id=\"41de89c\" data-element_type=\"section\" data-settings=\"{&quot;_ha_eqh_enable&quot;:false}\">\n\t\t\t\t\t\t<div class=\"elementor-container elementor-column-gap-default\">\n\t\t\t\t\t<div class=\"has_eae_slider elementor-column elementor-col-50 elementor-top-column elementor-element elementor-element-aefb978\" data-eae-slider=\"53465\" data-id=\"aefb978\" data-element_type=\"column\">\n\t\t\t<div class=\"elementor-widget-wrap elementor-element-populated\">\n\t\t\t\t\t\t<section class=\"has_eae_slider elementor-section elementor-inner-section elementor-element elementor-element-031c9dd elementor-section-boxed elementor-section-height-default elementor-section-height-default\" data-eae-slider=\"38408\" data-id=\"031c9dd\" data-element_type=\"section\" data-settings=\"{&quot;_ha_eqh_enable&quot;:false}\">\n\t\t\t\t\t\t<div class=\"elementor-container elementor-column-gap-default\">\n\t\t\t\t\t<div class=\"has_eae_slider elementor-column elementor-col-100 elementor-inner-column elementor-element elementor-element-b268623\" data-eae-slider=\"18938\" data-id=\"b268623\" data-element_type=\"column\">\n\t\t\t<div class=\"elementor-widget-wrap elementor-element-populated\">\n\t\t\t\t\t\t<div class=\"elementor-element elementor-element-46aafde elementor-widget elementor-widget-heading\" data-id=\"46aafde\" data-element_type=\"widget\" data-widget_type=\"heading.default\">\n\t\t\t\t<div class=\"elementor-widget-container\">\n\t\t\t\t\t<h2 class=\"elementor-heading-title elementor-size-default\">AMH - Dos d\u00e9cadas de excelencia en la atenci\u00f3n al cliente\n<\/h2>\t\t\t\t<\/div>\n\t\t\t\t<\/div>\n\t\t\t\t\t<\/div>\n\t\t<\/div>\n\t\t\t\t\t<\/div>\n\t\t<\/section>\n\t\t\t\t<div class=\"elementor-element elementor-element-b5fcd24 elementor-widget elementor-widget-heading\" data-id=\"b5fcd24\" data-element_type=\"widget\" data-widget_type=\"heading.default\">\n\t\t\t\t<div class=\"elementor-widget-container\">\n\t\t\t\t\t<h5 class=\"elementor-heading-title elementor-size-default\">All Material Handling celebra m\u00e1s de dos d\u00e9cadas de excelencia orientada al cliente<\/h5>\t\t\t\t<\/div>\n\t\t\t\t<\/div>\n\t\t\t\t<div class=\"elementor-element elementor-element-cb6309b elementor-widget elementor-widget-text-editor\" data-id=\"cb6309b\" data-element_type=\"widget\" data-widget_type=\"text-editor.default\">\n\t\t\t\t<div class=\"elementor-widget-container\">\n\t\t\t\t\t\t\t\t\t<p><strong>Chicago, IL - mayo de 2025<\/strong> - All Material Handling, Inc. (AMH), empresa l\u00edder en el sector de aparejos y elevaci\u00f3n, celebra con orgullo 22 a\u00f1os de compromiso inquebrantable con la satisfacci\u00f3n del cliente, productos de calidad y un servicio experto.<\/p><p>Fundada en Chicago por el veterano del sector Peter Brettner, AMH se bas\u00f3 en un principio simple pero poderoso: el \u00e9xito se consigue poniendo al cliente en primer lugar. M\u00e1s de dos d\u00e9cadas despu\u00e9s, esa filosof\u00eda sigue siendo la piedra angular de las operaciones de la empresa.<\/p><p>\"Desde el principio, comprendimos que el servicio al cliente ten\u00eda que ser algo m\u00e1s que una frase en un folleto: ten\u00eda que impulsar todo lo que hacemos\", afirma Brettner.<\/p><p>Para cumplir esta misi\u00f3n, AMH mantiene un inventario multimillonario en cuatro centros de servicio estrat\u00e9gicamente ubicados en Houston, TX; Des Moines, IA; Atlanta, GA; y Portland, OR, lo que permite el env\u00edo el mismo d\u00eda y la entrega r\u00e1pida en todo el pa\u00eds.<\/p><p>AMH reafirma su compromiso con la excelencia y la seguridad al seguir invirtiendo en programas completos de formaci\u00f3n t\u00e9cnica adaptados a las necesidades cambiantes de sus clientes. Con un equipo que aporta d\u00e9cadas de conocimientos y experiencia en el sector, AMH establece un alto est\u00e1ndar de pr\u00e1cticas de elevaci\u00f3n seguras.\u00a0<\/p><p><span lang=\"EN-US\">La empresa ofrece soluciones de formaci\u00f3n tanto virtuales como presenciales, que permiten el aprendizaje pr\u00e1ctico y la accesibilidad para una plantilla diversa. Estos programas incluyen formaci\u00f3n continua sobre productos y talleres de seguridad, reforzando la misi\u00f3n de AMH de fomentar una cultura de seguridad, eficiencia y experiencia.<\/span><\/p><p><span lang=\"EN-US\">\"Nuestros clientes conf\u00edan en nosotros no s\u00f3lo por la calidad de nuestros productos, sino tambi\u00e9n por los conocimientos que les garantizan un uso seguro y eficaz\", afirma Peter Brettner.<\/span><\/p><p><span lang=\"EN-US\">AMH se enorgullece de fabricar su propia l\u00ednea de polipastos, muchos de ellos con cadena de fabricaci\u00f3n estadounidense, y de ensamblar y probar todas las unidades en su propio pa\u00eds. Esta dedicaci\u00f3n garantiza el m\u00e1ximo control de calidad y fiabilidad para los clientes de toda Norteam\u00e9rica.<\/span><\/p><p><span lang=\"EN-US\">Entre sus ofertas m\u00e1s solicitadas figuran el <strong>Polipastos de palanca serie LA<\/strong> y <strong>Polipastos manuales de cadena serie MA<\/strong>que ejemplifican la dedicaci\u00f3n de AMH a la durabilidad y la precisi\u00f3n. La serie LA est\u00e1 disponible en capacidades de elevaci\u00f3n de <strong>De 0,75 a 10 toneladas<\/strong>mientras que la serie MA abarca <strong>De 0,5 a 30 toneladas<\/strong>-ambos totalmente personalizables para satisfacer requisitos de elevaci\u00f3n espec\u00edficos.<\/span><\/p><p><span lang=\"EN-US\">Ampliando su cartera de productos, AMH ofrece una gama completa de <strong>Cadenas de elevaci\u00f3n de grado 100<\/strong> y accesorios. La empresa <strong>L\u00ednea premium Cartec de Italia<\/strong> ofrece la mejor artesan\u00eda europea a un precio competitivo. Adem\u00e1s, <strong>AMH ofrece Drak <\/strong>Cadenas de grado 100 y eslabones maestros de <strong>Alemania<\/strong>que combinan bien con el <b>AMH L\u00ednea Gris<\/b> de accesorios de elevaci\u00f3n de alta calidad de <strong>Taiw\u00e1n<\/strong>ofreciendo una soluci\u00f3n rentable sin comprometer la calidad ni la fiabilidad.<\/span><\/p><p><span lang=\"EN-US\">AMH ampl\u00eda su gama de productos con los populares <strong>abrazaderas de elevaci\u00f3n, anillos de elevaci\u00f3n<\/strong>y <strong>eslingas sint\u00e9ticas<\/strong>lo que la convierte en una fuente \u00fanica para una gama completa de soluciones de elevaci\u00f3n y aparejos.<\/span><\/p><p><span lang=\"EN-US\">Con un enfoque en la entrega de productos superiores, un servicio excepcional y una experiencia l\u00edder en la industria, AMH contin\u00faa elevando las expectativas en todo el sector de la manipulaci\u00f3n de materiales.<\/span><\/p><p>\"Nos enorgullecemos de ofrecer equipos y servicios de primer nivel, con un toque personal\", afirma Brettner. \"Cuando se ponga en contacto con AMH, hablar\u00e1 con representantes expertos y amables que se preocupan por sus necesidades\".<\/p>\t\t\t\t\t\t\t\t<\/div>\n\t\t\t\t<\/div>\n\t\t\t\t<div class=\"elementor-element elementor-element-392d7a8 elementor-widget elementor-widget-text-editor\" data-id=\"392d7a8\" data-element_type=\"widget\" data-widget_type=\"text-editor.default\">\n\t\t\t\t<div class=\"elementor-widget-container\">\n\t\t\t\t\t\t\t\t\t<p><strong>P\u00f3ngase en contacto con All Material Handling<\/strong><\/p>\t\t\t\t\t\t\t\t<\/div>\n\t\t\t\t<\/div>\n\t\t\t\t<div class=\"elementor-element elementor-element-877ae57 elementor-widget elementor-widget-text-editor\" data-id=\"877ae57\" data-element_type=\"widget\" data-widget_type=\"text-editor.default\">\n\t\t\t\t<div class=\"elementor-widget-container\">\n\t\t\t\t\t\t\t\t\t<p>\ud83d\udcde <strong>877-543-8264<\/strong><br \/>\ud83d\udce7 <strong>sales@allmaterialhandling.com<\/strong><br \/>\ud83c\udf10 <a href=\"http:\/\/www.allmaterialhandling.com\/es\/\"><strong>www.allmaterialhandling.com<\/strong><\/a><\/p>\t\t\t\t\t\t\t\t<\/div>\n\t\t\t\t<\/div>\n\t\t\t\t\t<\/div>\n\t\t<\/div>\n\t\t\t\t<div class=\"has_eae_slider elementor-column elementor-col-50 elementor-top-column elementor-element elementor-element-19586cb\" data-eae-slider=\"22114\" data-id=\"19586cb\" data-element_type=\"column\">\n\t\t\t<div class=\"elementor-widget-wrap elementor-element-populated\">\n\t\t\t\t\t\t<div class=\"elementor-element elementor-element-a3b9457 elementor-widget elementor-widget-image\" data-id=\"a3b9457\" data-element_type=\"widget\" data-widget_type=\"image.default\">\n\t\t\t\t<div class=\"elementor-widget-container\">\n\t\t\t\t\t\t\t\t\t\t\t\t\t\t\t<img fetchpriority=\"high\" decoding=\"async\" width=\"300\" height=\"298\" src=\"https:\/\/www.allmaterialhandling.com\/wp-content\/uploads\/Fulton-House-2-300x298.jpg\" class=\"attachment-medium size-medium wp-image-11609\" alt=\"\" srcset=\"https:\/\/www.allmaterialhandling.com\/wp-content\/uploads\/Fulton-House-2-300x298.jpg 300w, https:\/\/www.allmaterialhandling.com\/wp-content\/uploads\/Fulton-House-2-1024x1018.jpg 1024w, https:\/\/www.allmaterialhandling.com\/wp-content\/uploads\/Fulton-House-2-150x150.jpg 150w, https:\/\/www.allmaterialhandling.com\/wp-content\/uploads\/Fulton-House-2-768x763.jpg 768w, https:\/\/www.allmaterialhandling.com\/wp-content\/uploads\/Fulton-House-2-24x24.jpg 24w, https:\/\/www.allmaterialhandling.com\/wp-content\/uploads\/Fulton-House-2-36x36.jpg 36w, https:\/\/www.allmaterialhandling.com\/wp-content\/uploads\/Fulton-House-2-48x48.jpg 48w, https:\/\/www.allmaterialhandling.com\/wp-content\/uploads\/Fulton-House-2.jpg 1280w\" sizes=\"(max-width: 300px) 100vw, 300px\" \/>\t\t\t\t\t\t\t\t\t\t\t\t\t\t\t<\/div>\n\t\t\t\t<\/div>\n\t\t\t\t<div class=\"elementor-element elementor-element-0879ff8 elementor-widget elementor-widget-image\" data-id=\"0879ff8\" data-element_type=\"widget\" data-widget_type=\"image.default\">\n\t\t\t\t<div class=\"elementor-widget-container\">\n\t\t\t\t\t\t\t\t\t\t\t\t\t\t\t<img decoding=\"async\" width=\"300\" height=\"300\" src=\"https:\/\/www.allmaterialhandling.com\/wp-content\/uploads\/X5L03528-V1-01-01-300x300.jpg\" class=\"attachment-medium size-medium wp-image-9485\" alt=\"\" srcset=\"https:\/\/www.allmaterialhandling.com\/wp-content\/uploads\/X5L03528-V1-01-01-300x300.jpg 300w, https:\/\/www.allmaterialhandling.com\/wp-content\/uploads\/X5L03528-V1-01-01-1024x1024.jpg 1024w, https:\/\/www.allmaterialhandling.com\/wp-content\/uploads\/X5L03528-V1-01-01-150x150.jpg 150w, https:\/\/www.allmaterialhandling.com\/wp-content\/uploads\/X5L03528-V1-01-01-768x768.jpg 768w, https:\/\/www.allmaterialhandling.com\/wp-content\/uploads\/X5L03528-V1-01-01-1536x1536.jpg 1536w, https:\/\/www.allmaterialhandling.com\/wp-content\/uploads\/X5L03528-V1-01-01-2048x2048.jpg 2048w, https:\/\/www.allmaterialhandling.com\/wp-content\/uploads\/X5L03528-V1-01-01-475x475.jpg 475w, https:\/\/www.allmaterialhandling.com\/wp-content\/uploads\/X5L03528-V1-01-01-24x24.jpg 24w, https:\/\/www.allmaterialhandling.com\/wp-content\/uploads\/X5L03528-V1-01-01-36x36.jpg 36w, https:\/\/www.allmaterialhandling.com\/wp-content\/uploads\/X5L03528-V1-01-01-48x48.jpg 48w\" sizes=\"(max-width: 300px) 100vw, 300px\" \/>\t\t\t\t\t\t\t\t\t\t\t\t\t\t\t<\/div>\n\t\t\t\t<\/div>\n\t\t\t\t<div class=\"elementor-element elementor-element-0c3ee04 elementor-widget elementor-widget-image\" data-id=\"0c3ee04\" data-element_type=\"widget\" data-widget_type=\"image.default\">\n\t\t\t\t<div class=\"elementor-widget-container\">\n\t\t\t\t\t\t\t\t\t\t\t\t\t\t\t<img decoding=\"async\" width=\"150\" height=\"100\" src=\"https:\/\/www.allmaterialhandling.com\/wp-content\/uploads\/USA_AssembledTest_3-150x100.jpg\" class=\"attachment-thumbnail size-thumbnail wp-image-13228\" alt=\"\" \/>\t\t\t\t\t\t\t\t\t\t\t\t\t\t\t<\/div>\n\t\t\t\t<\/div>\n\t\t\t\t<div class=\"elementor-element elementor-element-a9506ee elementor-widget elementor-widget-image\" data-id=\"a9506ee\" data-element_type=\"widget\" data-widget_type=\"image.default\">\n\t\t\t\t<div class=\"elementor-widget-container\">\n\t\t\t\t\t\t\t\t\t\t\t\t\t\t\t<img loading=\"lazy\" decoding=\"async\" width=\"300\" height=\"150\" src=\"https:\/\/www.allmaterialhandling.com\/wp-content\/uploads\/2021\/11\/US_LoadChain-300x150.png\" class=\"attachment-medium size-medium wp-image-3358\" alt=\"\" srcset=\"https:\/\/www.allmaterialhandling.com\/wp-content\/uploads\/2021\/11\/US_LoadChain-300x150.png 300w, https:\/\/www.allmaterialhandling.com\/wp-content\/uploads\/2021\/11\/US_LoadChain-24x12.png 24w, https:\/\/www.allmaterialhandling.com\/wp-content\/uploads\/2021\/11\/US_LoadChain-36x18.png 36w, https:\/\/www.allmaterialhandling.com\/wp-content\/uploads\/2021\/11\/US_LoadChain-48x24.png 48w, https:\/\/www.allmaterialhandling.com\/wp-content\/uploads\/2021\/11\/US_LoadChain.png 400w\" sizes=\"(max-width: 300px) 100vw, 300px\" \/>\t\t\t\t\t\t\t\t\t\t\t\t\t\t\t<\/div>\n\t\t\t\t<\/div>\n\t\t\t\t\t<\/div>\n\t\t<\/div>\n\t\t\t\t\t<\/div>\n\t\t<\/section>\n\t\t\t\t<\/div>","protected":false},"excerpt":{"rendered":"<p>AMH - Dos d\u00e9cadas de excelencia en la atenci\u00f3n al cliente All Material Handling celebra m\u00e1s de dos d\u00e9cadas de excelencia centrada en el cliente Chicago, IL - Mayo de 2025 - Todo el material...<\/p>","protected":false},"author":1,"featured_media":11609,"parent":725,"menu_order":0,"comment_status":"closed","ping_status":"closed","template":"template-pagebuilder.php","meta":{"footnotes":""},"categories":[73],"tags":[],"class_list":["post-14389","page","type-page","status-publish","has-post-thumbnail","hentry","category-news"],"jetpack_sharing_enabled":true,"_links":{"self":[{"href":"https:\/\/www.allmaterialhandling.com\/es\/wp-json\/wp\/v2\/pages\/14389","targetHints":{"allow":["GET"]}}],"collection":[{"href":"https:\/\/www.allmaterialhandling.com\/es\/wp-json\/wp\/v2\/pages"}],"about":[{"href":"https:\/\/www.allmaterialhandling.com\/es\/wp-json\/wp\/v2\/types\/page"}],"author":[{"embeddable":true,"href":"https:\/\/www.allmaterialhandling.com\/es\/wp-json\/wp\/v2\/users\/1"}],"replies":[{"embeddable":true,"href":"https:\/\/www.allmaterialhandling.com\/es\/wp-json\/wp\/v2\/comments?post=14389"}],"version-history":[{"count":19,"href":"https:\/\/www.allmaterialhandling.com\/es\/wp-json\/wp\/v2\/pages\/14389\/revisions"}],"predecessor-version":[{"id":14422,"href":"https:\/\/www.allmaterialhandling.com\/es\/wp-json\/wp\/v2\/pages\/14389\/revisions\/14422"}],"up":[{"embeddable":true,"href":"https:\/\/www.allmaterialhandling.com\/es\/wp-json\/wp\/v2\/pages\/725"}],"wp:featuredmedia":[{"embeddable":true,"href":"https:\/\/www.allmaterialhandling.com\/es\/wp-json\/wp\/v2\/media\/11609"}],"wp:attachment":[{"href":"https:\/\/www.allmaterialhandling.com\/es\/wp-json\/wp\/v2\/media?parent=14389"}],"wp:term":[{"taxonomy":"category","embeddable":true,"href":"https:\/\/www.allmaterialhandling.com\/es\/wp-json\/wp\/v2\/categories?post=14389"},{"taxonomy":"post_tag","embeddable":true,"href":"https:\/\/www.allmaterialhandling.com\/es\/wp-json\/wp\/v2\/tags?post=14389"}],"curies":[{"name":"wp","href":"https:\/\/api.w.org\/{rel}","templated":true}]}}