{"id":13874,"date":"2024-03-11T09:23:40","date_gmt":"2024-03-11T09:23:40","guid":{"rendered":"https:\/\/www.allmaterialhandling.com\/?page_id=13874"},"modified":"2024-03-11T10:17:45","modified_gmt":"2024-03-11T10:17:45","slug":"non-standard-lifts-are-hazardous-too-often","status":"publish","type":"page","link":"https:\/\/www.allmaterialhandling.com\/es\/news\/non-standard-lifts-are-hazardous-too-often\/","title":{"rendered":"Los ascensores no est\u00e1ndar son peligrosos con demasiada frecuencia"},"content":{"rendered":"<div data-elementor-type=\"wp-page\" data-elementor-id=\"13874\" class=\"elementor elementor-13874\" data-elementor-settings=\"{&quot;ha_cmc_init_switcher&quot;:&quot;no&quot;}\" data-elementor-post-type=\"page\">\n\t\t\t\t\t\t<section class=\"has_eae_slider elementor-section elementor-top-section elementor-element elementor-element-0e0965d elementor-section-boxed elementor-section-height-default elementor-section-height-default\" data-eae-slider=\"20961\" data-id=\"0e0965d\" data-element_type=\"section\" data-settings=\"{&quot;_ha_eqh_enable&quot;:false}\">\n\t\t\t\t\t\t<div class=\"elementor-container elementor-column-gap-default\">\n\t\t\t\t\t<div class=\"has_eae_slider elementor-column elementor-col-100 elementor-top-column elementor-element elementor-element-1eb1ca3\" data-eae-slider=\"17079\" data-id=\"1eb1ca3\" data-element_type=\"column\">\n\t\t\t<div class=\"elementor-widget-wrap elementor-element-populated\">\n\t\t\t\t\t\t<div class=\"elementor-element elementor-element-8689690 elementor-widget elementor-widget-heading\" data-id=\"8689690\" data-element_type=\"widget\" data-widget_type=\"heading.default\">\n\t\t\t\t<div class=\"elementor-widget-container\">\n\t\t\t\t\t<h2 class=\"elementor-heading-title elementor-size-default\">Exclusiva: Los ascensores no est\u00e1ndar son peligrosos con demasiada frecuencia<\/h2>\t\t\t\t<\/div>\n\t\t\t\t<\/div>\n\t\t\t\t<div class=\"elementor-element elementor-element-2051c7e elementor-widget elementor-widget-text-editor\" data-id=\"2051c7e\" data-element_type=\"widget\" data-widget_type=\"text-editor.default\">\n\t\t\t\t<div class=\"elementor-widget-container\">\n\t\t\t\t\t\t\t\t\t<p>Hay que seguir trabajando para garantizar que los ascensores no est\u00e1ndar se realicen de forma segura, seg\u00fan un destacado experto.<\/p>\t\t\t\t\t\t\t\t<\/div>\n\t\t\t\t<\/div>\n\t\t\t\t\t<\/div>\n\t\t<\/div>\n\t\t\t\t\t<\/div>\n\t\t<\/section>\n\t\t\t\t<section class=\"has_eae_slider elementor-section elementor-top-section elementor-element elementor-element-41de89c elementor-section-boxed elementor-section-height-default elementor-section-height-default\" data-eae-slider=\"43246\" data-id=\"41de89c\" data-element_type=\"section\" data-settings=\"{&quot;_ha_eqh_enable&quot;:false}\">\n\t\t\t\t\t\t<div class=\"elementor-container elementor-column-gap-default\">\n\t\t\t\t\t<div class=\"has_eae_slider elementor-column elementor-col-50 elementor-top-column elementor-element elementor-element-aefb978\" data-eae-slider=\"1946\" data-id=\"aefb978\" data-element_type=\"column\">\n\t\t\t<div class=\"elementor-widget-wrap elementor-element-populated\">\n\t\t\t\t\t\t<section class=\"has_eae_slider elementor-section elementor-inner-section elementor-element elementor-element-031c9dd elementor-section-boxed elementor-section-height-default elementor-section-height-default\" data-eae-slider=\"76617\" data-id=\"031c9dd\" data-element_type=\"section\" data-settings=\"{&quot;_ha_eqh_enable&quot;:false}\">\n\t\t\t\t\t\t<div class=\"elementor-container elementor-column-gap-default\">\n\t\t\t\t\t<div class=\"has_eae_slider elementor-column elementor-col-100 elementor-inner-column elementor-element elementor-element-b268623\" data-eae-slider=\"47427\" data-id=\"b268623\" data-element_type=\"column\">\n\t\t\t<div class=\"elementor-widget-wrap elementor-element-populated\">\n\t\t\t\t\t\t<div class=\"elementor-element elementor-element-21d92a2 elementor-widget elementor-widget-text-editor\" data-id=\"21d92a2\" data-element_type=\"widget\" data-widget_type=\"text-editor.default\">\n\t\t\t\t<div class=\"elementor-widget-container\">\n\t\t\t\t\t\t\t\t\t<p>All Material Handling (AMH) cree que todav\u00eda se realizan demasiados ascensores no tradicionales utilizando anillas y c\u00e1ncamos de elevaci\u00f3n incorrectos, lo que crea riesgos innecesarios para la seguridad.<br>Peter Brettner, director general de All Material Handling, proveedor de equipos \"por debajo del gancho\", afirma: \"Ya sea en una obra, en un taller mec\u00e1nico o en una planta de fabricaci\u00f3n, hay dos objetivos principales: mover la carga sin da\u00f1arla y llegar a casa sano y salvo al final del turno.<br>\"Seguimos observando un uso incorrecto de los c\u00e1ncamos. Los c\u00e1ncamos tradicionales se utilizan sobre todo para elevaciones en l\u00ednea recta, ya que de lo contrario se reduce considerablemente el l\u00edmite de carga de trabajo. La alternativa de la vieja escuela sol\u00eda ser envolver la carga con una eslinga redonda y ver c\u00f3mo iba, pero francamente ambas cosas pueden ser un accidente a punto de ocurrir\".<br>Mientras que una eslinga y algunos ganchos suelen ser adecuados para una elevaci\u00f3n est\u00e1ndar con conexiones sencillas, como un grillete y una argolla o placa soldada, una elevaci\u00f3n no tradicional, como un motor grande o un engranaje plano, puede ser mucho m\u00e1s dif\u00edcil. En estos casos, AMH recomienda anillos de elevaci\u00f3n giratorios, ya que est\u00e1n dise\u00f1ados espec\u00edficamente para elevar desde el punto focal y mantener la carga centrada (los c\u00e1ncamos tradicionales tienden a desplazar la carga).<br>AMH incorpora a su cartera de productos la serie Cartec de c\u00e1ncamos de elevaci\u00f3n y anillos de elevaci\u00f3n giratorios (mostrados arriba), garantizando que los instaladores tengan f\u00e1cil acceso a las herramientas adecuadas para el trabajo cuando se trata de una carga no est\u00e1ndar. La serie Cartec 807 de c\u00e1ncamos giratorios proporciona un l\u00edmite de carga de trabajo de 100% en cualquier \u00e1ngulo permitido por el manual del usuario correspondiente, y el l\u00edmite de carga es claramente visible en el propio c\u00e1ncamo, lo que elimina las conjeturas.<br>\"Utilizar el anillo de elevaci\u00f3n giratorio adecuado y el c\u00e1ncamo giratorio significa que ya no hay que cuestionar el l\u00edmite de carga de trabajo reducida de un c\u00e1ncamo est\u00e1ndar, porque no se trata de un tir\u00f3n en l\u00ednea. El l\u00edmite de carga se comprueba f\u00e1cilmente, ya que est\u00e1 forjado en el producto y no cambia\", a\u00f1ade Peter.<br><\/p>\t\t\t\t\t\t\t\t<\/div>\n\t\t\t\t<\/div>\n\t\t\t\t\t<\/div>\n\t\t<\/div>\n\t\t\t\t\t<\/div>\n\t\t<\/section>\n\t\t\t\t\t<\/div>\n\t\t<\/div>\n\t\t\t\t<div class=\"has_eae_slider elementor-column elementor-col-50 elementor-top-column elementor-element elementor-element-19586cb\" data-eae-slider=\"31724\" data-id=\"19586cb\" data-element_type=\"column\">\n\t\t\t<div class=\"elementor-widget-wrap elementor-element-populated\">\n\t\t\t\t\t\t<div class=\"elementor-element elementor-element-0879ff8 elementor-widget elementor-widget-image\" data-id=\"0879ff8\" data-element_type=\"widget\" data-widget_type=\"image.default\">\n\t\t\t\t<div class=\"elementor-widget-container\">\n\t\t\t\t\t\t\t\t\t\t\t\t\t\t\t<img fetchpriority=\"high\" decoding=\"async\" width=\"349\" height=\"294\" src=\"https:\/\/www.allmaterialhandling.com\/wp-content\/uploads\/News1.png\" class=\"attachment-full size-full wp-image-13873\" alt=\"\" srcset=\"https:\/\/www.allmaterialhandling.com\/wp-content\/uploads\/News1.png 349w, https:\/\/www.allmaterialhandling.com\/wp-content\/uploads\/News1-300x253.png 300w, https:\/\/www.allmaterialhandling.com\/wp-content\/uploads\/News1-14x12.png 14w, https:\/\/www.allmaterialhandling.com\/wp-content\/uploads\/News1-24x20.png 24w, https:\/\/www.allmaterialhandling.com\/wp-content\/uploads\/News1-36x30.png 36w, https:\/\/www.allmaterialhandling.com\/wp-content\/uploads\/News1-48x40.png 48w\" sizes=\"(max-width: 349px) 100vw, 349px\" \/>\t\t\t\t\t\t\t\t\t\t\t\t\t\t\t<\/div>\n\t\t\t\t<\/div>\n\t\t\t\t<div class=\"elementor-element elementor-element-d266ccc elementor-widget elementor-widget-text-editor\" data-id=\"d266ccc\" data-element_type=\"widget\" data-widget_type=\"text-editor.default\">\n\t\t\t\t<div class=\"elementor-widget-container\">\n\t\t\t\t\t\t\t\t\t<p><br \/>Adem\u00e1s, ya no es necesario calzar el hombro para conseguir un \u00e1ngulo de elevaci\u00f3n adecuado, como puede ocurrir con los c\u00e1ncamos tradicionales, o peor a\u00fan, arriesgarse a tener un mal posicionamiento y provocar un fallo\". Los contratistas se centran cada vez m\u00e1s en mejorar la seguridad. Aunque un c\u00e1ncamo giratorio tiene un precio ligeramente superior al de un c\u00e1ncamo est\u00e1ndar, esto no es nada comparado con el coste humano y financiero de un incidente que cause lesiones o incluso la muerte\".<br \/>AMH ofrece una gama completa de c\u00e1ncamos de elevaci\u00f3n que van desde 6 mm hasta 100 mm, con una capacidad de carga de 0,3 t a 40 t, disponibles en roscas UNC y m\u00e9tricas. Los estilos incluyen c\u00e1ncamos giratorios, anillos de elevaci\u00f3n giratorios est\u00e1ndar, anillos de elevaci\u00f3n giratorios desplazados, opciones de cojinetes de bolas para girar bajo carga e incluso c\u00e1ncamos giratorios de acero inoxidable.<\/p>\t\t\t\t\t\t\t\t<\/div>\n\t\t\t\t<\/div>\n\t\t\t\t<div class=\"elementor-element elementor-element-9849241 elementor-position-top elementor-widget elementor-widget-image-box\" data-id=\"9849241\" data-element_type=\"widget\" data-widget_type=\"image-box.default\">\n\t\t\t\t<div class=\"elementor-widget-container\">\n\t\t\t\t\t<div class=\"elementor-image-box-wrapper\"><figure class=\"elementor-image-box-img\"><a href=\"\/wp-content\/uploads\/Non-standard-Lifts-are-Hazardous-Too-Often.pdf\" target=\"_blank\" tabindex=\"-1\"><img decoding=\"async\" width=\"200\" height=\"200\" src=\"https:\/\/www.allmaterialhandling.com\/wp-content\/uploads\/Non-standard-Lifts.png\" class=\"attachment-full size-full wp-image-13872\" alt=\"\" srcset=\"https:\/\/www.allmaterialhandling.com\/wp-content\/uploads\/Non-standard-Lifts.png 200w, https:\/\/www.allmaterialhandling.com\/wp-content\/uploads\/Non-standard-Lifts-150x150.png 150w, https:\/\/www.allmaterialhandling.com\/wp-content\/uploads\/Non-standard-Lifts-12x12.png 12w, https:\/\/www.allmaterialhandling.com\/wp-content\/uploads\/Non-standard-Lifts-24x24.png 24w, https:\/\/www.allmaterialhandling.com\/wp-content\/uploads\/Non-standard-Lifts-36x36.png 36w, https:\/\/www.allmaterialhandling.com\/wp-content\/uploads\/Non-standard-Lifts-48x48.png 48w\" sizes=\"(max-width: 200px) 100vw, 200px\" \/><\/a><\/figure><div class=\"elementor-image-box-content\"><h5 class=\"elementor-image-box-title\"><a href=\"\/wp-content\/uploads\/Non-standard-Lifts-are-Hazardous-Too-Often.pdf\" target=\"_blank\">Descargar PDF<\/a><\/h5><\/div><\/div>\t\t\t\t<\/div>\n\t\t\t\t<\/div>\n\t\t\t\t\t<\/div>\n\t\t<\/div>\n\t\t\t\t\t<\/div>\n\t\t<\/section>\n\t\t\t\t<\/div>","protected":false},"excerpt":{"rendered":"<p>Exclusiva: Los ascensores at\u00edpicos son peligrosos con demasiada frecuencia Hay que seguir trabajando para garantizar que los ascensores at\u00edpicos se realicen de forma segura, seg\u00fan un destacado experto.....<\/p>","protected":false},"author":1,"featured_media":13873,"parent":725,"menu_order":0,"comment_status":"closed","ping_status":"closed","template":"template-pagebuilder.php","meta":{"footnotes":""},"categories":[73],"tags":[],"class_list":["post-13874","page","type-page","status-publish","has-post-thumbnail","hentry","category-news"],"jetpack_sharing_enabled":true,"_links":{"self":[{"href":"https:\/\/www.allmaterialhandling.com\/es\/wp-json\/wp\/v2\/pages\/13874","targetHints":{"allow":["GET"]}}],"collection":[{"href":"https:\/\/www.allmaterialhandling.com\/es\/wp-json\/wp\/v2\/pages"}],"about":[{"href":"https:\/\/www.allmaterialhandling.com\/es\/wp-json\/wp\/v2\/types\/page"}],"author":[{"embeddable":true,"href":"https:\/\/www.allmaterialhandling.com\/es\/wp-json\/wp\/v2\/users\/1"}],"replies":[{"embeddable":true,"href":"https:\/\/www.allmaterialhandling.com\/es\/wp-json\/wp\/v2\/comments?post=13874"}],"version-history":[{"count":17,"href":"https:\/\/www.allmaterialhandling.com\/es\/wp-json\/wp\/v2\/pages\/13874\/revisions"}],"predecessor-version":[{"id":13909,"href":"https:\/\/www.allmaterialhandling.com\/es\/wp-json\/wp\/v2\/pages\/13874\/revisions\/13909"}],"up":[{"embeddable":true,"href":"https:\/\/www.allmaterialhandling.com\/es\/wp-json\/wp\/v2\/pages\/725"}],"wp:featuredmedia":[{"embeddable":true,"href":"https:\/\/www.allmaterialhandling.com\/es\/wp-json\/wp\/v2\/media\/13873"}],"wp:attachment":[{"href":"https:\/\/www.allmaterialhandling.com\/es\/wp-json\/wp\/v2\/media?parent=13874"}],"wp:term":[{"taxonomy":"category","embeddable":true,"href":"https:\/\/www.allmaterialhandling.com\/es\/wp-json\/wp\/v2\/categories?post=13874"},{"taxonomy":"post_tag","embeddable":true,"href":"https:\/\/www.allmaterialhandling.com\/es\/wp-json\/wp\/v2\/tags?post=13874"}],"curies":[{"name":"wp","href":"https:\/\/api.w.org\/{rel}","templated":true}]}}