{"id":13840,"date":"2024-03-11T09:24:08","date_gmt":"2024-03-11T09:24:08","guid":{"rendered":"https:\/\/www.allmaterialhandling.com\/?page_id=13840"},"modified":"2024-03-11T09:31:31","modified_gmt":"2024-03-11T09:31:31","slug":"product-improvement-bulletin-la-series","status":"publish","type":"page","link":"https:\/\/www.allmaterialhandling.com\/es\/news\/product-improvement-bulletin-la-series\/","title":{"rendered":"Bolet\u00edn de mejora del producto Serie LA"},"content":{"rendered":"<div data-elementor-type=\"wp-page\" data-elementor-id=\"13840\" class=\"elementor elementor-13840\" data-elementor-settings=\"{&quot;ha_cmc_init_switcher&quot;:&quot;no&quot;}\" data-elementor-post-type=\"page\">\n\t\t\t\t\t\t<section class=\"has_eae_slider elementor-section elementor-top-section elementor-element elementor-element-41de89c elementor-section-boxed elementor-section-height-default elementor-section-height-default\" data-eae-slider=\"22521\" data-id=\"41de89c\" data-element_type=\"section\" data-settings=\"{&quot;_ha_eqh_enable&quot;:false}\">\n\t\t\t\t\t\t<div class=\"elementor-container elementor-column-gap-default\">\n\t\t\t\t\t<div class=\"has_eae_slider elementor-column elementor-col-50 elementor-top-column elementor-element elementor-element-aefb978\" data-eae-slider=\"1910\" data-id=\"aefb978\" data-element_type=\"column\">\n\t\t\t<div class=\"elementor-widget-wrap elementor-element-populated\">\n\t\t\t\t\t\t<section class=\"has_eae_slider elementor-section elementor-inner-section elementor-element elementor-element-031c9dd elementor-section-boxed elementor-section-height-default elementor-section-height-default\" data-eae-slider=\"45717\" data-id=\"031c9dd\" data-element_type=\"section\" data-settings=\"{&quot;_ha_eqh_enable&quot;:false}\">\n\t\t\t\t\t\t<div class=\"elementor-container elementor-column-gap-default\">\n\t\t\t\t\t<div class=\"has_eae_slider elementor-column elementor-col-100 elementor-inner-column elementor-element elementor-element-b268623\" data-eae-slider=\"15570\" data-id=\"b268623\" data-element_type=\"column\">\n\t\t\t<div class=\"elementor-widget-wrap elementor-element-populated\">\n\t\t\t\t\t\t<div class=\"elementor-element elementor-element-46aafde elementor-widget elementor-widget-heading\" data-id=\"46aafde\" data-element_type=\"widget\" data-widget_type=\"heading.default\">\n\t\t\t\t<div class=\"elementor-widget-container\">\n\t\t\t\t\t<h2 class=\"elementor-heading-title elementor-size-default\">Bolet\u00edn de mejora de productos \n<\/h2>\t\t\t\t<\/div>\n\t\t\t\t<\/div>\n\t\t\t\t<div class=\"elementor-element elementor-element-454c655 elementor-widget elementor-widget-heading\" data-id=\"454c655\" data-element_type=\"widget\" data-widget_type=\"heading.default\">\n\t\t\t\t<div class=\"elementor-widget-container\">\n\t\t\t\t\t<h4 class=\"elementor-heading-title elementor-size-default\">Polipasto de palanca serie LA<\/h4>\t\t\t\t<\/div>\n\t\t\t\t<\/div>\n\t\t\t\t\t<\/div>\n\t\t<\/div>\n\t\t\t\t\t<\/div>\n\t\t<\/section>\n\t\t\t\t<section class=\"has_eae_slider elementor-section elementor-inner-section elementor-element elementor-element-ff5dab9 elementor-section-boxed elementor-section-height-default elementor-section-height-default\" data-eae-slider=\"59005\" data-id=\"ff5dab9\" data-element_type=\"section\" data-settings=\"{&quot;_ha_eqh_enable&quot;:false}\">\n\t\t\t\t\t\t<div class=\"elementor-container elementor-column-gap-default\">\n\t\t\t\t\t<div class=\"has_eae_slider elementor-column elementor-col-50 elementor-inner-column elementor-element elementor-element-f306273\" data-eae-slider=\"80036\" data-id=\"f306273\" data-element_type=\"column\">\n\t\t\t<div class=\"elementor-widget-wrap elementor-element-populated\">\n\t\t\t\t\t\t<div class=\"elementor-element elementor-element-42486b6 elementor-widget elementor-widget-text-editor\" data-id=\"42486b6\" data-element_type=\"widget\" data-widget_type=\"text-editor.default\">\n\t\t\t\t<div class=\"elementor-widget-container\">\n\t\t\t\t\t\t\t\t\t<p><strong><span style=\"text-decoration: underline;\">Actualizaci\u00f3n de la placa de caracter\u00edsticas<\/span><\/strong> incluye todas las advertencias exigidas por la OSHA en una placa de identificaci\u00f3n met\u00e1lica de acero inoxidable <br \/>fijadas al asa. Las placas de identificaci\u00f3n son m\u00e1s duraderas y <br \/>las advertencias no est\u00e1n sujetas a p\u00e9rdida o retirada de etiquetas colgantes. Aseg\u00farese de que cumple la normativa para cualquier inspecci\u00f3n de la OSHA.<\/p>\t\t\t\t\t\t\t\t<\/div>\n\t\t\t\t<\/div>\n\t\t\t\t\t<\/div>\n\t\t<\/div>\n\t\t\t\t<div class=\"has_eae_slider elementor-column elementor-col-50 elementor-inner-column elementor-element elementor-element-8e917b5\" data-eae-slider=\"27824\" data-id=\"8e917b5\" data-element_type=\"column\">\n\t\t\t<div class=\"elementor-widget-wrap elementor-element-populated\">\n\t\t\t\t\t\t<div class=\"elementor-element elementor-element-3a41915 elementor-widget elementor-widget-text-editor\" data-id=\"3a41915\" data-element_type=\"widget\" data-widget_type=\"text-editor.default\">\n\t\t\t\t<div class=\"elementor-widget-container\">\n\t\t\t\t\t\t\t\t\t<p>Capacidad de \u00be a 10 US Ton<\/p>\t\t\t\t\t\t\t\t<\/div>\n\t\t\t\t<\/div>\n\t\t\t\t<div class=\"elementor-element elementor-element-ff70614 elementor-widget elementor-widget-image\" data-id=\"ff70614\" data-element_type=\"widget\" data-widget_type=\"image.default\">\n\t\t\t\t<div class=\"elementor-widget-container\">\n\t\t\t\t\t\t\t\t\t\t\t\t\t\t\t<img decoding=\"async\" width=\"200\" height=\"200\" src=\"https:\/\/www.allmaterialhandling.com\/wp-content\/uploads\/LA-nameplate.png\" class=\"attachment-medium size-medium wp-image-13848\" alt=\"\" srcset=\"https:\/\/www.allmaterialhandling.com\/wp-content\/uploads\/LA-nameplate.png 200w, https:\/\/www.allmaterialhandling.com\/wp-content\/uploads\/LA-nameplate-150x150.png 150w, https:\/\/www.allmaterialhandling.com\/wp-content\/uploads\/LA-nameplate-12x12.png 12w, https:\/\/www.allmaterialhandling.com\/wp-content\/uploads\/LA-nameplate-24x24.png 24w, https:\/\/www.allmaterialhandling.com\/wp-content\/uploads\/LA-nameplate-36x36.png 36w, https:\/\/www.allmaterialhandling.com\/wp-content\/uploads\/LA-nameplate-48x48.png 48w\" sizes=\"(max-width: 200px) 100vw, 200px\" \/>\t\t\t\t\t\t\t\t\t\t\t\t\t\t\t<\/div>\n\t\t\t\t<\/div>\n\t\t\t\t\t<\/div>\n\t\t<\/div>\n\t\t\t\t\t<\/div>\n\t\t<\/section>\n\t\t\t\t<div class=\"elementor-element elementor-element-b5fcd24 elementor-widget elementor-widget-heading\" data-id=\"b5fcd24\" data-element_type=\"widget\" data-widget_type=\"heading.default\">\n\t\t\t\t<div class=\"elementor-widget-container\">\n\t\t\t\t\t<h5 class=\"elementor-heading-title elementor-size-default\">Fricci\u00f3n Super Duty\nMaterial, 1 pieza fundida\ndisco de freno.<\/h5>\t\t\t\t<\/div>\n\t\t\t\t<\/div>\n\t\t\t\t<section class=\"has_eae_slider elementor-section elementor-inner-section elementor-element elementor-element-0801dee elementor-section-boxed elementor-section-height-default elementor-section-height-default\" data-eae-slider=\"54097\" data-id=\"0801dee\" data-element_type=\"section\" data-settings=\"{&quot;_ha_eqh_enable&quot;:false}\">\n\t\t\t\t\t\t<div class=\"elementor-container elementor-column-gap-default\">\n\t\t\t\t\t<div class=\"has_eae_slider elementor-column elementor-col-50 elementor-inner-column elementor-element elementor-element-3251b8b\" data-eae-slider=\"29771\" data-id=\"3251b8b\" data-element_type=\"column\">\n\t\t\t<div class=\"elementor-widget-wrap elementor-element-populated\">\n\t\t\t\t\t\t<div class=\"elementor-element elementor-element-a463936 elementor-widget elementor-widget-text-editor\" data-id=\"a463936\" data-element_type=\"widget\" data-widget_type=\"text-editor.default\">\n\t\t\t\t<div class=\"elementor-widget-container\">\n\t\t\t\t\t\t\t\t\t<p>El nuevo material de fricci\u00f3n Super Duty fabricado con metal sinterizado, como el de los embragues de maquinaria pesada de movimiento de tierras, no absorbe la humedad, no se agrieta ni se rompe. El material de fricci\u00f3n Super Duty proporciona un rendimiento m\u00e1s robusto y duradero. Todos los polipastos de palanca de la serie LA tienen cadena de carga galvanizada de grado 80 fabricada en EE.UU.<br \/>La robusta construcci\u00f3n de acero es ligera y m\u00e1s duradera que los productos de dise\u00f1o de aluminio fundido. Protecci\u00f3n contra sobrecarga opcional dise\u00f1ada con un embrague unidireccional que s\u00f3lo patina en la direcci\u00f3n de elevaci\u00f3n. El freno de carga mec\u00e1nico de disco de doble trinquete autoajustable garantiza el control.<\/p>\t\t\t\t\t\t\t\t<\/div>\n\t\t\t\t<\/div>\n\t\t\t\t\t<\/div>\n\t\t<\/div>\n\t\t\t\t<div class=\"has_eae_slider elementor-column elementor-col-50 elementor-inner-column elementor-element elementor-element-a049e9c\" data-eae-slider=\"59991\" data-id=\"a049e9c\" data-element_type=\"column\">\n\t\t\t<div class=\"elementor-widget-wrap elementor-element-populated\">\n\t\t\t\t\t\t<div class=\"elementor-element elementor-element-704dbaf elementor-widget elementor-widget-text-editor\" data-id=\"704dbaf\" data-element_type=\"widget\" data-widget_type=\"text-editor.default\">\n\t\t\t\t<div class=\"elementor-widget-container\">\n\t\t\t\t\t\t\t\t\t<p>Disponible en distribuci\u00f3n y en cuatro almacenes regionales para un env\u00edo r\u00e1pido y asistencia sobre el producto.<br \/>Cumple: ASME\/ANSI B30.21. OSHA. NASA-STD-8719.9.<\/p>\t\t\t\t\t\t\t\t<\/div>\n\t\t\t\t<\/div>\n\t\t\t\t<div class=\"elementor-element elementor-element-6da6a51 elementor-widget elementor-widget-image\" data-id=\"6da6a51\" data-element_type=\"widget\" data-widget_type=\"image.default\">\n\t\t\t\t<div class=\"elementor-widget-container\">\n\t\t\t\t\t\t\t\t\t\t\t\t\t\t\t<img decoding=\"async\" width=\"195\" height=\"200\" src=\"https:\/\/www.allmaterialhandling.com\/wp-content\/uploads\/LA-brakedisc.png\" class=\"attachment-large size-large wp-image-13855\" alt=\"\" srcset=\"https:\/\/www.allmaterialhandling.com\/wp-content\/uploads\/LA-brakedisc.png 195w, https:\/\/www.allmaterialhandling.com\/wp-content\/uploads\/LA-brakedisc-12x12.png 12w, https:\/\/www.allmaterialhandling.com\/wp-content\/uploads\/LA-brakedisc-24x24.png 24w, https:\/\/www.allmaterialhandling.com\/wp-content\/uploads\/LA-brakedisc-36x36.png 36w, https:\/\/www.allmaterialhandling.com\/wp-content\/uploads\/LA-brakedisc-48x48.png 48w\" sizes=\"(max-width: 195px) 100vw, 195px\" \/>\t\t\t\t\t\t\t\t\t\t\t\t\t\t\t<\/div>\n\t\t\t\t<\/div>\n\t\t\t\t\t<\/div>\n\t\t<\/div>\n\t\t\t\t\t<\/div>\n\t\t<\/section>\n\t\t\t\t\t<\/div>\n\t\t<\/div>\n\t\t\t\t<div class=\"has_eae_slider elementor-column elementor-col-50 elementor-top-column elementor-element elementor-element-19586cb\" data-eae-slider=\"39823\" data-id=\"19586cb\" data-element_type=\"column\">\n\t\t\t<div class=\"elementor-widget-wrap elementor-element-populated\">\n\t\t\t\t\t\t<div class=\"elementor-element elementor-element-0879ff8 elementor-widget elementor-widget-image\" data-id=\"0879ff8\" data-element_type=\"widget\" data-widget_type=\"image.default\">\n\t\t\t\t<div class=\"elementor-widget-container\">\n\t\t\t\t\t\t\t\t\t\t\t\t\t\t\t<img fetchpriority=\"high\" decoding=\"async\" width=\"300\" height=\"300\" src=\"https:\/\/www.allmaterialhandling.com\/wp-content\/uploads\/X5L03528-V1-01-01-300x300.jpg\" class=\"attachment-medium size-medium wp-image-9485\" alt=\"\" srcset=\"https:\/\/www.allmaterialhandling.com\/wp-content\/uploads\/X5L03528-V1-01-01-300x300.jpg 300w, https:\/\/www.allmaterialhandling.com\/wp-content\/uploads\/X5L03528-V1-01-01-1024x1024.jpg 1024w, https:\/\/www.allmaterialhandling.com\/wp-content\/uploads\/X5L03528-V1-01-01-150x150.jpg 150w, https:\/\/www.allmaterialhandling.com\/wp-content\/uploads\/X5L03528-V1-01-01-768x768.jpg 768w, https:\/\/www.allmaterialhandling.com\/wp-content\/uploads\/X5L03528-V1-01-01-1536x1536.jpg 1536w, https:\/\/www.allmaterialhandling.com\/wp-content\/uploads\/X5L03528-V1-01-01-2048x2048.jpg 2048w, https:\/\/www.allmaterialhandling.com\/wp-content\/uploads\/X5L03528-V1-01-01-475x475.jpg 475w, https:\/\/www.allmaterialhandling.com\/wp-content\/uploads\/X5L03528-V1-01-01-24x24.jpg 24w, https:\/\/www.allmaterialhandling.com\/wp-content\/uploads\/X5L03528-V1-01-01-36x36.jpg 36w, https:\/\/www.allmaterialhandling.com\/wp-content\/uploads\/X5L03528-V1-01-01-48x48.jpg 48w\" sizes=\"(max-width: 300px) 100vw, 300px\" \/>\t\t\t\t\t\t\t\t\t\t\t\t\t\t\t<\/div>\n\t\t\t\t<\/div>\n\t\t\t\t<div class=\"elementor-element elementor-element-0c3ee04 elementor-widget elementor-widget-image\" data-id=\"0c3ee04\" data-element_type=\"widget\" data-widget_type=\"image.default\">\n\t\t\t\t<div class=\"elementor-widget-container\">\n\t\t\t\t\t\t\t\t\t\t\t\t\t\t\t<img loading=\"lazy\" decoding=\"async\" width=\"150\" height=\"100\" src=\"https:\/\/www.allmaterialhandling.com\/wp-content\/uploads\/USA_AssembledTest_3-150x100.jpg\" class=\"attachment-thumbnail size-thumbnail wp-image-13228\" alt=\"\" \/>\t\t\t\t\t\t\t\t\t\t\t\t\t\t\t<\/div>\n\t\t\t\t<\/div>\n\t\t\t\t<div class=\"elementor-element elementor-element-a9506ee elementor-widget elementor-widget-image\" data-id=\"a9506ee\" data-element_type=\"widget\" data-widget_type=\"image.default\">\n\t\t\t\t<div class=\"elementor-widget-container\">\n\t\t\t\t\t\t\t\t\t\t\t\t\t\t\t<img loading=\"lazy\" decoding=\"async\" width=\"300\" height=\"150\" src=\"https:\/\/www.allmaterialhandling.com\/wp-content\/uploads\/2021\/11\/US_LoadChain-300x150.png\" class=\"attachment-medium size-medium wp-image-3358\" alt=\"\" srcset=\"https:\/\/www.allmaterialhandling.com\/wp-content\/uploads\/2021\/11\/US_LoadChain-300x150.png 300w, https:\/\/www.allmaterialhandling.com\/wp-content\/uploads\/2021\/11\/US_LoadChain-24x12.png 24w, https:\/\/www.allmaterialhandling.com\/wp-content\/uploads\/2021\/11\/US_LoadChain-36x18.png 36w, https:\/\/www.allmaterialhandling.com\/wp-content\/uploads\/2021\/11\/US_LoadChain-48x24.png 48w, https:\/\/www.allmaterialhandling.com\/wp-content\/uploads\/2021\/11\/US_LoadChain.png 400w\" sizes=\"(max-width: 300px) 100vw, 300px\" \/>\t\t\t\t\t\t\t\t\t\t\t\t\t\t\t<\/div>\n\t\t\t\t<\/div>\n\t\t\t\t<div class=\"elementor-element elementor-element-79b14fe elementor-position-top elementor-widget elementor-widget-image-box\" data-id=\"79b14fe\" data-element_type=\"widget\" data-widget_type=\"image-box.default\">\n\t\t\t\t<div class=\"elementor-widget-container\">\n\t\t\t\t\t<div class=\"elementor-image-box-wrapper\"><figure class=\"elementor-image-box-img\"><a href=\"\/wp-content\/uploads\/LA-bulletin-2020.pdf\" target=\"_blank\" tabindex=\"-1\"><img loading=\"lazy\" decoding=\"async\" width=\"200\" height=\"200\" src=\"https:\/\/www.allmaterialhandling.com\/wp-content\/uploads\/News-LA-Bulletin.png\" class=\"attachment-full size-full wp-image-6738\" alt=\"\" srcset=\"https:\/\/www.allmaterialhandling.com\/wp-content\/uploads\/News-LA-Bulletin.png 200w, https:\/\/www.allmaterialhandling.com\/wp-content\/uploads\/News-LA-Bulletin-150x150.png 150w, https:\/\/www.allmaterialhandling.com\/wp-content\/uploads\/News-LA-Bulletin-24x24.png 24w, https:\/\/www.allmaterialhandling.com\/wp-content\/uploads\/News-LA-Bulletin-36x36.png 36w, https:\/\/www.allmaterialhandling.com\/wp-content\/uploads\/News-LA-Bulletin-48x48.png 48w\" sizes=\"(max-width: 200px) 100vw, 200px\" \/><\/a><\/figure><div class=\"elementor-image-box-content\"><h6 class=\"elementor-image-box-title\"><a href=\"\/wp-content\/uploads\/LA-bulletin-2020.pdf\" target=\"_blank\">Descargar PDF<\/a><\/h6><\/div><\/div>\t\t\t\t<\/div>\n\t\t\t\t<\/div>\n\t\t\t\t\t<\/div>\n\t\t<\/div>\n\t\t\t\t\t<\/div>\n\t\t<\/section>\n\t\t\t\t<\/div>","protected":false},"excerpt":{"rendered":"<p>Bolet\u00edn de mejora del producto La actualizaci\u00f3n de la placa de caracter\u00edsticas del polipasto de palanca de la serie LA incluye todas las advertencias exigidas por la OSHA en una placa de caracter\u00edsticas met\u00e1lica de acero inoxidable fijada a la empu\u00f1adura. Las placas...<\/p>","protected":false},"author":1,"featured_media":9468,"parent":725,"menu_order":0,"comment_status":"closed","ping_status":"closed","template":"template-pagebuilder.php","meta":{"footnotes":""},"categories":[73],"tags":[],"class_list":["post-13840","page","type-page","status-publish","has-post-thumbnail","hentry","category-news"],"jetpack_sharing_enabled":true,"_links":{"self":[{"href":"https:\/\/www.allmaterialhandling.com\/es\/wp-json\/wp\/v2\/pages\/13840","targetHints":{"allow":["GET"]}}],"collection":[{"href":"https:\/\/www.allmaterialhandling.com\/es\/wp-json\/wp\/v2\/pages"}],"about":[{"href":"https:\/\/www.allmaterialhandling.com\/es\/wp-json\/wp\/v2\/types\/page"}],"author":[{"embeddable":true,"href":"https:\/\/www.allmaterialhandling.com\/es\/wp-json\/wp\/v2\/users\/1"}],"replies":[{"embeddable":true,"href":"https:\/\/www.allmaterialhandling.com\/es\/wp-json\/wp\/v2\/comments?post=13840"}],"version-history":[{"count":29,"href":"https:\/\/www.allmaterialhandling.com\/es\/wp-json\/wp\/v2\/pages\/13840\/revisions"}],"predecessor-version":[{"id":13910,"href":"https:\/\/www.allmaterialhandling.com\/es\/wp-json\/wp\/v2\/pages\/13840\/revisions\/13910"}],"up":[{"embeddable":true,"href":"https:\/\/www.allmaterialhandling.com\/es\/wp-json\/wp\/v2\/pages\/725"}],"wp:featuredmedia":[{"embeddable":true,"href":"https:\/\/www.allmaterialhandling.com\/es\/wp-json\/wp\/v2\/media\/9468"}],"wp:attachment":[{"href":"https:\/\/www.allmaterialhandling.com\/es\/wp-json\/wp\/v2\/media?parent=13840"}],"wp:term":[{"taxonomy":"category","embeddable":true,"href":"https:\/\/www.allmaterialhandling.com\/es\/wp-json\/wp\/v2\/categories?post=13840"},{"taxonomy":"post_tag","embeddable":true,"href":"https:\/\/www.allmaterialhandling.com\/es\/wp-json\/wp\/v2\/tags?post=13840"}],"curies":[{"name":"wp","href":"https:\/\/api.w.org\/{rel}","templated":true}]}}