{"id":13835,"date":"2024-03-11T09:22:41","date_gmt":"2024-03-11T09:22:41","guid":{"rendered":"https:\/\/www.allmaterialhandling.com\/?page_id=13835"},"modified":"2024-03-11T10:12:19","modified_gmt":"2024-03-11T10:12:19","slug":"amh-introduces-weld-on-bucket-hooks","status":"publish","type":"page","link":"https:\/\/www.allmaterialhandling.com\/es\/news\/amh-introduces-weld-on-bucket-hooks\/","title":{"rendered":"AMH introduce ganchos de cazo soldados"},"content":{"rendered":"<div data-elementor-type=\"wp-page\" data-elementor-id=\"13835\" class=\"elementor elementor-13835\" data-elementor-settings=\"{&quot;ha_cmc_init_switcher&quot;:&quot;no&quot;}\" data-elementor-post-type=\"page\">\n\t\t\t\t\t\t<section class=\"has_eae_slider elementor-section elementor-top-section elementor-element elementor-element-41de89c elementor-section-boxed elementor-section-height-default elementor-section-height-default\" data-eae-slider=\"25937\" data-id=\"41de89c\" data-element_type=\"section\" data-settings=\"{&quot;_ha_eqh_enable&quot;:false}\">\n\t\t\t\t\t\t<div class=\"elementor-container elementor-column-gap-default\">\n\t\t\t\t\t<div class=\"has_eae_slider elementor-column elementor-col-50 elementor-top-column elementor-element elementor-element-aefb978\" data-eae-slider=\"90723\" data-id=\"aefb978\" data-element_type=\"column\">\n\t\t\t<div class=\"elementor-widget-wrap elementor-element-populated\">\n\t\t\t\t\t\t<section class=\"has_eae_slider elementor-section elementor-inner-section elementor-element elementor-element-031c9dd elementor-section-boxed elementor-section-height-default elementor-section-height-default\" data-eae-slider=\"47628\" data-id=\"031c9dd\" data-element_type=\"section\" data-settings=\"{&quot;_ha_eqh_enable&quot;:false}\">\n\t\t\t\t\t\t<div class=\"elementor-container elementor-column-gap-default\">\n\t\t\t\t\t<div class=\"has_eae_slider elementor-column elementor-col-100 elementor-inner-column elementor-element elementor-element-b268623\" data-eae-slider=\"8016\" data-id=\"b268623\" data-element_type=\"column\">\n\t\t\t<div class=\"elementor-widget-wrap elementor-element-populated\">\n\t\t\t\t\t\t<div class=\"elementor-element elementor-element-46aafde elementor-widget elementor-widget-heading\" data-id=\"46aafde\" data-element_type=\"widget\" data-widget_type=\"heading.default\">\n\t\t\t\t<div class=\"elementor-widget-container\">\n\t\t\t\t\t<h2 class=\"elementor-heading-title elementor-size-default\">All Material Handling, Inc. Presenta \n<\/h2>\t\t\t\t<\/div>\n\t\t\t\t<\/div>\n\t\t\t\t<div class=\"elementor-element elementor-element-454c655 elementor-widget elementor-widget-heading\" data-id=\"454c655\" data-element_type=\"widget\" data-widget_type=\"heading.default\">\n\t\t\t\t<div class=\"elementor-widget-container\">\n\t\t\t\t\t<h4 class=\"elementor-heading-title elementor-size-default\">Ganchos de cubo soldados<\/h4>\t\t\t\t<\/div>\n\t\t\t\t<\/div>\n\t\t\t\t<div class=\"elementor-element elementor-element-9cd556d elementor-widget elementor-widget-text-editor\" data-id=\"9cd556d\" data-element_type=\"widget\" data-widget_type=\"text-editor.default\">\n\t\t\t\t<div class=\"elementor-widget-container\">\n\t\t\t\t\t\t\t\t\t<p>All Material Handling, Inc. (AMH) presenta sus ganchos de cazo soldados de acero de aleaci\u00f3n de grado 80 WBH. Com\u00fanmente utilizado en los cubos de excavadoras, estos ganchos de soldadura est\u00e1n dise\u00f1ados para la uni\u00f3n soldable a los equipos para proporcionar un punto de elevaci\u00f3n \/ tracci\u00f3n para facilitar la fijaci\u00f3n de eslingas y hardware.&nbsp;<\/p>\n<p>Los WBH van desde 1 tonelada hasta 20 toneladas WLL y est\u00e1n disponibles en stock en los EE.UU.. Los clientes disponen ahora de una alternativa econ\u00f3mica a las marcas m\u00e1s caras que pueden obligarles a tomar atajos potencialmente peligrosos. Estos ganchos cumplen las normas ASTM A952\/A952M-2 y ASME B30.10 y tienen un factor de dise\u00f1o de 4:1. Las instrucciones de soldadura se suministran con cada gancho. El c\u00f3digo de lote forjado permite una trazabilidad completa. Tambi\u00e9n hay disponibles en stock ganchos de repuesto.&nbsp;<\/p>\n<p>All Material Handling, Inc. tiene su sede en Chicago, IL y es un proveedor l\u00edder de polipastos manuales de cadena, carros, abrazaderas de viga, cadena y accesorios de grado 100, ganchos de cable met\u00e1lico, abrazaderas de placa, eslingas sint\u00e9ticas y otros productos de elevaci\u00f3n. AMH tiene almacenes regionales para satisfacer sus necesidades en Des Moines, IA, Houston, TX, Monroe, GA y Portland, OR.<\/p>\t\t\t\t\t\t\t\t<\/div>\n\t\t\t\t<\/div>\n\t\t\t\t\t<\/div>\n\t\t<\/div>\n\t\t\t\t\t<\/div>\n\t\t<\/section>\n\t\t\t\t\t<\/div>\n\t\t<\/div>\n\t\t\t\t<div class=\"has_eae_slider elementor-column elementor-col-50 elementor-top-column elementor-element elementor-element-19586cb\" data-eae-slider=\"77162\" data-id=\"19586cb\" data-element_type=\"column\">\n\t\t\t<div class=\"elementor-widget-wrap elementor-element-populated\">\n\t\t\t\t\t\t<div class=\"elementor-element elementor-element-0879ff8 elementor-widget elementor-widget-image\" data-id=\"0879ff8\" data-element_type=\"widget\" data-widget_type=\"image.default\">\n\t\t\t\t<div class=\"elementor-widget-container\">\n\t\t\t\t\t\t\t\t\t\t\t\t\t\t\t<img fetchpriority=\"high\" decoding=\"async\" width=\"300\" height=\"300\" src=\"https:\/\/www.allmaterialhandling.com\/wp-content\/uploads\/2021\/10\/weld-on-bucket-hook_1100-300x300.jpg\" class=\"attachment-medium size-medium wp-image-2250\" alt=\"\" srcset=\"https:\/\/www.allmaterialhandling.com\/wp-content\/uploads\/2021\/10\/weld-on-bucket-hook_1100-300x300.jpg 300w, https:\/\/www.allmaterialhandling.com\/wp-content\/uploads\/2021\/10\/weld-on-bucket-hook_1100-1024x1024.jpg 1024w, https:\/\/www.allmaterialhandling.com\/wp-content\/uploads\/2021\/10\/weld-on-bucket-hook_1100-150x150.jpg 150w, https:\/\/www.allmaterialhandling.com\/wp-content\/uploads\/2021\/10\/weld-on-bucket-hook_1100-768x768.jpg 768w, https:\/\/www.allmaterialhandling.com\/wp-content\/uploads\/2021\/10\/weld-on-bucket-hook_1100-475x475.jpg 475w, https:\/\/www.allmaterialhandling.com\/wp-content\/uploads\/2021\/10\/weld-on-bucket-hook_1100-24x24.jpg 24w, https:\/\/www.allmaterialhandling.com\/wp-content\/uploads\/2021\/10\/weld-on-bucket-hook_1100-36x36.jpg 36w, https:\/\/www.allmaterialhandling.com\/wp-content\/uploads\/2021\/10\/weld-on-bucket-hook_1100-48x48.jpg 48w, https:\/\/www.allmaterialhandling.com\/wp-content\/uploads\/2021\/10\/weld-on-bucket-hook_1100.jpg 1100w\" sizes=\"(max-width: 300px) 100vw, 300px\" \/>\t\t\t\t\t\t\t\t\t\t\t\t\t\t\t<\/div>\n\t\t\t\t<\/div>\n\t\t\t\t\t<\/div>\n\t\t<\/div>\n\t\t\t\t\t<\/div>\n\t\t<\/section>\n\t\t\t\t<\/div>","protected":false},"excerpt":{"rendered":"<p>All Material Handling, Inc. All Material Handling, Inc. (AMH) presenta sus ganchos de cuchara soldados de acero de aleaci\u00f3n grado 80 WBH. Com\u00fanmente usados...<\/p>","protected":false},"author":1,"featured_media":2250,"parent":725,"menu_order":0,"comment_status":"closed","ping_status":"closed","template":"template-pagebuilder.php","meta":{"footnotes":""},"categories":[73],"tags":[],"class_list":["post-13835","page","type-page","status-publish","has-post-thumbnail","hentry","category-news"],"jetpack_sharing_enabled":true,"_links":{"self":[{"href":"https:\/\/www.allmaterialhandling.com\/es\/wp-json\/wp\/v2\/pages\/13835","targetHints":{"allow":["GET"]}}],"collection":[{"href":"https:\/\/www.allmaterialhandling.com\/es\/wp-json\/wp\/v2\/pages"}],"about":[{"href":"https:\/\/www.allmaterialhandling.com\/es\/wp-json\/wp\/v2\/types\/page"}],"author":[{"embeddable":true,"href":"https:\/\/www.allmaterialhandling.com\/es\/wp-json\/wp\/v2\/users\/1"}],"replies":[{"embeddable":true,"href":"https:\/\/www.allmaterialhandling.com\/es\/wp-json\/wp\/v2\/comments?post=13835"}],"version-history":[{"count":5,"href":"https:\/\/www.allmaterialhandling.com\/es\/wp-json\/wp\/v2\/pages\/13835\/revisions"}],"predecessor-version":[{"id":13906,"href":"https:\/\/www.allmaterialhandling.com\/es\/wp-json\/wp\/v2\/pages\/13835\/revisions\/13906"}],"up":[{"embeddable":true,"href":"https:\/\/www.allmaterialhandling.com\/es\/wp-json\/wp\/v2\/pages\/725"}],"wp:featuredmedia":[{"embeddable":true,"href":"https:\/\/www.allmaterialhandling.com\/es\/wp-json\/wp\/v2\/media\/2250"}],"wp:attachment":[{"href":"https:\/\/www.allmaterialhandling.com\/es\/wp-json\/wp\/v2\/media?parent=13835"}],"wp:term":[{"taxonomy":"category","embeddable":true,"href":"https:\/\/www.allmaterialhandling.com\/es\/wp-json\/wp\/v2\/categories?post=13835"},{"taxonomy":"post_tag","embeddable":true,"href":"https:\/\/www.allmaterialhandling.com\/es\/wp-json\/wp\/v2\/tags?post=13835"}],"curies":[{"name":"wp","href":"https:\/\/api.w.org\/{rel}","templated":true}]}}