{"id":13824,"date":"2024-03-11T09:22:06","date_gmt":"2024-03-11T09:22:06","guid":{"rendered":"https:\/\/www.allmaterialhandling.com\/?page_id=13824"},"modified":"2024-03-11T10:13:44","modified_gmt":"2024-03-11T10:13:44","slug":"amh-introduces-blue-classic-alloy-eye-and-swivel-hooks","status":"publish","type":"page","link":"https:\/\/www.allmaterialhandling.com\/es\/news\/amh-introduces-blue-classic-alloy-eye-and-swivel-hooks\/","title":{"rendered":"AMH presenta los anzuelos giratorios y de ojo de aleaci\u00f3n BLUE CLASSIC"},"content":{"rendered":"<div data-elementor-type=\"wp-page\" data-elementor-id=\"13824\" class=\"elementor elementor-13824\" data-elementor-settings=\"{&quot;ha_cmc_init_switcher&quot;:&quot;no&quot;}\" data-elementor-post-type=\"page\">\n\t\t\t\t\t\t<section class=\"has_eae_slider elementor-section elementor-top-section elementor-element elementor-element-41de89c elementor-section-boxed elementor-section-height-default elementor-section-height-default\" data-eae-slider=\"97725\" data-id=\"41de89c\" data-element_type=\"section\" data-settings=\"{&quot;_ha_eqh_enable&quot;:false}\">\n\t\t\t\t\t\t<div class=\"elementor-container elementor-column-gap-default\">\n\t\t\t\t\t<div class=\"has_eae_slider elementor-column elementor-col-50 elementor-top-column elementor-element elementor-element-aefb978\" data-eae-slider=\"92363\" data-id=\"aefb978\" data-element_type=\"column\">\n\t\t\t<div class=\"elementor-widget-wrap elementor-element-populated\">\n\t\t\t\t\t\t<section class=\"has_eae_slider elementor-section elementor-inner-section elementor-element elementor-element-031c9dd elementor-section-boxed elementor-section-height-default elementor-section-height-default\" data-eae-slider=\"73817\" data-id=\"031c9dd\" data-element_type=\"section\" data-settings=\"{&quot;_ha_eqh_enable&quot;:false}\">\n\t\t\t\t\t\t<div class=\"elementor-container elementor-column-gap-default\">\n\t\t\t\t\t<div class=\"has_eae_slider elementor-column elementor-col-100 elementor-inner-column elementor-element elementor-element-b268623\" data-eae-slider=\"51128\" data-id=\"b268623\" data-element_type=\"column\">\n\t\t\t<div class=\"elementor-widget-wrap elementor-element-populated\">\n\t\t\t\t\t\t<div class=\"elementor-element elementor-element-46aafde elementor-widget elementor-widget-heading\" data-id=\"46aafde\" data-element_type=\"widget\" data-widget_type=\"heading.default\">\n\t\t\t\t<div class=\"elementor-widget-container\">\n\t\t\t\t\t<h2 class=\"elementor-heading-title elementor-size-default\">All Material Handling, Inc. Presenta \n<\/h2>\t\t\t\t<\/div>\n\t\t\t\t<\/div>\n\t\t\t\t<div class=\"elementor-element elementor-element-a2e33f3 elementor-widget elementor-widget-heading\" data-id=\"a2e33f3\" data-element_type=\"widget\" data-widget_type=\"heading.default\">\n\t\t\t\t<div class=\"elementor-widget-container\">\n\t\t\t\t\t<h4 class=\"elementor-heading-title elementor-size-default\">BLUE CLASSIC Ojo de aleaci\u00f3n y giratorio\nGanchos <\/h4>\t\t\t\t<\/div>\n\t\t\t\t<\/div>\n\t\t\t\t<div class=\"elementor-element elementor-element-9cd556d elementor-widget elementor-widget-text-editor\" data-id=\"9cd556d\" data-element_type=\"widget\" data-widget_type=\"text-editor.default\">\n\t\t\t\t<div class=\"elementor-widget-container\">\n\t\t\t\t\t\t\t\t\t<p>All Material Handling, Inc. (AMH) se enorgullece de presentar sus anzuelos giratorios y de argolla de aleaci\u00f3n de Taiw\u00e1n BLUE CLASSIC.<\/p><p>Los ganchos giratorios oscilan entre 1 y 5 toneladas de peso m\u00e1ximo autorizado, y los ganchos de ojo, entre 1,25 y 5,4 toneladas. Est\u00e1n disponibles en varios puntos de env\u00edo en los Estados Unidos. Estos ganchos son una gran alternativa econ\u00f3mica a las marcas m\u00e1s caras para cables de remolque y cables de acero o eslingas sint\u00e9ticas. Los ganchos AMH BLUE CLASSIC cumplen la norma ASME B30.10 y tienen un factor de dise\u00f1o 5:1. Tambi\u00e9n disponemos en stock de pestillos de repuesto.<\/p><p>Esta es una gran adici\u00f3n a la l\u00ednea completa existente de racores GREY CLASSIC Grado 100 de AMH, la mayor\u00eda de los cuales est\u00e1n disponibles hasta 7\/8\" en stock en 4 almacenes de Estados Unidos.<\/p><p>All Material Handling, Inc. tiene su sede en Chicago, IL y es un proveedor l\u00edder de polipastos manuales de cadena, carros, abrazaderas de viga, cadena y accesorios de grado 100, abrazaderas de placa, eslingas sint\u00e9ticas y otros productos de elevaci\u00f3n. AMH tiene almacenes regionales para satisfacer sus necesidades en Des Moines, IA, Houston, TX, Monroe, GA y Portland, OR.\u00a0<\/p>\t\t\t\t\t\t\t\t<\/div>\n\t\t\t\t<\/div>\n\t\t\t\t\t<\/div>\n\t\t<\/div>\n\t\t\t\t\t<\/div>\n\t\t<\/section>\n\t\t\t\t\t<\/div>\n\t\t<\/div>\n\t\t\t\t<div class=\"has_eae_slider elementor-column elementor-col-50 elementor-top-column elementor-element elementor-element-19586cb\" data-eae-slider=\"63943\" data-id=\"19586cb\" data-element_type=\"column\">\n\t\t\t<div class=\"elementor-widget-wrap elementor-element-populated\">\n\t\t\t\t\t\t<div class=\"elementor-element elementor-element-0879ff8 elementor-widget elementor-widget-image\" data-id=\"0879ff8\" data-element_type=\"widget\" data-widget_type=\"image.default\">\n\t\t\t\t<div class=\"elementor-widget-container\">\n\t\t\t\t\t\t\t\t\t\t\t\t\t\t\t<img fetchpriority=\"high\" decoding=\"async\" width=\"300\" height=\"300\" src=\"https:\/\/www.allmaterialhandling.com\/wp-content\/uploads\/BlueClassic-Alloy-Swivel-Hook-Latch-300x300.png\" class=\"attachment-medium size-medium wp-image-10235\" alt=\"\" srcset=\"https:\/\/www.allmaterialhandling.com\/wp-content\/uploads\/BlueClassic-Alloy-Swivel-Hook-Latch-300x300.png 300w, https:\/\/www.allmaterialhandling.com\/wp-content\/uploads\/BlueClassic-Alloy-Swivel-Hook-Latch-150x150.png 150w, https:\/\/www.allmaterialhandling.com\/wp-content\/uploads\/BlueClassic-Alloy-Swivel-Hook-Latch-24x24.png 24w, https:\/\/www.allmaterialhandling.com\/wp-content\/uploads\/BlueClassic-Alloy-Swivel-Hook-Latch-36x36.png 36w, https:\/\/www.allmaterialhandling.com\/wp-content\/uploads\/BlueClassic-Alloy-Swivel-Hook-Latch-48x48.png 48w, https:\/\/www.allmaterialhandling.com\/wp-content\/uploads\/BlueClassic-Alloy-Swivel-Hook-Latch.png 400w\" sizes=\"(max-width: 300px) 100vw, 300px\" \/>\t\t\t\t\t\t\t\t\t\t\t\t\t\t\t<\/div>\n\t\t\t\t<\/div>\n\t\t\t\t<div class=\"elementor-element elementor-element-b0a4a8b elementor-widget elementor-widget-image\" data-id=\"b0a4a8b\" data-element_type=\"widget\" data-widget_type=\"image.default\">\n\t\t\t\t<div class=\"elementor-widget-container\">\n\t\t\t\t\t\t\t\t\t\t\t\t\t\t\t<img decoding=\"async\" width=\"300\" height=\"300\" src=\"https:\/\/www.allmaterialhandling.com\/wp-content\/uploads\/BlueClassic-Alloy-Eye-Hook-Latch-300x300.png\" class=\"attachment-medium size-medium wp-image-10233\" alt=\"\" srcset=\"https:\/\/www.allmaterialhandling.com\/wp-content\/uploads\/BlueClassic-Alloy-Eye-Hook-Latch-300x300.png 300w, https:\/\/www.allmaterialhandling.com\/wp-content\/uploads\/BlueClassic-Alloy-Eye-Hook-Latch-150x150.png 150w, https:\/\/www.allmaterialhandling.com\/wp-content\/uploads\/BlueClassic-Alloy-Eye-Hook-Latch-24x24.png 24w, https:\/\/www.allmaterialhandling.com\/wp-content\/uploads\/BlueClassic-Alloy-Eye-Hook-Latch-36x36.png 36w, https:\/\/www.allmaterialhandling.com\/wp-content\/uploads\/BlueClassic-Alloy-Eye-Hook-Latch-48x48.png 48w, https:\/\/www.allmaterialhandling.com\/wp-content\/uploads\/BlueClassic-Alloy-Eye-Hook-Latch.png 400w\" sizes=\"(max-width: 300px) 100vw, 300px\" \/>\t\t\t\t\t\t\t\t\t\t\t\t\t\t\t<\/div>\n\t\t\t\t<\/div>\n\t\t\t\t\t<\/div>\n\t\t<\/div>\n\t\t\t\t\t<\/div>\n\t\t<\/section>\n\t\t\t\t<\/div>","protected":false},"excerpt":{"rendered":"<p>All Material Handling, Inc. Presenta BLUE CLASSIC Ojo de aleaci\u00f3n y ganchos giratorios All Material Handling, Inc. (AMH) se enorgullece en presentar su BLUE CLASSIC Taiw\u00e1n...<\/p>","protected":false},"author":1,"featured_media":10233,"parent":725,"menu_order":0,"comment_status":"closed","ping_status":"closed","template":"template-pagebuilder.php","meta":{"footnotes":""},"categories":[73],"tags":[],"class_list":["post-13824","page","type-page","status-publish","has-post-thumbnail","hentry","category-news"],"jetpack_sharing_enabled":true,"_links":{"self":[{"href":"https:\/\/www.allmaterialhandling.com\/es\/wp-json\/wp\/v2\/pages\/13824","targetHints":{"allow":["GET"]}}],"collection":[{"href":"https:\/\/www.allmaterialhandling.com\/es\/wp-json\/wp\/v2\/pages"}],"about":[{"href":"https:\/\/www.allmaterialhandling.com\/es\/wp-json\/wp\/v2\/types\/page"}],"author":[{"embeddable":true,"href":"https:\/\/www.allmaterialhandling.com\/es\/wp-json\/wp\/v2\/users\/1"}],"replies":[{"embeddable":true,"href":"https:\/\/www.allmaterialhandling.com\/es\/wp-json\/wp\/v2\/comments?post=13824"}],"version-history":[{"count":11,"href":"https:\/\/www.allmaterialhandling.com\/es\/wp-json\/wp\/v2\/pages\/13824\/revisions"}],"predecessor-version":[{"id":13905,"href":"https:\/\/www.allmaterialhandling.com\/es\/wp-json\/wp\/v2\/pages\/13824\/revisions\/13905"}],"up":[{"embeddable":true,"href":"https:\/\/www.allmaterialhandling.com\/es\/wp-json\/wp\/v2\/pages\/725"}],"wp:featuredmedia":[{"embeddable":true,"href":"https:\/\/www.allmaterialhandling.com\/es\/wp-json\/wp\/v2\/media\/10233"}],"wp:attachment":[{"href":"https:\/\/www.allmaterialhandling.com\/es\/wp-json\/wp\/v2\/media?parent=13824"}],"wp:term":[{"taxonomy":"category","embeddable":true,"href":"https:\/\/www.allmaterialhandling.com\/es\/wp-json\/wp\/v2\/categories?post=13824"},{"taxonomy":"post_tag","embeddable":true,"href":"https:\/\/www.allmaterialhandling.com\/es\/wp-json\/wp\/v2\/tags?post=13824"}],"curies":[{"name":"wp","href":"https:\/\/api.w.org\/{rel}","templated":true}]}}