{"id":13764,"date":"2024-03-11T09:22:58","date_gmt":"2024-03-11T09:22:58","guid":{"rendered":"https:\/\/www.allmaterialhandling.com\/?page_id=13764"},"modified":"2024-03-11T10:19:16","modified_gmt":"2024-03-11T10:19:16","slug":"how-to-avoid-accidents-when-using-lifting-clamps","status":"publish","type":"page","link":"https:\/\/www.allmaterialhandling.com\/es\/news\/how-to-avoid-accidents-when-using-lifting-clamps\/","title":{"rendered":"C\u00f3mo evitar accidentes al utilizar pinzas elevadoras"},"content":{"rendered":"<div data-elementor-type=\"wp-page\" data-elementor-id=\"13764\" class=\"elementor elementor-13764\" data-elementor-settings=\"{&quot;ha_cmc_init_switcher&quot;:&quot;no&quot;}\" data-elementor-post-type=\"page\">\n\t\t\t\t\t\t<section class=\"has_eae_slider elementor-section elementor-top-section elementor-element elementor-element-41de89c elementor-section-boxed elementor-section-height-default elementor-section-height-default\" data-eae-slider=\"72592\" data-id=\"41de89c\" data-element_type=\"section\" data-settings=\"{&quot;_ha_eqh_enable&quot;:false}\">\n\t\t\t\t\t\t<div class=\"elementor-container elementor-column-gap-default\">\n\t\t\t\t\t<div class=\"has_eae_slider elementor-column elementor-col-50 elementor-top-column elementor-element elementor-element-aefb978\" data-eae-slider=\"85401\" data-id=\"aefb978\" data-element_type=\"column\">\n\t\t\t<div class=\"elementor-widget-wrap elementor-element-populated\">\n\t\t\t\t\t\t<section class=\"has_eae_slider elementor-section elementor-inner-section elementor-element elementor-element-031c9dd elementor-section-boxed elementor-section-height-default elementor-section-height-default\" data-eae-slider=\"31621\" data-id=\"031c9dd\" data-element_type=\"section\" data-settings=\"{&quot;_ha_eqh_enable&quot;:false}\">\n\t\t\t\t\t\t<div class=\"elementor-container elementor-column-gap-default\">\n\t\t\t\t\t<div class=\"has_eae_slider elementor-column elementor-col-100 elementor-inner-column elementor-element elementor-element-b268623\" data-eae-slider=\"72704\" data-id=\"b268623\" data-element_type=\"column\">\n\t\t\t<div class=\"elementor-widget-wrap elementor-element-populated\">\n\t\t\t\t\t\t<div class=\"elementor-element elementor-element-46aafde elementor-widget elementor-widget-heading\" data-id=\"46aafde\" data-element_type=\"widget\" data-widget_type=\"heading.default\">\n\t\t\t\t<div class=\"elementor-widget-container\">\n\t\t\t\t\t<h2 class=\"elementor-heading-title elementor-size-default\">C\u00f3mo evitar accidentes al utilizar <\/h2>\t\t\t\t<\/div>\n\t\t\t\t<\/div>\n\t\t\t\t<div class=\"elementor-element elementor-element-54b6d1b elementor-widget elementor-widget-heading\" data-id=\"54b6d1b\" data-element_type=\"widget\" data-widget_type=\"heading.default\">\n\t\t\t\t<div class=\"elementor-widget-container\">\n\t\t\t\t\t<h1 class=\"elementor-heading-title elementor-size-default\">Pinzas de elevaci\u00f3n<\/h1>\t\t\t\t<\/div>\n\t\t\t\t<\/div>\n\t\t\t\t<div class=\"elementor-element elementor-element-9cd556d elementor-widget elementor-widget-text-editor\" data-id=\"9cd556d\" data-element_type=\"widget\" data-widget_type=\"text-editor.default\">\n\t\t\t\t<div class=\"elementor-widget-container\">\n\t\t\t\t\t\t\t\t\t<p><strong>Las pinzas de elevaci\u00f3n tienen diversas aplicaciones, como el transporte de chapas y el izado de vigas de elevaci\u00f3n. Para un rendimiento y seguridad \u00f3ptimos, aqu\u00ed tiene algunas \"<em>qu\u00e9 hacer y qu\u00e9 no hacer<\/em>&#8220;<\/strong><\/p>\t\t\t\t\t\t\t\t<\/div>\n\t\t\t\t<\/div>\n\t\t\t\t\t<\/div>\n\t\t<\/div>\n\t\t\t\t\t<\/div>\n\t\t<\/section>\n\t\t\t\t<div class=\"elementor-element elementor-element-121712e elementor-widget elementor-widget-ha-pdf-view happy-addon ha-pdf-view\" data-id=\"121712e\" data-element_type=\"widget\" data-widget_type=\"ha-pdf-view.default\">\n\t\t\t\t<div class=\"elementor-widget-container\">\n\t\t\t\t\t        <div class=\"pdf_viewer_container\">\n            <div class=\"pdf_viewer_options viewer-121712e\" data-pdf-settings=\"{&quot;unique_id&quot;:&quot;viewer-121712e&quot;,&quot;pdf_url&quot;:&quot;\\\/wp-content\\\/uploads\\\/WireRopeNews-lifting-clamps-Oct-2017.pdf&quot;,&quot;file_type&quot;:&quot;url&quot;,&quot;page_number&quot;:&quot;1&quot;,&quot;width&quot;:&quot;100%&quot;,&quot;height&quot;:&quot;657px&quot;}\">\n\t\t\t\t<span class=\"ha-title-flex\">\n\t\t\t\t\t<span class=\"pdf-icon\">\n\t\t\t\t\t\t\t\t\t\t\t<\/span>\n\t\t\t\t\t\t\t\t\t<\/span>\n\t\t\t\t                <div class=\"pdf-button\">\n                <a href=\"\/wp-content\/uploads\/WireRopeNews-lifting-clamps-Oct-2017.pdf\" class=\"ha-btn\" download title=\"\">Descargar<\/a>                <\/div>\n            <\/div>\n\n\t\t\t<div>\n\t\t\t\t<div id=\"viewer-121712e\"><\/div>\n\t\t\t<\/div>\n\n        <\/div>\n        \t\t\t\t<\/div>\n\t\t\t\t<\/div>\n\t\t\t\t\t<\/div>\n\t\t<\/div>\n\t\t\t\t<div class=\"has_eae_slider elementor-column elementor-col-50 elementor-top-column elementor-element elementor-element-19586cb\" data-eae-slider=\"51800\" data-id=\"19586cb\" data-element_type=\"column\">\n\t\t\t<div class=\"elementor-widget-wrap elementor-element-populated\">\n\t\t\t\t\t\t<div class=\"elementor-element elementor-element-0879ff8 elementor-widget elementor-widget-image\" data-id=\"0879ff8\" data-element_type=\"widget\" data-widget_type=\"image.default\">\n\t\t\t\t<div class=\"elementor-widget-container\">\n\t\t\t\t\t\t\t\t\t\t\t\t\t\t\t<img fetchpriority=\"high\" decoding=\"async\" width=\"300\" height=\"300\" src=\"https:\/\/www.allmaterialhandling.com\/wp-content\/uploads\/2021\/07\/PCUA005-300x300.jpg\" class=\"attachment-medium size-medium wp-image-671\" alt=\"\" srcset=\"https:\/\/www.allmaterialhandling.com\/wp-content\/uploads\/2021\/07\/PCUA005-300x300.jpg 300w, https:\/\/www.allmaterialhandling.com\/wp-content\/uploads\/2021\/07\/PCUA005-1024x1024.jpg 1024w, https:\/\/www.allmaterialhandling.com\/wp-content\/uploads\/2021\/07\/PCUA005-150x150.jpg 150w, https:\/\/www.allmaterialhandling.com\/wp-content\/uploads\/2021\/07\/PCUA005-768x768.jpg 768w, https:\/\/www.allmaterialhandling.com\/wp-content\/uploads\/2021\/07\/PCUA005-475x475.jpg 475w, https:\/\/www.allmaterialhandling.com\/wp-content\/uploads\/2021\/07\/PCUA005.jpg 1100w\" sizes=\"(max-width: 300px) 100vw, 300px\" \/>\t\t\t\t\t\t\t\t\t\t\t\t\t\t\t<\/div>\n\t\t\t\t<\/div>\n\t\t\t\t<div class=\"elementor-element elementor-element-b0a4a8b elementor-widget elementor-widget-image\" data-id=\"b0a4a8b\" data-element_type=\"widget\" data-widget_type=\"image.default\">\n\t\t\t\t<div class=\"elementor-widget-container\">\n\t\t\t\t\t\t\t\t\t\t\t\t\t\t\t<img decoding=\"async\" width=\"640\" height=\"640\" src=\"https:\/\/www.allmaterialhandling.com\/wp-content\/uploads\/PCUA005-V1-01-01-1024x1024.jpg\" class=\"attachment-large size-large wp-image-9403\" alt=\"\" srcset=\"https:\/\/www.allmaterialhandling.com\/wp-content\/uploads\/PCUA005-V1-01-01-1024x1024.jpg 1024w, https:\/\/www.allmaterialhandling.com\/wp-content\/uploads\/PCUA005-V1-01-01-300x300.jpg 300w, https:\/\/www.allmaterialhandling.com\/wp-content\/uploads\/PCUA005-V1-01-01-150x150.jpg 150w, https:\/\/www.allmaterialhandling.com\/wp-content\/uploads\/PCUA005-V1-01-01-768x768.jpg 768w, https:\/\/www.allmaterialhandling.com\/wp-content\/uploads\/PCUA005-V1-01-01-1536x1536.jpg 1536w, https:\/\/www.allmaterialhandling.com\/wp-content\/uploads\/PCUA005-V1-01-01-2048x2048.jpg 2048w, https:\/\/www.allmaterialhandling.com\/wp-content\/uploads\/PCUA005-V1-01-01-475x475.jpg 475w, https:\/\/www.allmaterialhandling.com\/wp-content\/uploads\/PCUA005-V1-01-01-24x24.jpg 24w, https:\/\/www.allmaterialhandling.com\/wp-content\/uploads\/PCUA005-V1-01-01-36x36.jpg 36w, https:\/\/www.allmaterialhandling.com\/wp-content\/uploads\/PCUA005-V1-01-01-48x48.jpg 48w\" sizes=\"(max-width: 640px) 100vw, 640px\" \/>\t\t\t\t\t\t\t\t\t\t\t\t\t\t\t<\/div>\n\t\t\t\t<\/div>\n\t\t\t\t\t<\/div>\n\t\t<\/div>\n\t\t\t\t\t<\/div>\n\t\t<\/section>\n\t\t\t\t<\/div>","protected":false},"excerpt":{"rendered":"<p>C\u00f3mo evitar accidentes al utilizar pinzas de elevaci\u00f3n Las pinzas de elevaci\u00f3n tienen diversas aplicaciones, como el transporte de chapas y el izado de vigas de elevaci\u00f3n. Para un rendimiento \u00f3ptimo...<\/p>","protected":false},"author":1,"featured_media":671,"parent":725,"menu_order":0,"comment_status":"closed","ping_status":"closed","template":"template-pagebuilder.php","meta":{"footnotes":""},"categories":[73],"tags":[],"class_list":["post-13764","page","type-page","status-publish","has-post-thumbnail","hentry","category-news"],"jetpack_sharing_enabled":true,"_links":{"self":[{"href":"https:\/\/www.allmaterialhandling.com\/es\/wp-json\/wp\/v2\/pages\/13764","targetHints":{"allow":["GET"]}}],"collection":[{"href":"https:\/\/www.allmaterialhandling.com\/es\/wp-json\/wp\/v2\/pages"}],"about":[{"href":"https:\/\/www.allmaterialhandling.com\/es\/wp-json\/wp\/v2\/types\/page"}],"author":[{"embeddable":true,"href":"https:\/\/www.allmaterialhandling.com\/es\/wp-json\/wp\/v2\/users\/1"}],"replies":[{"embeddable":true,"href":"https:\/\/www.allmaterialhandling.com\/es\/wp-json\/wp\/v2\/comments?post=13764"}],"version-history":[{"count":32,"href":"https:\/\/www.allmaterialhandling.com\/es\/wp-json\/wp\/v2\/pages\/13764\/revisions"}],"predecessor-version":[{"id":13907,"href":"https:\/\/www.allmaterialhandling.com\/es\/wp-json\/wp\/v2\/pages\/13764\/revisions\/13907"}],"up":[{"embeddable":true,"href":"https:\/\/www.allmaterialhandling.com\/es\/wp-json\/wp\/v2\/pages\/725"}],"wp:featuredmedia":[{"embeddable":true,"href":"https:\/\/www.allmaterialhandling.com\/es\/wp-json\/wp\/v2\/media\/671"}],"wp:attachment":[{"href":"https:\/\/www.allmaterialhandling.com\/es\/wp-json\/wp\/v2\/media?parent=13764"}],"wp:term":[{"taxonomy":"category","embeddable":true,"href":"https:\/\/www.allmaterialhandling.com\/es\/wp-json\/wp\/v2\/categories?post=13764"},{"taxonomy":"post_tag","embeddable":true,"href":"https:\/\/www.allmaterialhandling.com\/es\/wp-json\/wp\/v2\/tags?post=13764"}],"curies":[{"name":"wp","href":"https:\/\/api.w.org\/{rel}","templated":true}]}}