{"id":13452,"date":"2023-11-30T10:17:51","date_gmt":"2023-11-30T10:17:51","guid":{"rendered":"https:\/\/www.allmaterialhandling.com\/?page_id=13452"},"modified":"2023-11-30T11:22:44","modified_gmt":"2023-11-30T11:22:44","slug":"lever-chain-hoists-lz-mini","status":"publish","type":"page","link":"https:\/\/www.allmaterialhandling.com\/es\/lever-chain-hoists\/lever-chain-hoists-lz-mini\/","title":{"rendered":"Polipastos de cadena de palanca LZ Mini"},"content":{"rendered":"<div data-elementor-type=\"wp-page\" data-elementor-id=\"13452\" class=\"elementor elementor-13452\" data-elementor-settings=\"{&quot;ha_cmc_init_switcher&quot;:&quot;no&quot;}\" data-elementor-post-type=\"page\">\n\t\t\t\t\t\t<section class=\"has_eae_slider elementor-section elementor-top-section elementor-element elementor-element-648e7a0 elementor-section-boxed elementor-section-height-default elementor-section-height-default\" data-eae-slider=\"40781\" data-id=\"648e7a0\" data-element_type=\"section\" data-settings=\"{&quot;_ha_eqh_enable&quot;:false}\">\n\t\t\t\t\t\t<div class=\"elementor-container elementor-column-gap-default\">\n\t\t\t\t\t\t<\/div>\n\t\t<\/section>\n\t\t\t\t<section class=\"has_eae_slider elementor-section elementor-top-section elementor-element elementor-element-5654ed1 elementor-section-boxed elementor-section-height-default elementor-section-height-default\" data-eae-slider=\"35669\" data-id=\"5654ed1\" data-element_type=\"section\" data-settings=\"{&quot;_ha_eqh_enable&quot;:false}\">\n\t\t\t\t\t\t<div class=\"elementor-container elementor-column-gap-default\">\n\t\t\t\t\t<div class=\"has_eae_slider elementor-column elementor-col-100 elementor-top-column elementor-element elementor-element-e376b0d\" data-eae-slider=\"73619\" data-id=\"e376b0d\" data-element_type=\"column\">\n\t\t\t<div class=\"elementor-widget-wrap elementor-element-populated\">\n\t\t\t\t\t\t<section class=\"has_eae_slider elementor-section elementor-inner-section elementor-element elementor-element-b80e321 elementor-section-boxed elementor-section-height-default elementor-section-height-default\" data-eae-slider=\"60810\" data-id=\"b80e321\" data-element_type=\"section\" data-settings=\"{&quot;_ha_eqh_enable&quot;:false}\">\n\t\t\t\t\t\t<div class=\"elementor-container elementor-column-gap-default\">\n\t\t\t\t\t<div class=\"has_eae_slider elementor-column elementor-col-50 elementor-inner-column elementor-element elementor-element-61e0187\" data-eae-slider=\"2332\" data-id=\"61e0187\" data-element_type=\"column\">\n\t\t\t<div class=\"elementor-widget-wrap elementor-element-populated\">\n\t\t\t\t\t\t<div class=\"elementor-element elementor-element-344067d animated-slow elementor-invisible elementor-widget elementor-widget-heading\" data-id=\"344067d\" data-element_type=\"widget\" data-settings=\"{&quot;_animation&quot;:&quot;fadeIn&quot;,&quot;_animation_delay&quot;:0}\" data-widget_type=\"heading.default\">\n\t\t\t\t<div class=\"elementor-widget-container\">\n\t\t\t\t\t<h2 class=\"elementor-heading-title elementor-size-default\">Polipastos de cadena de palanca Serie LZ Mini<\/h2>\t\t\t\t<\/div>\n\t\t\t\t<\/div>\n\t\t\t\t<div class=\"elementor-element elementor-element-c6c9932 elementor-widget-divider--view-line elementor-widget elementor-widget-divider\" data-id=\"c6c9932\" data-element_type=\"widget\" data-widget_type=\"divider.default\">\n\t\t\t\t<div class=\"elementor-widget-container\">\n\t\t\t\t\t\t\t<div class=\"elementor-divider\">\n\t\t\t<span class=\"elementor-divider-separator\">\n\t\t\t\t\t\t<\/span>\n\t\t<\/div>\n\t\t\t\t\t\t<\/div>\n\t\t\t\t<\/div>\n\t\t\t\t<div class=\"elementor-element elementor-element-d07cda8 elementor-widget elementor-widget-image\" data-id=\"d07cda8\" data-element_type=\"widget\" data-widget_type=\"image.default\">\n\t\t\t\t<div class=\"elementor-widget-container\">\n\t\t\t\t\t\t\t\t\t\t\t\t\t\t\t<img decoding=\"async\" width=\"150\" height=\"150\" src=\"https:\/\/www.allmaterialhandling.com\/wp-content\/uploads\/badger-logo-1-150x150.png\" class=\"attachment-thumbnail size-thumbnail wp-image-12718\" alt=\"\" srcset=\"https:\/\/www.allmaterialhandling.com\/wp-content\/uploads\/badger-logo-1-150x150.png 150w, https:\/\/www.allmaterialhandling.com\/wp-content\/uploads\/badger-logo-1-300x300.png 300w, https:\/\/www.allmaterialhandling.com\/wp-content\/uploads\/badger-logo-1-475x475.png 475w, https:\/\/www.allmaterialhandling.com\/wp-content\/uploads\/badger-logo-1-24x24.png 24w, https:\/\/www.allmaterialhandling.com\/wp-content\/uploads\/badger-logo-1-36x36.png 36w, https:\/\/www.allmaterialhandling.com\/wp-content\/uploads\/badger-logo-1-48x48.png 48w, https:\/\/www.allmaterialhandling.com\/wp-content\/uploads\/badger-logo-1.png 600w\" sizes=\"(max-width: 150px) 100vw, 150px\" \/>\t\t\t\t\t\t\t\t\t\t\t\t\t\t\t<\/div>\n\t\t\t\t<\/div>\n\t\t\t\t<div class=\"elementor-element elementor-element-911cdd8 elementor-widget elementor-widget-image\" data-id=\"911cdd8\" data-element_type=\"widget\" data-widget_type=\"image.default\">\n\t\t\t\t<div class=\"elementor-widget-container\">\n\t\t\t\t\t\t\t\t\t\t\t\t\t\t\t<img fetchpriority=\"high\" decoding=\"async\" width=\"449\" height=\"379\" src=\"https:\/\/www.allmaterialhandling.com\/wp-content\/uploads\/Drawing-LZ.png\" class=\"attachment-full size-full wp-image-13477\" alt=\"\" srcset=\"https:\/\/www.allmaterialhandling.com\/wp-content\/uploads\/Drawing-LZ.png 449w, https:\/\/www.allmaterialhandling.com\/wp-content\/uploads\/Drawing-LZ-300x253.png 300w, https:\/\/www.allmaterialhandling.com\/wp-content\/uploads\/Drawing-LZ-14x12.png 14w, https:\/\/www.allmaterialhandling.com\/wp-content\/uploads\/Drawing-LZ-24x20.png 24w, https:\/\/www.allmaterialhandling.com\/wp-content\/uploads\/Drawing-LZ-36x30.png 36w, https:\/\/www.allmaterialhandling.com\/wp-content\/uploads\/Drawing-LZ-48x41.png 48w\" sizes=\"(max-width: 449px) 100vw, 449px\" \/>\t\t\t\t\t\t\t\t\t\t\t\t\t\t\t<\/div>\n\t\t\t\t<\/div>\n\t\t\t\t<div class=\"elementor-element elementor-element-3a38ef3 elementor-widget elementor-widget-text-editor\" data-id=\"3a38ef3\" data-element_type=\"widget\" data-widget_type=\"text-editor.default\">\n\t\t\t\t<div class=\"elementor-widget-container\">\n\t\t\t\t\t\t\t\t\t<p><b>Ordenar Lever por n\u00famero de modelo descriptivo,\u00a0<\/b>ejemplo <strong>LZ003-05<\/strong><\/p><table style=\"width: 300px; border: none;\"><tbody><tr><td style=\"border: none;\">C\u00f3digo de producto<\/td><td style=\"border: none;\">-Lift<\/td><\/tr><tr><td style=\"border: none;\"><b>LZ003<\/b><\/td><td style=\"border: none;\"><b>-05<\/b><\/td><\/tr><\/tbody><\/table>\t\t\t\t\t\t\t\t<\/div>\n\t\t\t\t<\/div>\n\t\t\t\t\t<\/div>\n\t\t<\/div>\n\t\t\t\t<div class=\"has_eae_slider elementor-column elementor-col-50 elementor-inner-column elementor-element elementor-element-33f234d\" data-eae-slider=\"48299\" data-id=\"33f234d\" data-element_type=\"column\">\n\t\t\t<div class=\"elementor-widget-wrap elementor-element-populated\">\n\t\t\t\t\t\t<div class=\"elementor-element elementor-element-d7cbca8 elementor-widget elementor-widget-image\" data-id=\"d7cbca8\" data-element_type=\"widget\" data-widget_type=\"image.default\">\n\t\t\t\t<div class=\"elementor-widget-container\">\n\t\t\t\t\t\t\t\t\t\t\t\t\t\t\t<img decoding=\"async\" width=\"302\" height=\"690\" src=\"https:\/\/www.allmaterialhandling.com\/wp-content\/uploads\/LZ-Mini-Lever-Hoist.png\" class=\"attachment-full size-full wp-image-13487\" alt=\"\" srcset=\"https:\/\/www.allmaterialhandling.com\/wp-content\/uploads\/LZ-Mini-Lever-Hoist.png 302w, https:\/\/www.allmaterialhandling.com\/wp-content\/uploads\/LZ-Mini-Lever-Hoist-131x300.png 131w, https:\/\/www.allmaterialhandling.com\/wp-content\/uploads\/LZ-Mini-Lever-Hoist-5x12.png 5w, https:\/\/www.allmaterialhandling.com\/wp-content\/uploads\/LZ-Mini-Lever-Hoist-11x24.png 11w, https:\/\/www.allmaterialhandling.com\/wp-content\/uploads\/LZ-Mini-Lever-Hoist-16x36.png 16w, https:\/\/www.allmaterialhandling.com\/wp-content\/uploads\/LZ-Mini-Lever-Hoist-21x48.png 21w\" sizes=\"(max-width: 302px) 100vw, 302px\" \/>\t\t\t\t\t\t\t\t\t\t\t\t\t\t\t<\/div>\n\t\t\t\t<\/div>\n\t\t\t\t\t<\/div>\n\t\t<\/div>\n\t\t\t\t\t<\/div>\n\t\t<\/section>\n\t\t\t\t\t<\/div>\n\t\t<\/div>\n\t\t\t\t\t<\/div>\n\t\t<\/section>\n\t\t\t\t<section class=\"has_eae_slider elementor-section elementor-top-section elementor-element elementor-element-d1c6bcd elementor-section-boxed elementor-section-height-default elementor-section-height-default\" data-eae-slider=\"82379\" data-id=\"d1c6bcd\" data-element_type=\"section\" data-settings=\"{&quot;_ha_eqh_enable&quot;:false}\">\n\t\t\t\t\t\t<div class=\"elementor-container elementor-column-gap-default\">\n\t\t\t\t\t<div class=\"has_eae_slider elementor-column elementor-col-100 elementor-top-column elementor-element elementor-element-a5c284e\" data-eae-slider=\"43465\" data-id=\"a5c284e\" data-element_type=\"column\">\n\t\t\t<div class=\"elementor-widget-wrap elementor-element-populated\">\n\t\t\t\t\t\t<div class=\"elementor-element elementor-element-fe1dd11 elementor-widget elementor-widget-text-editor\" data-id=\"fe1dd11\" data-element_type=\"widget\" data-widget_type=\"text-editor.default\">\n\t\t\t\t<div class=\"elementor-widget-container\">\n\t\t\t\t\t\t\t\t\t<p>\n<table id=\"tablepress-89\" class=\"tablepress tablepress-id-89\">\n<thead>\n<tr class=\"row-1\">\n\t<td class=\"column-1\"><\/td><th class=\"column-2\">C\u00f3digo de producto<\/th><th class=\"column-3\">WLL M\u00e1x.<\/th><th class=\"column-4\">WLL M\u00edn.<\/th><th class=\"column-5\">Ca\u00eddas<\/th><th class=\"column-6\">Cadena<\/th><th class=\"column-7\">A\" M\u00edn.<\/th><th class=\"column-8\">B (plg.)<\/th><th class=\"column-9\">C\"<\/th><th class=\"column-10\">D (plg.)<\/th><th class=\"column-11\">H \"min<\/th><th class=\"column-12\">L\"<\/th><th class=\"column-13\">K\"<\/th><th class=\"column-14\">P(lbs) M\u00e1x.<\/th><th class=\"column-15\">Peso (lbs) <br \/>\ncon 5 pies de elev.<\/th>\n<\/tr>\n<\/thead>\n<tbody class=\"row-striping row-hover\">\n<tr class=\"row-2\">\n\t<td class=\"column-1\"><\/td><td class=\"column-2\"><a href=\"http:\/\/www.allmaterialhandling.com\/es\/lever-chain-hoists\/lever-chain-hoists-lz-mini\/lz003\/\"><span style = \"text-decoration:underline; color: #0000ff\">LZ003<\/span><\/a><\/td><td class=\"column-3\">1\/4t \/ 550 lbs<\/td><td class=\"column-4\">15 libras<\/td><td class=\"column-5\">1<\/td><td class=\"column-6\">C4X12Z<\/td><td class=\"column-7\">3.6<\/td><td class=\"column-8\">2.8<\/td><td class=\"column-9\">2.5<\/td><td class=\"column-10\">1.2<\/td><td class=\"column-11\">9.4<\/td><td class=\"column-12\">6.3<\/td><td class=\"column-13\">1<\/td><td class=\"column-14\">56<\/td><td class=\"column-15\">4.4<\/td>\n<\/tr>\n<\/tbody>\n<\/table>\n<!-- #tablepress-89 from cache --><\/p><p>\t\t<div data-elementor-type=\"wp-post\" data-elementor-id=\"13508\" class=\"elementor elementor-13508\" data-elementor-settings=\"{&quot;ha_cmc_init_switcher&quot;:&quot;no&quot;}\" data-elementor-post-type=\"ae_global_templates\">\n\t\t\t\t\t\t<section class=\"has_eae_slider elementor-section elementor-top-section elementor-element elementor-element-ac592a7 elementor-section-boxed elementor-section-height-default elementor-section-height-default\" data-eae-slider=\"6523\" data-id=\"ac592a7\" data-element_type=\"section\" data-settings=\"{&quot;_ha_eqh_enable&quot;:false}\">\n\t\t\t\t\t\t<div class=\"elementor-container elementor-column-gap-default\">\n\t\t\t\t\t<div class=\"has_eae_slider elementor-column elementor-col-100 elementor-top-column elementor-element elementor-element-5e35cf5\" data-eae-slider=\"97581\" data-id=\"5e35cf5\" data-element_type=\"column\">\n\t\t\t<div class=\"elementor-widget-wrap elementor-element-populated\">\n\t\t\t\t\t\t<div class=\"elementor-element elementor-element-17758bc elementor-align-left elementor-widget__width-initial elementor-icon-list--layout-inline elementor-list-item-link-full_width elementor-widget elementor-widget-icon-list\" data-id=\"17758bc\" data-element_type=\"widget\" data-widget_type=\"icon-list.default\">\n\t\t\t\t<div class=\"elementor-widget-container\">\n\t\t\t\t\t\t\t<ul class=\"elementor-icon-list-items elementor-inline-items\">\n\t\t\t\t\t\t\t<li class=\"elementor-icon-list-item elementor-inline-item\">\n\t\t\t\t\t\t\t\t\t\t\t<a href=\"\/wp-content\/uploads\/LZ003-Flyer.pdf\" target=\"_blank\">\n\n\t\t\t\t\t\t\t\t\t\t\t\t<span class=\"elementor-icon-list-icon\">\n\t\t\t\t\t\t\t<i aria-hidden=\"true\" class=\"fas fa-file-pdf\"><\/i>\t\t\t\t\t\t<\/span>\n\t\t\t\t\t\t\t\t\t\t<span class=\"elementor-icon-list-text\">Ficha t\u00e9cnica<\/span>\n\t\t\t\t\t\t\t\t\t\t\t<\/a>\n\t\t\t\t\t\t\t\t\t<\/li>\n\t\t\t\t\t\t\t\t<li class=\"elementor-icon-list-item elementor-inline-item\">\n\t\t\t\t\t\t\t\t\t\t\t<a href=\"\/wp-content\/uploads\/MAN-ALLBADGER-19-220330.pdf\" target=\"_blank\">\n\n\t\t\t\t\t\t\t\t\t\t\t\t<span class=\"elementor-icon-list-icon\">\n\t\t\t\t\t\t\t<i aria-hidden=\"true\" class=\"fas fa-file-pdf\"><\/i>\t\t\t\t\t\t<\/span>\n\t\t\t\t\t\t\t\t\t\t<span class=\"elementor-icon-list-text\">Manual<\/span>\n\t\t\t\t\t\t\t\t\t\t\t<\/a>\n\t\t\t\t\t\t\t\t\t<\/li>\n\t\t\t\t\t\t\t\t<li class=\"elementor-icon-list-item elementor-inline-item\">\n\t\t\t\t\t\t\t\t\t\t\t<a href=\"\/wp-content\/uploads\/LZ-Mini-Parts-Breakdown.pdf\" target=\"_blank\">\n\n\t\t\t\t\t\t\t\t\t\t\t\t<span class=\"elementor-icon-list-icon\">\n\t\t\t\t\t\t\t<i aria-hidden=\"true\" class=\"fas fa-file-pdf\"><\/i>\t\t\t\t\t\t<\/span>\n\t\t\t\t\t\t\t\t\t\t<span class=\"elementor-icon-list-text\">Desglose de piezas<\/span>\n\t\t\t\t\t\t\t\t\t\t\t<\/a>\n\t\t\t\t\t\t\t\t\t<\/li>\n\t\t\t\t\t\t<\/ul>\n\t\t\t\t\t\t<\/div>\n\t\t\t\t<\/div>\n\t\t\t\t\t<\/div>\n\t\t<\/div>\n\t\t\t\t\t<\/div>\n\t\t<\/section>\n\t\t\t\t<\/div>\n\t\t<\/p>\t\t\t\t\t\t\t\t<\/div>\n\t\t\t\t<\/div>\n\t\t\t\t\t<\/div>\n\t\t<\/div>\n\t\t\t\t\t<\/div>\n\t\t<\/section>\n\t\t\t\t<section class=\"has_eae_slider elementor-section elementor-top-section elementor-element elementor-element-5e65e4b elementor-section-boxed elementor-section-height-default elementor-section-height-default\" data-eae-slider=\"50178\" data-id=\"5e65e4b\" data-element_type=\"section\" data-settings=\"{&quot;_ha_eqh_enable&quot;:false}\">\n\t\t\t\t\t\t<div class=\"elementor-container elementor-column-gap-default\">\n\t\t\t\t\t<div class=\"has_eae_slider elementor-column elementor-col-100 elementor-top-column elementor-element elementor-element-13f9923\" data-eae-slider=\"93221\" data-id=\"13f9923\" data-element_type=\"column\">\n\t\t\t<div class=\"elementor-widget-wrap elementor-element-populated\">\n\t\t\t\t\t\t<section class=\"has_eae_slider elementor-section elementor-inner-section elementor-element elementor-element-c33e191 elementor-section-boxed elementor-section-height-default elementor-section-height-default\" data-eae-slider=\"27656\" data-id=\"c33e191\" data-element_type=\"section\" data-settings=\"{&quot;_ha_eqh_enable&quot;:false}\">\n\t\t\t\t\t\t<div class=\"elementor-container elementor-column-gap-default\">\n\t\t\t\t\t<div class=\"has_eae_slider elementor-column elementor-col-50 elementor-inner-column elementor-element elementor-element-dc1cd01\" data-eae-slider=\"58090\" data-id=\"dc1cd01\" data-element_type=\"column\">\n\t\t\t<div class=\"elementor-widget-wrap elementor-element-populated\">\n\t\t\t\t\t\t<div class=\"elementor-element elementor-element-070a4e3 elementor-widget elementor-widget-text-editor\" data-id=\"070a4e3\" data-element_type=\"widget\" data-widget_type=\"text-editor.default\">\n\t\t\t\t<div class=\"elementor-widget-container\">\n\t\t\t\t\t\t\t\t\t<ul><li><strong>1\/4t (550lbs) Capacidad<\/strong>.<\/li><li><strong>Tama\u00f1o peque\u00f1o<\/strong> permite el funcionamiento y el almacenamiento en lugares estrechos.<\/li><li>Disponible en alturas de <strong>5<\/strong> y <strong>3 metros.<\/strong><\/li><li>Cadena de carga de precisi\u00f3n con resistencia de <strong>Cadena G80<\/strong>.<\/li><li><strong>Freno de carga mec\u00e1nico tipo Weston<\/strong> es de discos de freno autoajustables sin amianto y est\u00e1 rodeado por un cerramiento para limitar la contaminaci\u00f3n.<\/li><li><strong>Altura libre reducida, ligereza y durabilidad<\/strong> La carcasa de acero moldeado protege de la contaminaci\u00f3n y puede desmontarse r\u00e1pidamente para un mantenimiento r\u00e1pido y sencillo.<\/li><li><strong>Cojinetes de manguito<\/strong> utilizados para maximizar la capacidad de servicio y proporcionar una buena eficiencia<\/li><li><strong>Cada polipasto se somete a una prueba de resistencia a un m\u00ednimo de 1,25 veces el WLL.<\/strong> y se env\u00edan con un certificado de prueba que reverencia el n\u00famero de serie individualizado estampado en la placa de caracter\u00edsticas.<\/li><li><strong>Cumple ASME B30, OSHA y NASA-STD-8719.9.<\/strong><\/li><li>El peso del env\u00edo se puede estimar a\u00f1adiendo aprox, 15% a \"<strong>W<\/strong>\" peso colgante.<\/li><li><strong>Cada polipasto viene con una bolsa de camuflaje y un manual completo de la l\u00ednea de productos Badger.<\/strong> (1\/4t a 10t). El manual se suministra en ingl\u00e9s, franc\u00e9s y espa\u00f1ol.<\/li><\/ul>\t\t\t\t\t\t\t\t<\/div>\n\t\t\t\t<\/div>\n\t\t\t\t\t<\/div>\n\t\t<\/div>\n\t\t\t\t<div class=\"has_eae_slider elementor-column elementor-col-50 elementor-inner-column elementor-element elementor-element-7a93694\" data-eae-slider=\"15808\" data-id=\"7a93694\" data-element_type=\"column\">\n\t\t\t<div class=\"elementor-widget-wrap elementor-element-populated\">\n\t\t\t\t\t\t<div class=\"elementor-element elementor-element-4a2b2f5 elementor-widget elementor-widget-text-editor\" data-id=\"4a2b2f5\" data-element_type=\"widget\" data-widget_type=\"text-editor.default\">\n\t\t\t\t<div class=\"elementor-widget-container\">\n\t\t\t\t\t\t\t\t\t<p>Im\u00e1genes adicionales<\/p>\t\t\t\t\t\t\t\t<\/div>\n\t\t\t\t<\/div>\n\t\t\t\t<div class=\"elementor-element elementor-element-3d3d269 elementor-widget-divider--view-line elementor-widget elementor-widget-divider\" data-id=\"3d3d269\" data-element_type=\"widget\" data-widget_type=\"divider.default\">\n\t\t\t\t<div class=\"elementor-widget-container\">\n\t\t\t\t\t\t\t<div class=\"elementor-divider\">\n\t\t\t<span class=\"elementor-divider-separator\">\n\t\t\t\t\t\t<\/span>\n\t\t<\/div>\n\t\t\t\t\t\t<\/div>\n\t\t\t\t<\/div>\n\t\t\t\t<div class=\"elementor-element elementor-element-e74e1f4 elementor-widget elementor-widget-gallery\" data-id=\"e74e1f4\" data-element_type=\"widget\" data-settings=\"{&quot;gallery_layout&quot;:&quot;justified&quot;,&quot;overlay_title&quot;:&quot;title&quot;,&quot;lazyload&quot;:&quot;yes&quot;,&quot;ideal_row_height&quot;:{&quot;unit&quot;:&quot;px&quot;,&quot;size&quot;:200,&quot;sizes&quot;:[]},&quot;ideal_row_height_tablet&quot;:{&quot;unit&quot;:&quot;px&quot;,&quot;size&quot;:150,&quot;sizes&quot;:[]},&quot;ideal_row_height_mobile&quot;:{&quot;unit&quot;:&quot;px&quot;,&quot;size&quot;:150,&quot;sizes&quot;:[]},&quot;gap&quot;:{&quot;unit&quot;:&quot;px&quot;,&quot;size&quot;:10,&quot;sizes&quot;:[]},&quot;gap_tablet&quot;:{&quot;unit&quot;:&quot;px&quot;,&quot;size&quot;:10,&quot;sizes&quot;:[]},&quot;gap_mobile&quot;:{&quot;unit&quot;:&quot;px&quot;,&quot;size&quot;:10,&quot;sizes&quot;:[]},&quot;link_to&quot;:&quot;file&quot;,&quot;overlay_background&quot;:&quot;yes&quot;,&quot;content_hover_animation&quot;:&quot;fade-in&quot;}\" data-widget_type=\"gallery.default\">\n\t\t\t\t<div class=\"elementor-widget-container\">\n\t\t\t\t\t\t\t<div class=\"elementor-gallery__container\">\n\t\t\t\t\t\t\t<a class=\"e-gallery-item elementor-gallery-item elementor-animated-content\" href=\"https:\/\/www.allmaterialhandling.com\/wp-content\/uploads\/Lever-Chain-Hoist-LZ-Mini-Front.png\" data-elementor-open-lightbox=\"yes\" data-elementor-lightbox-slideshow=\"e74e1f4\" data-elementor-lightbox-title=\"Lever-Chain-Hoist-LZ-Mini-Front\" data-e-action-hash=\"#elementor-action%3Aaction%3Dlightbox%26settings%3DeyJpZCI6MTM0OTYsInVybCI6Imh0dHBzOlwvXC93d3cuYWxsbWF0ZXJpYWxoYW5kbGluZy5jb21cL3dwLWNvbnRlbnRcL3VwbG9hZHNcL0xldmVyLUNoYWluLUhvaXN0LUxaLU1pbmktRnJvbnQucG5nIiwic2xpZGVzaG93IjoiZTc0ZTFmNCJ9\">\n\t\t\t\t\t<div class=\"e-gallery-image elementor-gallery-item__image\" data-thumbnail=\"https:\/\/www.allmaterialhandling.com\/wp-content\/uploads\/Lever-Chain-Hoist-LZ-Mini-Front-768x768.png\" data-width=\"640\" data-height=\"640\" aria-label=\"\" role=\"img\" ><\/div>\n\t\t\t\t\t\t\t\t\t\t\t<div class=\"elementor-gallery-item__overlay\"><\/div>\n\t\t\t\t\t\t\t\t\t\t\t\t\t\t\t<div class=\"elementor-gallery-item__content\">\n\t\t\t\t\t\t\t\t\t\t\t\t\t\t<div class=\"elementor-gallery-item__title\">\n\t\t\t\t\t\t\t\t\t\t\t\t\t\t\t\t\t\tPalanca-Cadena-Hoist-LZ-Mini-Front\t\t\t\t\t\t\t\t<\/div>\n\t\t\t\t\t\t\t\t\t\t\t\t<\/div>\n\t\t\t\t\t\t\t\t\t<\/a>\n\t\t\t\t\t\t\t<a class=\"e-gallery-item elementor-gallery-item elementor-animated-content\" href=\"https:\/\/www.allmaterialhandling.com\/wp-content\/uploads\/Lever-Chain-Hoist-LZ-Mini-Back.png\" data-elementor-open-lightbox=\"yes\" data-elementor-lightbox-slideshow=\"e74e1f4\" data-elementor-lightbox-title=\"Lever-Chain-Hoist-LZ-Mini-Back\" data-e-action-hash=\"#elementor-action%3Aaction%3Dlightbox%26settings%3DeyJpZCI6MTM0OTQsInVybCI6Imh0dHBzOlwvXC93d3cuYWxsbWF0ZXJpYWxoYW5kbGluZy5jb21cL3dwLWNvbnRlbnRcL3VwbG9hZHNcL0xldmVyLUNoYWluLUhvaXN0LUxaLU1pbmktQmFjay5wbmciLCJzbGlkZXNob3ciOiJlNzRlMWY0In0%3D\">\n\t\t\t\t\t<div class=\"e-gallery-image elementor-gallery-item__image\" data-thumbnail=\"https:\/\/www.allmaterialhandling.com\/wp-content\/uploads\/Lever-Chain-Hoist-LZ-Mini-Back-768x768.png\" data-width=\"640\" data-height=\"640\" aria-label=\"\" role=\"img\" ><\/div>\n\t\t\t\t\t\t\t\t\t\t\t<div class=\"elementor-gallery-item__overlay\"><\/div>\n\t\t\t\t\t\t\t\t\t\t\t\t\t\t\t<div class=\"elementor-gallery-item__content\">\n\t\t\t\t\t\t\t\t\t\t\t\t\t\t<div class=\"elementor-gallery-item__title\">\n\t\t\t\t\t\t\t\t\t\t\t\t\t\t\t\t\t\tLever-Chain-Hoist-LZ-Mini-Back\t\t\t\t\t\t\t\t<\/div>\n\t\t\t\t\t\t\t\t\t\t\t\t<\/div>\n\t\t\t\t\t\t\t\t\t<\/a>\n\t\t\t\t\t\t\t<a class=\"e-gallery-item elementor-gallery-item elementor-animated-content\" href=\"https:\/\/www.allmaterialhandling.com\/wp-content\/uploads\/Lever-Chain-Hoist-LZ-Mini-Bag.png\" data-elementor-open-lightbox=\"yes\" data-elementor-lightbox-slideshow=\"e74e1f4\" data-elementor-lightbox-title=\"Lever-Chain-Hoist-LZ-Mini-Bag\" data-e-action-hash=\"#elementor-action%3Aaction%3Dlightbox%26settings%3DeyJpZCI6MTM0OTUsInVybCI6Imh0dHBzOlwvXC93d3cuYWxsbWF0ZXJpYWxoYW5kbGluZy5jb21cL3dwLWNvbnRlbnRcL3VwbG9hZHNcL0xldmVyLUNoYWluLUhvaXN0LUxaLU1pbmktQmFnLnBuZyIsInNsaWRlc2hvdyI6ImU3NGUxZjQifQ%3D%3D\">\n\t\t\t\t\t<div class=\"e-gallery-image elementor-gallery-item__image\" data-thumbnail=\"https:\/\/www.allmaterialhandling.com\/wp-content\/uploads\/Lever-Chain-Hoist-LZ-Mini-Bag-768x768.png\" data-width=\"640\" data-height=\"640\" aria-label=\"\" role=\"img\" ><\/div>\n\t\t\t\t\t\t\t\t\t\t\t<div class=\"elementor-gallery-item__overlay\"><\/div>\n\t\t\t\t\t\t\t\t\t\t\t\t\t\t\t<div class=\"elementor-gallery-item__content\">\n\t\t\t\t\t\t\t\t\t\t\t\t\t\t<div class=\"elementor-gallery-item__title\">\n\t\t\t\t\t\t\t\t\t\t\t\t\t\t\t\t\t\tLever-Chain-Hoist-LZ-Mini-Bag\t\t\t\t\t\t\t\t<\/div>\n\t\t\t\t\t\t\t\t\t\t\t\t<\/div>\n\t\t\t\t\t\t\t\t\t<\/a>\n\t\t\t\t\t<\/div>\n\t\t\t\t\t<\/div>\n\t\t\t\t<\/div>\n\t\t\t\t\t<\/div>\n\t\t<\/div>\n\t\t\t\t\t<\/div>\n\t\t<\/section>\n\t\t\t\t\t<\/div>\n\t\t<\/div>\n\t\t\t\t\t<\/div>\n\t\t<\/section>\n\t\t\t\t<\/div>","protected":false},"excerpt":{"rendered":"<p>Polipastos de cadena de palanca LZ Mini-Series Orden de palanca por n\u00famero de modelo descriptivo, ejemplo LZ003-05 Modelo -Lift LZ003 -05 1\/4t (550lbs) Capacidad. Peque\u00f1o tama\u00f1o permite la operaci\u00f3n y almacenamiento...<\/p>","protected":false},"author":1,"featured_media":13468,"parent":1102,"menu_order":0,"comment_status":"closed","ping_status":"closed","template":"template-pagebuilder.php","meta":{"footnotes":""},"categories":[19],"tags":[],"class_list":["post-13452","page","type-page","status-publish","has-post-thumbnail","hentry","category-lever-chain-hoists"],"jetpack_sharing_enabled":true,"_links":{"self":[{"href":"https:\/\/www.allmaterialhandling.com\/es\/wp-json\/wp\/v2\/pages\/13452","targetHints":{"allow":["GET"]}}],"collection":[{"href":"https:\/\/www.allmaterialhandling.com\/es\/wp-json\/wp\/v2\/pages"}],"about":[{"href":"https:\/\/www.allmaterialhandling.com\/es\/wp-json\/wp\/v2\/types\/page"}],"author":[{"embeddable":true,"href":"https:\/\/www.allmaterialhandling.com\/es\/wp-json\/wp\/v2\/users\/1"}],"replies":[{"embeddable":true,"href":"https:\/\/www.allmaterialhandling.com\/es\/wp-json\/wp\/v2\/comments?post=13452"}],"version-history":[{"count":50,"href":"https:\/\/www.allmaterialhandling.com\/es\/wp-json\/wp\/v2\/pages\/13452\/revisions"}],"predecessor-version":[{"id":13567,"href":"https:\/\/www.allmaterialhandling.com\/es\/wp-json\/wp\/v2\/pages\/13452\/revisions\/13567"}],"up":[{"embeddable":true,"href":"https:\/\/www.allmaterialhandling.com\/es\/wp-json\/wp\/v2\/pages\/1102"}],"wp:featuredmedia":[{"embeddable":true,"href":"https:\/\/www.allmaterialhandling.com\/es\/wp-json\/wp\/v2\/media\/13468"}],"wp:attachment":[{"href":"https:\/\/www.allmaterialhandling.com\/es\/wp-json\/wp\/v2\/media?parent=13452"}],"wp:term":[{"taxonomy":"category","embeddable":true,"href":"https:\/\/www.allmaterialhandling.com\/es\/wp-json\/wp\/v2\/categories?post=13452"},{"taxonomy":"post_tag","embeddable":true,"href":"https:\/\/www.allmaterialhandling.com\/es\/wp-json\/wp\/v2\/tags?post=13452"}],"curies":[{"name":"wp","href":"https:\/\/api.w.org\/{rel}","templated":true}]}}