{"id":13339,"date":"2023-09-05T08:45:42","date_gmt":"2023-09-05T08:45:42","guid":{"rendered":"https:\/\/www.allmaterialhandling.com\/?page_id=13339"},"modified":"2024-04-22T15:32:54","modified_gmt":"2024-04-22T15:32:54","slug":"g100-transport-clevis-grab-hook","status":"publish","type":"page","link":"https:\/\/www.allmaterialhandling.com\/es\/alloy-chain-and-fittings\/g100-transport-clevis-grab-hook\/","title":{"rendered":"Gancho de transporte G100"},"content":{"rendered":"<div data-elementor-type=\"wp-page\" data-elementor-id=\"13339\" class=\"elementor elementor-13339\" data-elementor-settings=\"{&quot;ha_cmc_init_switcher&quot;:&quot;no&quot;}\" data-elementor-post-type=\"page\">\n\t\t\t\t\t\t<section class=\"has_eae_slider elementor-section elementor-top-section elementor-element elementor-element-b6ae9bf elementor-section-boxed elementor-section-height-default elementor-section-height-default\" data-eae-slider=\"79061\" data-id=\"b6ae9bf\" data-element_type=\"section\" data-settings=\"{&quot;_ha_eqh_enable&quot;:false}\">\n\t\t\t\t\t\t<div class=\"elementor-container elementor-column-gap-default\">\n\t\t\t\t\t<div class=\"has_eae_slider elementor-column elementor-col-100 elementor-top-column elementor-element elementor-element-44c3ff2\" data-eae-slider=\"19141\" data-id=\"44c3ff2\" data-element_type=\"column\">\n\t\t\t<div class=\"elementor-widget-wrap elementor-element-populated\">\n\t\t\t\t\t\t<section class=\"has_eae_slider elementor-section elementor-inner-section elementor-element elementor-element-bf1f429 elementor-section-boxed elementor-section-height-default elementor-section-height-default\" data-eae-slider=\"68468\" data-id=\"bf1f429\" data-element_type=\"section\" data-settings=\"{&quot;_ha_eqh_enable&quot;:false}\">\n\t\t\t\t\t\t<div class=\"elementor-container elementor-column-gap-default\">\n\t\t\t\t\t<div class=\"has_eae_slider elementor-column elementor-col-50 elementor-inner-column elementor-element elementor-element-f2fafa1\" data-eae-slider=\"51358\" data-id=\"f2fafa1\" data-element_type=\"column\">\n\t\t\t<div class=\"elementor-widget-wrap elementor-element-populated\">\n\t\t\t\t\t\t<div class=\"elementor-element elementor-element-9661f5b animated-slow elementor-invisible elementor-widget elementor-widget-heading\" data-id=\"9661f5b\" data-element_type=\"widget\" data-settings=\"{&quot;_animation&quot;:&quot;fadeIn&quot;}\" data-widget_type=\"heading.default\">\n\t\t\t\t<div class=\"elementor-widget-container\">\n\t\t\t\t\t<h2 class=\"elementor-heading-title elementor-size-default\">Gancho de transporte G100<\/h2>\t\t\t\t<\/div>\n\t\t\t\t<\/div>\n\t\t\t\t<div class=\"elementor-element elementor-element-bb66a1b elementor-widget-divider--view-line elementor-widget elementor-widget-divider\" data-id=\"bb66a1b\" data-element_type=\"widget\" data-widget_type=\"divider.default\">\n\t\t\t\t<div class=\"elementor-widget-container\">\n\t\t\t\t\t\t\t<div class=\"elementor-divider\">\n\t\t\t<span class=\"elementor-divider-separator\">\n\t\t\t\t\t\t<\/span>\n\t\t<\/div>\n\t\t\t\t\t\t<\/div>\n\t\t\t\t<\/div>\n\t\t\t\t\t<\/div>\n\t\t<\/div>\n\t\t\t\t<div class=\"has_eae_slider elementor-column elementor-col-50 elementor-inner-column elementor-element elementor-element-14eb887\" data-eae-slider=\"26508\" data-id=\"14eb887\" data-element_type=\"column\">\n\t\t\t<div class=\"elementor-widget-wrap\">\n\t\t\t\t\t\t\t<\/div>\n\t\t<\/div>\n\t\t\t\t\t<\/div>\n\t\t<\/section>\n\t\t\t\t\t<\/div>\n\t\t<\/div>\n\t\t\t\t\t<\/div>\n\t\t<\/section>\n\t\t\t\t<section class=\"has_eae_slider elementor-section elementor-top-section elementor-element elementor-element-f2297e7 elementor-section-boxed elementor-section-height-default elementor-section-height-default\" data-eae-slider=\"70603\" data-id=\"f2297e7\" data-element_type=\"section\" data-settings=\"{&quot;_ha_eqh_enable&quot;:false}\">\n\t\t\t\t\t\t<div class=\"elementor-container elementor-column-gap-default\">\n\t\t\t\t\t<div class=\"has_eae_slider elementor-column elementor-col-100 elementor-top-column elementor-element elementor-element-bae25ea\" data-eae-slider=\"79245\" data-id=\"bae25ea\" data-element_type=\"column\">\n\t\t\t<div class=\"elementor-widget-wrap elementor-element-populated\">\n\t\t\t\t\t\t<section class=\"has_eae_slider elementor-section elementor-inner-section elementor-element elementor-element-ba59c3e elementor-section-boxed elementor-section-height-default elementor-section-height-default\" data-eae-slider=\"43952\" data-id=\"ba59c3e\" data-element_type=\"section\" data-settings=\"{&quot;_ha_eqh_enable&quot;:false}\">\n\t\t\t\t\t\t<div class=\"elementor-container elementor-column-gap-default\">\n\t\t\t\t\t<div class=\"has_eae_slider elementor-column elementor-col-16 elementor-inner-column elementor-element elementor-element-5fc884b\" data-eae-slider=\"96945\" data-id=\"5fc884b\" data-element_type=\"column\">\n\t\t\t<div class=\"elementor-widget-wrap elementor-element-populated\">\n\t\t\t\t\t\t<div class=\"elementor-element elementor-element-878ddac elementor-widget elementor-widget-image\" data-id=\"878ddac\" data-element_type=\"widget\" data-widget_type=\"image.default\">\n\t\t\t\t<div class=\"elementor-widget-container\">\n\t\t\t\t\t\t\t\t\t\t\t\t<figure class=\"wp-caption\">\n\t\t\t\t\t\t\t\t\t\t<img fetchpriority=\"high\" decoding=\"async\" width=\"300\" height=\"300\" src=\"https:\/\/www.allmaterialhandling.com\/wp-content\/uploads\/G100-Grab-Hook-with-no-Saddle_1-300x300.png\" class=\"attachment-medium size-medium wp-image-13342\" alt=\"\" srcset=\"https:\/\/www.allmaterialhandling.com\/wp-content\/uploads\/G100-Grab-Hook-with-no-Saddle_1-300x300.png 300w, https:\/\/www.allmaterialhandling.com\/wp-content\/uploads\/G100-Grab-Hook-with-no-Saddle_1-150x150.png 150w, https:\/\/www.allmaterialhandling.com\/wp-content\/uploads\/G100-Grab-Hook-with-no-Saddle_1-12x12.png 12w, https:\/\/www.allmaterialhandling.com\/wp-content\/uploads\/G100-Grab-Hook-with-no-Saddle_1-475x475.png 475w, https:\/\/www.allmaterialhandling.com\/wp-content\/uploads\/G100-Grab-Hook-with-no-Saddle_1-24x24.png 24w, https:\/\/www.allmaterialhandling.com\/wp-content\/uploads\/G100-Grab-Hook-with-no-Saddle_1-36x36.png 36w, https:\/\/www.allmaterialhandling.com\/wp-content\/uploads\/G100-Grab-Hook-with-no-Saddle_1-48x48.png 48w, https:\/\/www.allmaterialhandling.com\/wp-content\/uploads\/G100-Grab-Hook-with-no-Saddle_1.png 600w\" sizes=\"(max-width: 300px) 100vw, 300px\" \/>\t\t\t\t\t\t\t\t\t\t\t<figcaption class=\"widget-image-caption wp-caption-text\"><\/figcaption>\n\t\t\t\t\t\t\t\t\t\t<\/figure>\n\t\t\t\t\t\t\t\t\t<\/div>\n\t\t\t\t<\/div>\n\t\t\t\t\t<\/div>\n\t\t<\/div>\n\t\t\t\t<div class=\"has_eae_slider elementor-column elementor-col-16 elementor-inner-column elementor-element elementor-element-1a52218\" data-eae-slider=\"20928\" data-id=\"1a52218\" data-element_type=\"column\">\n\t\t\t<div class=\"elementor-widget-wrap elementor-element-populated\">\n\t\t\t\t\t\t<div class=\"elementor-element elementor-element-e24c002 elementor-widget elementor-widget-image\" data-id=\"e24c002\" data-element_type=\"widget\" data-widget_type=\"image.default\">\n\t\t\t\t<div class=\"elementor-widget-container\">\n\t\t\t\t\t\t\t\t\t\t\t\t\t\t\t<img decoding=\"async\" width=\"300\" height=\"300\" src=\"https:\/\/www.allmaterialhandling.com\/wp-content\/uploads\/G100-Grab-Hook-with-no-Saddle_2-300x300.png\" class=\"attachment-medium size-medium wp-image-13343\" alt=\"\" srcset=\"https:\/\/www.allmaterialhandling.com\/wp-content\/uploads\/G100-Grab-Hook-with-no-Saddle_2-300x300.png 300w, https:\/\/www.allmaterialhandling.com\/wp-content\/uploads\/G100-Grab-Hook-with-no-Saddle_2-150x150.png 150w, https:\/\/www.allmaterialhandling.com\/wp-content\/uploads\/G100-Grab-Hook-with-no-Saddle_2-12x12.png 12w, https:\/\/www.allmaterialhandling.com\/wp-content\/uploads\/G100-Grab-Hook-with-no-Saddle_2-475x475.png 475w, https:\/\/www.allmaterialhandling.com\/wp-content\/uploads\/G100-Grab-Hook-with-no-Saddle_2-24x24.png 24w, https:\/\/www.allmaterialhandling.com\/wp-content\/uploads\/G100-Grab-Hook-with-no-Saddle_2-36x36.png 36w, https:\/\/www.allmaterialhandling.com\/wp-content\/uploads\/G100-Grab-Hook-with-no-Saddle_2-48x48.png 48w, https:\/\/www.allmaterialhandling.com\/wp-content\/uploads\/G100-Grab-Hook-with-no-Saddle_2.png 600w\" sizes=\"(max-width: 300px) 100vw, 300px\" \/>\t\t\t\t\t\t\t\t\t\t\t\t\t\t\t<\/div>\n\t\t\t\t<\/div>\n\t\t\t\t\t<\/div>\n\t\t<\/div>\n\t\t\t\t<div class=\"has_eae_slider elementor-column elementor-col-16 elementor-inner-column elementor-element elementor-element-5e6c48c\" data-eae-slider=\"64365\" data-id=\"5e6c48c\" data-element_type=\"column\">\n\t\t\t<div class=\"elementor-widget-wrap\">\n\t\t\t\t\t\t\t<\/div>\n\t\t<\/div>\n\t\t\t\t<div class=\"has_eae_slider elementor-column elementor-col-16 elementor-inner-column elementor-element elementor-element-f89e7c5\" data-eae-slider=\"60494\" data-id=\"f89e7c5\" data-element_type=\"column\">\n\t\t\t<div class=\"elementor-widget-wrap\">\n\t\t\t\t\t\t\t<\/div>\n\t\t<\/div>\n\t\t\t\t<div class=\"has_eae_slider elementor-column elementor-col-16 elementor-inner-column elementor-element elementor-element-2adde15\" data-eae-slider=\"75261\" data-id=\"2adde15\" data-element_type=\"column\">\n\t\t\t<div class=\"elementor-widget-wrap\">\n\t\t\t\t\t\t\t<\/div>\n\t\t<\/div>\n\t\t\t\t<div class=\"has_eae_slider elementor-column elementor-col-16 elementor-inner-column elementor-element elementor-element-098d621\" data-eae-slider=\"11808\" data-id=\"098d621\" data-element_type=\"column\">\n\t\t\t<div class=\"elementor-widget-wrap\">\n\t\t\t\t\t\t\t<\/div>\n\t\t<\/div>\n\t\t\t\t\t<\/div>\n\t\t<\/section>\n\t\t\t\t\t<\/div>\n\t\t<\/div>\n\t\t\t\t\t<\/div>\n\t\t<\/section>\n\t\t\t\t<section class=\"has_eae_slider elementor-section elementor-top-section elementor-element elementor-element-864eed1 elementor-section-boxed elementor-section-height-default elementor-section-height-default\" data-eae-slider=\"34402\" data-id=\"864eed1\" data-element_type=\"section\" data-settings=\"{&quot;_ha_eqh_enable&quot;:false}\">\n\t\t\t\t\t\t<div class=\"elementor-container elementor-column-gap-default\">\n\t\t\t\t\t<div class=\"has_eae_slider elementor-column elementor-col-100 elementor-top-column elementor-element elementor-element-5290d4f\" data-eae-slider=\"28200\" data-id=\"5290d4f\" data-element_type=\"column\">\n\t\t\t<div class=\"elementor-widget-wrap elementor-element-populated\">\n\t\t\t\t\t\t<section class=\"has_eae_slider elementor-section elementor-inner-section elementor-element elementor-element-1db2835 elementor-section-boxed elementor-section-height-default elementor-section-height-default\" data-eae-slider=\"9456\" data-id=\"1db2835\" data-element_type=\"section\" data-settings=\"{&quot;_ha_eqh_enable&quot;:false}\">\n\t\t\t\t\t\t<div class=\"elementor-container elementor-column-gap-default\">\n\t\t\t\t\t<div class=\"has_eae_slider elementor-column elementor-col-50 elementor-inner-column elementor-element elementor-element-fdb9e2f\" data-eae-slider=\"84949\" data-id=\"fdb9e2f\" data-element_type=\"column\">\n\t\t\t<div class=\"elementor-widget-wrap elementor-element-populated\">\n\t\t\t\t\t\t<div class=\"elementor-element elementor-element-1c0ac26 elementor-widget elementor-widget-text-editor\" data-id=\"1c0ac26\" data-element_type=\"widget\" data-widget_type=\"text-editor.default\">\n\t\t\t\t<div class=\"elementor-widget-container\">\n\t\t\t\t\t\t\t\t\t<p>Gancho de horquilla de transporte de aleaci\u00f3n sin caballete G100<\/p>\t\t\t\t\t\t\t\t<\/div>\n\t\t\t\t<\/div>\n\t\t\t\t\t<\/div>\n\t\t<\/div>\n\t\t\t\t<div class=\"has_eae_slider elementor-column elementor-col-50 elementor-inner-column elementor-element elementor-element-67e91a0\" data-eae-slider=\"41476\" data-id=\"67e91a0\" data-element_type=\"column\">\n\t\t\t<div class=\"elementor-widget-wrap\">\n\t\t\t\t\t\t\t<\/div>\n\t\t<\/div>\n\t\t\t\t\t<\/div>\n\t\t<\/section>\n\t\t\t\t\t<\/div>\n\t\t<\/div>\n\t\t\t\t\t<\/div>\n\t\t<\/section>\n\t\t\t\t<section class=\"has_eae_slider elementor-section elementor-top-section elementor-element elementor-element-1e4754a elementor-section-boxed elementor-section-height-default elementor-section-height-default\" data-eae-slider=\"38351\" data-id=\"1e4754a\" data-element_type=\"section\" data-settings=\"{&quot;_ha_eqh_enable&quot;:false}\">\n\t\t\t\t\t\t<div class=\"elementor-container elementor-column-gap-default\">\n\t\t\t\t\t<div class=\"has_eae_slider elementor-column elementor-col-100 elementor-top-column elementor-element elementor-element-3be0549\" data-eae-slider=\"15420\" data-id=\"3be0549\" data-element_type=\"column\">\n\t\t\t<div class=\"elementor-widget-wrap elementor-element-populated\">\n\t\t\t\t\t\t<section class=\"has_eae_slider elementor-section elementor-inner-section elementor-element elementor-element-6035df2 elementor-section-boxed elementor-section-height-default elementor-section-height-default\" data-eae-slider=\"88832\" data-id=\"6035df2\" data-element_type=\"section\" data-settings=\"{&quot;_ha_eqh_enable&quot;:false}\">\n\t\t\t\t\t\t<div class=\"elementor-container elementor-column-gap-no\">\n\t\t\t\t\t<div class=\"has_eae_slider elementor-column elementor-col-66 elementor-inner-column elementor-element elementor-element-f6ec108\" data-eae-slider=\"8546\" data-id=\"f6ec108\" data-element_type=\"column\">\n\t\t\t<div class=\"elementor-widget-wrap elementor-element-populated\">\n\t\t\t\t\t\t<div class=\"elementor-element elementor-element-5c2087c elementor-widget elementor-widget-image\" data-id=\"5c2087c\" data-element_type=\"widget\" data-widget_type=\"image.default\">\n\t\t\t\t<div class=\"elementor-widget-container\">\n\t\t\t\t\t\t\t\t\t\t\t\t\t\t\t<img decoding=\"async\" width=\"250\" height=\"250\" src=\"https:\/\/www.allmaterialhandling.com\/wp-content\/uploads\/G100-Grab-Hook-with-no-Saddle_dim3.png\" class=\"attachment-medium size-medium wp-image-13391\" alt=\"\" srcset=\"https:\/\/www.allmaterialhandling.com\/wp-content\/uploads\/G100-Grab-Hook-with-no-Saddle_dim3.png 250w, https:\/\/www.allmaterialhandling.com\/wp-content\/uploads\/G100-Grab-Hook-with-no-Saddle_dim3-150x150.png 150w, https:\/\/www.allmaterialhandling.com\/wp-content\/uploads\/G100-Grab-Hook-with-no-Saddle_dim3-12x12.png 12w, https:\/\/www.allmaterialhandling.com\/wp-content\/uploads\/G100-Grab-Hook-with-no-Saddle_dim3-24x24.png 24w, https:\/\/www.allmaterialhandling.com\/wp-content\/uploads\/G100-Grab-Hook-with-no-Saddle_dim3-36x36.png 36w, https:\/\/www.allmaterialhandling.com\/wp-content\/uploads\/G100-Grab-Hook-with-no-Saddle_dim3-48x48.png 48w\" sizes=\"(max-width: 250px) 100vw, 250px\" \/>\t\t\t\t\t\t\t\t\t\t\t\t\t\t\t<\/div>\n\t\t\t\t<\/div>\n\t\t\t\t\t<\/div>\n\t\t<\/div>\n\t\t\t\t<div class=\"has_eae_slider elementor-column elementor-col-33 elementor-inner-column elementor-element elementor-element-416405d\" data-eae-slider=\"91221\" data-id=\"416405d\" data-element_type=\"column\">\n\t\t\t<div class=\"elementor-widget-wrap elementor-element-populated\">\n\t\t\t\t\t\t<div class=\"elementor-element elementor-element-01c5670 elementor-widget elementor-widget-text-editor\" data-id=\"01c5670\" data-element_type=\"widget\" data-widget_type=\"text-editor.default\">\n\t\t\t\t<div class=\"elementor-widget-container\">\n\t\t\t\t\t\t\t\t\t<p>\n<table id=\"tablepress-85\" class=\"tablepress tablepress-id-85\">\n<thead>\n<tr class=\"row-1\">\n\t<th class=\"column-1\">C\u00f3digo de producto<\/th><th class=\"column-2\">Tama\u00f1o de la operaci\u00f3n (en)<\/th><th class=\"column-3\">Capacidad (lbs)<\/th><th class=\"column-4\">Peso (lbs)<\/th><th class=\"column-5\">A (plg.)<\/th><th class=\"column-6\">E (plg.)<\/th><th class=\"column-7\">H (plg.)<\/th><th class=\"column-8\">L (plg.)<\/th>\n<\/tr>\n<\/thead>\n<tbody class=\"row-striping row-hover\">\n<tr class=\"row-2\">\n\t<td class=\"column-1\">10CGH08NSC<\/td><td class=\"column-2\">5\/16<\/td><td class=\"column-3\">5,700<\/td><td class=\"column-4\">0.92<\/td><td class=\"column-5\">0.37<\/td><td class=\"column-6\">0.40<\/td><td class=\"column-7\">0.94<\/td><td class=\"column-8\">3.74<\/td>\n<\/tr>\n<tr class=\"row-3\">\n\t<td class=\"column-1\">10CGH10NSC<\/td><td class=\"column-2\">3\/8<\/td><td class=\"column-3\">8,800<\/td><td class=\"column-4\">1.85<\/td><td class=\"column-5\">0.47<\/td><td class=\"column-6\">0.51<\/td><td class=\"column-7\">1.14<\/td><td class=\"column-8\">4.99<\/td>\n<\/tr>\n<tr class=\"row-4\">\n\t<td class=\"column-1\">10CGH13NSC<\/td><td class=\"column-2\">1\/2<\/td><td class=\"column-3\">15,000<\/td><td class=\"column-4\">3.75<\/td><td class=\"column-5\">0.61<\/td><td class=\"column-6\">0.67<\/td><td class=\"column-7\">1.50<\/td><td class=\"column-8\">6.10<\/td>\n<\/tr>\n<\/tbody>\n<\/table>\n<!-- #tablepress-85 from cache --><\/p>\t\t\t\t\t\t\t\t<\/div>\n\t\t\t\t<\/div>\n\t\t\t\t\t<\/div>\n\t\t<\/div>\n\t\t\t\t\t<\/div>\n\t\t<\/section>\n\t\t\t\t\t<\/div>\n\t\t<\/div>\n\t\t\t\t\t<\/div>\n\t\t<\/section>\n\t\t\t\t<section class=\"has_eae_slider elementor-section elementor-top-section elementor-element elementor-element-52672c8 elementor-section-boxed elementor-section-height-default elementor-section-height-default\" data-eae-slider=\"4942\" data-id=\"52672c8\" data-element_type=\"section\" data-settings=\"{&quot;_ha_eqh_enable&quot;:false}\">\n\t\t\t\t\t\t<div class=\"elementor-container elementor-column-gap-default\">\n\t\t\t\t\t<div class=\"has_eae_slider elementor-column elementor-col-100 elementor-top-column elementor-element elementor-element-dd44780\" data-eae-slider=\"63429\" data-id=\"dd44780\" data-element_type=\"column\">\n\t\t\t<div class=\"elementor-widget-wrap elementor-element-populated\">\n\t\t\t\t\t\t<div class=\"elementor-element elementor-element-85c4135 elementor-widget elementor-widget-text-editor\" data-id=\"85c4135\" data-element_type=\"widget\" data-widget_type=\"text-editor.default\">\n\t\t\t\t<div class=\"elementor-widget-container\">\n\t\t\t\t\t\t\t\t\t<ul><li>Su perfil delgado lo hace ideal para aplicaciones de transporte.<br \/><br \/><\/li><li>Este gancho de agarre sin silla\/cuna est\u00e1 dise\u00f1ado pensando en la sujeci\u00f3n de la carga, pero puede utilizarse en eslingas de cadena.<br \/>Si se utilizan ganchos de agarre sin cuna en una aplicaci\u00f3n de acortamiento o estrangulamiento, el l\u00edmite de carga de trabajo de la eslinga debe reducirse en 20%.<\/li><\/ul>\t\t\t\t\t\t\t\t<\/div>\n\t\t\t\t<\/div>\n\t\t\t\t\t<\/div>\n\t\t<\/div>\n\t\t\t\t\t<\/div>\n\t\t<\/section>\n\t\t\t\t<\/div>","protected":false},"excerpt":{"rendered":"<p>Gancho de agarre de horquilla para transporte G100 Gancho de agarre de horquilla para transporte de aleaci\u00f3n sin montura G100 Su perfil delgado lo hace ideal para aplicaciones de transporte. Este gancho de agarre...<\/p>","protected":false},"author":1,"featured_media":13342,"parent":4737,"menu_order":0,"comment_status":"closed","ping_status":"closed","template":"template-pagebuilder.php","meta":{"footnotes":""},"categories":[62],"tags":[],"class_list":["post-13339","page","type-page","status-publish","has-post-thumbnail","hentry","category-alloy-chain-and-fittings"],"jetpack_sharing_enabled":true,"_links":{"self":[{"href":"https:\/\/www.allmaterialhandling.com\/es\/wp-json\/wp\/v2\/pages\/13339","targetHints":{"allow":["GET"]}}],"collection":[{"href":"https:\/\/www.allmaterialhandling.com\/es\/wp-json\/wp\/v2\/pages"}],"about":[{"href":"https:\/\/www.allmaterialhandling.com\/es\/wp-json\/wp\/v2\/types\/page"}],"author":[{"embeddable":true,"href":"https:\/\/www.allmaterialhandling.com\/es\/wp-json\/wp\/v2\/users\/1"}],"replies":[{"embeddable":true,"href":"https:\/\/www.allmaterialhandling.com\/es\/wp-json\/wp\/v2\/comments?post=13339"}],"version-history":[{"count":59,"href":"https:\/\/www.allmaterialhandling.com\/es\/wp-json\/wp\/v2\/pages\/13339\/revisions"}],"predecessor-version":[{"id":14008,"href":"https:\/\/www.allmaterialhandling.com\/es\/wp-json\/wp\/v2\/pages\/13339\/revisions\/14008"}],"up":[{"embeddable":true,"href":"https:\/\/www.allmaterialhandling.com\/es\/wp-json\/wp\/v2\/pages\/4737"}],"wp:featuredmedia":[{"embeddable":true,"href":"https:\/\/www.allmaterialhandling.com\/es\/wp-json\/wp\/v2\/media\/13342"}],"wp:attachment":[{"href":"https:\/\/www.allmaterialhandling.com\/es\/wp-json\/wp\/v2\/media?parent=13339"}],"wp:term":[{"taxonomy":"category","embeddable":true,"href":"https:\/\/www.allmaterialhandling.com\/es\/wp-json\/wp\/v2\/categories?post=13339"},{"taxonomy":"post_tag","embeddable":true,"href":"https:\/\/www.allmaterialhandling.com\/es\/wp-json\/wp\/v2\/tags?post=13339"}],"curies":[{"name":"wp","href":"https:\/\/api.w.org\/{rel}","templated":true}]}}