{"id":1269,"date":"2021-08-16T14:12:24","date_gmt":"2021-08-16T14:12:24","guid":{"rendered":"http:\/\/www.allmaterialhandling.com\/?page_id=1269"},"modified":"2022-04-15T22:03:03","modified_gmt":"2022-04-15T22:03:03","slug":"assembled-in-usa","status":"publish","type":"page","link":"https:\/\/www.allmaterialhandling.com\/es\/assembled-in-usa\/","title":{"rendered":"Ensamblado en EE.UU."},"content":{"rendered":"<div data-elementor-type=\"wp-page\" data-elementor-id=\"1269\" class=\"elementor elementor-1269\" data-elementor-settings=\"{&quot;ha_cmc_init_switcher&quot;:&quot;no&quot;}\" data-elementor-post-type=\"page\">\n\t\t\t\t\t\t<section class=\"has_eae_slider elementor-section elementor-top-section elementor-element elementor-element-03940cf elementor-section-boxed elementor-section-height-default elementor-section-height-default\" data-eae-slider=\"16375\" data-id=\"03940cf\" data-element_type=\"section\" data-settings=\"{&quot;_ha_eqh_enable&quot;:false}\">\n\t\t\t\t\t\t<div class=\"elementor-container elementor-column-gap-default\">\n\t\t\t\t\t<div class=\"has_eae_slider elementor-column elementor-col-100 elementor-top-column elementor-element elementor-element-a291b6b\" data-eae-slider=\"2485\" data-id=\"a291b6b\" data-element_type=\"column\">\n\t\t\t<div class=\"elementor-widget-wrap elementor-element-populated\">\n\t\t\t\t\t\t<section class=\"has_eae_slider elementor-section elementor-inner-section elementor-element elementor-element-abe1ec1 elementor-section-boxed elementor-section-height-default elementor-section-height-default\" data-eae-slider=\"44093\" data-id=\"abe1ec1\" data-element_type=\"section\" data-settings=\"{&quot;_ha_eqh_enable&quot;:false}\">\n\t\t\t\t\t\t<div class=\"elementor-container elementor-column-gap-default\">\n\t\t\t\t\t<div class=\"has_eae_slider elementor-column elementor-col-50 elementor-inner-column elementor-element elementor-element-6a2182c\" data-eae-slider=\"96576\" data-id=\"6a2182c\" data-element_type=\"column\">\n\t\t\t<div class=\"elementor-widget-wrap elementor-element-populated\">\n\t\t\t\t\t\t<div class=\"elementor-element elementor-element-60736f9 elementor-widget elementor-widget-heading\" data-id=\"60736f9\" data-element_type=\"widget\" data-widget_type=\"heading.default\">\n\t\t\t\t<div class=\"elementor-widget-container\">\n\t\t\t\t\t<h2 class=\"elementor-heading-title elementor-size-default\">Ensamblado en EE.UU.<\/h2>\t\t\t\t<\/div>\n\t\t\t\t<\/div>\n\t\t\t\t<div class=\"elementor-element elementor-element-50c46d1 elementor-widget-divider--view-line elementor-widget elementor-widget-divider\" data-id=\"50c46d1\" data-element_type=\"widget\" data-widget_type=\"divider.default\">\n\t\t\t\t<div class=\"elementor-widget-container\">\n\t\t\t\t\t\t\t<div class=\"elementor-divider\">\n\t\t\t<span class=\"elementor-divider-separator\">\n\t\t\t\t\t\t<\/span>\n\t\t<\/div>\n\t\t\t\t\t\t<\/div>\n\t\t\t\t<\/div>\n\t\t\t\t<div class=\"elementor-element elementor-element-71c2a1a elementor-widget elementor-widget-text-editor\" data-id=\"71c2a1a\" data-element_type=\"widget\" data-widget_type=\"text-editor.default\">\n\t\t\t\t<div class=\"elementor-widget-container\">\n\t\t\t\t\t\t\t\t\t<p><strong>Ensamblado en EE.UU.<\/strong>: A los estadounidenses les gusta apoyar a la industria estadounidense en gran medida porque los compradores estadounidenses creen desde hace tiempo en la superioridad de la calidad estadounidense, en el apoyo a la industria estadounidense y en la idea de que \"comprar estadounidense\" fomenta el empleo estadounidense.\u00a0<\/p><p><strong>En AMH ofrecemos una cadena de carga de primera calidad fabricada en EE.UU. que se encuentra en nuestra serie LA y en nuestros polipastos de cadena de la serie MA, que tambi\u00e9n se ensamblan y prueban en EE.UU.<\/strong> Otros productos incorporan no s\u00f3lo componentes de EE.UU., sino tambi\u00e9n piezas de alta calidad de pa\u00edses socios de EE.UU.<\/p>\t\t\t\t\t\t\t\t<\/div>\n\t\t\t\t<\/div>\n\t\t\t\t\t<\/div>\n\t\t<\/div>\n\t\t\t\t<div class=\"has_eae_slider elementor-column elementor-col-50 elementor-inner-column elementor-element elementor-element-c030ae0\" data-eae-slider=\"15618\" data-id=\"c030ae0\" data-element_type=\"column\">\n\t\t\t<div class=\"elementor-widget-wrap elementor-element-populated\">\n\t\t\t\t\t\t<div class=\"elementor-element elementor-element-bf6e7df elementor-widget elementor-widget-image\" data-id=\"bf6e7df\" data-element_type=\"widget\" data-widget_type=\"image.default\">\n\t\t\t\t<div class=\"elementor-widget-container\">\n\t\t\t\t\t\t\t\t\t\t\t\t\t\t\t<img fetchpriority=\"high\" decoding=\"async\" width=\"400\" height=\"200\" src=\"https:\/\/www.allmaterialhandling.com\/wp-content\/uploads\/2021\/11\/US_AssembledTested.png\" class=\"attachment-large size-large wp-image-3357\" alt=\"\" srcset=\"https:\/\/www.allmaterialhandling.com\/wp-content\/uploads\/2021\/11\/US_AssembledTested.png 400w, https:\/\/www.allmaterialhandling.com\/wp-content\/uploads\/2021\/11\/US_AssembledTested-300x150.png 300w, https:\/\/www.allmaterialhandling.com\/wp-content\/uploads\/2021\/11\/US_AssembledTested-24x12.png 24w, https:\/\/www.allmaterialhandling.com\/wp-content\/uploads\/2021\/11\/US_AssembledTested-36x18.png 36w, https:\/\/www.allmaterialhandling.com\/wp-content\/uploads\/2021\/11\/US_AssembledTested-48x24.png 48w\" sizes=\"(max-width: 400px) 100vw, 400px\" \/>\t\t\t\t\t\t\t\t\t\t\t\t\t\t\t<\/div>\n\t\t\t\t<\/div>\n\t\t\t\t<div class=\"elementor-element elementor-element-6dbff6e elementor-widget elementor-widget-sidebar\" data-id=\"6dbff6e\" data-element_type=\"widget\" data-widget_type=\"sidebar.default\">\n\t\t\t\t<div class=\"elementor-widget-container\">\n\t\t\t\t\t<section id=\"media_image-6\" class=\"widget widget_media_image\"><img decoding=\"async\" width=\"609\" height=\"407\" src=\"https:\/\/www.allmaterialhandling.com\/wp-content\/uploads\/2021\/09\/AMH_Banner2.jpg\" class=\"image wp-image-1933  attachment-full size-full\" alt=\"\" style=\"max-width: 100%; height: auto;\" srcset=\"https:\/\/www.allmaterialhandling.com\/wp-content\/uploads\/2021\/09\/AMH_Banner2.jpg 609w, https:\/\/www.allmaterialhandling.com\/wp-content\/uploads\/2021\/09\/AMH_Banner2-300x200.jpg 300w, https:\/\/www.allmaterialhandling.com\/wp-content\/uploads\/2021\/09\/AMH_Banner2-24x16.jpg 24w, https:\/\/www.allmaterialhandling.com\/wp-content\/uploads\/2021\/09\/AMH_Banner2-36x24.jpg 36w, https:\/\/www.allmaterialhandling.com\/wp-content\/uploads\/2021\/09\/AMH_Banner2-48x32.jpg 48w\" sizes=\"(max-width: 609px) 100vw, 609px\" \/><\/section>\t\t\t\t<\/div>\n\t\t\t\t<\/div>\n\t\t\t\t\t<\/div>\n\t\t<\/div>\n\t\t\t\t\t<\/div>\n\t\t<\/section>\n\t\t\t\t\t<\/div>\n\t\t<\/div>\n\t\t\t\t\t<\/div>\n\t\t<\/section>\n\t\t\t\t<\/div>","protected":false},"excerpt":{"rendered":"<p>Ensamblado en EE.UU. Ensamblado en EE.UU.: A los estadounidenses les gusta apoyar a la industria estadounidense en gran medida porque los compradores estadounidenses creen desde hace tiempo en la superioridad de la calidad estadounidense,...<\/p>","protected":false},"author":1,"featured_media":0,"parent":0,"menu_order":0,"comment_status":"closed","ping_status":"closed","template":"elementor_header_footer","meta":{"footnotes":""},"categories":[],"tags":[],"class_list":["post-1269","page","type-page","status-publish","hentry"],"jetpack_sharing_enabled":true,"_links":{"self":[{"href":"https:\/\/www.allmaterialhandling.com\/es\/wp-json\/wp\/v2\/pages\/1269","targetHints":{"allow":["GET"]}}],"collection":[{"href":"https:\/\/www.allmaterialhandling.com\/es\/wp-json\/wp\/v2\/pages"}],"about":[{"href":"https:\/\/www.allmaterialhandling.com\/es\/wp-json\/wp\/v2\/types\/page"}],"author":[{"embeddable":true,"href":"https:\/\/www.allmaterialhandling.com\/es\/wp-json\/wp\/v2\/users\/1"}],"replies":[{"embeddable":true,"href":"https:\/\/www.allmaterialhandling.com\/es\/wp-json\/wp\/v2\/comments?post=1269"}],"version-history":[{"count":66,"href":"https:\/\/www.allmaterialhandling.com\/es\/wp-json\/wp\/v2\/pages\/1269\/revisions"}],"predecessor-version":[{"id":9623,"href":"https:\/\/www.allmaterialhandling.com\/es\/wp-json\/wp\/v2\/pages\/1269\/revisions\/9623"}],"wp:attachment":[{"href":"https:\/\/www.allmaterialhandling.com\/es\/wp-json\/wp\/v2\/media?parent=1269"}],"wp:term":[{"taxonomy":"category","embeddable":true,"href":"https:\/\/www.allmaterialhandling.com\/es\/wp-json\/wp\/v2\/categories?post=1269"},{"taxonomy":"post_tag","embeddable":true,"href":"https:\/\/www.allmaterialhandling.com\/es\/wp-json\/wp\/v2\/tags?post=1269"}],"curies":[{"name":"wp","href":"https:\/\/api.w.org\/{rel}","templated":true}]}}