{"id":1197,"date":"2021-08-03T13:19:23","date_gmt":"2021-08-03T13:19:23","guid":{"rendered":"http:\/\/www.allmaterialhandling.com\/?page_id=1197"},"modified":"2022-07-25T14:36:40","modified_gmt":"2022-07-25T14:36:40","slug":"about-us","status":"publish","type":"page","link":"https:\/\/www.allmaterialhandling.com\/es\/about-us\/","title":{"rendered":"Nosotros"},"content":{"rendered":"<div data-elementor-type=\"wp-page\" data-elementor-id=\"1197\" class=\"elementor elementor-1197\" data-elementor-settings=\"{&quot;ha_cmc_init_switcher&quot;:&quot;no&quot;}\" data-elementor-post-type=\"page\">\n\t\t\t\t\t\t<section class=\"has_eae_slider elementor-section elementor-top-section elementor-element elementor-element-4c184b0 elementor-section-boxed elementor-section-height-default elementor-section-height-default\" data-eae-slider=\"78029\" data-id=\"4c184b0\" data-element_type=\"section\" data-settings=\"{&quot;_ha_eqh_enable&quot;:false}\">\n\t\t\t\t\t\t<div class=\"elementor-container elementor-column-gap-default\">\n\t\t\t\t\t<div class=\"has_eae_slider elementor-column elementor-col-66 elementor-top-column elementor-element elementor-element-4fe0264\" data-eae-slider=\"82089\" data-id=\"4fe0264\" data-element_type=\"column\">\n\t\t\t<div class=\"elementor-widget-wrap elementor-element-populated\">\n\t\t\t\t\t\t<div class=\"elementor-element elementor-element-dfdd2bb elementor-widget elementor-widget-heading\" data-id=\"dfdd2bb\" data-element_type=\"widget\" data-widget_type=\"heading.default\">\n\t\t\t\t<div class=\"elementor-widget-container\">\n\t\t\t\t\t<h2 class=\"elementor-heading-title elementor-size-default\">Nosotros<\/h2>\t\t\t\t<\/div>\n\t\t\t\t<\/div>\n\t\t\t\t<div class=\"elementor-element elementor-element-12da676 elementor-widget-divider--view-line elementor-widget elementor-widget-divider\" data-id=\"12da676\" data-element_type=\"widget\" data-widget_type=\"divider.default\">\n\t\t\t\t<div class=\"elementor-widget-container\">\n\t\t\t\t\t\t\t<div class=\"elementor-divider\">\n\t\t\t<span class=\"elementor-divider-separator\">\n\t\t\t\t\t\t<\/span>\n\t\t<\/div>\n\t\t\t\t\t\t<\/div>\n\t\t\t\t<\/div>\n\t\t\t\t<div class=\"elementor-element elementor-element-27690f6 elementor-widget elementor-widget-text-editor\" data-id=\"27690f6\" data-element_type=\"widget\" data-widget_type=\"text-editor.default\">\n\t\t\t\t<div class=\"elementor-widget-container\">\n\t\t\t\t\t\t\t\t\t<p>AMH, All Material Handling Inc. es un proveedor privado de equipos de manipulaci\u00f3n de materiales de calidad y accesorios para aplicaciones de servicio en la construcci\u00f3n, suministro industrial, mantenimiento, marina, militar, miner\u00eda, petroqu\u00edmica, ferrocarril, alquiler, construcci\u00f3n naval, servicios p\u00fablicos, etc., a trav\u00e9s de una red de distribuci\u00f3n en toda Am\u00e9rica.<\/p>\n<p>Los propietarios de AMH cuentan con m\u00e1s de 100 a\u00f1os de experiencia combinada en fabricaci\u00f3n, ingenier\u00eda y comercializaci\u00f3n de equipos de elevaci\u00f3n.<\/p>\n<p>Fomentamos las inspecciones frecuentes y los programas de mantenimiento preventivo de los equipos de elevaci\u00f3n. Nuestros distribuidores y centros de servicio le ayudar\u00e1n a mantener nuestro producto y le proporcionar\u00e1n la documentaci\u00f3n de prueba solicitada para cumplir con ASME B30 y OSHA.<\/p>\n<p>Estamos orgullosos de ofrecer un servicio inigualable a nuestros clientes. La calidad, la asistencia y el cumplimiento r\u00e1pido de los pedidos son nuestras m\u00e1ximas prioridades.<\/p>\n<p>Proporcionamos a nuestros distribuidores y a sus clientes una red de Centros de Servicio y Almacenes bien surtida y de r\u00e1pida respuesta.<\/p>\n<p>La disponibilidad de unidades completas y piezas de repuesto est\u00e1 asegurada a trav\u00e9s de todos los almacenes y centros de servicio de AMH en Norteam\u00e9rica, en Houston (Texas), Des Moines (Indiana), Atlanta (Georgia) y Portland (Oreg\u00f3n). Nuestra red de suministro permite env\u00edos desde m\u00faltiples ubicaciones, para asegurar que las demandas de nuestros clientes sean satisfechas con prontitud. Tenemos un flujo continuo de productos a estas instalaciones que pueden ser redirigidos mientras est\u00e1n en proceso o en ruta para satisfacer requerimientos urgentes y excepcionales.<\/p>\n<p>El servicio de reparaci\u00f3n autorizado est\u00e1 disponible en muchos de nuestros distribuidores y est\u00e1 respaldado por nuestro&nbsp;<a title=\"Contactos\" href=\"https:\/\/www.allmaterialhandling.com\/es\/contact-us\/\">Centros de servicio de AMH en Norteam\u00e9rica<\/a>.<\/p>\t\t\t\t\t\t\t\t<\/div>\n\t\t\t\t<\/div>\n\t\t\t\t\t<\/div>\n\t\t<\/div>\n\t\t\t\t<div class=\"has_eae_slider elementor-column elementor-col-33 elementor-top-column elementor-element elementor-element-4bef6a9\" data-eae-slider=\"97661\" data-id=\"4bef6a9\" data-element_type=\"column\">\n\t\t\t<div class=\"elementor-widget-wrap elementor-element-populated\">\n\t\t\t\t\t\t<div class=\"elementor-element elementor-element-9d5db8c elementor-widget elementor-widget-image\" data-id=\"9d5db8c\" data-element_type=\"widget\" data-widget_type=\"image.default\">\n\t\t\t\t<div class=\"elementor-widget-container\">\n\t\t\t\t\t\t\t\t\t\t\t\t\t\t\t<img fetchpriority=\"high\" decoding=\"async\" width=\"640\" height=\"636\" src=\"https:\/\/www.allmaterialhandling.com\/wp-content\/uploads\/Fulton-House-2-1024x1018.jpg\" class=\"attachment-large size-large wp-image-11609\" alt=\"\" srcset=\"https:\/\/www.allmaterialhandling.com\/wp-content\/uploads\/Fulton-House-2-1024x1018.jpg 1024w, https:\/\/www.allmaterialhandling.com\/wp-content\/uploads\/Fulton-House-2-300x298.jpg 300w, https:\/\/www.allmaterialhandling.com\/wp-content\/uploads\/Fulton-House-2-150x150.jpg 150w, https:\/\/www.allmaterialhandling.com\/wp-content\/uploads\/Fulton-House-2-768x763.jpg 768w, https:\/\/www.allmaterialhandling.com\/wp-content\/uploads\/Fulton-House-2-24x24.jpg 24w, https:\/\/www.allmaterialhandling.com\/wp-content\/uploads\/Fulton-House-2-36x36.jpg 36w, https:\/\/www.allmaterialhandling.com\/wp-content\/uploads\/Fulton-House-2-48x48.jpg 48w, https:\/\/www.allmaterialhandling.com\/wp-content\/uploads\/Fulton-House-2.jpg 1280w\" sizes=\"(max-width: 640px) 100vw, 640px\" \/>\t\t\t\t\t\t\t\t\t\t\t\t\t\t\t<\/div>\n\t\t\t\t<\/div>\n\t\t\t\t<div class=\"elementor-element elementor-element-9c49309 elementor-widget elementor-widget-text-editor\" data-id=\"9c49309\" data-element_type=\"widget\" data-widget_type=\"text-editor.default\">\n\t\t\t\t<div class=\"elementor-widget-container\">\n\t\t\t\t\t\t\t\t\t<h5 data-fontsize=\"18\" data-lineheight=\"27\"><span style=\"color: #333333;\">Nuestra misi\u00f3n<\/span><\/h5><p>Apoyar a nuestros distribuidores con un servicio personalizado, alta calidad, precios competitivos y ofrecer plazos de entrega m\u00e1s r\u00e1pidos que nadie en el sector.<\/p>\t\t\t\t\t\t\t\t<\/div>\n\t\t\t\t<\/div>\n\t\t\t\t\t<\/div>\n\t\t<\/div>\n\t\t\t\t\t<\/div>\n\t\t<\/section>\n\t\t\t\t<\/div>","protected":false},"excerpt":{"rendered":"<p>Acerca de nosotros AMH, All Material Handling Inc, es una empresa privada y operada Proveedor de equipos de manipulaci\u00f3n de materiales de calidad y accesorios para aplicaciones de servicio en...<\/p>","protected":false},"author":1,"featured_media":0,"parent":0,"menu_order":0,"comment_status":"closed","ping_status":"closed","template":"elementor_header_footer","meta":{"footnotes":""},"categories":[],"tags":[],"class_list":["post-1197","page","type-page","status-publish","hentry"],"jetpack_sharing_enabled":true,"_links":{"self":[{"href":"https:\/\/www.allmaterialhandling.com\/es\/wp-json\/wp\/v2\/pages\/1197","targetHints":{"allow":["GET"]}}],"collection":[{"href":"https:\/\/www.allmaterialhandling.com\/es\/wp-json\/wp\/v2\/pages"}],"about":[{"href":"https:\/\/www.allmaterialhandling.com\/es\/wp-json\/wp\/v2\/types\/page"}],"author":[{"embeddable":true,"href":"https:\/\/www.allmaterialhandling.com\/es\/wp-json\/wp\/v2\/users\/1"}],"replies":[{"embeddable":true,"href":"https:\/\/www.allmaterialhandling.com\/es\/wp-json\/wp\/v2\/comments?post=1197"}],"version-history":[{"count":43,"href":"https:\/\/www.allmaterialhandling.com\/es\/wp-json\/wp\/v2\/pages\/1197\/revisions"}],"predecessor-version":[{"id":11625,"href":"https:\/\/www.allmaterialhandling.com\/es\/wp-json\/wp\/v2\/pages\/1197\/revisions\/11625"}],"wp:attachment":[{"href":"https:\/\/www.allmaterialhandling.com\/es\/wp-json\/wp\/v2\/media?parent=1197"}],"wp:term":[{"taxonomy":"category","embeddable":true,"href":"https:\/\/www.allmaterialhandling.com\/es\/wp-json\/wp\/v2\/categories?post=1197"},{"taxonomy":"post_tag","embeddable":true,"href":"https:\/\/www.allmaterialhandling.com\/es\/wp-json\/wp\/v2\/tags?post=1197"}],"curies":[{"name":"wp","href":"https:\/\/api.w.org\/{rel}","templated":true}]}}