{"id":1166,"date":"2021-08-03T10:07:41","date_gmt":"2021-08-03T10:07:41","guid":{"rendered":"http:\/\/www.allmaterialhandling.com\/?page_id=1166"},"modified":"2022-08-02T21:39:08","modified_gmt":"2022-08-02T21:39:08","slug":"customer-service","status":"publish","type":"page","link":"https:\/\/www.allmaterialhandling.com\/es\/customer-service\/","title":{"rendered":"Atenci\u00f3n al cliente"},"content":{"rendered":"<div data-elementor-type=\"wp-page\" data-elementor-id=\"1166\" class=\"elementor elementor-1166\" data-elementor-settings=\"{&quot;ha_cmc_init_switcher&quot;:&quot;no&quot;}\" data-elementor-post-type=\"page\">\n\t\t\t\t\t\t<section class=\"has_eae_slider elementor-section elementor-top-section elementor-element elementor-element-96c19dc elementor-section-boxed elementor-section-height-default elementor-section-height-default\" data-eae-slider=\"42949\" data-id=\"96c19dc\" data-element_type=\"section\" data-settings=\"{&quot;_ha_eqh_enable&quot;:false}\">\n\t\t\t\t\t\t<div class=\"elementor-container elementor-column-gap-default\">\n\t\t\t\t\t<div class=\"has_eae_slider elementor-column elementor-col-100 elementor-top-column elementor-element elementor-element-867558b\" data-eae-slider=\"91667\" data-id=\"867558b\" data-element_type=\"column\">\n\t\t\t<div class=\"elementor-widget-wrap elementor-element-populated\">\n\t\t\t\t\t\t<section class=\"has_eae_slider elementor-section elementor-inner-section elementor-element elementor-element-d08a378 elementor-section-boxed elementor-section-height-default elementor-section-height-default\" data-eae-slider=\"99628\" data-id=\"d08a378\" data-element_type=\"section\" data-settings=\"{&quot;_ha_eqh_enable&quot;:false}\">\n\t\t\t\t\t\t<div class=\"elementor-container elementor-column-gap-default\">\n\t\t\t\t\t<div class=\"has_eae_slider elementor-column elementor-col-50 elementor-inner-column elementor-element elementor-element-e91bd37\" data-eae-slider=\"73508\" data-id=\"e91bd37\" data-element_type=\"column\">\n\t\t\t<div class=\"elementor-widget-wrap elementor-element-populated\">\n\t\t\t\t\t\t<div class=\"elementor-element elementor-element-881f981 elementor-widget elementor-widget-heading\" data-id=\"881f981\" data-element_type=\"widget\" data-widget_type=\"heading.default\">\n\t\t\t\t<div class=\"elementor-widget-container\">\n\t\t\t\t\t<h2 class=\"elementor-heading-title elementor-size-default\">Nuestro servicio al cliente<\/h2>\t\t\t\t<\/div>\n\t\t\t\t<\/div>\n\t\t\t\t<div class=\"elementor-element elementor-element-b20e5d0 elementor-widget-divider--view-line elementor-widget elementor-widget-divider\" data-id=\"b20e5d0\" data-element_type=\"widget\" data-widget_type=\"divider.default\">\n\t\t\t\t<div class=\"elementor-widget-container\">\n\t\t\t\t\t\t\t<div class=\"elementor-divider\">\n\t\t\t<span class=\"elementor-divider-separator\">\n\t\t\t\t\t\t<\/span>\n\t\t<\/div>\n\t\t\t\t\t\t<\/div>\n\t\t\t\t<\/div>\n\t\t\t\t<div class=\"elementor-element elementor-element-810348c elementor-widget elementor-widget-text-editor\" data-id=\"810348c\" data-element_type=\"widget\" data-widget_type=\"text-editor.default\">\n\t\t\t\t<div class=\"elementor-widget-container\">\n\t\t\t\t\t\t\t\t\t<p><strong>Los clientes esperan un servicio de calidad<\/strong>: La gente y las empresas no s\u00f3lo esperan que otras empresas tengan un equipo de atenci\u00f3n al cliente, sino que \u00e9ste sea de primera clase y est\u00e9 listo para ayudar en cualquier momento.<\/p><p>Los clientes tienen ahora m\u00e1s opciones que nunca y, ahora que se han dado cuenta de ello, no temen llevarse su negocio a otra parte si no est\u00e1n satisfechos con su experiencia.<\/p><p><strong>En AMH, nuestros representantes de servicio al cliente est\u00e1n capacitados para entender su negocio y necesidades, con conocimiento de los productos, n\u00fameros de parte, precios y disponibilidad de productos.<\/strong><\/p><p><strong>Ll\u00e1menos.<\/strong><\/p>\t\t\t\t\t\t\t\t<\/div>\n\t\t\t\t<\/div>\n\t\t\t\t\t<\/div>\n\t\t<\/div>\n\t\t\t\t<div class=\"has_eae_slider elementor-column elementor-col-50 elementor-inner-column elementor-element elementor-element-6b5ceca\" data-eae-slider=\"15213\" data-id=\"6b5ceca\" data-element_type=\"column\">\n\t\t\t<div class=\"elementor-widget-wrap elementor-element-populated\">\n\t\t\t\t\t\t<div class=\"elementor-element elementor-element-525bfbe elementor-widget elementor-widget-sidebar\" data-id=\"525bfbe\" data-element_type=\"widget\" data-widget_type=\"sidebar.default\">\n\t\t\t\t<div class=\"elementor-widget-container\">\n\t\t\t\t\t<section id=\"media_image-6\" class=\"widget widget_media_image\"><img fetchpriority=\"high\" decoding=\"async\" width=\"609\" height=\"407\" src=\"https:\/\/www.allmaterialhandling.com\/wp-content\/uploads\/2021\/09\/AMH_Banner2.jpg\" class=\"image wp-image-1933  attachment-full size-full\" alt=\"\" style=\"max-width: 100%; height: auto;\" srcset=\"https:\/\/www.allmaterialhandling.com\/wp-content\/uploads\/2021\/09\/AMH_Banner2.jpg 609w, https:\/\/www.allmaterialhandling.com\/wp-content\/uploads\/2021\/09\/AMH_Banner2-300x200.jpg 300w, https:\/\/www.allmaterialhandling.com\/wp-content\/uploads\/2021\/09\/AMH_Banner2-24x16.jpg 24w, https:\/\/www.allmaterialhandling.com\/wp-content\/uploads\/2021\/09\/AMH_Banner2-36x24.jpg 36w, https:\/\/www.allmaterialhandling.com\/wp-content\/uploads\/2021\/09\/AMH_Banner2-48x32.jpg 48w\" sizes=\"(max-width: 609px) 100vw, 609px\" \/><\/section>\t\t\t\t<\/div>\n\t\t\t\t<\/div>\n\t\t\t\t\t<\/div>\n\t\t<\/div>\n\t\t\t\t\t<\/div>\n\t\t<\/section>\n\t\t\t\t\t<\/div>\n\t\t<\/div>\n\t\t\t\t\t<\/div>\n\t\t<\/section>\n\t\t\t\t<\/div>","protected":false},"excerpt":{"rendered":"<p>Nuestro servicio de atenci\u00f3n al cliente Los clientes esperan un servicio de alta calidad: Las personas y las empresas no s\u00f3lo esperan que otras empresas tengan un equipo de atenci\u00f3n al cliente, sino que...<\/p>","protected":false},"author":1,"featured_media":0,"parent":0,"menu_order":0,"comment_status":"closed","ping_status":"closed","template":"elementor_header_footer","meta":{"footnotes":""},"categories":[],"tags":[],"class_list":["post-1166","page","type-page","status-publish","hentry"],"jetpack_sharing_enabled":true,"_links":{"self":[{"href":"https:\/\/www.allmaterialhandling.com\/es\/wp-json\/wp\/v2\/pages\/1166","targetHints":{"allow":["GET"]}}],"collection":[{"href":"https:\/\/www.allmaterialhandling.com\/es\/wp-json\/wp\/v2\/pages"}],"about":[{"href":"https:\/\/www.allmaterialhandling.com\/es\/wp-json\/wp\/v2\/types\/page"}],"author":[{"embeddable":true,"href":"https:\/\/www.allmaterialhandling.com\/es\/wp-json\/wp\/v2\/users\/1"}],"replies":[{"embeddable":true,"href":"https:\/\/www.allmaterialhandling.com\/es\/wp-json\/wp\/v2\/comments?post=1166"}],"version-history":[{"count":38,"href":"https:\/\/www.allmaterialhandling.com\/es\/wp-json\/wp\/v2\/pages\/1166\/revisions"}],"predecessor-version":[{"id":12340,"href":"https:\/\/www.allmaterialhandling.com\/es\/wp-json\/wp\/v2\/pages\/1166\/revisions\/12340"}],"wp:attachment":[{"href":"https:\/\/www.allmaterialhandling.com\/es\/wp-json\/wp\/v2\/media?parent=1166"}],"wp:term":[{"taxonomy":"category","embeddable":true,"href":"https:\/\/www.allmaterialhandling.com\/es\/wp-json\/wp\/v2\/categories?post=1166"},{"taxonomy":"post_tag","embeddable":true,"href":"https:\/\/www.allmaterialhandling.com\/es\/wp-json\/wp\/v2\/tags?post=1166"}],"curies":[{"name":"wp","href":"https:\/\/api.w.org\/{rel}","templated":true}]}}