{"id":1157,"date":"2021-08-03T09:54:24","date_gmt":"2021-08-03T09:54:24","guid":{"rendered":"http:\/\/www.allmaterialhandling.com\/?page_id=1157"},"modified":"2022-08-04T06:47:11","modified_gmt":"2022-08-04T06:47:11","slug":"fast-shipping","status":"publish","type":"page","link":"https:\/\/www.allmaterialhandling.com\/es\/fast-shipping\/","title":{"rendered":"Env\u00edo r\u00e1pido"},"content":{"rendered":"<div data-elementor-type=\"wp-page\" data-elementor-id=\"1157\" class=\"elementor elementor-1157\" data-elementor-settings=\"{&quot;ha_cmc_init_switcher&quot;:&quot;no&quot;}\" data-elementor-post-type=\"page\">\n\t\t\t\t\t\t<section class=\"has_eae_slider elementor-section elementor-top-section elementor-element elementor-element-eb9dcb2 elementor-section-boxed elementor-section-height-default elementor-section-height-default\" data-eae-slider=\"64519\" data-id=\"eb9dcb2\" data-element_type=\"section\" data-settings=\"{&quot;_ha_eqh_enable&quot;:false}\">\n\t\t\t\t\t\t<div class=\"elementor-container elementor-column-gap-default\">\n\t\t\t\t\t<div class=\"has_eae_slider elementor-column elementor-col-100 elementor-top-column elementor-element elementor-element-9a9aa1d\" data-eae-slider=\"76714\" data-id=\"9a9aa1d\" data-element_type=\"column\">\n\t\t\t<div class=\"elementor-widget-wrap elementor-element-populated\">\n\t\t\t\t\t\t<section class=\"has_eae_slider elementor-section elementor-inner-section elementor-element elementor-element-bb9afd9 elementor-section-boxed elementor-section-height-default elementor-section-height-default\" data-eae-slider=\"46793\" data-id=\"bb9afd9\" data-element_type=\"section\" data-settings=\"{&quot;_ha_eqh_enable&quot;:false}\">\n\t\t\t\t\t\t<div class=\"elementor-container elementor-column-gap-default\">\n\t\t\t\t\t<div class=\"has_eae_slider elementor-column elementor-col-50 elementor-inner-column elementor-element elementor-element-68aaa69\" data-eae-slider=\"52382\" data-id=\"68aaa69\" data-element_type=\"column\">\n\t\t\t<div class=\"elementor-widget-wrap elementor-element-populated\">\n\t\t\t\t\t\t<div class=\"elementor-element elementor-element-4400370 elementor-widget elementor-widget-heading\" data-id=\"4400370\" data-element_type=\"widget\" data-widget_type=\"heading.default\">\n\t\t\t\t<div class=\"elementor-widget-container\">\n\t\t\t\t\t<h2 class=\"elementor-heading-title elementor-size-default\">Env\u00edo r\u00e1pido<\/h2>\t\t\t\t<\/div>\n\t\t\t\t<\/div>\n\t\t\t\t<div class=\"elementor-element elementor-element-98583b4 elementor-widget-divider--view-line elementor-widget elementor-widget-divider\" data-id=\"98583b4\" data-element_type=\"widget\" data-widget_type=\"divider.default\">\n\t\t\t\t<div class=\"elementor-widget-container\">\n\t\t\t\t\t\t\t<div class=\"elementor-divider\">\n\t\t\t<span class=\"elementor-divider-separator\">\n\t\t\t\t\t\t<\/span>\n\t\t<\/div>\n\t\t\t\t\t\t<\/div>\n\t\t\t\t<\/div>\n\t\t\t\t<div class=\"elementor-element elementor-element-e59aaa1 elementor-widget elementor-widget-text-editor\" data-id=\"e59aaa1\" data-element_type=\"widget\" data-widget_type=\"text-editor.default\">\n\t\t\t\t<div class=\"elementor-widget-container\">\n\t\t\t\t\t\t\t\t\t<p><strong>Env\u00edo en el mismo d\u00eda y al d\u00eda siguiente<\/strong>: Adoptado originalmente por Amazon y otras empresas en l\u00ednea, se ha convertido en la norma para gran parte del sector, incluso cuando los minoristas y las operaciones m\u00e1s peque\u00f1as luchan por mantenerse al d\u00eda con las demandas de sus equipos, procesos y personal. Tanto las grandes como las peque\u00f1as empresas intentan encontrar la forma de satisfacer las expectativas de los clientes en cuanto a las opciones de entrega, o de lo contrario perder\u00e1n el negocio a manos de la competencia.<\/p>\n<p>En definitiva, ofrecer opciones de entrega r\u00e1pida es necesario y vital en los negocios de hoy en d\u00eda, sea cual sea su sector. Despu\u00e9s de todo, la entrega r\u00e1pida no es solo algo que los clientes quieren, sino que es lo que esperan.<\/p>\n<p><strong>En AMH:<\/strong><\/p>\n<ul>\n<li><strong>Ofrecemos puntos de env\u00edo desde 4 almacenes estrat\u00e9gicamente situados en EE.UU.<\/strong><\/li>\n<li><strong>94% de los pedidos realizados antes del mediod\u00eda se env\u00edan el mismo d\u00eda<\/strong><\/li>\n<li><strong>90% de todos los pedidos AMH enviados a lugares dentro de los EE.UU. continental llegar\u00e1n dentro de 2 d\u00edas de la realizaci\u00f3n del pedido.<\/strong><\/li>\n<\/ul>\t\t\t\t\t\t\t\t<\/div>\n\t\t\t\t<\/div>\n\t\t\t\t\t<\/div>\n\t\t<\/div>\n\t\t\t\t<div class=\"has_eae_slider elementor-column elementor-col-50 elementor-inner-column elementor-element elementor-element-aabfc2f\" data-eae-slider=\"97279\" data-id=\"aabfc2f\" data-element_type=\"column\">\n\t\t\t<div class=\"elementor-widget-wrap elementor-element-populated\">\n\t\t\t\t\t\t<div class=\"elementor-element elementor-element-e709e59 elementor-widget elementor-widget-sidebar\" data-id=\"e709e59\" data-element_type=\"widget\" data-widget_type=\"sidebar.default\">\n\t\t\t\t<div class=\"elementor-widget-container\">\n\t\t\t\t\t<section id=\"media_image-6\" class=\"widget widget_media_image\"><img fetchpriority=\"high\" decoding=\"async\" width=\"609\" height=\"407\" src=\"https:\/\/www.allmaterialhandling.com\/wp-content\/uploads\/2021\/09\/AMH_Banner2.jpg\" class=\"image wp-image-1933  attachment-full size-full\" alt=\"\" style=\"max-width: 100%; height: auto;\" srcset=\"https:\/\/www.allmaterialhandling.com\/wp-content\/uploads\/2021\/09\/AMH_Banner2.jpg 609w, https:\/\/www.allmaterialhandling.com\/wp-content\/uploads\/2021\/09\/AMH_Banner2-300x200.jpg 300w, https:\/\/www.allmaterialhandling.com\/wp-content\/uploads\/2021\/09\/AMH_Banner2-24x16.jpg 24w, https:\/\/www.allmaterialhandling.com\/wp-content\/uploads\/2021\/09\/AMH_Banner2-36x24.jpg 36w, https:\/\/www.allmaterialhandling.com\/wp-content\/uploads\/2021\/09\/AMH_Banner2-48x32.jpg 48w\" sizes=\"(max-width: 609px) 100vw, 609px\" \/><\/section>\t\t\t\t<\/div>\n\t\t\t\t<\/div>\n\t\t\t\t\t<\/div>\n\t\t<\/div>\n\t\t\t\t\t<\/div>\n\t\t<\/section>\n\t\t\t\t\t<\/div>\n\t\t<\/div>\n\t\t\t\t\t<\/div>\n\t\t<\/section>\n\t\t\t\t<\/div>","protected":false},"excerpt":{"rendered":"<p>Env\u00edo r\u00e1pido Env\u00edo en el mismo d\u00eda y al d\u00eda siguiente: Adoptado originalmente por Amazon y otros negocios en l\u00ednea, se ha convertido en la norma para gran parte de la industria, incluso...<\/p>","protected":false},"author":1,"featured_media":0,"parent":0,"menu_order":0,"comment_status":"closed","ping_status":"closed","template":"elementor_header_footer","meta":{"footnotes":""},"categories":[],"tags":[],"class_list":["post-1157","page","type-page","status-publish","hentry"],"jetpack_sharing_enabled":true,"_links":{"self":[{"href":"https:\/\/www.allmaterialhandling.com\/es\/wp-json\/wp\/v2\/pages\/1157","targetHints":{"allow":["GET"]}}],"collection":[{"href":"https:\/\/www.allmaterialhandling.com\/es\/wp-json\/wp\/v2\/pages"}],"about":[{"href":"https:\/\/www.allmaterialhandling.com\/es\/wp-json\/wp\/v2\/types\/page"}],"author":[{"embeddable":true,"href":"https:\/\/www.allmaterialhandling.com\/es\/wp-json\/wp\/v2\/users\/1"}],"replies":[{"embeddable":true,"href":"https:\/\/www.allmaterialhandling.com\/es\/wp-json\/wp\/v2\/comments?post=1157"}],"version-history":[{"count":37,"href":"https:\/\/www.allmaterialhandling.com\/es\/wp-json\/wp\/v2\/pages\/1157\/revisions"}],"predecessor-version":[{"id":12509,"href":"https:\/\/www.allmaterialhandling.com\/es\/wp-json\/wp\/v2\/pages\/1157\/revisions\/12509"}],"wp:attachment":[{"href":"https:\/\/www.allmaterialhandling.com\/es\/wp-json\/wp\/v2\/media?parent=1157"}],"wp:term":[{"taxonomy":"category","embeddable":true,"href":"https:\/\/www.allmaterialhandling.com\/es\/wp-json\/wp\/v2\/categories?post=1157"},{"taxonomy":"post_tag","embeddable":true,"href":"https:\/\/www.allmaterialhandling.com\/es\/wp-json\/wp\/v2\/tags?post=1157"}],"curies":[{"name":"wp","href":"https:\/\/api.w.org\/{rel}","templated":true}]}}